{"id":1218,"date":"2020-06-10T06:29:23","date_gmt":"2020-06-10T06:29:23","guid":{"rendered":"https:\/\/www.jymachinetech.com\/?post_type=product&#038;p=1218"},"modified":"2025-07-25T08:44:13","modified_gmt":"2025-07-25T08:44:13","slug":"starch-less-depositing","status":"publish","type":"product","link":"https:\/\/www.jymachinetech.com\/fr\/product\/starch-less-depositing\/","title":{"rendered":"Machine \u00e0 bonbons sans amidon | Ligne de production de sucettes Jelly Toffee"},"content":{"rendered":"<p>Ce syst\u00e8me de d\u00e9pose sans amidon est destin\u00e9 \u00e0 la fabrication de bonbons de type moulage.<\/p>\n<p>Il propose une large gamme de produits tels que Soft Gummy, Jelly, Toffee, Lollipop &amp; Hard Candies avec diff\u00e9rents syst\u00e8mes de cuisson.<\/p>\n<p>Et une vari\u00e9t\u00e9 de styles tels que rempli au centre, Cola Side by Side, Hamburger couche par couche, Tornado deux ou trois couleurs\u2026<\/p>\n<p>Envoyez-nous la photo des bonbons qui vous int\u00e9ressent pour d\u00e9marrer d\u00e8s maintenant une machine de production personnalis\u00e9e !<\/p>\n<h2><strong>Sp\u00e9cifications techniques<\/strong><\/h2>\n<div class=\"table-responsive\">\n<table>\n<tbody>\n<tr>\n<td width=\"60\"><strong><b>Mod\u00e8le<\/b><\/strong><\/td>\n<td width=\"60\"><strong><b>JY<\/b><\/strong><strong><b>-40<\/b><\/strong><\/td>\n<td width=\"60\"><strong><b>JY<\/b><\/strong><strong><b>-80<\/b><\/strong><\/td>\n<td width=\"60\"><strong><b>JY<\/b><\/strong><strong><b>-150<\/b><\/strong><\/td>\n<td width=\"60\"><strong><b>JY<\/b><\/strong><strong><b>-300<\/b><\/strong><\/td>\n<td width=\"60\"><strong><b>JY<\/b><\/strong><strong><b>-600<\/b><\/strong><\/td>\n<td width=\"60\"><strong><b>JY<\/b><\/strong><strong><b>-1500<\/b><\/strong><\/td>\n<\/tr>\n<tr>\n<td width=\"60\">Capacit\u00e9<\/p>\n<p>PC\/H<\/td>\n<td width=\"60\">8,000-<\/p>\n<p>12,000<\/td>\n<td width=\"60\">12,000-<\/p>\n<p>21,600<\/td>\n<td width=\"60\">25,000-<\/p>\n<p>43,200<\/td>\n<td width=\"60\">50,000-<\/p>\n<p>86,400<\/td>\n<td width=\"60\">10,000-<\/p>\n<p>172,800<\/td>\n<td width=\"60\">384,000-<\/p>\n<p>768,000<\/td>\n<\/tr>\n<tr>\n<td width=\"60\">Longueur<\/td>\n<td width=\"60\"><\/td>\n<td width=\"60\"><\/td>\n<td width=\"60\"><\/td>\n<td width=\"60\"><\/td>\n<td width=\"60\"><\/td>\n<td width=\"60\"><\/td>\n<\/tr>\n<\/tbody>\n<\/table>\n<\/div>\n<p>&nbsp;<\/p>\n<h2><strong><span lang=\"EN-US\">Quels types de bonbons peuvent faire par cette machine?<\/span><\/strong><\/h2>\n<p><img fetchpriority=\"high\" decoding=\"async\" class=\"alignnone size-full wp-image-1220\" title=\"machine \u00e0 bonbons sans amidon | ligne de production de sucettes au caramel et \u00e0 la gel\u00e9e\" src=\"https:\/\/www.jymachinetech.com\/wp-content\/uploads\/2021\/12\/Starch-less-depositing-2.png\" alt=\"machine \u00e0 bonbons sans amidon | ligne de production de sucettes au caramel et \u00e0 la gel\u00e9e\" width=\"1272\" height=\"383\" srcset=\"https:\/\/www.jymachinetech.com\/wp-content\/uploads\/2021\/12\/Starch-less-depositing-2.png 1272w, https:\/\/www.jymachinetech.com\/wp-content\/uploads\/2021\/12\/Starch-less-depositing-2-18x5.png 18w, https:\/\/www.jymachinetech.com\/wp-content\/uploads\/2021\/12\/Starch-less-depositing-2-600x181.png 600w\" sizes=\"(max-width: 1272px) 100vw, 1272px\" \/><\/p>\n<p>&nbsp;<\/p>\n<h2>Cuiseur sous vide \u00e0 microfilm<\/h2>\n<p>Son processus de cuisson unique en film mince offre une qualit\u00e9 \u00e9lev\u00e9e et constante pour de nombreux types de sirops de confiserie sans sucre et sans sucre pour les bonbons durs et les sucettes.<\/p>\n<p>Un rotor articul\u00e9 balaie un film fin et uniforme de sirop \u00e0 l&#039;int\u00e9rieur du tube o\u00f9 il cuit rapidement. Avec un rendement \u00e9lev\u00e9, une grande transparence du sirop pour une dur\u00e9e de conservation plus longue et un fonctionnement pratique, c&#039;est le premier choix pour les bonbons de haute qualit\u00e9.<\/p>\n<h2>Cuiseur sous vide pour bonbons g\u00e9lifi\u00e9s<\/h2>\n<p>Cette machine \u00e9tait avanc\u00e9e et adapt\u00e9e \u00e0 la cuisson de la pectine, de l&#039;agar, du carragh\u00e9nane et d&#039;autres amidons modifi\u00e9s pour la production de gomme. La cuisson en boucle ferm\u00e9e utilisant les modes de temp\u00e9rature ou de pression permet d&#039;obtenir une temp\u00e9rature ou une humidit\u00e9 finale pr\u00e9cise pour un temps de s\u00e9chage gommeux plus court, une dur\u00e9e de conservation plus longue et moins de bulles pendant le processus continu.<\/p>\n<h2>Cuiseur caramel &amp; caramel<\/h2>\n<p>Il s&#039;agit de la cuisini\u00e8re pour les bonbons \u00e0 faible \u00e9bullition tels que les bonbons mous et moelleux, le caramel, les caramels et les fudges.<\/p>\n<p>Et le caramel utilise un \u00e9changeur de chaleur \u00e0 plaques \u00e0 haute efficacit\u00e9 pour cuire le pr\u00e9m\u00e9lange de sucre\/glucose de base, tandis que le lait condens\u00e9 ou d&#039;autres agents sensibles \u00e0 la chaleur sont inject\u00e9s dans la masse apr\u00e8s le PHE, puis cuits \u00e0 l&#039;int\u00e9rieur d&#039;un r\u00e9cipient de caram\u00e9lisation pour d\u00e9velopper la couleur souhait\u00e9e. Et Saveur. Ce syst\u00e8me simple et sans entretien permet de produire des caramels et des caramels de qualit\u00e9 sup\u00e9rieure \u00e0 haute teneur en lait.<\/p>\n<h2>A\u00e9rateur continu<\/h2>\n<p>Zoon \u00e0 trois temp\u00e9raments avec refroidisseur chaud et froid pour contr\u00f4ler la machine d&#039;a\u00e9ration pendant le m\u00e9lange pour un meilleur r\u00e9sultat du processus d&#039;a\u00e9ration.<\/p>\n<p>\u00c0 l&#039;int\u00e9rieur avec une tige de m\u00e9lange dense \u00e0 rotation \u00e0 grande vitesse pour obtenir la densit\u00e9 et la structure souhait\u00e9es.<\/p>\n<h2>Lait bonbons et Taffy cuiseur<\/h2>\n<p>Ce cuiseur \u00e0 microfilm sous vide continu est utilis\u00e9 sur les bonbons au lait, les caramels durs, etc\u2026<\/p>\n<p>La diff\u00e9rence est que cela prot\u00e9gera les ingr\u00e9dients des produits laitiers de la temp\u00e9rature \u00e9lev\u00e9e de la cuisini\u00e8re normale et conservera le maximum de saveur laiti\u00e8re.<\/p>\n<p>&nbsp;<\/p>\n<h2>Syst\u00e8me de cuisine automatique<\/h2>\n<p><img decoding=\"async\" class=\"alignnone size-full wp-image-1800\" title=\"machine \u00e0 bonbons sans amidon | ligne de production de sucettes au caramel et \u00e0 la gel\u00e9e\" src=\"https:\/\/www.jymachinetech.com\/wp-content\/uploads\/2021\/12\/kitchen-system.jpg\" alt=\"machine \u00e0 bonbons sans amidon | ligne de production de sucettes au caramel et \u00e0 la gel\u00e9e\" width=\"999\" height=\"666\" srcset=\"https:\/\/www.jymachinetech.com\/wp-content\/uploads\/2021\/12\/kitchen-system.jpg 999w, https:\/\/www.jymachinetech.com\/wp-content\/uploads\/2021\/12\/kitchen-system-18x12.jpg 18w, https:\/\/www.jymachinetech.com\/wp-content\/uploads\/2021\/12\/kitchen-system-600x400.jpg 600w\" sizes=\"(max-width: 999px) 100vw, 999px\" \/><\/p>\n<h2>Machine de formage<\/h2>\n<p><img decoding=\"async\" class=\"alignnone size-full wp-image-1798\" title=\"machine \u00e0 bonbons sans amidon | ligne de production de sucettes au caramel et \u00e0 la gel\u00e9e\" src=\"https:\/\/www.jymachinetech.com\/wp-content\/uploads\/2021\/12\/forming-machine.jpg\" alt=\"machine \u00e0 bonbons sans amidon | ligne de production de sucettes au caramel et \u00e0 la gel\u00e9e\" width=\"999\" height=\"666\" srcset=\"https:\/\/www.jymachinetech.com\/wp-content\/uploads\/2021\/12\/forming-machine.jpg 999w, https:\/\/www.jymachinetech.com\/wp-content\/uploads\/2021\/12\/forming-machine-18x12.jpg 18w, https:\/\/www.jymachinetech.com\/wp-content\/uploads\/2021\/12\/forming-machine-600x400.jpg 600w\" sizes=\"(max-width: 999px) 100vw, 999px\" \/><\/p>\n<h2>D\u00e9posant gommeux<\/h2>\n<p><img loading=\"lazy\" decoding=\"async\" class=\"alignnone size-full wp-image-1799\" title=\"machine \u00e0 bonbons sans amidon | ligne de production de sucettes au caramel et \u00e0 la gel\u00e9e\" src=\"https:\/\/www.jymachinetech.com\/wp-content\/uploads\/2021\/12\/gummy-depositor.jpg\" alt=\"machine \u00e0 bonbons sans amidon | ligne de production de sucettes au caramel et \u00e0 la gel\u00e9e\" width=\"999\" height=\"666\" srcset=\"https:\/\/www.jymachinetech.com\/wp-content\/uploads\/2021\/12\/gummy-depositor.jpg 999w, https:\/\/www.jymachinetech.com\/wp-content\/uploads\/2021\/12\/gummy-depositor-18x12.jpg 18w, https:\/\/www.jymachinetech.com\/wp-content\/uploads\/2021\/12\/gummy-depositor-600x400.jpg 600w\" sizes=\"(max-width: 999px) 100vw, 999px\" \/><\/p>\n<h2>Syst\u00e8me d&#039;injection de b\u00e2ton de sucette<\/h2>\n<p><img loading=\"lazy\" decoding=\"async\" class=\"alignnone size-full wp-image-1801\" title=\"machine \u00e0 bonbons sans amidon | ligne de production de sucettes au caramel et \u00e0 la gel\u00e9e\" src=\"https:\/\/www.jymachinetech.com\/wp-content\/uploads\/2021\/12\/Lollipop-stick-injection-system.jpg\" alt=\"machine \u00e0 bonbons sans amidon | ligne de production de sucettes au caramel et \u00e0 la gel\u00e9e\" width=\"999\" height=\"681\" srcset=\"https:\/\/www.jymachinetech.com\/wp-content\/uploads\/2021\/12\/Lollipop-stick-injection-system.jpg 999w, https:\/\/www.jymachinetech.com\/wp-content\/uploads\/2021\/12\/Lollipop-stick-injection-system-18x12.jpg 18w, https:\/\/www.jymachinetech.com\/wp-content\/uploads\/2021\/12\/Lollipop-stick-injection-system-600x409.jpg 600w\" sizes=\"(max-width: 999px) 100vw, 999px\" \/><\/p>\n<h2>C\u00e2ble de commande<\/h2>\n<p><img loading=\"lazy\" decoding=\"async\" class=\"alignnone size-full wp-image-1796\" title=\"machine \u00e0 bonbons sans amidon | ligne de production de sucettes au caramel et \u00e0 la gel\u00e9e\" src=\"https:\/\/www.jymachinetech.com\/wp-content\/uploads\/2021\/12\/control-cable.jpg\" alt=\"machine \u00e0 bonbons sans amidon | ligne de production de sucettes au caramel et \u00e0 la gel\u00e9e\" width=\"999\" height=\"666\" srcset=\"https:\/\/www.jymachinetech.com\/wp-content\/uploads\/2021\/12\/control-cable.jpg 999w, https:\/\/www.jymachinetech.com\/wp-content\/uploads\/2021\/12\/control-cable-18x12.jpg 18w, https:\/\/www.jymachinetech.com\/wp-content\/uploads\/2021\/12\/control-cable-600x400.jpg 600w\" sizes=\"(max-width: 999px) 100vw, 999px\" \/><\/p>\n<h2>Tunnel de refroidissement<\/h2>\n<p>&nbsp;<\/p>\n<h2>d\u00e9moulage<\/h2>\n<p><img loading=\"lazy\" decoding=\"async\" class=\"alignnone size-full wp-image-1797\" title=\"machine \u00e0 bonbons sans amidon | ligne de production de sucettes au caramel et \u00e0 la gel\u00e9e\" src=\"https:\/\/www.jymachinetech.com\/wp-content\/uploads\/2021\/12\/demolding.jpg\" alt=\"machine \u00e0 bonbons sans amidon | ligne de production de sucettes au caramel et \u00e0 la gel\u00e9e\" width=\"999\" height=\"666\" srcset=\"https:\/\/www.jymachinetech.com\/wp-content\/uploads\/2021\/12\/demolding.jpg 999w, https:\/\/www.jymachinetech.com\/wp-content\/uploads\/2021\/12\/demolding-18x12.jpg 18w, https:\/\/www.jymachinetech.com\/wp-content\/uploads\/2021\/12\/demolding-600x400.jpg 600w\" sizes=\"(max-width: 999px) 100vw, 999px\" \/><\/p>\n<p>&nbsp;<\/p>\n<h2>Production de machines \u00e0 bonbons sans amidon<\/h2>\n<p><img loading=\"lazy\" decoding=\"async\" class=\"alignnone size-full wp-image-1802\" title=\"machine \u00e0 bonbons sans amidon | ligne de production de sucettes au caramel et \u00e0 la gel\u00e9e\" src=\"https:\/\/www.jymachinetech.com\/wp-content\/uploads\/2021\/12\/prodcutin1.jpg\" alt=\"machine \u00e0 bonbons sans amidon | ligne de production de sucettes au caramel et \u00e0 la gel\u00e9e\" width=\"999\" height=\"666\" srcset=\"https:\/\/www.jymachinetech.com\/wp-content\/uploads\/2021\/12\/prodcutin1.jpg 999w, https:\/\/www.jymachinetech.com\/wp-content\/uploads\/2021\/12\/prodcutin1-18x12.jpg 18w, https:\/\/www.jymachinetech.com\/wp-content\/uploads\/2021\/12\/prodcutin1-600x400.jpg 600w\" sizes=\"(max-width: 999px) 100vw, 999px\" \/><\/p>\n<p><img loading=\"lazy\" decoding=\"async\" class=\"alignnone size-full wp-image-1803\" title=\"machine \u00e0 bonbons sans amidon | ligne de production de sucettes au caramel et \u00e0 la gel\u00e9e\" src=\"https:\/\/www.jymachinetech.com\/wp-content\/uploads\/2021\/12\/production1.jpg\" alt=\"machine \u00e0 bonbons sans amidon | ligne de production de sucettes au caramel et \u00e0 la gel\u00e9e\" width=\"999\" height=\"666\" srcset=\"https:\/\/www.jymachinetech.com\/wp-content\/uploads\/2021\/12\/production1.jpg 999w, https:\/\/www.jymachinetech.com\/wp-content\/uploads\/2021\/12\/production1-18x12.jpg 18w, https:\/\/www.jymachinetech.com\/wp-content\/uploads\/2021\/12\/production1-600x400.jpg 600w\" sizes=\"(max-width: 999px) 100vw, 999px\" \/><\/p>\n<p><img loading=\"lazy\" decoding=\"async\" class=\"alignnone size-full wp-image-1804\" title=\"machine \u00e0 bonbons sans amidon | ligne de production de sucettes au caramel et \u00e0 la gel\u00e9e\" src=\"https:\/\/www.jymachinetech.com\/wp-content\/uploads\/2021\/12\/production2.jpg\" alt=\"machine \u00e0 bonbons sans amidon | ligne de production de sucettes au caramel et \u00e0 la gel\u00e9e\" width=\"999\" height=\"666\" srcset=\"https:\/\/www.jymachinetech.com\/wp-content\/uploads\/2021\/12\/production2.jpg 999w, https:\/\/www.jymachinetech.com\/wp-content\/uploads\/2021\/12\/production2-18x12.jpg 18w, https:\/\/www.jymachinetech.com\/wp-content\/uploads\/2021\/12\/production2-600x400.jpg 600w\" sizes=\"(max-width: 999px) 100vw, 999px\" \/><\/p>\n<p><img loading=\"lazy\" decoding=\"async\" class=\"alignnone size-full wp-image-1806\" title=\"machine \u00e0 bonbons sans amidon | ligne de production de sucettes au caramel et \u00e0 la gel\u00e9e\" src=\"https:\/\/www.jymachinetech.com\/wp-content\/uploads\/2021\/12\/production4.jpg\" alt=\"machine \u00e0 bonbons sans amidon | ligne de production de sucettes au caramel et \u00e0 la gel\u00e9e\" width=\"999\" height=\"666\" srcset=\"https:\/\/www.jymachinetech.com\/wp-content\/uploads\/2021\/12\/production4.jpg 999w, https:\/\/www.jymachinetech.com\/wp-content\/uploads\/2021\/12\/production4-18x12.jpg 18w, https:\/\/www.jymachinetech.com\/wp-content\/uploads\/2021\/12\/production4-600x400.jpg 600w\" sizes=\"(max-width: 999px) 100vw, 999px\" \/><\/p>\n<h2>FAQ de la machine \u00e0 bonbons sans amidon<\/h2>\n<p>Q1\u00a0: Je n&#039;ai pas d&#039;exp\u00e9rience et la formule peut-elle m&#039;aider\u00a0?<\/p>\n<p>-A\u00a0:\u00a0Oui, nous proposons un plan complet, de la formule \u00e0 l&#039;assistance produit<\/p>\n<p>Q2 : Puis-je faire des <a href=\"https:\/\/www.jymachinetech.com\/fr\/top-benefits-of-using-a-candy-manufacturing-machine-for-your-business\/\" title=\"Principaux avantages de l&#039;utilisation d&#039;une machine de fabrication de bonbons pour votre entreprise\"  data-wpil-monitor-id=\"54\" target=\"_blank\">des bonbons sur cette machine<\/a>?<\/p>\n<p>-A\uff1a Oui, mais aussi des bonbons \u00e0 la tire, des sucettes aussi.<\/p>\n<p>Q3 : quelle est la tension et l&#039;amp\u00e9rage de la machine ?<\/p>\n<p>-A : Nous personnalisons l&#039;\u00e9quipement en fonction de votre tension, et avec diff\u00e9rentes tensions, nous calculerons la liste des amp\u00e8res pour vous.<\/p>\n<p>Q4:Je souhaite ajouter une pharmacie \u00e0 l'int\u00e9rieur de l'espace <a href=\"https:\/\/www.jymachinetech.com\/fr\/beginners-guide-using-gummy-candy-machine-homemade-gummies\/\" title=\"Guide du d\u00e9butant pour l&#039;utilisation d&#039;une machine \u00e0 bonbons g\u00e9lifi\u00e9s\"  data-wpil-monitor-id=\"61\" target=\"_blank\">bonbons fait votre machine<\/a> a un certificat pour m'aider \u00e0 passer les exigences de la FDA ?<\/p>\n<p>-A : Oui, nous avons CE et utilis\u00e9 toutes les marques r\u00e9pertori\u00e9es par UL&amp;EU en stricte conformit\u00e9 avec GMP Stander.<\/p>\n<p>Q5\uff1aQue dois-je pr\u00e9parer d&#039;autre si cette machine a besoin d&#039;air comprim\u00e9 propre\u00a0?<\/p>\n<p>-A: Consid\u00e9rant que la plupart des limites d&#039;espace du client, cette machine n&#039;a besoin que de connecter l&#039;alimentation, d&#039;\u00e9conomiser les co\u00fbts du client et l&#039;\u00e9volution complexe du flux d&#039;air comprim\u00e9. Utilisez un servo contr\u00f4le plus simple et intelligent, pas besoin de connecter des syst\u00e8mes suppl\u00e9mentaires pour les machines.<\/p>\n<p>Q6 : Comment r\u00e9gler la temp\u00e9rature et le poids des bonbons ?<\/p>\n<p>-A: Par bo\u00eetier de commande et r\u00e9glage de l&#039;\u00e9cran tactile pour r\u00e9gler.<\/p>\n<p>Q7\u00a0: Dois-je d\u00e9placer les moules vers l&#039;\u00e9tape de refroidissement\u00a0?<\/p>\n<p>-R : Non, la machine est enti\u00e8rement automatique du d\u00e9posant et refroidit, il vous suffit de ramasser les bonbons, et la sortie de la machine !<\/p>\n<p>Q8 : Ai-je besoin d&#039;un expert pour installer la machine ?<\/p>\n<p>-A: L&#039;\u00e9lectricit\u00e9 de la machine se fait par le coupleur rapide et le r\u00e9glage facile sur un \u00e9cran tactile comme un smartphone ou si vous en avez besoin, nous avons une \u00e9quipe de support technique locale qui peut vous aider.<\/p>\n<p>Nous fournissons une machine de fabrication de bonbons pour ours gommeux Nutrition, si vous \u00eates int\u00e9ress\u00e9 par la machine de fabrication de bonbons pour ours gommeux Nutrition, vous pouvez parcourir les produits connexes et lancer des consultations sur notre site Web.<\/p>\n<h2><strong><b>Pourquoi<\/b><\/strong><strong><b>\u00a0<\/b><\/strong><strong><b>choisir<\/b><\/strong><strong><b>\u00a0junyu?<\/b><\/strong><\/h2>\n<ul>\n<li>L&#039;\u00e9quipe OverseaService<\/li>\n<li>Service local NormathAmerica<\/li>\n<li>Entretien normal de la machine<\/li>\n<li>Centre de pi\u00e8ces 24H\/7jours<\/li>\n<li>Conception d&#039;am\u00e9nagement FreeFactory<\/li>\n<li>\u00c9chantillon de forme personnalis\u00e9 gratuit<\/li>\n<li>Conception de la formule du produit<\/li>\n<li>Conception de la machine<\/li>\n<li>Affichage 3D du sch\u00e9ma d&#039;\u00e9quipement<\/li>\n<li>Visite de production de l&#039;usine du client<\/li>\n<li>V\u00e9ritable usine professionnelle et fiabilit\u00e9<\/li>\n<li>Obtenez un devis maintenant<\/li>\n<\/ul>","protected":false},"excerpt":{"rendered":"<ul>\n<li>Haute pr\u00e9cision<\/li>\n<li>Pond\u00e9ration automatique<\/li>\n<li>Capacit\u00e9 industrielle sup\u00e9rieure<\/li>\n<li>Cuisine et alimentation automatiques<\/li>\n<li>Syst\u00e8me de s\u00e9chage automatique<\/li>\n<li>Prix raisonnable<\/li>\n<li>Processus polyvalent<\/li>\n<li>Syst\u00e8me souple<\/li>\n<li>Conception modulaire unique<\/li>\n<li>Dur\u00e9e de vie m\u00e9canique plus longue<\/li>\n<li>Conception modulaire<\/li>\n<li>Syst\u00e8me OBD<\/li>\n<li>T\u00e9l\u00e9commande<\/li>\n<\/ul>","protected":false},"featured_media":1809,"comment_status":"closed","ping_status":"closed","template":"","meta":[],"product_brand":[],"product_cat":[16,100,102],"product_tag":[32,33],"class_list":{"0":"post-1218","1":"product","2":"type-product","3":"status-publish","4":"has-post-thumbnail","6":"product_cat-candy-machine","7":"product_cat-lollipop-machine","8":"product_cat-toffee-candy-machine","9":"product_tag-candy-machine","10":"product_tag-vacuum-cooker","12":"first","13":"instock","14":"shipping-taxable","15":"product-type-simple"},"_links":{"self":[{"href":"https:\/\/www.jymachinetech.com\/fr\/wp-json\/wp\/v2\/product\/1218","targetHints":{"allow":["GET"]}}],"collection":[{"href":"https:\/\/www.jymachinetech.com\/fr\/wp-json\/wp\/v2\/product"}],"about":[{"href":"https:\/\/www.jymachinetech.com\/fr\/wp-json\/wp\/v2\/types\/product"}],"replies":[{"embeddable":true,"href":"https:\/\/www.jymachinetech.com\/fr\/wp-json\/wp\/v2\/comments?post=1218"}],"version-history":[{"count":3,"href":"https:\/\/www.jymachinetech.com\/fr\/wp-json\/wp\/v2\/product\/1218\/revisions"}],"predecessor-version":[{"id":7285,"href":"https:\/\/www.jymachinetech.com\/fr\/wp-json\/wp\/v2\/product\/1218\/revisions\/7285"}],"wp:featuredmedia":[{"embeddable":true,"href":"https:\/\/www.jymachinetech.com\/fr\/wp-json\/wp\/v2\/media\/1809"}],"wp:attachment":[{"href":"https:\/\/www.jymachinetech.com\/fr\/wp-json\/wp\/v2\/media?parent=1218"}],"wp:term":[{"taxonomy":"product_brand","embeddable":true,"href":"https:\/\/www.jymachinetech.com\/fr\/wp-json\/wp\/v2\/product_brand?post=1218"},{"taxonomy":"product_cat","embeddable":true,"href":"https:\/\/www.jymachinetech.com\/fr\/wp-json\/wp\/v2\/product_cat?post=1218"},{"taxonomy":"product_tag","embeddable":true,"href":"https:\/\/www.jymachinetech.com\/fr\/wp-json\/wp\/v2\/product_tag?post=1218"}],"curies":[{"name":"wp","href":"https:\/\/api.w.org\/{rel}","templated":true}]}}