{"id":1203,"date":"2021-12-20T15:47:34","date_gmt":"2021-12-20T15:47:34","guid":{"rendered":"https:\/\/www.jymachinetech.com\/?post_type=product&#038;p=1203"},"modified":"2025-07-25T06:03:50","modified_gmt":"2025-07-25T06:03:50","slug":"cookie-production-line","status":"publish","type":"product","link":"https:\/\/www.jymachinetech.com\/fr\/product\/cookie-production-line\/","title":{"rendered":"Ligne de production de biscuits | Biscuit Faisant La Machine"},"content":{"rendered":"<p>Notre ligne de production de biscuits offre des options de capacit\u00e9 polyvalentes, allant de 200 kg \u00e0 2,5 tonnes par heure. Cette flexibilit\u00e9 vous permet d&#039;adapter votre production \u00e0 vos besoins. En changeant simplement les moules rotatifs, vous pouvez produire une vari\u00e9t\u00e9 de biscuits, notamment des sabl\u00e9s, des biscuits moelleux, des biscuits au chocolat, etc. Pour garantir la plus haute qualit\u00e9 et efficacit\u00e9 dans votre production, nous vous fournissons des conseils complets sur la p\u00e2te et les ingr\u00e9dients adapt\u00e9s \u00e0 vos produits sp\u00e9cifiques.<\/p>\n<p><iframe title=\"Comment fabriquer des biscuits dans notre usine ? Ligne de production de biscuits enti\u00e8rement automatique de 1 200 mm\" width=\"800\" height=\"450\" src=\"https:\/\/www.youtube.com\/embed\/kwUAEOGspq0?list=PLkC9Irp2ZdYYo8LYiGUXXFn1OQ5NaYFSQ\" frameborder=\"0\" allow=\"accelerometer; autoplay; clipboard-write; encrypted-media; gyroscope; picture-in-picture; web-share\" referrerpolicy=\"strict-origin-when-cross-origin\" allowfullscreen><\/iframe><\/p>\n<h2><strong>Principales caract\u00e9ristiques et avantages<\/strong><\/h2>\n<ul>\n<li><strong>Production polyvalente<\/strong>:Capable de produire une large gamme de biscuits en changeant les formes des moules rotatifs.<\/li>\n<li><strong>Options de capacit\u00e9<\/strong>:De 200 kg \u00e0 2,5 tonnes par heure, s&#039;adaptant \u00e0 diff\u00e9rentes \u00e9chelles de production.<\/li>\n<li><strong>Mat\u00e9riaux de haute qualit\u00e9<\/strong>:Fabriqu\u00e9 en acier inoxydable SUS 304, garantissant le respect des normes de sant\u00e9 et de s\u00e9curit\u00e9.<\/li>\n<li><strong>Contr\u00f4le automatique<\/strong>:\u00c9quip\u00e9 d&#039;un syst\u00e8me de contr\u00f4le PLC pour un fonctionnement pr\u00e9cis et efficace.<\/li>\n<li><strong>Rentable<\/strong>:Des machines de haute qualit\u00e9 \u00e0 des prix comp\u00e9titifs, offrant un excellent rapport qualit\u00e9\/prix.<\/li>\n<li><strong>Certifications<\/strong>:Certifi\u00e9 CE et ISO, garantissant le respect des normes internationales de qualit\u00e9 et de s\u00e9curit\u00e9.<\/li>\n<li><strong>Caract\u00e9ristiques de s\u00e9curit\u00e9<\/strong>: Des couvertures de s\u00e9curit\u00e9 visibles pour un environnement de travail s\u00e9curis\u00e9.<\/li>\n<li><strong>Installation et entretien faciles<\/strong>:Con\u00e7u pour une installation et une maintenance simples, minimisant les temps d&#039;arr\u00eat.<\/li>\n<li><strong>Ing\u00e9nieurs exp\u00e9riment\u00e9s<\/strong>:Plus de 20 ing\u00e9nieurs poss\u00e9dant une vaste exp\u00e9rience d\u2019installation \u00e0 l\u2019\u00e9tranger fournissent un support fiable.<\/li>\n<li><strong>Formules personnalis\u00e9es<\/strong>:Des formules sur mesure disponibles pour chaque client afin de garantir la coh\u00e9rence et la qualit\u00e9 du produit.<\/li>\n<li><strong>D\u00e9lai d&#039;ex\u00e9cution rapide<\/strong>:Nous nous effor\u00e7ons de livrer rapidement afin de respecter votre calendrier de production.<\/li>\n<li><strong>Assistance technique 24h\/24 et 7j\/7<\/strong>:Notre \u00e9quipe d&#039;assistance est disponible en ligne dans les 24 heures pour vous aider \u00e0 r\u00e9soudre tout probl\u00e8me technique.<\/li>\n<li><strong>Entretien annuel<\/strong>:Services de maintenance complets pour assurer une production fluide et efficace.<\/li>\n<\/ul>\n<h2><strong>Consid\u00e9rations relatives \u00e0 la production<\/strong><\/h2>\n<p>Avant de commencer la production, il est essentiel de d\u00e9terminer le type de p\u00e2te et les ingr\u00e9dients appropri\u00e9s pour vos biscuits. Voici quelques facteurs \u00e0 prendre en compte :<\/p>\n<ol>\n<li><strong>Type de p\u00e2te<\/strong>: Identifiez si votre produit n\u00e9cessite une p\u00e2te dure, une p\u00e2te molle ou une p\u00e2te similaire \u00e0 la meringue.<\/li>\n<li><strong>Teneur en mati\u00e8res grasses<\/strong>: D\u00e9terminez si vous devez utiliser du beurre, de la margarine ou de l&#039;huile. Notez qu&#039;une teneur \u00e9lev\u00e9e en mati\u00e8res grasses peut rendre la p\u00e2te collante et difficile \u00e0 manipuler.<\/li>\n<li><strong>Ingr\u00e9dients suppl\u00e9mentaires<\/strong>: V\u00e9rifiez s'il y a des particules suppl\u00e9mentaires dans la p\u00e2te, comme des p\u00e9pites de chocolat, des noix ou d'autres inclusions qui peuvent affecter la consistance et la manipulation de la p\u00e2te.<\/li>\n<\/ol>\n<h2><strong>Aper\u00e7u du flux de production<\/strong><\/h2>\n<ol>\n<li><strong>M\u00e9lange<\/strong>:Les ingr\u00e9dients sont m\u00e9lang\u00e9s pour former la p\u00e2te \u00e0 biscuits.<\/li>\n<li><strong>Formant<\/strong>:La p\u00e2te est fa\u00e7onn\u00e9e en biscuits \u00e0 l&#039;aide de moules rotatifs.<\/li>\n<li><strong>P\u00e2tisserie<\/strong>:Les biscuits sont cuits au four pour obtenir la texture et la saveur souhait\u00e9es.<\/li>\n<li><strong>Refroidissement<\/strong>:Les biscuits cuits sont refroidis \u00e0 la temp\u00e9rature optimale.<\/li>\n<li><strong>Emballage<\/strong>:Les biscuits finis sont emball\u00e9s pour \u00eatre distribu\u00e9s.<\/li>\n<\/ol>\n<h2><b><span lang=\"EN-US\">M\u00e9langeur de p\u00e2te pour ligne de production de biscuits mous<\/span><\/b><\/h2>\n<p><img fetchpriority=\"high\" decoding=\"async\" class=\"alignnone size-full wp-image-1210\" title=\"ligne de production de biscuits | machine \u00e0 fabriquer des biscuits\" src=\"https:\/\/www.jymachinetech.com\/wp-content\/uploads\/2021\/12\/cookie-production-line-6.png\" alt=\"ligne de production de biscuits | machine \u00e0 fabriquer des biscuits\" width=\"685\" height=\"464\" srcset=\"https:\/\/www.jymachinetech.com\/wp-content\/uploads\/2021\/12\/cookie-production-line-6.png 685w, https:\/\/www.jymachinetech.com\/wp-content\/uploads\/2021\/12\/cookie-production-line-6-18x12.png 18w, https:\/\/www.jymachinetech.com\/wp-content\/uploads\/2021\/12\/cookie-production-line-6-600x406.png 600w\" sizes=\"(max-width: 685px) 100vw, 685px\" \/><\/p>\n<p>&nbsp;<\/p>\n<p><span lang=\"EN-US\">Ce m\u00e9langeur de p\u00e2te pour syst\u00e8me de m\u00e9lange de biscuits mous avec\u00a0<\/span><span lang=\"EN-US\">syst\u00e8me de contr\u00f4le PLC intelligent et syst\u00e8me \u00e0 \u00e9cran tactile avec transmission du signal de retrait.<\/span><br \/>\n<span lang=\"EN-US\">La connexion \u00e0 un syst\u00e8me automatique de coupe-p\u00e2te et de convoyeur peut \u00eatre un traitement enti\u00e8rement automatis\u00e9.<\/span><\/p>\n<p>&nbsp;<\/p>\n<h2><b><span lang=\"EN-US\">Syst\u00e8me d&#039;alimentation<\/span><\/b><\/h2>\n<p><img decoding=\"async\" class=\"alignnone size-full wp-image-1211\" title=\"ligne de production de biscuits | machine \u00e0 fabriquer des biscuits\" src=\"https:\/\/www.jymachinetech.com\/wp-content\/uploads\/2021\/12\/cookie-production-line-7.jpeg\" alt=\"ligne de production de biscuits | machine \u00e0 fabriquer des biscuits\" width=\"588\" height=\"784\" srcset=\"https:\/\/www.jymachinetech.com\/wp-content\/uploads\/2021\/12\/cookie-production-line-7.jpeg 588w, https:\/\/www.jymachinetech.com\/wp-content\/uploads\/2021\/12\/cookie-production-line-7-9x12.jpeg 9w\" sizes=\"(max-width: 588px) 100vw, 588px\" \/><\/p>\n<p>&nbsp;<\/p>\n<h2><b><span lang=\"EN-US\">Mouleuse rotative pour le traitement des biscuits<\/span><\/b><\/h2>\n<p><span lang=\"EN-US\">Une fois que les types de biscuits et de p\u00e2te ont \u00e9t\u00e9 confirm\u00e9s, nous pouvons commencer \u00e0 nous concentrer sur la taille et la forme des biscuits.<\/span><br \/>\n<span lang=\"EN-US\">Combien de types de cookies diff\u00e9rents souhaitez-vous produire\u00a0?<\/span><\/p>\n<h2><b><span lang=\"EN-US\">A\u00a0:\u00a0Traitement des cookies rotatifs<\/span><\/b><\/h2>\n<p><img decoding=\"async\" class=\"alignnone size-full wp-image-1217\" title=\"ligne de production de biscuits | machine \u00e0 fabriquer des biscuits\" src=\"https:\/\/www.jymachinetech.com\/wp-content\/uploads\/2021\/12\/cookie-production-line-13.jpg\" alt=\"ligne de production de biscuits | machine \u00e0 fabriquer des biscuits\" width=\"993\" height=\"745\" srcset=\"https:\/\/www.jymachinetech.com\/wp-content\/uploads\/2021\/12\/cookie-production-line-13.jpg 993w, https:\/\/www.jymachinetech.com\/wp-content\/uploads\/2021\/12\/cookie-production-line-13-16x12.jpg 16w, https:\/\/www.jymachinetech.com\/wp-content\/uploads\/2021\/12\/cookie-production-line-13-600x450.jpg 600w\" sizes=\"(max-width: 993px) 100vw, 993px\" \/><\/p>\n<p><span lang=\"EN-US\">Les machines de traitement de biscuits rotatifs peuvent g\u00e9n\u00e9ralement produire des biscuits rotatifs et \u00e0 plusieurs niveaux, ce qui est la fonction la plus courante des machines \u00e0 biscuits.<\/span><br \/>\n<span lang=\"EN-US\">Un simple\u00a0<\/span><span lang=\"EN-US\">mod\u00e8le de montage\u00a0<\/span><span lang=\"EN-US\">les buses peuvent produire des centaines de formes gr\u00e2ce \u00e0 nos programmes de machines \u00e0 biscuits.<\/span><br \/>\n<span lang=\"EN-US\">Le client peut d\u00e9finir la vitesse, la direction et le temps de rotation pour le mouvement des m\u00eames buses afin d&#039;obtenir diff\u00e9rents produits.<\/span><br \/>\n<span lang=\"EN-US\">Le d\u00e9p\u00f4t de la p\u00e2te \u00e0 biscuits \u00e0 travers une t\u00eate de d\u00e9p\u00f4t ronde ou profil\u00e9e\u00a0; comme vous le feriez avec une poche \u00e0 douille.\u00a0<\/span><\/p>\n<p><img loading=\"lazy\" decoding=\"async\" class=\"alignnone size-full wp-image-1208\" title=\"ligne de production de biscuits | machine \u00e0 fabriquer des biscuits\" src=\"https:\/\/www.jymachinetech.com\/wp-content\/uploads\/2021\/12\/cookie-production-line-4.png\" alt=\"ligne de production de biscuits | machine \u00e0 fabriquer des biscuits\" width=\"1441\" height=\"778\" srcset=\"https:\/\/www.jymachinetech.com\/wp-content\/uploads\/2021\/12\/cookie-production-line-4.png 1441w, https:\/\/www.jymachinetech.com\/wp-content\/uploads\/2021\/12\/cookie-production-line-4-18x10.png 18w, https:\/\/www.jymachinetech.com\/wp-content\/uploads\/2021\/12\/cookie-production-line-4-600x324.png 600w\" sizes=\"(max-width: 1441px) 100vw, 1441px\" \/> <img loading=\"lazy\" decoding=\"async\" class=\"alignnone size-full wp-image-1209\" title=\"ligne de production de biscuits | machine \u00e0 fabriquer des biscuits\" src=\"https:\/\/www.jymachinetech.com\/wp-content\/uploads\/2021\/12\/cookie-production-line-5.png\" alt=\"ligne de production de biscuits | machine \u00e0 fabriquer des biscuits\" width=\"1724\" height=\"734\" srcset=\"https:\/\/www.jymachinetech.com\/wp-content\/uploads\/2021\/12\/cookie-production-line-5.png 1724w, https:\/\/www.jymachinetech.com\/wp-content\/uploads\/2021\/12\/cookie-production-line-5-18x8.png 18w, https:\/\/www.jymachinetech.com\/wp-content\/uploads\/2021\/12\/cookie-production-line-5-600x255.png 600w\" sizes=\"(max-width: 1724px) 100vw, 1724px\" \/><\/p>\n<h2><b><span lang=\"EN-US\">B<\/span><\/b><b><span lang=\"ZH\">\uff1a<\/span><\/b><b><span lang=\"EN-US\">Biscuit extrud\u00e9<\/span><\/b><\/h2>\n<p><span lang=\"EN-US\">Les machines \u00e0 biscuits extrud\u00e9s peuvent g\u00e9n\u00e9ralement produire des biscuits sp\u00e9ciaux \u00e0 plusieurs niveaux \u00e0 l&#039;int\u00e9rieur avec un gros plan \u00e0 l&#039;int\u00e9rieur des buses de l&#039;extrudeuse.<\/span><\/p>\n<p><span lang=\"EN-US\">Quelles que soient les gourmandises que vous d\u00e9sirez dans votre vitrine, il est important de les identifier au plus t\u00f4t afin de pouvoir s\u00e9lectionner votre mat\u00e9riel en cons\u00e9quence.<\/span><\/p>\n<p><img loading=\"lazy\" decoding=\"async\" class=\"alignnone size-full wp-image-1206\" title=\"ligne de production de biscuits | machine \u00e0 fabriquer des biscuits\" src=\"https:\/\/www.jymachinetech.com\/wp-content\/uploads\/2021\/12\/cookie-production-line-2.png\" alt=\"ligne de production de biscuits | machine \u00e0 fabriquer des biscuits\" width=\"1270\" height=\"203\" srcset=\"https:\/\/www.jymachinetech.com\/wp-content\/uploads\/2021\/12\/cookie-production-line-2.png 1270w, https:\/\/www.jymachinetech.com\/wp-content\/uploads\/2021\/12\/cookie-production-line-2-18x3.png 18w, https:\/\/www.jymachinetech.com\/wp-content\/uploads\/2021\/12\/cookie-production-line-2-600x96.png 600w\" sizes=\"(max-width: 1270px) 100vw, 1270px\" \/><\/p>\n<p>&nbsp;<\/p>\n<h2><b><span lang=\"EN-US\">C<\/span><\/b><b><span lang=\"ZH\">\uff1a<\/span><\/b><b><span lang=\"EN-US\">Biscuit coupe-fil<\/span><\/b><\/h2>\n<p>Ce type de machine de production de biscuits, con\u00e7ue pour une pr\u00e9cision et une fiabilit\u00e9 exceptionnelles du poids des pi\u00e8ces, est parfaite pour la fabrication de pain d&#039;\u00e9pices, de biscuits de No\u00ebl et d&#039;une grande vari\u00e9t\u00e9 d&#039;autres biscuits qui sont \u00e9tal\u00e9s et d\u00e9coup\u00e9s avec des emporte-pi\u00e8ces, y compris des formes rondes et carr\u00e9es. Gr\u00e2ce \u00e0 notre fonction bicolore, vous pouvez m\u00eame cr\u00e9er des biscuits en damier complexes.<\/p>\n<p>La machine peut \u00eatre int\u00e9gr\u00e9e de mani\u00e8re transparente dans la ligne de production, positionn\u00e9e sur la bande de transfert ou la bande du four et retir\u00e9e facilement sans perturber le syst\u00e8me de convoyeur. Le double entra\u00eenement de puissance pour le mouleur rotatif de biscuits mous et le convoyeur peut \u00eatre r\u00e9gl\u00e9 s\u00e9par\u00e9ment, garantissant une connexion transparente et un effet de moulage de biscuits sup\u00e9rieur.<\/p>\n<p>Nous recommandons vivement aux clients de tester nos machines de traitement des biscuits ou tout autre \u00e9quipement de boulangerie avant de s&#039;engager dans un achat, car des produits de haute qualit\u00e9 reposent sur des technologies de traitement de haute qualit\u00e9. Nous nous attendons tous \u00e0 ce que chaque paquet de biscuits que nous ouvrons contienne des biscuits parfaitement cuits, et nos machines sont con\u00e7ues pour r\u00e9pondre syst\u00e9matiquement \u00e0 cette attente.<\/p>\n<p>Pour vous assurer de trouver la solution id\u00e9ale pour vos besoins de production de biscuits, notre \u00e9quipe propose des d\u00e9monstrations d&#039;\u00e9quipements et des visites d&#039;usine gratuites.<\/p>\n<p>&nbsp;<\/p>\n<h2><b><span lang=\"EN-US\">Four de cuisson tunnel pour la cuisson des biscuits<\/span><\/b><\/h2>\n<h2><b><span lang=\"EN-US\">Temp\u00e9rature et temps de cuisson<\/span><\/b><\/h2>\n<p><img loading=\"lazy\" decoding=\"async\" class=\"alignnone size-full wp-image-1215\" title=\"ligne de production de biscuits | machine \u00e0 fabriquer des biscuits\" src=\"https:\/\/www.jymachinetech.com\/wp-content\/uploads\/2021\/12\/cookie-production-line-11.jpg\" alt=\"ligne de production de biscuits | machine \u00e0 fabriquer des biscuits\" width=\"1269\" height=\"952\" srcset=\"https:\/\/www.jymachinetech.com\/wp-content\/uploads\/2021\/12\/cookie-production-line-11.jpg 1269w, https:\/\/www.jymachinetech.com\/wp-content\/uploads\/2021\/12\/cookie-production-line-11-16x12.jpg 16w, https:\/\/www.jymachinetech.com\/wp-content\/uploads\/2021\/12\/cookie-production-line-11-600x450.jpg 600w\" sizes=\"(max-width: 1269px) 100vw, 1269px\" \/><\/p>\n<p><span lang=\"EN-US\">La cuisson est la cl\u00e9 des aliments d\u00e9licats, notre four de cuisson peut s&#039;adapter \u00e0 diff\u00e9rentes zones de temp\u00e9rature. Chaque zone du four est disponible avec une vari\u00e9t\u00e9 d&#039;options pour cr\u00e9er un syst\u00e8me rentable combinant chauffage par rayonnement, convection et conduction.<\/span><\/p>\n<p><span lang=\"EN-US\">Le four \u00e0 biscuits peut cr\u00e9er diff\u00e9rentes ressources de cuisson telles que des zones de cuisson directes au gaz, \u00e0 convection et combin\u00e9es radiant\/convection pour une efficacit\u00e9 de cuisson am\u00e9lior\u00e9e.<\/span><\/p>\n<p><span lang=\"EN-US\">Contr\u00f4le r\u00e9p\u00e9table du temps, de la temp\u00e9rature, de l&#039;humidit\u00e9 et du type de transfert de chaleur<\/span><br \/>\n<span lang=\"EN-US\">Contr\u00f4le maximal sur la qualit\u00e9, la couleur, le go\u00fbt et la texture, pr\u00e9fabriqu\u00e9s dans notre usine pour une installation rapide ou assembl\u00e9s sur place.<\/span><\/p>\n<p><span lang=\"EN-US\">Que vous souhaitiez augmenter la diversit\u00e9 de votre gamme de produits existante ou \u00e9tendre votre production de biscuits existante, choisir le bon \u00e9quipement est la cl\u00e9. <\/span><\/p>\n<p><span lang=\"EN-US\">Un \u00e9quipement de production de biscuits correct peut am\u00e9liorer <a href=\"https:\/\/www.jymachinetech.com\/fr\/2025-top-gummy-candy-machine-for-efficient-production-and-quality-results\/\" title=\"2025 Machine \u00e0 bonbons g\u00e9lifi\u00e9s pour une production efficace et des r\u00e9sultats de qualit\u00e9\"  data-wpil-monitor-id=\"102\" target=\"_blank\">l'efficacit\u00e9 sans sacrifier la qualit\u00e9 du produit<\/a>.<\/span><\/p>\n<p>&nbsp;<\/p>\n<h2><b><span lang=\"EN-US\">Convoyeur de refroidissement et d&#039;empilage<\/span><\/b><\/h2>\n<p><img loading=\"lazy\" decoding=\"async\" class=\"alignnone size-full wp-image-1213\" title=\"ligne de production de biscuits | machine \u00e0 fabriquer des biscuits\" src=\"https:\/\/www.jymachinetech.com\/wp-content\/uploads\/2021\/12\/cookie-production-line-9.png\" alt=\"ligne de production de biscuits | machine \u00e0 fabriquer des biscuits\" width=\"558\" height=\"250\" srcset=\"https:\/\/www.jymachinetech.com\/wp-content\/uploads\/2021\/12\/cookie-production-line-9.png 558w, https:\/\/www.jymachinetech.com\/wp-content\/uploads\/2021\/12\/cookie-production-line-9-18x8.png 18w\" sizes=\"(max-width: 558px) 100vw, 558px\" \/><\/p>\n<p><a href=\"https:\/\/www.jymachinetech.com\/fr\/essential-guide-to-the-biscuit-production-line-for-efficient-baking\/\" title=\"Guide essentiel de la ligne de production de biscuits pour une cuisson efficace\"  data-wpil-monitor-id=\"107\" target=\"_blank\">ligne de production de biscuits<\/a> fabricants<\/p>\n<p><span lang=\"EN-US\">Le maintien d&#039;un alignement constant et d&#039;un refroidissement non agressif sont essentiels pour obtenir un produit entier qui ne se casse pas, qui peut \u00eatre facilement empil\u00e9 et emball\u00e9.<\/span><\/p>\n<p><span lang=\"EN-US\">Plus de 4 500 m\u00e8tres de convoyeurs de refroidissement sont r\u00e9alis\u00e9s chaque ann\u00e9e, transportant chaque biscuit vers des stations d&#039;empilage. <\/span><\/p>\n<p><span lang=\"EN-US\">Par la suite, le biscuit peut \u00eatre achemin\u00e9 vers les machines de conditionnement automatiquement ou manuellement selon le syst\u00e8me et les cadences.\u00a0<\/span><\/p>\n<h2><b><span lang=\"EN-US\">Quel genre de cookie aimeriez-vous faire ?<\/span><\/b><\/h2>\n<p><img loading=\"lazy\" decoding=\"async\" class=\"alignnone size-full wp-image-1212\" title=\"ligne de production de biscuits | machine \u00e0 fabriquer des biscuits\" src=\"https:\/\/www.jymachinetech.com\/wp-content\/uploads\/2021\/12\/cookie-production-line-8.png\" alt=\"ligne de production de biscuits | machine \u00e0 fabriquer des biscuits\" width=\"1878\" height=\"928\" srcset=\"https:\/\/www.jymachinetech.com\/wp-content\/uploads\/2021\/12\/cookie-production-line-8.png 1878w, https:\/\/www.jymachinetech.com\/wp-content\/uploads\/2021\/12\/cookie-production-line-8-18x9.png 18w, https:\/\/www.jymachinetech.com\/wp-content\/uploads\/2021\/12\/cookie-production-line-8-600x296.png 600w\" sizes=\"(max-width: 1878px) 100vw, 1878px\" \/><\/p>\n<p>Notre usine peut fournir un service cl\u00e9 en main pour chaque client. Une fois que vous avez d\u00e9cid\u00e9 avec quel cookie vous souhaitez d\u00e9marrer votre production, r\u00e9fl\u00e9chissez aux fonctionnalit\u00e9s que vous souhaiteriez disposer \u00e0 l&#039;avenir. Trouvons la solution adapt\u00e9e ou personnalis\u00e9e pour votre fabrique de cookies.<\/p>","protected":false},"excerpt":{"rendered":"<div class=\"content-style\">\n<p><span lang=\"EN-US\">Cette ligne de production de biscuits a <\/span><span lang=\"EN-US\">fil coup\u00e9, presse \u00e0 d\u00e9router extrud\u00e9, co-extrud\u00e9 et d\u00e9pos\u00e9\u00a0<\/span><span lang=\"EN-US\">fonctions pour les p\u00e2tes molles riches en mati\u00e8res grasses.<\/span><\/p>\n<\/div>","protected":false},"featured_media":1214,"comment_status":"closed","ping_status":"closed","template":"","meta":[],"product_brand":[],"product_cat":[15],"product_tag":[],"class_list":{"0":"post-1203","1":"product","2":"type-product","3":"status-publish","4":"has-post-thumbnail","6":"product_cat-bakery-equipment","8":"first","9":"instock","10":"shipping-taxable","11":"product-type-simple"},"_links":{"self":[{"href":"https:\/\/www.jymachinetech.com\/fr\/wp-json\/wp\/v2\/product\/1203","targetHints":{"allow":["GET"]}}],"collection":[{"href":"https:\/\/www.jymachinetech.com\/fr\/wp-json\/wp\/v2\/product"}],"about":[{"href":"https:\/\/www.jymachinetech.com\/fr\/wp-json\/wp\/v2\/types\/product"}],"replies":[{"embeddable":true,"href":"https:\/\/www.jymachinetech.com\/fr\/wp-json\/wp\/v2\/comments?post=1203"}],"version-history":[{"count":3,"href":"https:\/\/www.jymachinetech.com\/fr\/wp-json\/wp\/v2\/product\/1203\/revisions"}],"predecessor-version":[{"id":7321,"href":"https:\/\/www.jymachinetech.com\/fr\/wp-json\/wp\/v2\/product\/1203\/revisions\/7321"}],"wp:featuredmedia":[{"embeddable":true,"href":"https:\/\/www.jymachinetech.com\/fr\/wp-json\/wp\/v2\/media\/1214"}],"wp:attachment":[{"href":"https:\/\/www.jymachinetech.com\/fr\/wp-json\/wp\/v2\/media?parent=1203"}],"wp:term":[{"taxonomy":"product_brand","embeddable":true,"href":"https:\/\/www.jymachinetech.com\/fr\/wp-json\/wp\/v2\/product_brand?post=1203"},{"taxonomy":"product_cat","embeddable":true,"href":"https:\/\/www.jymachinetech.com\/fr\/wp-json\/wp\/v2\/product_cat?post=1203"},{"taxonomy":"product_tag","embeddable":true,"href":"https:\/\/www.jymachinetech.com\/fr\/wp-json\/wp\/v2\/product_tag?post=1203"}],"curies":[{"name":"wp","href":"https:\/\/api.w.org\/{rel}","templated":true}]}}