{"id":1141,"date":"2021-12-20T11:32:52","date_gmt":"2021-12-20T11:32:52","guid":{"rendered":"https:\/\/www.jymachinetech.com\/?post_type=product&#038;p=1141"},"modified":"2025-07-25T05:52:33","modified_gmt":"2025-07-25T05:52:33","slug":"biscuit-stacking-machine-machine-for-biscuit","status":"publish","type":"product","link":"https:\/\/www.jymachinetech.com\/fr\/product\/biscuit-stacking-machine-machine-for-biscuit\/","title":{"rendered":"Machine \u00e0 empiler les biscuits | machine \u00e0 biscuits"},"content":{"rendered":"<p>La machine de empilement de biscuits est une solution d'automatisation avanc\u00e9e con\u00e7ue pour rationaliser le processus d'emballage des biscuits. Elle convertit efficacement les biscuits plats en une formation 'sur le bord', construisant des 'slugs' continus parfaitement align\u00e9s pour une \u00e9tape ult\u00e9rieure par une machine \u00e0 emballer ou \u00e0 sandwich \u00e0 la cr\u00e8me.<\/p>\n<p><iframe title=\"Comment fabriquer des biscuits dans notre usine ? Ligne de production de biscuits enti\u00e8rement automatique de 1 200 mm\" width=\"800\" height=\"450\" src=\"https:\/\/www.youtube.com\/embed\/kwUAEOGspq0?start=1&#038;feature=oembed\" frameborder=\"0\" allow=\"accelerometer; autoplay; clipboard-write; encrypted-media; gyroscope; picture-in-picture; web-share\" referrerpolicy=\"strict-origin-when-cross-origin\" allowfullscreen><\/iframe><\/p>\n<h2><strong>Principales caract\u00e9ristiques et avantages\u00a0:<\/strong><\/h2>\n<ul>\n<li><strong>Syst\u00e8me de surveillance automatique :<\/strong>\u00a0Assure un fonctionnement fiable et une intervention humaine minimale.<\/li>\n<li><strong>Guides magn\u00e9tiques \u00e0 verrouillage fixe :<\/strong>\u00a0Assure un guidage s\u00e9curis\u00e9 des biscuits tout au long du processus d&#039;empilage.<\/li>\n<li><strong>Plaques de s\u00e9paration :<\/strong>\u00a0Facilite l&#039;empilage organis\u00e9 des biscuits dans un environnement contr\u00f4l\u00e9.<\/li>\n<li><strong>Roues en \u00e9toile \u00e0 r\u00e9glage rapide :<\/strong>\u00a0Permet un r\u00e9glage facile de la position centrale, s&#039;adaptant \u00e0 diff\u00e9rentes tailles de biscuits.<\/li>\n<li><strong>Polyvalence dans l&#039;empilage :<\/strong>\u00a0Id\u00e9al pour empiler diff\u00e9rentes tailles de produits avec pr\u00e9cision.<\/li>\n<li><strong>Fonctionnement fluide :<\/strong>\u00a0Permet une canalisation rapide des biscuits avec un minimum de perturbations.<\/li>\n<li><strong>R\u00e9sultats de l&#039;empilage ordonn\u00e9\u00a0:<\/strong>\u00a0Assure un empilement propre et ordonn\u00e9, am\u00e9liorant la pr\u00e9sentation du produit final.<\/li>\n<li><strong>Largeur du canal d&#039;empilage r\u00e9glable :<\/strong>\u00a0Personnalisable en fonction de la largeur des biscuits trait\u00e9s.<\/li>\n<li><strong>Faible taux de casse du produit :<\/strong>\u00a0Con\u00e7u pour minimiser les dommages aux biscuits lors de l&#039;empilage.<\/li>\n<li><strong>Corps en acier inoxydable :<\/strong>\u00a0Assure durabilit\u00e9, hygi\u00e8ne et facilit\u00e9 de nettoyage.<\/li>\n<li><strong>Fonctionnement s\u00fbr et stable :<\/strong>\u00a0R\u00e9pond aux normes de s\u00e9curit\u00e9 pour un environnement de production fiable et s\u00e9curis\u00e9.<\/li>\n<\/ul>\n<h2><strong>Sp\u00e9cifications techniques :<\/strong><\/h2>\n<ul>\n<li><strong>Mat\u00e9riau du corps :<\/strong>\u00a0Acier inoxydable pour une r\u00e9sistance \u00e0 la corrosion et un entretien facile.<\/li>\n<li><strong>Ajustabilit\u00e9 :<\/strong>\u00a0Comprend des roues en \u00e9toile r\u00e9glables et une largeur de canal d&#039;empilage pour diff\u00e9rentes tailles de biscuits.<\/li>\n<\/ul>\n<h2><strong>Applications :<\/strong><\/h2>\n<ul>\n<li>Parfait pour l'int\u00e9gration avec les <a href=\"https:\/\/www.jymachinetech.com\/fr\/top-hard-dough-biscuit-production-line-for-efficient-baking-solutions\/\" title=\"Ligne de production de biscuits \u00e0 p\u00e2te dure de qualit\u00e9 sup\u00e9rieure pour des solutions de cuisson efficaces\"  data-wpil-monitor-id=\"94\" target=\"_blank\">lignes de production de biscuits<\/a>, am\u00e9liorant le processus d'emballage pour une large gamme de types de biscuits.<\/li>\n<\/ul>\n<p><img fetchpriority=\"high\" decoding=\"async\" class=\"alignnone size-full wp-image-1142\" title=\"empileuse de biscuits | machine \u00e0 biscuits\" src=\"https:\/\/www.jymachinetech.com\/wp-content\/uploads\/2021\/12\/Biscuit-stacking-machine-1.png\" alt=\"empileuse de biscuits | machine \u00e0 biscuits\" width=\"606\" height=\"270\" srcset=\"https:\/\/www.jymachinetech.com\/wp-content\/uploads\/2021\/12\/Biscuit-stacking-machine-1.png 606w, https:\/\/www.jymachinetech.com\/wp-content\/uploads\/2021\/12\/Biscuit-stacking-machine-1-18x8.png 18w, https:\/\/www.jymachinetech.com\/wp-content\/uploads\/2021\/12\/Biscuit-stacking-machine-1-600x267.png 600w\" sizes=\"(max-width: 606px) 100vw, 606px\" \/><\/p>\n<ul>\n<li><\/li>\n<\/ul>\n<h2><strong><span lang=\"EN-US\">sp\u00e9cification<\/span><\/strong><\/h2>\n<div class=\"table-responsive\">\n<table class=\"Table\" style=\"border-collapse: collapse; border: solid windowtext 1.0pt; margin-left: 9px; margin-right: 9px;\" width=\"98%\" align=\"left\">\n<tbody>\n<tr>\n<td style=\"border: solid windowtext 1.0pt; width: 85.15pt; padding: 0cm 5.4pt 0cm 5.4pt;\" valign=\"top\" width=\"114\"><span style=\"font-size: 10.5pt;\"><span style=\"font-family: \u7b49\u7ebf;\">Mod\u00e8le<\/span><\/span><\/td>\n<td style=\"border: solid windowtext 1.0pt; width: 106.0pt; border-left: none; padding: 0cm 5.4pt 0cm 5.4pt;\" valign=\"top\" width=\"141\"><span style=\"font-size: 10.5pt;\"><span style=\"font-family: \u7b49\u7ebf;\">Capacit\u00e9<\/span><\/span><\/td>\n<td style=\"border: solid windowtext 1.0pt; width: 127.55pt; border-left: none; padding: 0cm 5.4pt 0cm 5.4pt;\" valign=\"top\" width=\"170\"><span style=\"font-size: 10.5pt;\"><span style=\"font-family: \u7b49\u7ebf;\">Taille de la machine d&#039;empilage<\/span><\/span><\/td>\n<td style=\"border: solid windowtext 1.0pt; width: 127.6pt; border-left: none; padding: 0cm 5.4pt 0cm 5.4pt;\" valign=\"top\" width=\"170\"><span style=\"font-size: 10.5pt;\"><span style=\"font-family: \u7b49\u7ebf;\">Taille de la plate-forme d&#039;emballage<\/span><\/span><\/td>\n<\/tr>\n<tr>\n<td style=\"border: solid windowtext 1.0pt; width: 85.15pt; border-top: none; padding: 0cm 5.4pt 0cm 5.4pt;\" valign=\"top\" width=\"114\"><span style=\"font-size: 10.5pt;\"><span style=\"font-family: \u7b49\u7ebf;\">JYB-280<\/span><\/span><\/td>\n<td style=\"border-bottom: solid windowtext 1.0pt; width: 106.0pt; border-top: none; border-left: none; border-right: solid windowtext 1.0pt; padding: 0cm 5.4pt 0cm 5.4pt;\" valign=\"top\" width=\"141\"><span style=\"font-size: 10.5pt;\"><span style=\"font-family: \u7b49\u7ebf;\">50-80kg\/h<\/span><\/span><\/td>\n<td style=\"border-bottom: solid windowtext 1.0pt; width: 127.55pt; border-top: none; border-left: none; border-right: solid windowtext 1.0pt; padding: 0cm 5.4pt 0cm 5.4pt;\" valign=\"top\" width=\"170\"><span style=\"font-size: 10.5pt;\"><span style=\"font-family: \u7b49\u7ebf;\">2680*550*885mm<\/span><\/span><\/td>\n<td style=\"border-bottom: solid windowtext 1.0pt; width: 127.6pt; border-top: none; border-left: none; border-right: solid windowtext 1.0pt; padding: 0cm 5.4pt 0cm 5.4pt;\" valign=\"top\" width=\"170\"><span style=\"font-size: 10.5pt;\"><span style=\"font-family: \u7b49\u7ebf;\">3000*420*380mm<\/span><\/span><\/td>\n<\/tr>\n<tr>\n<td style=\"border: solid windowtext 1.0pt; width: 85.15pt; border-top: none; padding: 0cm 5.4pt 0cm 5.4pt;\" valign=\"top\" width=\"114\"><span style=\"font-size: 10.5pt;\"><span style=\"font-family: \u7b49\u7ebf;\">JYB-400<\/span><\/span><\/td>\n<td style=\"border-bottom: solid windowtext 1.0pt; width: 106.0pt; border-top: none; border-left: none; border-right: solid windowtext 1.0pt; padding: 0cm 5.4pt 0cm 5.4pt;\" valign=\"top\" width=\"141\"><span style=\"font-size: 10.5pt;\"><span style=\"font-family: \u7b49\u7ebf;\">150-250kg\/h<\/span><\/span><\/td>\n<td style=\"border-bottom: solid windowtext 1.0pt; width: 127.55pt; border-top: none; border-left: none; border-right: solid windowtext 1.0pt; padding: 0cm 5.4pt 0cm 5.4pt;\" width=\"170\"><span style=\"font-size: 10.5pt;\"><span style=\"font-family: \u7b49\u7ebf;\">3500*650*1400mm<\/span><\/span><\/td>\n<td style=\"border-bottom: solid windowtext 1.0pt; width: 127.6pt; border-top: none; border-left: none; border-right: solid windowtext 1.0pt; padding: 0cm 5.4pt 0cm 5.4pt;\" valign=\"top\" width=\"170\"><span style=\"font-size: 10.5pt;\"><span style=\"font-family: \u7b49\u7ebf;\">3000*600*750mm<\/span><\/span><\/td>\n<\/tr>\n<tr>\n<td style=\"border: solid windowtext 1.0pt; width: 85.15pt; border-top: none; padding: 0cm 5.4pt 0cm 5.4pt;\" valign=\"top\" width=\"114\"><span style=\"font-size: 10.5pt;\"><span style=\"font-family: \u7b49\u7ebf;\">JYB-600<\/span><\/span><\/td>\n<td style=\"border-bottom: solid windowtext 1.0pt; width: 106.0pt; border-top: none; border-left: none; border-right: solid windowtext 1.0pt; padding: 0cm 5.4pt 0cm 5.4pt;\" valign=\"top\" width=\"141\"><span style=\"font-size: 10.5pt;\"><span style=\"font-family: \u7b49\u7ebf;\">300-500kg\/h<\/span><\/span><\/td>\n<td style=\"border-bottom: solid windowtext 1.0pt; width: 127.55pt; border-top: none; border-left: none; border-right: solid windowtext 1.0pt; padding: 0cm 5.4pt 0cm 5.4pt;\" valign=\"top\" width=\"170\"><span style=\"font-size: 10.5pt;\"><span style=\"font-family: \u7b49\u7ebf;\">3500*850*1400mm<\/span><\/span><\/td>\n<td style=\"border-bottom: solid windowtext 1.0pt; width: 127.6pt; border-top: none; border-left: none; border-right: solid windowtext 1.0pt; padding: 0cm 5.4pt 0cm 5.4pt;\" valign=\"top\" width=\"170\"><span style=\"font-size: 10.5pt;\"><span style=\"font-family: \u7b49\u7ebf;\">6500*850*850mm<\/span><\/span><\/td>\n<\/tr>\n<tr>\n<td style=\"border: solid windowtext 1.0pt; width: 85.15pt; border-top: none; padding: 0cm 5.4pt 0cm 5.4pt;\" valign=\"top\" width=\"114\"><span style=\"font-size: 10.5pt;\"><span style=\"font-family: \u7b49\u7ebf;\">JYB-800<\/span><\/span><\/td>\n<td style=\"border-bottom: solid windowtext 1.0pt; width: 106.0pt; border-top: none; border-left: none; border-right: solid windowtext 1.0pt; padding: 0cm 5.4pt 0cm 5.4pt;\" valign=\"top\" width=\"141\"><span style=\"font-size: 10.5pt;\"><span style=\"font-family: \u7b49\u7ebf;\">800kg\/h<\/span><\/span><\/td>\n<td style=\"border-bottom: solid windowtext 1.0pt; width: 127.55pt; border-top: none; border-left: none; border-right: solid windowtext 1.0pt; padding: 0cm 5.4pt 0cm 5.4pt;\" valign=\"top\" width=\"170\"><span style=\"font-size: 10.5pt;\"><span style=\"font-family: \u7b49\u7ebf;\">3500*1050*1400mm<\/span><\/span><\/td>\n<td style=\"border-bottom: solid windowtext 1.0pt; width: 127.6pt; border-top: none; border-left: none; border-right: solid windowtext 1.0pt; padding: 0cm 5.4pt 0cm 5.4pt;\" valign=\"top\" width=\"170\"><span style=\"font-size: 10.5pt;\"><span style=\"font-family: \u7b49\u7ebf;\">6500*1050*850mm<\/span><\/span><\/td>\n<\/tr>\n<tr>\n<td style=\"border: solid windowtext 1.0pt; width: 85.15pt; border-top: none; padding: 0cm 5.4pt 0cm 5.4pt;\" valign=\"top\" width=\"114\"><span style=\"font-size: 10.5pt;\"><span style=\"font-family: \u7b49\u7ebf;\">JYB-1000<\/span><\/span><\/td>\n<td style=\"border-bottom: solid windowtext 1.0pt; width: 106.0pt; border-top: none; border-left: none; border-right: solid windowtext 1.0pt; padding: 0cm 5.4pt 0cm 5.4pt;\" valign=\"top\" width=\"141\"><span style=\"font-size: 10.5pt;\"><span style=\"font-family: \u7b49\u7ebf;\">1000kg\/h<\/span><\/span><\/td>\n<td style=\"border-bottom: solid windowtext 1.0pt; width: 127.55pt; border-top: none; border-left: none; border-right: solid windowtext 1.0pt; padding: 0cm 5.4pt 0cm 5.4pt;\" valign=\"top\" width=\"170\"><span style=\"font-size: 10.5pt;\"><span style=\"font-family: \u7b49\u7ebf;\">2100*2100*1200mm<\/span><\/span><\/td>\n<td style=\"border-bottom: solid windowtext 1.0pt; width: 127.6pt; border-top: none; border-left: none; border-right: solid windowtext 1.0pt; padding: 0cm 5.4pt 0cm 5.4pt;\" valign=\"top\" width=\"170\"><span style=\"font-size: 10.5pt;\"><span style=\"font-family: \u7b49\u7ebf;\">12000*2100*800mm<\/span><\/span><\/td>\n<\/tr>\n<tr>\n<td style=\"border: solid windowtext 1.0pt; width: 85.15pt; border-top: none; padding: 0cm 5.4pt 0cm 5.4pt;\" valign=\"top\" width=\"114\"><span style=\"font-size: 10.5pt;\"><span style=\"font-family: \u7b49\u7ebf;\">JYB-1200<\/span><\/span><\/td>\n<td style=\"border-bottom: solid windowtext 1.0pt; width: 106.0pt; border-top: none; border-left: none; border-right: solid windowtext 1.0pt; padding: 0cm 5.4pt 0cm 5.4pt;\" valign=\"top\" width=\"141\"><span style=\"font-size: 10.5pt;\"><span style=\"font-family: \u7b49\u7ebf;\">1200kg\/h<\/span><\/span><\/td>\n<td style=\"border-bottom: solid windowtext 1.0pt; width: 127.55pt; border-top: none; border-left: none; border-right: solid windowtext 1.0pt; padding: 0cm 5.4pt 0cm 5.4pt;\" valign=\"top\" width=\"170\"><span style=\"font-size: 10.5pt;\"><span style=\"font-family: \u7b49\u7ebf;\">2100*2200*1200mm<\/span><\/span><\/td>\n<td style=\"border-bottom: solid windowtext 1.0pt; width: 127.6pt; border-top: none; border-left: none; border-right: solid windowtext 1.0pt; padding: 0cm 5.4pt 0cm 5.4pt;\" valign=\"top\" width=\"170\"><span style=\"font-size: 10.5pt;\"><span style=\"font-family: \u7b49\u7ebf;\">20000*2300*800mm<\/span><\/span><\/td>\n<\/tr>\n<tr>\n<td style=\"border: solid windowtext 1.0pt; width: 85.15pt; border-top: none; padding: 0cm 5.4pt 0cm 5.4pt;\" valign=\"top\" width=\"114\"><span style=\"font-size: 10.5pt;\"><span style=\"font-family: \u7b49\u7ebf;\">JYB-1500<\/span><\/span><\/td>\n<td style=\"border-bottom: solid windowtext 1.0pt; width: 106.0pt; border-top: none; border-left: none; border-right: solid windowtext 1.0pt; padding: 0cm 5.4pt 0cm 5.4pt;\" valign=\"top\" width=\"141\"><span style=\"font-size: 10.5pt;\"><span style=\"font-family: \u7b49\u7ebf;\">1500kg\/h<\/span><\/span><\/td>\n<td style=\"border-bottom: solid windowtext 1.0pt; width: 127.55pt; border-top: none; border-left: none; border-right: solid windowtext 1.0pt; padding: 0cm 5.4pt 0cm 5.4pt;\" valign=\"top\" width=\"170\"><span style=\"font-size: 10.5pt;\"><span style=\"font-family: \u7b49\u7ebf;\">2100*2400*1200mm<\/span><\/span><\/td>\n<td style=\"border-bottom: solid windowtext 1.0pt; width: 127.6pt; border-top: none; border-left: none; border-right: solid windowtext 1.0pt; padding: 0cm 5.4pt 0cm 5.4pt;\" valign=\"top\" width=\"170\"><span style=\"font-size: 10.5pt;\"><span style=\"font-family: \u7b49\u7ebf;\">12000*2600*800mm<\/span><\/span><\/td>\n<\/tr>\n<\/tbody>\n<\/table>\n<\/div>\n<p>&nbsp;<\/p>\n<p>&nbsp;<\/p>\n<p>&nbsp;<\/p>\n<p>&nbsp;<\/p>\n<p>&nbsp;<\/p>\n<h2>Plus de demandes de devis sur la machine \u00e0 empiler les biscuits<\/h2>\n<p><strong>Q\u00a0: La machine \u00e0 empiler est-elle n\u00e9cessaire pour la ligne de biscuits\u00a0?<\/strong><\/p>\n<ul>\n<li><strong>UN:<\/strong> C\u2019est optionnel. Si vous avez un espace limit\u00e9, vous pouvez la d\u00e9placer et vous aurez besoin de 2 personnes suppl\u00e9mentaires pour l'empilement manuel avant l'emballage.<\/li>\n<\/ul>\n<p><strong>Q : La machine peut-elle empiler diff\u00e9rents types de biscuits ?<\/strong><\/p>\n<ul>\n<li><strong>UN:<\/strong> Oui, c&#039;est possible. Le canal d&#039;empilage peut \u00eatre ajust\u00e9 pour diff\u00e9rents types de biscuits.<\/li>\n<\/ul>\n<p><strong>Q : Combien d&#039;ouvriers sont n\u00e9cessaires pour cette machine ?<\/strong><\/p>\n<ul>\n<li><strong>UN:<\/strong> Aucun, car il est enti\u00e8rement automatique.<\/li>\n<\/ul>\n<p><strong>Q\u00a0: La machine peut-elle empiler des biscuits durs et mous\u00a0?<\/strong><\/p>\n<ul>\n<li><strong>UN:<\/strong> Oui, il peut g\u00e9rer les deux types.<\/li>\n<\/ul>\n<p><strong>Q : Puis-je acheter la machine d'empilement si mon <a href=\"https:\/\/www.jymachinetech.com\/fr\/essential-guide-to-the-biscuit-production-line-for-efficient-baking\/\" title=\"Guide essentiel de la ligne de production de biscuits pour une cuisson efficace\"  data-wpil-monitor-id=\"106\" target=\"_blank\">cha\u00eene de production de biscuits<\/a> n'est pas de votre entreprise ?<\/strong><\/p>\n<ul>\n<li><strong>UN:<\/strong> Oui, c&#039;est possible. Il nous suffit de conna\u00eetre la largeur du convoyeur de refroidissement pour vous recommander la machine adapt\u00e9e.<\/li>\n<\/ul>\n<p><strong>Q : Si je commande maintenant, combien de temps faudra-t-il pour recevoir la machine ?<\/strong><\/p>\n<ul>\n<li><strong>UN:<\/strong> Pour la plus petite machine, il faut compter entre 15 et 30 jours. Pour conna\u00eetre les d\u00e9lais exacts, veuillez nous contacter avant de passer commande.<\/li>\n<\/ul>\n<p>&nbsp;<\/p>\n<p>&nbsp;<\/p>\n<p><img decoding=\"async\" class=\"alignnone size-full wp-image-1080\" title=\"empileuse de biscuits | machine \u00e0 biscuits\" src=\"https:\/\/www.jymachinetech.com\/wp-content\/uploads\/2021\/12\/Small-biscuit-machine-line-8.png\" alt=\"empileuse de biscuits | machine \u00e0 biscuits\" width=\"1992\" height=\"326\" srcset=\"https:\/\/www.jymachinetech.com\/wp-content\/uploads\/2021\/12\/Small-biscuit-machine-line-8.png 1992w, https:\/\/www.jymachinetech.com\/wp-content\/uploads\/2021\/12\/Small-biscuit-machine-line-8-18x3.png 18w, https:\/\/www.jymachinetech.com\/wp-content\/uploads\/2021\/12\/Small-biscuit-machine-line-8-600x98.png 600w\" sizes=\"(max-width: 1992px) 100vw, 1992px\" \/><\/p>\n<h2>Pourquoi acheter des machines chez nous - Fabricant<\/h2>\n<h3><strong>V\u00e9ritable usine, pas une soci\u00e9t\u00e9 commerciale<\/strong><\/h3>\n<ul>\n<li><strong>Invitation \u00e0 une visite d&#039;usine<\/strong>:Nous vous invitons \u00e0 visiter notre usine et \u00e0 d\u00e9couvrir notre processus de fabrication. D\u00e9couvrez nos installations ultramodernes et rencontrez l&#039;\u00e9quipe d\u00e9vou\u00e9e qui se cache derri\u00e8re nos machines de haute qualit\u00e9. D\u00e9couvrez la transparence et l&#039;int\u00e9grit\u00e9 qui accompagnent le fait de traiter directement avec un fabricant.<\/li>\n<\/ul>\n<h3><strong>Expertise professionnelle<\/strong><\/h3>\n<ul>\n<li><strong>Des d\u00e9cennies d&#039;exp\u00e9rience<\/strong>:Avec plus de 40 ans d&#039;exp\u00e9rience dans la fabrication de machines, notre usine t\u00e9moigne de l&#039;excellence et de l&#039;innovation dans l&#039;industrie.<\/li>\n<li><strong>\u00c9quipe de conception qualifi\u00e9e<\/strong>:Notre \u00e9quipe comprend 12 concepteurs de dessins hautement qualifi\u00e9s qui garantissent que chaque machine est m\u00e9ticuleusement planifi\u00e9e et adapt\u00e9e pour r\u00e9pondre \u00e0 des exigences sp\u00e9cifiques.<\/li>\n<li><strong>Ing\u00e9nieurs experts<\/strong>:Nous disposons d&#039;un effectif de 20 ing\u00e9nieurs professionnels, pr\u00eats \u00e0 fournir un support technique et une assistance \u00e0 tout moment et en tout lieu. Leur expertise vous garantit non seulement une machine, mais aussi une solution compl\u00e8te.<\/li>\n<\/ul>\n<h3><strong>Fiabilit\u00e9<\/strong><\/h3>\n<ul>\n<li><strong>Main d&#039;oeuvre solide<\/strong>:Notre usine moderne emploie plus de 200 travailleurs qualifi\u00e9s qui s&#039;engagent \u00e0 produire des machines de la plus haute qualit\u00e9.<\/li>\n<li><strong>Contr\u00f4le de qualit\u00e9 strict<\/strong>:Nous maintenons un syst\u00e8me de contr\u00f4le qualit\u00e9 rigoureux pour garantir que chaque machine r\u00e9ponde \u00e0 nos normes rigoureuses. Notre engagement envers la qualit\u00e9 est in\u00e9branlable, garantissant la fiabilit\u00e9 et les performances de chaque produit.<\/li>\n<li><strong>Fabrication avanc\u00e9e<\/strong>:En utilisant des centres d&#039;usinage CNC de pointe conformes aux normes allemandes, nous obtenons pr\u00e9cision et coh\u00e9rence dans chaque d\u00e9tail de chaque machine. Cette technologie nous permet de g\u00e9rer des processus complexes avec pr\u00e9cision, ce qui se traduit par des produits de qualit\u00e9 sup\u00e9rieure.<\/li>\n<li><strong>Solutions personnalis\u00e9es<\/strong>:Notre \u00e9quipe d&#039;ing\u00e9nieurs professionnels travaille en \u00e9troite collaboration avec vous pour \u00e9laborer le meilleur plan en fonction de vos besoins sp\u00e9cifiques. Que vous ayez besoin d&#039;une configuration personnalis\u00e9e ou d&#039;une conception de machine unique, nous vous proposons des solutions sur mesure.<\/li>\n<\/ul>\n<h3><strong>Machines de haute qualit\u00e9<\/strong><\/h3>\n<ul>\n<li><strong>Usine aux normes GMP<\/strong>:Toutes nos machines sont fabriqu\u00e9es dans une usine conforme aux normes GMP, garantissant ainsi qu&#039;elles r\u00e9pondent \u00e0 des normes strictes de qualit\u00e9 et de s\u00e9curit\u00e9.<\/li>\n<li><strong>Fabrication de pr\u00e9cision<\/strong>:Nous exploitons des centres CNC qui garantissent la pr\u00e9cision et l&#039;exactitude de nos machines. Cette technologie nous permet de produire des composants qui s&#039;adaptent parfaitement et fonctionnent sans probl\u00e8me.<\/li>\n<li><strong>Mat\u00e9riaux de qualit\u00e9 sup\u00e9rieure<\/strong>:Nos machines sont construites en acier inoxydable SUS304, connu pour sa durabilit\u00e9 et sa r\u00e9sistance \u00e0 la corrosion. Le rev\u00eatement de surface sabl\u00e9 ajoute une couche de protection suppl\u00e9mentaire et am\u00e9liore l&#039;attrait esth\u00e9tique.<\/li>\n<\/ul>\n<h3><strong>Services complets<\/strong><\/h3>\n<ul>\n<li><strong>Conception de l&#039;am\u00e9nagement d&#039;une usine<\/strong>:Nous offrons une assistance experte dans la conception de l&#039;am\u00e9nagement optimal pour votre usine, maximisant l&#039;efficacit\u00e9 et le flux de travail.<\/li>\n<li><strong>Conception 3D et planification de projet<\/strong>:Nos services de conception 3D fournissent une visualisation d\u00e9taill\u00e9e de votre projet, garantissant que chaque aspect est m\u00e9ticuleusement planifi\u00e9 avant la mise en \u0153uvre.<\/li>\n<li><strong>Conception de forme personnalis\u00e9e<\/strong>:Nous comprenons que chaque produit est unique et nous proposons des services de conception de formes personnalis\u00e9es pour r\u00e9pondre \u00e0 vos besoins sp\u00e9cifiques. Nos concepteurs travaillent en \u00e9troite collaboration avec vous pour cr\u00e9er les moules et les formes parfaites pour vos produits.<\/li>\n<li><strong>D\u00e9veloppement de formules de produits<\/strong>:Notre expertise s&#039;\u00e9tend au-del\u00e0 des machines et inclut le d\u00e9veloppement de formules de produits. Nous vous aidons \u00e0 cr\u00e9er et \u00e0 affiner des formules pour garantir que vos produits r\u00e9pondent aux normes de qualit\u00e9 et de go\u00fbt les plus \u00e9lev\u00e9es.<\/li>\n<\/ul>\n<h3><strong>Pourquoi nous choisir?<\/strong><\/h3>\n<ul>\n<li><strong>\u00c9quipe de service \u00e0 l&#039;\u00e9tranger<\/strong>:Nous disposons d&#039;une \u00e9quipe de service d\u00e9di\u00e9e pr\u00eate \u00e0 vous aider dans le monde entier, garantissant que vous recevez une assistance o\u00f9 que vous soyez.<\/li>\n<li><strong>Service local en Am\u00e9rique du Nord<\/strong>:Notre service local en Am\u00e9rique du Nord assure un support rapide et efficace, minimisant les temps d&#039;arr\u00eat et maximisant la productivit\u00e9.<\/li>\n<li><strong>Entretien annuel des machines<\/strong>:Nous fournissons des services de maintenance annuels pour que vos machines fonctionnent correctement et efficacement.<\/li>\n<li><strong>Centre de pi\u00e8ces d\u00e9tach\u00e9es 24h\/24 et 7j\/7<\/strong>:Notre centre de pi\u00e8ces d\u00e9tach\u00e9es fonctionne 24 heures sur 24, garantissant que vous avez acc\u00e8s aux composants essentiels chaque fois que vous en avez besoin.<\/li>\n<li><strong>Conception d&#039;am\u00e9nagement d&#039;usine gratuite<\/strong>:Nous offrons des services gratuits de conception d&#039;am\u00e9nagement d&#039;usine pour vous aider \u00e0 optimiser votre espace de production.<\/li>\n<li><strong>\u00c9chantillon de forme personnalis\u00e9 gratuit<\/strong>:Nous fournissons des \u00e9chantillons gratuits de formes personnalis\u00e9es, vous permettant de voir et de tester nos conceptions avant la production \u00e0 grande \u00e9chelle.<\/li>\n<li><strong>Affichage 3D du sch\u00e9ma d&#039;\u00e9quipement<\/strong>:Nos services d&#039;affichage 3D vous offrent une vue claire et d\u00e9taill\u00e9e de la configuration de votre \u00e9quipement, facilitant ainsi la planification et la prise de d\u00e9cision.<\/li>\n<li><strong>Visites de production en usine pour les clients<\/strong>:Nous proposons des visites des usines de nos clients pour pr\u00e9senter les applications r\u00e9elles de nos machines et d\u00e9montrer leur fiabilit\u00e9 et leurs performances.<\/li>\n<\/ul>\n<h3><strong>Obtenez un devis maintenant !<\/strong><\/h3>\n<ul>\n<li>D\u00e9couvrez la diff\u00e9rence avec nos machines fiables de haute qualit\u00e9 et notre support professionnel. Contactez-nous d\u00e8s aujourd'hui pour obtenir un devis et commencer votre parcours vers <a href=\"https:\/\/www.jymachinetech.com\/fr\/the-best-cake-production-line-enhancing-efficiency-and-quality\/\" title=\"La meilleure ligne de production de g\u00e2teaux : Am\u00e9liorer l&#039;efficacit\u00e9 et la qualit\u00e9\"  data-wpil-monitor-id=\"72\" target=\"_blank\">une efficacit\u00e9 et une qualit\u00e9 de production am\u00e9lior\u00e9es<\/a>.<\/li>\n<\/ul>","protected":false},"excerpt":{"rendered":"<p>Collecte des biscuits \u00e0 transf\u00e9rer du convoyeur de refroidissement pour les empiler pour un emballage facile.<\/p>","protected":false},"featured_media":1143,"comment_status":"open","ping_status":"closed","template":"","meta":[],"product_brand":[],"product_cat":[15,95],"product_tag":[],"class_list":{"0":"post-1141","1":"product","2":"type-product","3":"status-publish","4":"has-post-thumbnail","6":"product_cat-bakery-equipment","7":"product_cat-biscuit-machine","9":"first","10":"instock","11":"shipping-taxable","12":"product-type-simple"},"_links":{"self":[{"href":"https:\/\/www.jymachinetech.com\/fr\/wp-json\/wp\/v2\/product\/1141","targetHints":{"allow":["GET"]}}],"collection":[{"href":"https:\/\/www.jymachinetech.com\/fr\/wp-json\/wp\/v2\/product"}],"about":[{"href":"https:\/\/www.jymachinetech.com\/fr\/wp-json\/wp\/v2\/types\/product"}],"replies":[{"embeddable":true,"href":"https:\/\/www.jymachinetech.com\/fr\/wp-json\/wp\/v2\/comments?post=1141"}],"version-history":[{"count":4,"href":"https:\/\/www.jymachinetech.com\/fr\/wp-json\/wp\/v2\/product\/1141\/revisions"}],"predecessor-version":[{"id":7320,"href":"https:\/\/www.jymachinetech.com\/fr\/wp-json\/wp\/v2\/product\/1141\/revisions\/7320"}],"wp:featuredmedia":[{"embeddable":true,"href":"https:\/\/www.jymachinetech.com\/fr\/wp-json\/wp\/v2\/media\/1143"}],"wp:attachment":[{"href":"https:\/\/www.jymachinetech.com\/fr\/wp-json\/wp\/v2\/media?parent=1141"}],"wp:term":[{"taxonomy":"product_brand","embeddable":true,"href":"https:\/\/www.jymachinetech.com\/fr\/wp-json\/wp\/v2\/product_brand?post=1141"},{"taxonomy":"product_cat","embeddable":true,"href":"https:\/\/www.jymachinetech.com\/fr\/wp-json\/wp\/v2\/product_cat?post=1141"},{"taxonomy":"product_tag","embeddable":true,"href":"https:\/\/www.jymachinetech.com\/fr\/wp-json\/wp\/v2\/product_tag?post=1141"}],"curies":[{"name":"wp","href":"https:\/\/api.w.org\/{rel}","templated":true}]}}