{"id":7472,"date":"2025-07-28T11:28:00","date_gmt":"2025-07-28T11:28:00","guid":{"rendered":"https:\/\/www.jymachinetech.com\/?post_type=product&#038;p=7472"},"modified":"2025-07-28T11:32:21","modified_gmt":"2025-07-28T11:32:21","slug":"mini-gummy-depositor-lab-scale-big-results","status":"publish","type":"product","link":"https:\/\/www.jymachinetech.com\/es\/product\/mini-gummy-depositor-lab-scale-big-results\/","title":{"rendered":"Mini dep\u00f3sito de gominolas - A escala de laboratorio, grandes resultados"},"content":{"rendered":"<p>Con una dosificaci\u00f3n precisa, cambios r\u00e1pidos y controles f\u00e1ciles de usar, estas minidepositadoras de lotes peque\u00f1os son perfectas para la investigaci\u00f3n, el desarrollo de productos y la comercializaci\u00f3n de prueba de gominolas, gelatinas, caramelos duros, piruletas, productos monocolor, productos sanitarios como suplementos de gominola, etc. Su dise\u00f1o compacto optimiza el espacio, mientras que las superficies de contacto SUS316 y el bastidor SUS304 garantizan la higiene y la durabilidad. Ampl\u00ede f\u00e1cilmente su producci\u00f3n con resultados uniformes y un esfuerzo de configuraci\u00f3n m\u00ednimo. La mini depositadora de gominolas es ideal para peque\u00f1as empresas y nuevas empresas que buscan hacer crecer su negocio de confiter\u00eda, ya que admite una amplia gama de moldes y permite la personalizaci\u00f3n de moldes, incluidos diferentes dise\u00f1os de gominolas y dimensiones de moldes met\u00e1licos para adaptarse a las dimensiones y requisitos espec\u00edficos del producto. Entre los aspectos clave que hay que tener en cuenta al seleccionar una minidepositadora de lotes peque\u00f1os se incluyen la escala de producci\u00f3n, las dimensiones del producto, la personalizaci\u00f3n del molde y la facilidad de limpieza.<\/p>\n<p>Convierta la mezcla almibarada de gominolas en ositos, gusanos o sus propias formas personalizadas perfectamente dosificadas a velocidades de 3 000-24 000 piezas por hora, pero lo suficientemente compactas como para caber en una encimera. La m\u00e1quina puede acomodar otros rangos de peso para gominolas y <a title=\"La gu\u00eda definitiva sobre la fabricaci\u00f3n de caramelos: De los ingredientes al proceso\" href=\"https:\/\/www.jymachinetech.com\/es\/the-ultimate-guide-on-how-candy-is-made-from-ingredients-to-process\/\" data-wpil-monitor-id=\"172\" target=\"_blank\">caramelos<\/a>, apoyando diversos requisitos de los productos.<\/p>\n<table style=\"min-width: 125px;\">\n<colgroup>\n<col style=\"min-width: 25px;\" \/>\n<col style=\"min-width: 25px;\" \/>\n<col style=\"min-width: 25px;\" \/>\n<col style=\"min-width: 25px;\" \/>\n<col style=\"min-width: 25px;\" \/><\/colgroup>\n<tbody>\n<tr>\n<th colspan=\"1\" rowspan=\"1\"><strong>Modelo<\/strong><\/th>\n<th colspan=\"1\" rowspan=\"1\"><strong>20\/20s<\/strong><\/th>\n<th colspan=\"1\" rowspan=\"1\"><strong>30<\/strong><\/th>\n<th colspan=\"1\" rowspan=\"1\"><strong>40\/40s<\/strong><\/th>\n<th colspan=\"1\" rowspan=\"1\"><strong>50s<\/strong><\/th>\n<\/tr>\n<tr>\n<td colspan=\"1\" rowspan=\"1\"><strong>Velocidad<\/strong><\/td>\n<td colspan=\"1\" rowspan=\"1\">10-20pcs\/tiempo <strong>\uff08Por manual\uff09<\/strong><\/td>\n<td colspan=\"1\" rowspan=\"1\">10-20pcs\/tiempo <strong>\uff08Por manual\uff09<\/strong><\/td>\n<td colspan=\"1\" rowspan=\"1\">10-20pcs\/tiempo <strong>\uff08Por Cilindro\uff09<\/strong> 15-20 veces\/minuto<\/td>\n<td colspan=\"1\" rowspan=\"1\">20 piezas por vez <strong>\uff08Por Motor\uff09<\/strong> 15-20 veces\/minuto<\/td>\n<\/tr>\n<tr>\n<td colspan=\"1\" rowspan=\"1\"><strong>Tama\u00f1o de la tolva<\/strong><\/td>\n<td colspan=\"1\" rowspan=\"1\"><strong>25L<\/strong><\/td>\n<td colspan=\"1\" rowspan=\"1\"><strong>25L<\/strong><\/td>\n<td colspan=\"1\" rowspan=\"1\"><strong>30L<\/strong><\/td>\n<td colspan=\"1\" rowspan=\"1\"><strong>30L<\/strong><\/td>\n<\/tr>\n<tr>\n<td colspan=\"1\" rowspan=\"1\"><strong>Capacidad<\/strong><\/td>\n<td colspan=\"1\" rowspan=\"1\">3000-6000pcs\/h<\/td>\n<td colspan=\"1\" rowspan=\"1\">3000-6000pcs\/h<\/td>\n<td colspan=\"1\" rowspan=\"1\">5000-9000pcs\/h<\/td>\n<td colspan=\"1\" rowspan=\"1\">18000-24000pcs\/h<\/td>\n<\/tr>\n<tr>\n<td colspan=\"1\" rowspan=\"1\"><strong>Tipo de control<\/strong><\/td>\n<td colspan=\"1\" rowspan=\"1\">Panel de pie<\/td>\n<td colspan=\"1\" rowspan=\"1\">Haga clic en Panel<\/td>\n<td colspan=\"1\" rowspan=\"1\">Control de cilindros<\/td>\n<td colspan=\"1\" rowspan=\"1\">Mando el\u00e9ctrico<\/td>\n<\/tr>\n<tr>\n<td colspan=\"1\" rowspan=\"1\"><strong>Tipo de dep\u00f3sito<\/strong><\/td>\n<td colspan=\"1\" rowspan=\"1\">Cilindro\/Servo<\/td>\n<td colspan=\"1\" rowspan=\"1\">Servo<\/td>\n<td colspan=\"1\" rowspan=\"1\">Cilindro\/Servo<\/td>\n<td colspan=\"1\" rowspan=\"1\">Servo<\/td>\n<\/tr>\n<tr>\n<td colspan=\"1\" rowspan=\"1\"><strong>Precio<\/strong><\/td>\n<td colspan=\"1\" rowspan=\"1\">$8xxx<\/td>\n<td colspan=\"1\" rowspan=\"1\">$$10xxx<\/td>\n<td colspan=\"1\" rowspan=\"1\">$1xxxx<\/td>\n<td colspan=\"1\" rowspan=\"1\">$1xxxx<\/td>\n<\/tr>\n<\/tbody>\n<\/table>\n<p><em>Nota: La velocidad de dep\u00f3sito es un par\u00e1metro clave para evaluar la capacidad y la eficacia de la producci\u00f3n.<\/em><\/p>\n<p>C\u00f3mo elegir\uff1a20-30Modelo adecuado para laboratorio y R&amp;D desarrollar.<\/p>\n<p>40-50Modelo adecuado para peque\u00f1as y fabricaci\u00f3n m\u00e1s autom\u00e1tica y menos coste de mano de obra.<\/p>\n<p><strong>Modelo:20\/20Srevo Depositadora de caramelos de laboratorio<\/strong><\/p>\n<p>Capacidad: 3000-6000pcs\/h<\/p>\n<p>Boquillas:20pcs<\/p>\n<p>Tama\u00f1o de la tolva:25L<\/p>\n<p>Velocidad:10-20pcs\/time Por panel de pie<\/p>\n<p>Huella: 35\u201d x 35.5\u201d<\/p>\n<p>Mesa de operaciones plegable<\/p>\n<p>Operadores: Se necesitan 1-2 personas<br \/>\n<a href=\"https:\/\/www.jymachinetech.com\/wp-content\/uploads\/2025\/07\/Mini-Gummy-Depositor1.jpg\" target=\"_blank\"><img fetchpriority=\"high\" decoding=\"async\" class=\"alignnone size-full wp-image-7479\" src=\"https:\/\/www.jymachinetech.com\/wp-content\/uploads\/2025\/07\/Mini-Gummy-Depositor1.jpg\" alt=\"\" width=\"800\" height=\"800\" srcset=\"https:\/\/www.jymachinetech.com\/wp-content\/uploads\/2025\/07\/Mini-Gummy-Depositor1.jpg 800w, https:\/\/www.jymachinetech.com\/wp-content\/uploads\/2025\/07\/Mini-Gummy-Depositor1-12x12.jpg 12w, https:\/\/www.jymachinetech.com\/wp-content\/uploads\/2025\/07\/Mini-Gummy-Depositor1-300x300.jpg 300w, https:\/\/www.jymachinetech.com\/wp-content\/uploads\/2025\/07\/Mini-Gummy-Depositor1-600x600.jpg 600w, https:\/\/www.jymachinetech.com\/wp-content\/uploads\/2025\/07\/Mini-Gummy-Depositor1-100x100.jpg 100w\" sizes=\"(max-width: 800px) 100vw, 800px\" \/><\/a><\/p>\n<p><strong>Modelo: 30 Servo depositadora de caramelos<br \/>\n<a href=\"https:\/\/www.jymachinetech.com\/wp-content\/uploads\/2025\/07\/Mini-Gummy-Depositor2.jpg\" target=\"_blank\"><img decoding=\"async\" class=\"alignnone size-full wp-image-7480\" src=\"https:\/\/www.jymachinetech.com\/wp-content\/uploads\/2025\/07\/Mini-Gummy-Depositor2.jpg\" alt=\"\" width=\"800\" height=\"800\" srcset=\"https:\/\/www.jymachinetech.com\/wp-content\/uploads\/2025\/07\/Mini-Gummy-Depositor2.jpg 800w, https:\/\/www.jymachinetech.com\/wp-content\/uploads\/2025\/07\/Mini-Gummy-Depositor2-12x12.jpg 12w, https:\/\/www.jymachinetech.com\/wp-content\/uploads\/2025\/07\/Mini-Gummy-Depositor2-300x300.jpg 300w, https:\/\/www.jymachinetech.com\/wp-content\/uploads\/2025\/07\/Mini-Gummy-Depositor2-600x600.jpg 600w, https:\/\/www.jymachinetech.com\/wp-content\/uploads\/2025\/07\/Mini-Gummy-Depositor2-100x100.jpg 100w\" sizes=\"(max-width: 800px) 100vw, 800px\" \/><\/a><br \/>\n<\/strong><\/p>\n<p>Capacidad: 3000-6000pcs\/h<\/p>\n<p>Boquillas:20pcs<\/p>\n<p>Tama\u00f1o de la tolva:25L<\/p>\n<p>Velocidad:10-20pcs\/time Por panel de pie<\/p>\n<p>Huella: 45\u201d x 35.5\u201d<\/p>\n<p>Funci\u00f3n de desmoldeo con placa de desmoldeo intercambiable y pasador de expulsi\u00f3n, que permite una r\u00e1pida liberaci\u00f3n de gominolas y caramelos.<\/p>\n<p>Operadores: Se necesitan 1-2 personas<\/p>\n<p><strong>Modelo:40\/40 Srevo <a title=\"Peque\u00f1a cadena de producci\u00f3n autom\u00e1tica de m\u00e1quinas depositadoras de dulces a la venta\" href=\"https:\/\/www.jymachinetech.com\/es\/product\/small-automatic-candy-depositing-machine\/\" data-wpil-monitor-id=\"170\" target=\"_blank\">m\u00e1quina depositadora de caramelos<\/a><\/strong><\/p>\n<p>Capacidad: 5000-9000pcs\/h<\/p>\n<p>Boquillas:20pcs<\/p>\n<p>Tama\u00f1o de la tolva:30L<\/p>\n<p>Velocidad:10-20pcs\/time Por cilindro y sensor fotoel\u00e9ctrico depositando<\/p>\n<p>Huella: 105\u201d x 46\u201d<\/p>\n<p>El cilindro de aire accionado neum\u00e1ticamente se utiliza para manipular los moldes con eficacia y agilizar el proceso de desmoldeo.<\/p>\n<p>Operadores: Se necesitan 1-2 personas<\/p>\n<p><a href=\"https:\/\/www.jymachinetech.com\/wp-content\/uploads\/2025\/07\/Mini-Gummy-Depositor3.jpg\" target=\"_blank\"><img decoding=\"async\" class=\"alignnone size-full wp-image-7481\" src=\"https:\/\/www.jymachinetech.com\/wp-content\/uploads\/2025\/07\/Mini-Gummy-Depositor3.jpg\" alt=\"\" width=\"800\" height=\"800\" srcset=\"https:\/\/www.jymachinetech.com\/wp-content\/uploads\/2025\/07\/Mini-Gummy-Depositor3.jpg 800w, https:\/\/www.jymachinetech.com\/wp-content\/uploads\/2025\/07\/Mini-Gummy-Depositor3-12x12.jpg 12w, https:\/\/www.jymachinetech.com\/wp-content\/uploads\/2025\/07\/Mini-Gummy-Depositor3-300x300.jpg 300w, https:\/\/www.jymachinetech.com\/wp-content\/uploads\/2025\/07\/Mini-Gummy-Depositor3-600x600.jpg 600w, https:\/\/www.jymachinetech.com\/wp-content\/uploads\/2025\/07\/Mini-Gummy-Depositor3-100x100.jpg 100w\" sizes=\"(max-width: 800px) 100vw, 800px\" \/><\/a><\/p>\n<p><strong>Modelo: 50Smei-autoamtic candy depositing machine<\/strong><\/p>\n<p><a href=\"https:\/\/www.jymachinetech.com\/wp-content\/uploads\/2025\/07\/Mini-Gummy-Depositor4.jpg\" target=\"_blank\"><img loading=\"lazy\" decoding=\"async\" class=\"alignnone size-full wp-image-7482\" src=\"https:\/\/www.jymachinetech.com\/wp-content\/uploads\/2025\/07\/Mini-Gummy-Depositor4.jpg\" alt=\"\" width=\"800\" height=\"800\" srcset=\"https:\/\/www.jymachinetech.com\/wp-content\/uploads\/2025\/07\/Mini-Gummy-Depositor4.jpg 800w, https:\/\/www.jymachinetech.com\/wp-content\/uploads\/2025\/07\/Mini-Gummy-Depositor4-12x12.jpg 12w, https:\/\/www.jymachinetech.com\/wp-content\/uploads\/2025\/07\/Mini-Gummy-Depositor4-300x300.jpg 300w, https:\/\/www.jymachinetech.com\/wp-content\/uploads\/2025\/07\/Mini-Gummy-Depositor4-600x600.jpg 600w, https:\/\/www.jymachinetech.com\/wp-content\/uploads\/2025\/07\/Mini-Gummy-Depositor4-100x100.jpg 100w\" sizes=\"(max-width: 800px) 100vw, 800px\" \/><\/a><\/p>\n<p>Capacidad: 18000-24000pcs\/h<\/p>\n<p>Boquillas: 20 unidades<\/p>\n<p>Tama\u00f1o de la tolva: 30L<\/p>\n<p>Velocidad:10-20pcs\/vez moldes fijados en cadena y sensor fotoel\u00e9ctrico depositando<\/p>\n<p>Huella: 135\u201d x 46\u201d<\/p>\n<p>El cilindro de aire accionado neum\u00e1ticamente se utiliza para manipular los moldes con eficacia y agilizar el proceso de desmoldeo.<\/p>\n<p>Operadores: Se necesitan 1-2 personas<\/p>\n<h3>Introducci\u00f3n a la producci\u00f3n de gominolas<\/h3>\n<p>La producci\u00f3n de gominolas es un proceso especializado dentro de la industria confitera, que abarca una amplia gama de <a title=\"\u00bfCu\u00e1l es el papel de la gelatina en el proceso de producci\u00f3n de ositos de goma?\" href=\"https:\/\/www.jymachinetech.com\/es\/how-is-biscuit-made-in-factories-7\/\" data-wpil-monitor-id=\"174\" target=\"_blank\">productos como ositos de gominola<\/a>, y suplementos innovadores de gominola. Conseguir que cada pieza tenga una forma, tama\u00f1o y peso uniformes es crucial tanto para el atractivo del producto como para el cumplimiento de la normativa. Para las empresas que operan en entornos de producci\u00f3n de baja producci\u00f3n o las que acaban de empezar, la precisi\u00f3n y la eficacia son fundamentales. Aqu\u00ed es donde una <a title=\"Mini Depositante de Caramelos: 10-24 kg\/hora 12 kg\/hora 2-8 g\" href=\"https:\/\/www.jymachinetech.com\/es\/product\/mini-candy-depositor\/\" data-wpil-monitor-id=\"171\" target=\"_blank\">mini dep\u00f3sito de caramelos<\/a> resulta inestimable. Dise\u00f1adas espec\u00edficamente para la producci\u00f3n de gominolas, estas m\u00e1quinas ofrecen una alta eficiencia de producci\u00f3n y son capaces de producir hasta 18.000 piezas por hora, incluso en lotes peque\u00f1os. Su adaptabilidad las hace adecuadas para una gran variedad de productos de confiter\u00eda, permitiendo a las empresas producir caramelos y gominolas con la precisi\u00f3n y consistencia necesarias para triunfar en el competitivo mercado actual.<\/p>\n<h3>El Mini Depositador de Goma: Precisi\u00f3n a peque\u00f1a escala<\/h3>\n<p>La minidepositadora de gominolas destaca por ser una soluci\u00f3n compacta y semiautom\u00e1tica para la producci\u00f3n precisa de gominolas, chocolates y otros productos de confiter\u00eda. Equipada con una interfaz de pantalla t\u00e1ctil f\u00e1cil de usar, los operarios pueden personalizar y almacenar f\u00e1cilmente hasta 65 recetas, lo que garantiza la flexibilidad para diferentes requisitos de producto. Tanto si produce gominolas de gelatina o pectina, caramelos o chocolate, las 10 boquillas de la m\u00e1quina garantizan una dosificaci\u00f3n uniforme y homog\u00e9nea. Los ajustes dobles de control de temperatura optimizan a\u00fan m\u00e1s el proceso, adapt\u00e1ndose a las necesidades espec\u00edficas de cada lote. Para las peque\u00f1as empresas que desean maximizar el rendimiento y mantener la calidad en su l\u00ednea de producci\u00f3n, la minidepositadora de gominolas es un equipo esencial que combina control, eficacia y versatilidad.<\/p>\n<h3>Principales caracter\u00edsticas y ventajas<\/h3>\n<p>La minidepositadora de caramelos est\u00e1 dise\u00f1ada para ofrecer eficiencia y adaptabilidad, lo que la convierte en una inversi\u00f3n inteligente para empresas con diversas necesidades de producci\u00f3n. Su tama\u00f1o compacto y su funcionamiento semiautom\u00e1tico agilizan el proceso de producci\u00f3n, reduciendo la mano de obra necesaria y minimizando el tiempo de preparaci\u00f3n. El preciso sistema de dosificaci\u00f3n garantiza un llenado homog\u00e9neo, lo que se traduce en una calidad uniforme del producto y unos \u00edndices de desechos insignificantes. La versatilidad es otra ventaja decisiva: la depositadora admite varios tipos de bandejas y tama\u00f1os de granulado, de 1 a 7 gramos, y la segunda tolva opcional (30 l de capacidad) permite la producci\u00f3n de productos con relleno central o gominolas multicolor. Esta flexibilidad permite cambiar r\u00e1pidamente de producto, lo que ayuda a las empresas a satisfacer las cambiantes demandas del mercado, manteniendo al mismo tiempo una alta eficiencia de producci\u00f3n.<\/p>\n<h3>Producci\u00f3n de caramelos duros: Ampliaci\u00f3n de posibilidades<\/h3>\n<p>M\u00e1s all\u00e1 de la producci\u00f3n de gominolas, la minidepositadora de caramelos abre nuevas oportunidades para la creaci\u00f3n de caramelos duros, como piruletas y toffees. Su avanzado sistema de dosificaci\u00f3n y sus precisos controles de temperatura garantizan una dosificaci\u00f3n exacta de los ingredientes activos y un llenado uniforme, lo que resulta esencial tanto para la calidad como para el cumplimiento de las normativas. El uso de moldes de dimensiones met\u00e1licas y moldes de aluminio recubiertos de tefl\u00f3n permite un desmoldeo r\u00e1pido y una manipulaci\u00f3n sencilla, agilizando el proceso de desmoldeo. Capaz de producir hasta 5.000 caramelos duros por hora, esta m\u00e1quina es ideal para la producci\u00f3n de lotes peque\u00f1os, lo que permite a las empresas diversificar su oferta de productos con una inversi\u00f3n adicional m\u00ednima. Tanto si desea producir las cl\u00e1sicas piruletas como innovadoras golosinas de caramelo, la minidepositadora de caramelos ofrece el control y la eficacia necesarios para el \u00e9xito.<\/p>\n<h3>Integraci\u00f3n con la l\u00ednea de producci\u00f3n<\/h3>\n<p>Integraci\u00f3n del mini <a title=\"L\u00ednea de producci\u00f3n de malvaviscos | M\u00e1quina y equipo de producci\u00f3n de malvaviscos\" href=\"https:\/\/www.jymachinetech.com\/es\/product\/marshmallow-processing-line\/\" data-wpil-monitor-id=\"173\" target=\"_blank\">depositante de caramelos en su l\u00ednea de producci\u00f3n existente<\/a> es sencillo, gracias a su dise\u00f1o compacto y sus funciones flexibles. El sistema de transporte por cinta y el sistema de carros de refrigeraci\u00f3n se integran a la perfecci\u00f3n, garantizando un flujo de trabajo fluido y eficaz desde el dep\u00f3sito hasta la refrigeraci\u00f3n. Los avanzados controles PLC y la intuitiva pantalla HMI proporcionan a los operarios un control constante y una dosificaci\u00f3n precisa de los ingredientes activos, lo que garantiza una calidad constante del producto en todos los lotes. La capacidad de la m\u00e1quina para manipular varios tipos de bandejas y adaptarse a las distintas necesidades de producci\u00f3n la convierte en un valioso activo para las empresas centradas en mejorar la eficacia de la producci\u00f3n y minimizar el tiempo de preparaci\u00f3n. Con estas capacidades, la minidepositadora de caramelos ayuda a agilizar las operaciones y favorece el crecimiento escalable en la fabricaci\u00f3n de productos de confiter\u00eda.<\/p>","protected":false},"excerpt":{"rendered":"<p>Con una dosificaci\u00f3n precisa, cambios r\u00e1pidos y controles f\u00e1ciles de usar, estas minidepositadoras de lotes peque\u00f1os son perfectas para la investigaci\u00f3n, el desarrollo de productos y la comercializaci\u00f3n de prueba de gominolas, gelatinas, caramelos duros, piruletas, productos monocolor, productos sanitarios como suplementos de gominola, etc. Su dise\u00f1o compacto optimiza el espacio, mientras que las superficies de contacto SUS316 y el bastidor SUS304 garantizan la higiene y la durabilidad. Ampl\u00ede f\u00e1cilmente su producci\u00f3n con resultados uniformes y un esfuerzo de configuraci\u00f3n m\u00ednimo. La mini depositadora de gominolas es ideal para peque\u00f1as empresas y nuevas empresas que buscan hacer crecer su negocio de confiter\u00eda, ya que admite una amplia gama de moldes y permite la personalizaci\u00f3n de moldes, incluidos diferentes dise\u00f1os de gominolas y dimensiones de moldes met\u00e1licos para adaptarse a las dimensiones y requisitos espec\u00edficos del producto. Entre los aspectos clave que hay que tener en cuenta al seleccionar una minidepositadora de lotes peque\u00f1os se incluyen la escala de producci\u00f3n, las dimensiones del producto, la personalizaci\u00f3n del molde y la facilidad de limpieza.<\/p>","protected":false},"featured_media":7481,"comment_status":"closed","ping_status":"closed","template":"","meta":[],"product_brand":[],"product_cat":[16],"product_tag":[201],"class_list":{"0":"post-7472","1":"product","2":"type-product","3":"status-publish","4":"has-post-thumbnail","6":"product_cat-candy-machine","7":"product_tag-mini-gummy-depositor","9":"first","10":"instock","11":"shipping-taxable","12":"product-type-simple"},"_links":{"self":[{"href":"https:\/\/www.jymachinetech.com\/es\/wp-json\/wp\/v2\/product\/7472","targetHints":{"allow":["GET"]}}],"collection":[{"href":"https:\/\/www.jymachinetech.com\/es\/wp-json\/wp\/v2\/product"}],"about":[{"href":"https:\/\/www.jymachinetech.com\/es\/wp-json\/wp\/v2\/types\/product"}],"replies":[{"embeddable":true,"href":"https:\/\/www.jymachinetech.com\/es\/wp-json\/wp\/v2\/comments?post=7472"}],"version-history":[{"count":6,"href":"https:\/\/www.jymachinetech.com\/es\/wp-json\/wp\/v2\/product\/7472\/revisions"}],"predecessor-version":[{"id":7486,"href":"https:\/\/www.jymachinetech.com\/es\/wp-json\/wp\/v2\/product\/7472\/revisions\/7486"}],"wp:featuredmedia":[{"embeddable":true,"href":"https:\/\/www.jymachinetech.com\/es\/wp-json\/wp\/v2\/media\/7481"}],"wp:attachment":[{"href":"https:\/\/www.jymachinetech.com\/es\/wp-json\/wp\/v2\/media?parent=7472"}],"wp:term":[{"taxonomy":"product_brand","embeddable":true,"href":"https:\/\/www.jymachinetech.com\/es\/wp-json\/wp\/v2\/product_brand?post=7472"},{"taxonomy":"product_cat","embeddable":true,"href":"https:\/\/www.jymachinetech.com\/es\/wp-json\/wp\/v2\/product_cat?post=7472"},{"taxonomy":"product_tag","embeddable":true,"href":"https:\/\/www.jymachinetech.com\/es\/wp-json\/wp\/v2\/product_tag?post=7472"}],"curies":[{"name":"wp","href":"https:\/\/api.w.org\/{rel}","templated":true}]}}