{"id":7457,"date":"2025-07-28T05:54:45","date_gmt":"2025-07-28T05:54:45","guid":{"rendered":"https:\/\/www.jymachinetech.com\/?post_type=product&#038;p=7457"},"modified":"2025-07-28T05:55:21","modified_gmt":"2025-07-28T05:55:21","slug":"semi-automatic-starch-mogul-line-80-800kg-h-capacity-industry-leading-advantages","status":"publish","type":"product","link":"https:\/\/www.jymachinetech.com\/es\/product\/semi-automatic-starch-mogul-line-80-800kg-h-capacity-industry-leading-advantages\/","title":{"rendered":"L\u00ednea semiautom\u00e1tica de almid\u00f3n mogul | Capacidad de 80-800kg\/h | Ventajas l\u00edderes en la industria"},"content":{"rendered":"<h2 data-pm-slice=\"1 1 []\"><strong>L\u00ednea semiautom\u00e1tica de almid\u00f3n mogul | Capacidad de 80-800kg\/h | Ventajas l\u00edderes en la industria<br \/>\n<a href=\"https:\/\/www.jymachinetech.com\/wp-content\/uploads\/2025\/07\/Starch-Mogul-Line1.jpg\" target=\"_blank\"><img fetchpriority=\"high\" decoding=\"async\" class=\"alignnone size-full wp-image-7461\" src=\"https:\/\/www.jymachinetech.com\/wp-content\/uploads\/2025\/07\/Starch-Mogul-Line1.jpg\" alt=\"\" width=\"1427\" height=\"469\" srcset=\"https:\/\/www.jymachinetech.com\/wp-content\/uploads\/2025\/07\/Starch-Mogul-Line1.jpg 1427w, https:\/\/www.jymachinetech.com\/wp-content\/uploads\/2025\/07\/Starch-Mogul-Line1-18x6.jpg 18w, https:\/\/www.jymachinetech.com\/wp-content\/uploads\/2025\/07\/Starch-Mogul-Line1-600x197.jpg 600w\" sizes=\"(max-width: 1427px) 100vw, 1427px\" \/><\/a><br \/>\n<\/strong><\/h2>\n<p>Una soluci\u00f3n compacta pero potente para la producci\u00f3n a peque\u00f1a y mediana escala de caramelos de goma y gelatina a base de almid\u00f3n. Mantiene el proceso cl\u00e1sico de moldeado de almid\u00f3n al tiempo que a\u00f1ade automatizaci\u00f3n parcial para reducir la mano de obra y el espacio, y ofrecer productos uniformes y de alta calidad. El sistema est\u00e1 dise\u00f1ado para producir distintos tipos de caramelos, como caramelos de az\u00facar, caramelos de gelatina, productos saludables y caramelos a base de gelatina. Admite el uso de varios agentes gelificantes, como carragenina, agar y goma ar\u00e1biga, lo que lo hace adecuado para opciones vegetarianas y orientadas a la salud. La versatilidad de las l\u00edneas de mogul de almid\u00f3n permite elaborar una amplia gama de recetas y productos espec\u00edficos para cada mercado.<\/p>\n<p><strong>Disposici\u00f3n del n\u00facleo<\/strong><\/p>\n<p>\u2460 Unidad de cocci\u00f3n: hervidor el\u00e9ctrico o con camisa de vapor que disuelve az\u00facar\/glucosa\/agua; el PLC mantiene una precisi\u00f3n de \u00b11 \u00b0C. El sistema de cocina incluye pesaje autom\u00e1tico para los ingredientes, asegurando consistencia y eficiencia. El sistema de cocina se encarga de preparar y mezclar todas las materias primas, incluido el jarabe y otros ingredientes, y el proceso se controla con precisi\u00f3n para garantizar la calidad.<\/p>\n<p>\u2461 Mogul semiautom\u00e1tico - transportador de bandejas servoaccionado (freno de baja velocidad + marcha de alta velocidad) deposita 18-22 ciclos\/min; posibilidad de formas de uno o dos colores, con relleno central o en capas.<\/p>\n<p>\u2462 Acondicionamiento y reciclaje del almid\u00f3n: el tamiz vibratorio integrado y el retorno de aire recuperan 85 % de almid\u00f3n para su reutilizaci\u00f3n inmediata, lo que reduce el coste de la materia prima.<\/p>\n<p>\u2463 Curado \/ Secado - las bandejas permanecen de 2 a 4 h en una sala de temperatura controlada; no se necesitan transportadores adicionales.<\/p>\n<p>\u2464 Desalmidonado y engrasado\u3001Engrasado de az\u00facar - estaci\u00f3n de descarga manual con campana de polvo y recubridor de az\u00facar\/aceite opcional.<\/p>\n<p>El equipo presenta un dise\u00f1o sin cepillos para mejorar la higiene y reducir el mantenimiento. Se utilizan materiales de alta calidad para garantizar la durabilidad y la seguridad alimentaria, as\u00ed como un funcionamiento estable y una receta segura para una calidad constante del producto.<\/p>\n<p><strong>Sistema de cocci\u00f3n autom\u00e1tico<\/strong><\/p>\n<p>\u00bfQuiere llevar la producci\u00f3n de caramelos al siguiente nivel? Nuestra\u00a0<strong>Sistema autom\u00e1tico de cocci\u00f3n de caramelos<\/strong>\u00a0se encarga del trabajo duro para que usted pueda centrarse en la innovaci\u00f3n.<\/p>\n<p>Dise\u00f1ado para un funcionamiento fluido y sin intervenci\u00f3n humana, es un cambio de juego para escalar la producci\u00f3n con una calidad sin concesiones. El sistema ofrece un alto potencial de ventas gracias a su gran capacidad y funcionamiento fiable.<br \/>\n<a href=\"https:\/\/www.jymachinetech.com\/wp-content\/uploads\/2025\/07\/Starch-Mogul-Line2.jpg\" target=\"_blank\"><img decoding=\"async\" class=\"alignnone size-full wp-image-7462\" src=\"https:\/\/www.jymachinetech.com\/wp-content\/uploads\/2025\/07\/Starch-Mogul-Line2.jpg\" alt=\"\" width=\"1033\" height=\"704\" srcset=\"https:\/\/www.jymachinetech.com\/wp-content\/uploads\/2025\/07\/Starch-Mogul-Line2.jpg 1033w, https:\/\/www.jymachinetech.com\/wp-content\/uploads\/2025\/07\/Starch-Mogul-Line2-18x12.jpg 18w, https:\/\/www.jymachinetech.com\/wp-content\/uploads\/2025\/07\/Starch-Mogul-Line2-600x409.jpg 600w\" sizes=\"(max-width: 1033px) 100vw, 1033px\" \/><\/a><\/p>\n<p><strong>Impresi\u00f3n de moldes y dep\u00f3sito de caramelos<\/strong><\/p>\n<p><strong>Moldes para caramelos -impresora de moldes<\/strong><\/p>\n<p>Depositadora Semi Candy: Flexibilidad en cada vertido<\/p>\n<p>Necesidad de un equilibrio de <a title=\"La mejor m\u00e1quina de caramelos de goma para una producci\u00f3n eficiente y un control de calidad\" href=\"https:\/\/www.jymachinetech.com\/es\/best-gummy-candy-machine-for-efficient-production-and-quality-control\/\" data-wpil-monitor-id=\"168\" target=\"_blank\">control y eficacia para su producci\u00f3n de caramelos<\/a>? Nuestra <strong>Depositante Semi Candy<\/strong> ofrece precisamente eso.<\/p>\n<p>Dise\u00f1ada para trabajar en un punto intermedio entre la automatizaci\u00f3n manual y la automatizaci\u00f3n completa, es ideal para lotes peque\u00f1os y medianos:<\/p>\n<p>\u00bfQuiere que sus caramelos destaquen con dise\u00f1os \u00fanicos? Nuestra\u00a0<strong>moldes de caramelo<\/strong>\u00a0y\u00a0<strong>impresora de moldes<\/strong>\u00a0est\u00e1n aqu\u00ed para convertir las ideas en arte comestible.<\/p>\n<p>Para las necesidades cl\u00e1sicas, nuestros moldes de caramelo listos para usar vienen en cientos de formas -desde juguetones animales hasta elegantes patrones geom\u00e9tricos- perfectos para golosinas consistentes y llamativas.<\/p>\n<p>\u00bfNecesita algo \u00fanico? Nuestra impresora de moldes le permite crear moldes personalizados en cuesti\u00f3n de horas. Sube tu dise\u00f1o e imprime moldes precisos y aptos para alimentos adaptados a tu marca, ya sea un logotipo, un tema de temporada o una forma caracter\u00edstica.<\/p>\n<p><a href=\"https:\/\/www.jymachinetech.com\/wp-content\/uploads\/2025\/07\/Starch-Mogul-Line3.png\" target=\"_blank\"><img decoding=\"async\" class=\"alignnone size-full wp-image-7463\" src=\"https:\/\/www.jymachinetech.com\/wp-content\/uploads\/2025\/07\/Starch-Mogul-Line3.png\" alt=\"\" width=\"1110\" height=\"600\" srcset=\"https:\/\/www.jymachinetech.com\/wp-content\/uploads\/2025\/07\/Starch-Mogul-Line3.png 1110w, https:\/\/www.jymachinetech.com\/wp-content\/uploads\/2025\/07\/Starch-Mogul-Line3-18x10.png 18w, https:\/\/www.jymachinetech.com\/wp-content\/uploads\/2025\/07\/Starch-Mogul-Line3-600x324.png 600w\" sizes=\"(max-width: 1110px) 100vw, 1110px\" \/><\/a><\/p>\n<p><strong>Ahorra tiempo<\/strong>: Reduce el trabajo manual sin la complejidad de la automatizaci\u00f3n completa, lo que acelera la producci\u00f3n.<\/p>\n<p><strong>Dise\u00f1o adaptable<\/strong>: Funciona para diferentes tipos de recetas de caramelos: se ajusta f\u00e1cilmente a las nuevas recetas a medida que crece su men\u00fa.<\/p>\n<p>Tanto si se trata de la expansi\u00f3n de una marca boutique como de la racionalizaci\u00f3n de una empresa mediana, crece con sus necesidades.<\/p>\n<p><strong>M\u00e1quina depositadora de caramelos de goma<br \/>\n<a href=\"https:\/\/www.jymachinetech.com\/wp-content\/uploads\/2025\/07\/Starch-Mogul-Line4.png\" target=\"_blank\"><img loading=\"lazy\" decoding=\"async\" class=\"alignnone size-full wp-image-7464\" src=\"https:\/\/www.jymachinetech.com\/wp-content\/uploads\/2025\/07\/Starch-Mogul-Line4.png\" alt=\"\" width=\"1068\" height=\"752\" srcset=\"https:\/\/www.jymachinetech.com\/wp-content\/uploads\/2025\/07\/Starch-Mogul-Line4.png 1068w, https:\/\/www.jymachinetech.com\/wp-content\/uploads\/2025\/07\/Starch-Mogul-Line4-18x12.png 18w, https:\/\/www.jymachinetech.com\/wp-content\/uploads\/2025\/07\/Starch-Mogul-Line4-600x422.png 600w\" sizes=\"(max-width: 1068px) 100vw, 1068px\" \/><\/a><br \/>\n<\/strong><\/p>\n<p>Tama\u00f1o de las bandejas\uff1a 400x400mm \/ 300x600mm \/ 400x600mm \/ 400x800mm \/ O personalizado<\/p>\n<table style=\"min-width: 100px;\">\n<colgroup>\n<col style=\"min-width: 25px;\" \/>\n<col style=\"min-width: 25px;\" \/>\n<col style=\"min-width: 25px;\" \/>\n<col style=\"min-width: 25px;\" \/><\/colgroup>\n<tbody>\n<tr>\n<th colspan=\"1\" rowspan=\"1\">Modelo semiautom\u00e1tico<\/th>\n<th colspan=\"1\" rowspan=\"1\">JYS-150<\/th>\n<th colspan=\"1\" rowspan=\"1\">JYJ-300<\/th>\n<th colspan=\"1\" rowspan=\"1\">JYJ-600<\/th>\n<\/tr>\n<tr>\n<td colspan=\"1\" rowspan=\"1\">Tama\u00f1o de la bandeja (cm)<\/td>\n<td colspan=\"1\" rowspan=\"1\">40&#215;40<\/td>\n<td colspan=\"1\" rowspan=\"1\">40&#215;60<\/td>\n<td colspan=\"1\" rowspan=\"1\">40&#215;80<\/td>\n<\/tr>\n<tr>\n<td colspan=\"1\" rowspan=\"1\">Cantidad de caramelos (por cig\u00fce\u00f1a) Depende del peso de los caramelos<\/td>\n<td colspan=\"1\" rowspan=\"1\">Alrededor de 64-180 piezas<\/td>\n<td colspan=\"1\" rowspan=\"1\">Alrededor de 200-300 piezas<\/td>\n<td colspan=\"1\" rowspan=\"1\">Acerca de 528-720pcs<\/td>\n<\/tr>\n<tr>\n<td colspan=\"1\" rowspan=\"1\">Velocidad de dep\u00f3sito (veces\/min)<\/td>\n<td colspan=\"1\" rowspan=\"1\">15-20<\/td>\n<td colspan=\"1\" rowspan=\"1\">15-20<\/td>\n<td colspan=\"1\" rowspan=\"1\">15-20<\/td>\n<\/tr>\n<\/tbody>\n<\/table>\n<p><strong>Supresi\u00f3n activa del polvo por aspiraci\u00f3n durante el llenado\/desmoldeo de moldes<\/strong><\/p>\n<p><strong>15% reciclaje m\u00e1s r\u00e1pido del almid\u00f3n frente a los sistemas alimentados por gravedad<\/strong><\/p>\n<p><strong>La contenci\u00f3n cumple las normas OSHA\/CE PM2,5<\/strong><\/p>\n<p><strong>Moldes de cambio r\u00e1pido de formas (corazones, animales, etc.)<\/strong><\/p>\n<p><strong>Un color o doble color o relleno central<\/strong><\/p>\n<p><strong>40% menor consumo que las l\u00edneas totalmente autom\u00e1ticas<\/strong><\/p>\n<p><strong>Sapce requieren inferior a las l\u00edneas autom\u00e1ticas.<\/strong><\/p>\n<p><strong>Amplia compatibilidad de voltaje (110-440 V) para un funcionamiento global<\/strong><\/p>\n<p><strong>Producci\u00f3n revolucionaria sin polvo con tecnolog\u00eda de vac\u00edo<\/strong>Dise\u00f1ada para gominolas, caramelos de gelatina y dulces moldeados con almid\u00f3n.<\/p>\n<p><a href=\"https:\/\/www.jymachinetech.com\/wp-content\/uploads\/2025\/07\/Starch-Mogul-Line5.png\" target=\"_blank\"><img loading=\"lazy\" decoding=\"async\" class=\"alignnone size-full wp-image-7465\" src=\"https:\/\/www.jymachinetech.com\/wp-content\/uploads\/2025\/07\/Starch-Mogul-Line5.png\" alt=\"\" width=\"1174\" height=\"587\" srcset=\"https:\/\/www.jymachinetech.com\/wp-content\/uploads\/2025\/07\/Starch-Mogul-Line5.png 1174w, https:\/\/www.jymachinetech.com\/wp-content\/uploads\/2025\/07\/Starch-Mogul-Line5-18x9.png 18w, https:\/\/www.jymachinetech.com\/wp-content\/uploads\/2025\/07\/Starch-Mogul-Line5-600x300.png 600w\" sizes=\"(max-width: 1174px) 100vw, 1174px\" \/><\/a><\/p>\n<p>Caracter\u00edsticas\u00a0<strong>sistema integrado de aspiraci\u00f3n de polvo al vac\u00edo<\/strong>\u00a0eso: <strong>Reduce la huella en 35%<\/strong>\u00a0frente a los sistemas tradicionales \u00a0<strong>Reduce el polvo en suspensi\u00f3n en 90%<\/strong>\u00a0(probado seg\u00fan ISO 14644-1) \u00a0<strong>Elimina los costes de limpieza secundaria<\/strong>Automatizaci\u00f3n completa del proceso, desde la mezcla hasta el secado, consiguiendo\u00a0<strong>Capacidad de 80-150 kg\/lote<\/strong>\u00a0con flexibilidad semi-operativa.<\/p>\n<p><strong>Lo m\u00e1s destacado:<\/strong><\/p>\n<ul>\n<li>Funcionamiento estable para un funcionamiento fiable y continuo<\/li>\n<li>Receta segura <a title=\"\u00bfC\u00f3mo mantiene una m\u00e1quina de ositos de goma la higiene durante el proceso de producci\u00f3n?\" href=\"https:\/\/www.jymachinetech.com\/es\/how-is-chocolate-made-in-factories-25\/\" data-wpil-monitor-id=\"169\" target=\"_blank\">proceso para mantener el producto<\/a> integridad<\/li>\n<li>Flujo de jarabe y dosificaci\u00f3n de ingredientes controlados con precisi\u00f3n<\/li>\n<li>Vers\u00e1til para producir caramelos a base de gelatina y otros tipos<\/li>\n<\/ul>\n<p>\u00bfQuiere dar a sus caramelos ese acabado azucarado perfecto? <a href=\"https:\/\/www.jymachinetech.com\/es\/product\/steam-humidifying-sugar-sanding-machine\/\" title=\"Lijadora de az\u00facar y humidificaci\u00f3n por vapor\"  data-wpil-monitor-id=\"252\" target=\"_blank\">Nuestra<\/a> <strong>M\u00e1quina de lijado de az\u00facar<\/strong> es la respuesta.<\/p>\n<p>Dise\u00f1ado para cubrir uniformemente los caramelos con az\u00facar, es imprescindible para que sus golosinas tengan tan buen aspecto como sabor:<\/p>\n<p>Principales caracter\u00edsticas a comparar<\/p>\n<p>- Peque\u00f1o volumen comercial: 25-200 kg\/lote - Gran volumen continuo: 800-3 600 kg\/h - Material: SS 304\/316, calidad alimentaria - Calentamiento: el\u00e9ctrico, gas, vapor o inyecci\u00f3n de aire caliente - Controles: PLC + pantalla t\u00e1ctil, velocidad variable de cinta\/tambor, chorros de vapor, campanas antipolvo - Limpieza: tambor de desenganche r\u00e1pido, descarga reversible, tolva de az\u00facar de f\u00e1cil giro<\/p>\n<p>Aplicaciones t\u00edpicas - Gominolas y gelatinas recubiertas de az\u00facar - Grageas de chocolate y frutos secos (almendra, cacahuete, anacardo) - Comprimidos y microgr\u00e1nulos farmac\u00e9uticos - Frutos secos y semillas especiados o aromatizados<\/p>\n<p>Qu\u00e9 hace - Recubre uniformemente gominolas, tabletas, frutos secos o caramelos con az\u00facar, chocolate, especias o aceite. - Crea un acabado brillante, mate o \"lijado\" que mejora el aspecto, el sabor y la conservaci\u00f3n.<\/p>\n<p>Principales tipos - <strong>Rotativa \/ Recubridora<\/strong> - tambor giratorio cl\u00e1sico; discontinuo o continuo; 25 kg - 3 600 kg\/h - <strong>Mini \/ Lab Coater<\/strong> - 2-40 kg\/lote, sobremesa, huella de 30 kg - <strong>Recubridora continua<\/strong> - en l\u00ednea con l\u00edneas mogul; vaporizaci\u00f3n + tambor de lijado, hasta 3 600 kg\/h<\/p>\n<p>Como fabricante l\u00edder de l\u00edneas mogul de almid\u00f3n en China, contamos con una amplia experiencia en el suministro de soluciones automatizadas de alta calidad para la producci\u00f3n de caramelos. Para obtener m\u00e1s informaci\u00f3n o asistencia, p\u00f3ngase en contacto con nosotros por correo electr\u00f3nico o correo postal.<\/p>\n<h3>Introducci\u00f3n al magnate del almid\u00f3n<\/h3>\n<p>El magnate del almid\u00f3n est\u00e1 en el coraz\u00f3n de cualquier empresa moderna. <a title=\"La mejor l\u00ednea de producci\u00f3n de caramelos de goma: Aumento de la eficacia y la calidad\" href=\"https:\/\/www.jymachinetech.com\/es\/the-best-gummy-candy-production-line-boosting-efficiency-and-quality\/\" data-wpil-monitor-id=\"165\" target=\"_blank\">l\u00ednea de producci\u00f3n de caramelos de goma<\/a>que constituye la base de un sistema fiable de acondicionamiento del almid\u00f3n. Esta avanzada m\u00e1quina est\u00e1 dise\u00f1ada para integrarse perfectamente en una l\u00ednea de producci\u00f3n totalmente autom\u00e1tica, lo que la convierte en la soluci\u00f3n ideal para <a title=\"La gu\u00eda definitiva sobre la fabricaci\u00f3n de caramelos: De los ingredientes al proceso\" href=\"https:\/\/www.jymachinetech.com\/es\/the-ultimate-guide-on-how-candy-is-made-from-ingredients-to-process\/\" data-wpil-monitor-id=\"167\" target=\"_blank\">fabricantes de caramelos de goma de alta calidad<\/a> a escala. Tanto si su objetivo es crear gominolas cl\u00e1sicas de un solo color, innovadoras gominolas con relleno central, vibrantes gominolas de dos colores o incluso gominolas multicapa, la l\u00ednea starch mogul le ofrece la flexibilidad y precisi\u00f3n que necesita.<\/p>\n<p>Gracias a su sofisticado dise\u00f1o, el mogul de almid\u00f3n es adecuado para producir una amplia variedad de productos de confiter\u00eda. Desde caramelos con base de gelatina y caramelos con base de pectina hasta caramelos espumados, malvavisco, etc., este sistema se adapta a diferentes recetas y requisitos de producci\u00f3n con facilidad. Su avanzada tecnolog\u00eda garantiza que cada lote cumpla estrictas normas de calidad, lo que favorece unos resultados uniformes y un funcionamiento eficaz. Para las empresas que desean ampliar su gama de productos o mejorar la calidad de sus caramelos actuales, el mogul de almid\u00f3n es un componente esencial de una l\u00ednea de producci\u00f3n moderna y de alto rendimiento.<\/p>\n<hr \/>\n<h3>Principales caracter\u00edsticas y ventajas<\/h3>\n<p>La l\u00ednea mogul de almid\u00f3n destaca por sus innovadoras caracter\u00edsticas que impulsan tanto la eficiencia como la calidad del producto. Su n\u00facleo es un sistema de deposici\u00f3n servoaccionado que garantiza una deposici\u00f3n precisa y uniforme de las soluciones de caramelo, lo que resulta crucial para conseguir una forma, tama\u00f1o y textura uniformes en cada pieza. Este nivel de control es especialmente importante cuando se fabrican productos complejos como gominolas con relleno central o multicapa.<\/p>\n<p>La seguridad y la integridad del producto mejoran a\u00fan m\u00e1s con la inclusi\u00f3n de un potente filtro magn\u00e9tico, que elimina activamente los contaminantes met\u00e1licos del proceso de producci\u00f3n. El sistema integrado de recogida y reciclaje de almid\u00f3n no s\u00f3lo reduce los residuos de materias primas, sino que tambi\u00e9n agiliza la producci\u00f3n, haciendo que toda la operaci\u00f3n sea m\u00e1s sostenible y rentable. La automatizaci\u00f3n de toda la l\u00ednea mogul ayuda a ahorrar costes de mano de obra, lo que permite a su equipo centrarse en tareas de mayor valor mientras el sistema se encarga de los procesos repetitivos.<\/p>\n<p>Adem\u00e1s, el dise\u00f1o sin escobillas de la maquinaria minimiza las necesidades de mantenimiento y reduce el riesgo de contaminaci\u00f3n, lo que favorece tanto la seguridad del producto como la fiabilidad a largo plazo. Estas caracter\u00edsticas avanzadas hacen de la l\u00ednea de almid\u00f3n mogul una inversi\u00f3n inteligente para cualquier fabricante de caramelos que busque aumentar la productividad, garantizar la calidad y mantener una ventaja competitiva.<\/p>\n<hr \/>\n<h3>Ventajas de la l\u00ednea de producci\u00f3n<\/h3>\n<p>Elegir un moderno <a title=\"Bandeja magnate de almid\u00f3n | proveedores de l\u00ednea mougle de almid\u00f3n\" href=\"https:\/\/www.jymachinetech.com\/es\/product\/starch-mogul-tray\/\" data-wpil-monitor-id=\"166\" target=\"_blank\">l\u00ednea de producci\u00f3n equipada con un mogul de almid\u00f3n<\/a> aporta una serie de ventajas operativas. La gran capacidad y el eficiente dise\u00f1o de la l\u00ednea permiten obtener un alto rendimiento y satisfacer los requisitos de producci\u00f3n m\u00e1s exigentes. El sistema totalmente autom\u00e1tico garantiza un funcionamiento sencillo, con controles intuitivos y gesti\u00f3n de recetas que salvaguardan tanto la estabilidad como la seguridad del producto.<\/p>\n<p>El sistema de dep\u00f3sito servoaccionado ofrece resultados precisos y repetibles, mientras que el sistema de recogida y reciclaje de almid\u00f3n minimiza los residuos y maximiza la utilizaci\u00f3n de los recursos. Como apoyo al proceso de producci\u00f3n principal, el sistema auxiliar proporciona funciones auxiliares esenciales que mantienen el buen funcionamiento de toda la l\u00ednea. Mientras tanto, el sistema de acabado del producto garantiza que cada lote de caramelos est\u00e9 perfectamente preparado para su envasado, cumpliendo sus est\u00e1ndares de calidad y las expectativas de los clientes.<\/p>\n<p>Tanto si est\u00e1 ampliando la producci\u00f3n como diversificando su gama de productos, esta l\u00ednea de producci\u00f3n est\u00e1 dise\u00f1ada para adaptarse a sus necesidades: calidad uniforme, eficacia operativa y flexibilidad para manejar una amplia variedad de recetas y tipos de caramelos.<\/p>\n<hr \/>\n<h3>Por qu\u00e9 elegir nuestra soluci\u00f3n Mogul Line<\/h3>\n<p>Cuando se trata de producir caramelos de goma, caramelos con base de gelatina y caramelos con base de pectina de la m\u00e1xima calidad, nuestra l\u00ednea mogul de almid\u00f3n ofrece una soluci\u00f3n avanzada y adaptable. Dise\u00f1ada teniendo en cuenta las necesidades de los fabricantes modernos, nuestra l\u00ednea de mogul puede adaptarse a sus objetivos de producci\u00f3n espec\u00edficos, ya se trate de gominolas cl\u00e1sicas, golosinas innovadoras con relleno central o dulces especiales.<\/p>\n<p>Nuestro compromiso con la satisfacci\u00f3n del cliente va m\u00e1s all\u00e1 de la propia m\u00e1quina. Desde la consulta inicial hasta la instalaci\u00f3n y el mantenimiento continuo, nuestro equipo de expertos est\u00e1 aqu\u00ed para ayudarle en todo momento. Le facilitamos el contacto, ya sea por correo electr\u00f3nico, mensaje o tel\u00e9fono, para que siempre tenga acceso a la orientaci\u00f3n que necesita.<\/p>\n<p>La sostenibilidad tambi\u00e9n es una prioridad: nuestras m\u00e1quinas est\u00e1n dise\u00f1adas para ofrecer eficiencia energ\u00e9tica y reducir el impacto medioambiental, ayud\u00e1ndole a cumplir sus objetivos de producci\u00f3n al tiempo que apoya las iniciativas ecol\u00f3gicas de su empresa. Con un enfoque en la calidad, la tecnolog\u00eda avanzada y un servicio receptivo, nuestra soluci\u00f3n de l\u00ednea mogul es la elecci\u00f3n inteligente para cualquier empresa que busque destacar en el competitivo mundo de la fabricaci\u00f3n de caramelos.<\/p>\n<p>&nbsp;<\/p>","protected":false},"excerpt":{"rendered":"<p>Semi-Automatic Starch Mogul Line | 80-800kg\/h Capacity | Industry-Leading Advantages A compact but powerful solution for small-to-medium scale production of starch-based jelly and gummy candies. It keeps the classic starch-mold process while adding partial automation to cut labor, reduce floor space and still deliver uniform, high-quality products. The system is designed for producing different types [&hellip;]<\/p>","protected":false},"featured_media":7464,"comment_status":"closed","ping_status":"closed","template":"","meta":[],"product_brand":[],"product_cat":[16],"product_tag":[200],"class_list":{"0":"post-7457","1":"product","2":"type-product","3":"status-publish","4":"has-post-thumbnail","6":"product_cat-candy-machine","7":"product_tag-starch-mogul-line","9":"first","10":"instock","11":"shipping-taxable","12":"product-type-simple"},"_links":{"self":[{"href":"https:\/\/www.jymachinetech.com\/es\/wp-json\/wp\/v2\/product\/7457","targetHints":{"allow":["GET"]}}],"collection":[{"href":"https:\/\/www.jymachinetech.com\/es\/wp-json\/wp\/v2\/product"}],"about":[{"href":"https:\/\/www.jymachinetech.com\/es\/wp-json\/wp\/v2\/types\/product"}],"replies":[{"embeddable":true,"href":"https:\/\/www.jymachinetech.com\/es\/wp-json\/wp\/v2\/comments?post=7457"}],"version-history":[{"count":4,"href":"https:\/\/www.jymachinetech.com\/es\/wp-json\/wp\/v2\/product\/7457\/revisions"}],"predecessor-version":[{"id":7541,"href":"https:\/\/www.jymachinetech.com\/es\/wp-json\/wp\/v2\/product\/7457\/revisions\/7541"}],"wp:featuredmedia":[{"embeddable":true,"href":"https:\/\/www.jymachinetech.com\/es\/wp-json\/wp\/v2\/media\/7464"}],"wp:attachment":[{"href":"https:\/\/www.jymachinetech.com\/es\/wp-json\/wp\/v2\/media?parent=7457"}],"wp:term":[{"taxonomy":"product_brand","embeddable":true,"href":"https:\/\/www.jymachinetech.com\/es\/wp-json\/wp\/v2\/product_brand?post=7457"},{"taxonomy":"product_cat","embeddable":true,"href":"https:\/\/www.jymachinetech.com\/es\/wp-json\/wp\/v2\/product_cat?post=7457"},{"taxonomy":"product_tag","embeddable":true,"href":"https:\/\/www.jymachinetech.com\/es\/wp-json\/wp\/v2\/product_tag?post=7457"}],"curies":[{"name":"wp","href":"https:\/\/api.w.org\/{rel}","templated":true}]}}