{"id":7416,"date":"2025-07-28T01:51:30","date_gmt":"2025-07-28T01:51:30","guid":{"rendered":"https:\/\/www.jymachinetech.com\/?post_type=product&#038;p=7416"},"modified":"2025-07-28T02:11:32","modified_gmt":"2025-07-28T02:11:32","slug":"candy-drop-roller-turn-sugar-into-perfect-drops-every-time","status":"publish","type":"product","link":"https:\/\/www.jymachinetech.com\/es\/product\/candy-drop-roller-turn-sugar-into-perfect-drops-every-time\/","title":{"rendered":"Candy Drop Roller - Convierta el az\u00facar en gotas perfectas en todo momento"},"content":{"rendered":"<h1 data-pm-slice=\"1 1 []\">Candy Drop Roller: Una gu\u00eda completa<\/h1>\n<p>M\u00e1quina de caramelos Drop Roller<\/p>\n<p><a href=\"https:\/\/www.jymachinetech.com\/wp-content\/uploads\/2025\/07\/\u66ff\u6362\u56fe\u7247\u573a\u666f-7.jpg\" target=\"_blank\"><img fetchpriority=\"high\" decoding=\"async\" class=\"alignnone size-full wp-image-7418\" src=\"https:\/\/www.jymachinetech.com\/wp-content\/uploads\/2025\/07\/\u66ff\u6362\u56fe\u7247\u573a\u666f-7.jpg\" alt=\"\" width=\"659\" height=\"691\" srcset=\"https:\/\/www.jymachinetech.com\/wp-content\/uploads\/2025\/07\/\u66ff\u6362\u56fe\u7247\u573a\u666f-7.jpg 659w, https:\/\/www.jymachinetech.com\/wp-content\/uploads\/2025\/07\/\u66ff\u6362\u56fe\u7247\u573a\u666f-7-11x12.jpg 11w, https:\/\/www.jymachinetech.com\/wp-content\/uploads\/2025\/07\/\u66ff\u6362\u56fe\u7247\u573a\u666f-7-600x629.jpg 600w\" sizes=\"(max-width: 659px) 100vw, 659px\" \/><\/a><\/p>\n<p>Asequible, flexible y con la forma perfecta<\/p>\n<p><a href=\"https:\/\/www.jymachinetech.com\/wp-content\/uploads\/2025\/07\/Candy-Drop-Roller-2.webp\" target=\"_blank\"><img decoding=\"async\" class=\"alignnone size-full wp-image-7426\" src=\"https:\/\/www.jymachinetech.com\/wp-content\/uploads\/2025\/07\/Candy-Drop-Roller-2.webp\" alt=\"\" width=\"640\" height=\"640\" srcset=\"https:\/\/www.jymachinetech.com\/wp-content\/uploads\/2025\/07\/Candy-Drop-Roller-2.webp 640w, https:\/\/www.jymachinetech.com\/wp-content\/uploads\/2025\/07\/Candy-Drop-Roller-2-12x12.webp 12w, https:\/\/www.jymachinetech.com\/wp-content\/uploads\/2025\/07\/Candy-Drop-Roller-2-300x300.webp 300w, https:\/\/www.jymachinetech.com\/wp-content\/uploads\/2025\/07\/Candy-Drop-Roller-2-600x600.webp 600w, https:\/\/www.jymachinetech.com\/wp-content\/uploads\/2025\/07\/Candy-Drop-Roller-2-100x100.webp 100w\" sizes=\"(max-width: 640px) 100vw, 640px\" \/><\/a><\/p>\n<p>Candy Drop Roller est\u00e1 dise\u00f1ada para la producci\u00f3n de caramelos de volumen bajo a medio, ofreciendo precisi\u00f3n, calidad y eficacia en cada lote. Esta soluci\u00f3n de bajo coste se fabrica y produce en el Reino Unido, por lo que es adecuada para empresas de todos los tama\u00f1os que deseen fabricar una gran variedad de caramelos. La m\u00e1quina ofrece versatilidad y eficiencia de producci\u00f3n, permitiendo a los clientes adaptarse a sus necesidades de producci\u00f3n y crear una amplia variedad de <a href=\"https:\/\/www.jymachinetech.com\/es\/the-ultimate-guide-on-how-candy-is-made-from-ingredients-to-process\/\" title=\"La gu\u00eda definitiva sobre la fabricaci\u00f3n de caramelos: De los ingredientes al proceso\"  data-wpil-monitor-id=\"144\" target=\"_blank\">caramelo<\/a> dise\u00f1os, formas y tama\u00f1os.<\/p>\n<p>Convierta una cinta plana de az\u00facar cocido en impecables gotas de caramelo duro, grageas o formas de temporada, sin el precio de los sistemas de troquelado rotativo de alta velocidad. Esta m\u00e1quina puede producir tanto caramelos s\u00f3lidos de un solo color como caramelos bicolores en capas, as\u00ed como formas novedosas como bolas, \u00f3valos, redondos, peras, limones, cuadrados, gotas planas y productos en barra, satisfaciendo los diversos requisitos de las empresas y los clientes del sector de la confiter\u00eda.<\/p>\n<p>\u00bfPor qu\u00e9 elegir nuestro rodillo de goteo?<\/p>\n<p>Una m\u00e1quina, infinitas formas: Los rodillos de lat\u00f3n de calidad alimentaria, especialmente dise\u00f1ados y grabados, y los rodillos formadores se intercambian en &lt; 1 minuto como un conjunto. Mantenga una base <a href=\"https:\/\/www.jymachinetech.com\/es\/product\/wafer-biscuit-production-line\/\" title=\"L\u00ednea de producci\u00f3n de galletas tipo oblea | F\u00e1brica de m\u00e1quinas para fabricar obleas\"  data-wpil-monitor-id=\"146\" target=\"_blank\">unidad y ampl\u00ede su l\u00ednea de productos<\/a> simplemente a\u00f1adiendo nuevos juegos de rodillos para crear la forma y las dimensiones requeridas para cada tama\u00f1o y forma de caramelo.<\/p>\n<p>Punto de partida econ\u00f3mico: ideal para empresas de nueva creaci\u00f3n, cocinas de prueba o plantas establecidas que necesiten tiradas cortas y cambios frecuentes, ya que ofrece una soluci\u00f3n de bajo coste para fabricar una gran variedad de dulces.<\/p>\n<p>Caramelos s\u00f3lidos o bicolores: Maneja masas de caramelos de un solo color o cintas a rayas con la misma facilidad, lo que le permite producir tanto caramelos s\u00f3lidos de un solo color como caramelos de dos colores en capas.<\/p>\n<p>Accionamiento manual o el\u00e9ctrico: Motor plug-and-play de 110 V \/ 220 V u opci\u00f3n de manivela: mismo rendimiento del rodillo, sin coste adicional.<\/p>\n<p>Antiadherente, f\u00e1cil de limpiar: El spray antiadherente r\u00e1pido + el ventilador opcional evitan que los caramelos se peguen; los rodillos de pol\u00edmero se limpian en segundos.<\/p>\n<p>Versatilidad y variedad: La m\u00e1quina de rodillos de ca\u00edda y sus distintos modelos ofrecen versatilidad y <a href=\"https:\/\/www.jymachinetech.com\/es\/the-best-biscuit-machine-for-efficient-production-and-quality-control\/\" title=\"La mejor m\u00e1quina de galletas para una producci\u00f3n eficiente y un control de calidad\"  data-wpil-monitor-id=\"147\" target=\"_blank\">eficacia de la producci\u00f3n<\/a>, que permite a las empresas crear una amplia gama de dise\u00f1os de caramelos, formas y figuras novedosas que se adaptan a las necesidades de sus clientes.<\/p>\n<p>C\u00f3mo funciona\uff1f<\/p>\n<p>- Cocer y enfriar la masa de caramelo hasta obtener una cinta flexible.<\/p>\n<p>- Pase la cinta entre los rodillos formadores de lat\u00f3n endurecido y grabado.<\/p>\n<p>- La masa de caramelo se forma en una hoja, que luego es moldeada por los rodillos grabados para producir diversas formas y caramelos moldeados.<\/p>\n<p>- Los caramelos formados se dejan cuajar tras enfriarse, luego se rompen, se tamizan y se siguen procesando antes de envasarlos para la venta.<\/p>\n<p><a href=\"https:\/\/www.jymachinetech.com\/wp-content\/uploads\/2025\/07\/Candy-Drop-Roller-3.webp\" target=\"_blank\"><img decoding=\"async\" class=\"alignnone size-full wp-image-7428\" src=\"https:\/\/www.jymachinetech.com\/wp-content\/uploads\/2025\/07\/Candy-Drop-Roller-3.webp\" alt=\"\" width=\"640\" height=\"640\" srcset=\"https:\/\/www.jymachinetech.com\/wp-content\/uploads\/2025\/07\/Candy-Drop-Roller-3.webp 640w, https:\/\/www.jymachinetech.com\/wp-content\/uploads\/2025\/07\/Candy-Drop-Roller-3-12x12.webp 12w, https:\/\/www.jymachinetech.com\/wp-content\/uploads\/2025\/07\/Candy-Drop-Roller-3-300x300.webp 300w, https:\/\/www.jymachinetech.com\/wp-content\/uploads\/2025\/07\/Candy-Drop-Roller-3-600x600.webp 600w, https:\/\/www.jymachinetech.com\/wp-content\/uploads\/2025\/07\/Candy-Drop-Roller-3-100x100.webp 100w\" sizes=\"(max-width: 640px) 100vw, 640px\" \/><\/a><\/p>\n<p>Incluido y opciones<\/p>\n<p>- 1 par de rodillos est\u00e1ndar (a elegir del cat\u00e1logo)<\/p>\n<p>- Juegos de rodillos extra: \u00c1rboles de Navidad, corazones, estrellas o logotipo personalizado al mismo precio<\/p>\n<p>- Kit de ventilador de refrigeraci\u00f3n<\/p>\n<p>- Tambor de acero inoxidable<\/p>\n<p>- El equipo incluye componentes como una opci\u00f3n de rodillo de ca\u00edda refrigerado por agua para un mayor rendimiento (hasta 300 kg por hora), y pueden instalarse m\u00e1quinas y accesorios adicionales seg\u00fan sea necesario para aumentar la producci\u00f3n. <a href=\"https:\/\/www.jymachinetech.com\/es\/top-machine-gummy-candy-solutions-for-efficient-production\/\" title=\"Soluciones de caramelos de goma a m\u00e1quina para una producci\u00f3n eficiente\"  data-wpil-monitor-id=\"148\" target=\"_blank\">eficacia de la producci\u00f3n<\/a> y versatilidad.<\/p>\n<p>- La m\u00e1quina de rodillos de ca\u00edda de caramelos se produce y fabrica en el Reino Unido con material apto para uso alimentario, como rodillos de acero inoxidable y lat\u00f3n, lo que garantiza su durabilidad y el cumplimiento de las normas del sector.<\/p>\n<p>Para obtener informaci\u00f3n sobre entregas y env\u00edos, los clientes pueden escribirnos. Ofrecemos el env\u00edo de nuestros equipos a todo el mundo, para que las empresas de todo el mundo puedan beneficiarse de nuestra versatilidad. <a href=\"https:\/\/www.jymachinetech.com\/es\/product\/pillow-type-biscuit-packaging-machine\/\" title=\"M\u00e1quina empacadora de galletas tipo almohada para la venta\"  data-wpil-monitor-id=\"149\" target=\"_blank\">m\u00e1quinas y soluciones envasadas para la producci\u00f3n de caramelos<\/a>.<\/p>\n<p><a href=\"https:\/\/www.jymachinetech.com\/wp-content\/uploads\/2025\/07\/Candy-Drop-Roller-4.webp\" target=\"_blank\"><img loading=\"lazy\" decoding=\"async\" class=\"alignnone size-full wp-image-7429\" src=\"https:\/\/www.jymachinetech.com\/wp-content\/uploads\/2025\/07\/Candy-Drop-Roller-4.webp\" alt=\"\" width=\"998\" height=\"666\" srcset=\"https:\/\/www.jymachinetech.com\/wp-content\/uploads\/2025\/07\/Candy-Drop-Roller-4.webp 998w, https:\/\/www.jymachinetech.com\/wp-content\/uploads\/2025\/07\/Candy-Drop-Roller-4-18x12.webp 18w, https:\/\/www.jymachinetech.com\/wp-content\/uploads\/2025\/07\/Candy-Drop-Roller-4-600x400.webp 600w\" sizes=\"(max-width: 998px) 100vw, 998px\" \/><\/a><\/p>","protected":false},"excerpt":{"rendered":"<p data-pm-slice=\"1 1 []\">Candy Drop Roller est\u00e1 dise\u00f1ada para la producci\u00f3n de caramelos de volumen bajo a medio, ofreciendo precisi\u00f3n, calidad y eficacia en cada lote. Esta soluci\u00f3n de bajo coste se fabrica y produce en el Reino Unido, por lo que es adecuada para empresas de todos los tama\u00f1os que deseen fabricar una gran variedad de caramelos. La m\u00e1quina ofrece versatilidad y eficiencia de producci\u00f3n, permitiendo a los clientes adaptarse a sus necesidades de producci\u00f3n y crear una amplia variedad de <a href=\"https:\/\/www.jymachinetech.com\/es\/the-ultimate-guide-on-how-candy-is-made-from-ingredients-to-process\/\" title=\"La gu\u00eda definitiva sobre la fabricaci\u00f3n de caramelos: De los ingredientes al proceso\"  data-wpil-monitor-id=\"145\">caramelo<\/a> dise\u00f1os, formas y tama\u00f1os.<\/p>","protected":false},"featured_media":7429,"comment_status":"open","ping_status":"closed","template":"","meta":[],"product_brand":[],"product_cat":[16],"product_tag":[196],"class_list":{"0":"post-7416","1":"product","2":"type-product","3":"status-publish","4":"has-post-thumbnail","6":"product_cat-candy-machine","7":"product_tag-candy-drop-roller","9":"first","10":"instock","11":"shipping-taxable","12":"product-type-simple"},"_links":{"self":[{"href":"https:\/\/www.jymachinetech.com\/es\/wp-json\/wp\/v2\/product\/7416","targetHints":{"allow":["GET"]}}],"collection":[{"href":"https:\/\/www.jymachinetech.com\/es\/wp-json\/wp\/v2\/product"}],"about":[{"href":"https:\/\/www.jymachinetech.com\/es\/wp-json\/wp\/v2\/types\/product"}],"replies":[{"embeddable":true,"href":"https:\/\/www.jymachinetech.com\/es\/wp-json\/wp\/v2\/comments?post=7416"}],"version-history":[{"count":7,"href":"https:\/\/www.jymachinetech.com\/es\/wp-json\/wp\/v2\/product\/7416\/revisions"}],"predecessor-version":[{"id":7436,"href":"https:\/\/www.jymachinetech.com\/es\/wp-json\/wp\/v2\/product\/7416\/revisions\/7436"}],"wp:featuredmedia":[{"embeddable":true,"href":"https:\/\/www.jymachinetech.com\/es\/wp-json\/wp\/v2\/media\/7429"}],"wp:attachment":[{"href":"https:\/\/www.jymachinetech.com\/es\/wp-json\/wp\/v2\/media?parent=7416"}],"wp:term":[{"taxonomy":"product_brand","embeddable":true,"href":"https:\/\/www.jymachinetech.com\/es\/wp-json\/wp\/v2\/product_brand?post=7416"},{"taxonomy":"product_cat","embeddable":true,"href":"https:\/\/www.jymachinetech.com\/es\/wp-json\/wp\/v2\/product_cat?post=7416"},{"taxonomy":"product_tag","embeddable":true,"href":"https:\/\/www.jymachinetech.com\/es\/wp-json\/wp\/v2\/product_tag?post=7416"}],"curies":[{"name":"wp","href":"https:\/\/api.w.org\/{rel}","templated":true}]}}