{"id":62,"date":"2021-12-18T07:00:38","date_gmt":"2021-12-18T07:00:38","guid":{"rendered":"https:\/\/www.jymachinetech.com\/?post_type=product&#038;p=62"},"modified":"2025-07-25T05:48:04","modified_gmt":"2025-07-25T05:48:04","slug":"baking-oven","status":"publish","type":"product","link":"https:\/\/www.jymachinetech.com\/es\/product\/baking-oven\/","title":{"rendered":"F\u00e1brica de hornos | horno de pan para la venta"},"content":{"rendered":"<h3>F\u00e1brica de hornos para hornear: su socio en soluciones de horneado de alta calidad<\/h3>\n<p><strong>Descripci\u00f3n del producto:<\/strong> Nuestra f\u00e1brica de hornos de cocci\u00f3n ofrece una amplia gama de hornos de t\u00fanel de cocci\u00f3n autom\u00e1ticos dise\u00f1ados para satisfacer las distintas necesidades de diferentes industrias y regiones. Con opciones de hornos de gas, el\u00e9ctricos y de circulaci\u00f3n de aire caliente, atendemos los recursos naturales y los requisitos espec\u00edficos de nuestros clientes en todo el mundo.<\/p>\n<p><img fetchpriority=\"high\" decoding=\"async\" class=\"alignnone size-full wp-image-72\" title=\"f\u00e1brica de hornos de cocci\u00f3n | horno para hornear para la venta\" src=\"https:\/\/www.jymachinetech.com\/wp-content\/uploads\/2021\/12\/Electrical-oven.png\" alt=\"f\u00e1brica de hornos de cocci\u00f3n | horno para hornear para la venta\" width=\"463\" height=\"230\" srcset=\"https:\/\/www.jymachinetech.com\/wp-content\/uploads\/2021\/12\/Electrical-oven.png 463w, https:\/\/www.jymachinetech.com\/wp-content\/uploads\/2021\/12\/Electrical-oven-18x9.png 18w\" sizes=\"(max-width: 463px) 100vw, 463px\" \/><\/p>\n<p><strong>Principales tipos de hornos de panader\u00eda:<\/strong><\/p>\n<ol>\n<li><strong>Hornos el\u00e9ctricos:<\/strong>\n<ul>\n<li><strong>Calefacci\u00f3n por infrarrojos lejanos:<\/strong>\u00a0Utiliza elementos calefactores de infrarrojos lejanos para una distribuci\u00f3n uniforme del calor, garantizando resultados de horneado consistentes.<\/li>\n<li><strong>Eficiencia y control:<\/strong>\u00a0Los sistemas avanzados de disposici\u00f3n y control optimizan el proceso de horneado.<\/li>\n<li><strong>Sistema de escape:<\/strong>\u00a0Equipado con un sistema de escape para gestionar eficazmente el vapor, manteniendo las condiciones del horno y la calidad del producto.<\/li>\n<\/ul>\n<\/li>\n<li><strong>Hornos a gas:<\/strong>\n<ul>\n<li><strong>Horno de fuego directo:<\/strong>\u00a0Cuenta con quemadores de cinta a gas integrados directamente en la c\u00e1mara de cocci\u00f3n para un control preciso de la temperatura.<\/li>\n<li><strong>Perfiles de horneado \u00fanicos:<\/strong>\u00a0Los quemadores personalizables permiten perfiles de horneado \u00fanicos adaptados a productos espec\u00edficos.<\/li>\n<li><strong>Control de quemador por zonas:<\/strong>\u00a0Los controladores del quemador est\u00e1n divididos en zonas superior, inferior y adicionales para obtener resultados de horneado \u00f3ptimos.<\/li>\n<\/ul>\n<\/li>\n<li><strong>Hornos de circulaci\u00f3n de aire caliente:<\/strong>\n<ul>\n<li><strong>Tipo de convecci\u00f3n (indirecta):<\/strong>\u00a0Aprovecha el principio de convecci\u00f3n para el impacto indirecto del aire, proporcionando una distribuci\u00f3n del calor eficiente y uniforme.<\/li>\n<li><strong>Sistema de intercambio de calor:<\/strong>\u00a0El calor del quemador de gas se intercambia en un intercambiador de calor ubicado encima de la c\u00e1mara de cocci\u00f3n, separando el aire de cocci\u00f3n del aire de combusti\u00f3n.<\/li>\n<li><strong>Opci\u00f3n de impacto directo:<\/strong>\u00a0Disponible como un horno de impacto directo donde el aire de combusti\u00f3n circula dentro de la c\u00e1mara de cocci\u00f3n para una aplicaci\u00f3n de calor intenso.<\/li>\n<\/ul>\n<\/li>\n<\/ol>\n<p><strong>Caracter\u00edsticas y beneficios clave:<\/strong><\/p>\n<ul>\n<li><strong>Personalizaci\u00f3n:<\/strong>\u00a0Los hornos se pueden adaptar para satisfacer diversos requisitos de horneado y tipos de productos.<\/li>\n<li><strong>Eficiencia Energ\u00e9tica:<\/strong>\u00a0Dise\u00f1ado para optimizar el uso de energ\u00eda, reduciendo costos operativos.<\/li>\n<li><strong>Horneado uniforme:<\/strong>\u00a0Las tecnolog\u00edas de calentamiento avanzadas garantizan una cocci\u00f3n uniforme para productos de alta calidad.<\/li>\n<li><strong>Sistemas de control:<\/strong>\u00a0Los sistemas de control intuitivos permiten ajustes precisos de la temperatura y el tiempo de horneado.<\/li>\n<li><strong>Seguridad y mantenimiento:<\/strong>\u00a0Incorporan caracter\u00edsticas de seguridad y est\u00e1n dise\u00f1ados para un f\u00e1cil mantenimiento.<\/li>\n<\/ul>\n<p><strong>Especificaciones t\u00e9cnicas:<\/strong><\/p>\n<ul>\n<li><strong>Fuentes de calor:<\/strong>\u00a0Gas, electricidad o una combinaci\u00f3n para diversas opciones energ\u00e9ticas.<\/li>\n<li><strong>Sistemas de control:<\/strong>\u00a0Sistemas de control digitales o automatizados avanzados para diferentes tipos de hornos.<\/li>\n<li><strong>Capacidad:<\/strong>\u00a0Varios tama\u00f1os y capacidades para adaptarse a las necesidades de producci\u00f3n.<\/li>\n<\/ul>\n<p><strong>Aplicaciones:<\/strong><\/p>\n<ul>\n<li>Adecuado para una amplia gama de productos horneados, desde pan y pasteles hasta tartas y galletas.<\/li>\n<\/ul>\n<p><strong>Atenci\u00f3n al cliente y servicios:<\/strong><\/p>\n<ul>\n<li><strong>Consulta profesional:<\/strong>\u00a0Nuestro equipo de expertos le guiar\u00e1 en la selecci\u00f3n del horno m\u00e1s adecuado a sus necesidades de producci\u00f3n.<\/li>\n<li><strong>Instalaci\u00f3n y capacitaci\u00f3n:<\/strong>\u00a0Brindamos servicios integrales de instalaci\u00f3n y capacitaci\u00f3n de operadores para garantizar un funcionamiento sin problemas.<\/li>\n<li><strong>Servicio postventa:<\/strong>\u00a0Soporte postventa dedicado para mantenimiento y asistencia t\u00e9cnica.<\/li>\n<\/ul>\n<p><strong>\u00bfPor qu\u00e9 elegir nuestros hornos para hornear?<\/strong><\/p>\n<ul>\n<li><strong>Calidad y confiabilidad:<\/strong>\u00a0Construido con materiales de alta calidad y tecnolog\u00eda avanzada para un rendimiento confiable.<\/li>\n<li><strong>Innovaci\u00f3n y tecnolog\u00eda:<\/strong>\u00a0Incorpore las \u00faltimas tecnolog\u00edas de horneado para obtener resultados de productos superiores.<\/li>\n<li><strong>Personalizaci\u00f3n y flexibilidad:<\/strong>\u00a0Se ofrece en varias configuraciones para satisfacer requisitos de horneado espec\u00edficos.<\/li>\n<li><strong>Soporte profesional:<\/strong>\u00a0Respaldados por un equipo de profesionales con amplia experiencia en equipos de panader\u00eda.<\/li>\n<\/ul>\n<p><strong>Obtenga una cotizaci\u00f3n ahora:<\/strong> Para obtener precios personalizados y obtener m\u00e1s informaci\u00f3n sobre c\u00f3mo nuestros hornos de panader\u00eda pueden mejorar sus operaciones de panader\u00eda, cont\u00e1ctenos hoy.<\/p>\n<p>&nbsp;<\/p>\n<p>&nbsp;<\/p>","protected":false},"excerpt":{"rendered":"<div class=\"content-style\">\n<p>Horno H\u00edbrido por Gas Natural o El\u00e9ctrico o Diesel\u2026<\/p>\n<\/div>","protected":false},"featured_media":4943,"comment_status":"open","ping_status":"closed","template":"","meta":[],"product_brand":[],"product_cat":[15],"product_tag":[],"class_list":{"0":"post-62","1":"product","2":"type-product","3":"status-publish","4":"has-post-thumbnail","6":"product_cat-bakery-equipment","8":"first","9":"instock","10":"shipping-taxable","11":"product-type-simple"},"_links":{"self":[{"href":"https:\/\/www.jymachinetech.com\/es\/wp-json\/wp\/v2\/product\/62","targetHints":{"allow":["GET"]}}],"collection":[{"href":"https:\/\/www.jymachinetech.com\/es\/wp-json\/wp\/v2\/product"}],"about":[{"href":"https:\/\/www.jymachinetech.com\/es\/wp-json\/wp\/v2\/types\/product"}],"replies":[{"embeddable":true,"href":"https:\/\/www.jymachinetech.com\/es\/wp-json\/wp\/v2\/comments?post=62"}],"version-history":[{"count":1,"href":"https:\/\/www.jymachinetech.com\/es\/wp-json\/wp\/v2\/product\/62\/revisions"}],"predecessor-version":[{"id":7174,"href":"https:\/\/www.jymachinetech.com\/es\/wp-json\/wp\/v2\/product\/62\/revisions\/7174"}],"wp:featuredmedia":[{"embeddable":true,"href":"https:\/\/www.jymachinetech.com\/es\/wp-json\/wp\/v2\/media\/4943"}],"wp:attachment":[{"href":"https:\/\/www.jymachinetech.com\/es\/wp-json\/wp\/v2\/media?parent=62"}],"wp:term":[{"taxonomy":"product_brand","embeddable":true,"href":"https:\/\/www.jymachinetech.com\/es\/wp-json\/wp\/v2\/product_brand?post=62"},{"taxonomy":"product_cat","embeddable":true,"href":"https:\/\/www.jymachinetech.com\/es\/wp-json\/wp\/v2\/product_cat?post=62"},{"taxonomy":"product_tag","embeddable":true,"href":"https:\/\/www.jymachinetech.com\/es\/wp-json\/wp\/v2\/product_tag?post=62"}],"curies":[{"name":"wp","href":"https:\/\/api.w.org\/{rel}","templated":true}]}}