{"id":5031,"date":"2025-05-20T01:40:09","date_gmt":"2025-05-20T01:40:09","guid":{"rendered":"https:\/\/www.jymachinetech.com\/?post_type=product&#038;p=5031"},"modified":"2025-07-25T06:05:05","modified_gmt":"2025-07-25T06:05:05","slug":"compressed-biscuit-bar-production-line","status":"publish","type":"product","link":"https:\/\/www.jymachinetech.com\/es\/product\/compressed-biscuit-bar-production-line\/","title":{"rendered":"L\u00ednea de producci\u00f3n de barras de galleta comprimidas, proceso: 2880-7680 (unidades\/h), 5760-15360 (unidades\/h)"},"content":{"rendered":"<p>La galleta dura es un tipo de galleta de larga duraci\u00f3n que generalmente se usa para militares y respuesta de emergencia, los fabricantes de galletas a menudo vuelven a prensar las galletas rotas para ahorrar materiales, o pueden triturar la galleta prensada, luego volver a prensar y envasar las galletas antes de venderlas, lo que hace que Junyu sea diferente de otros fabricantes es que podemos automatizar el equipo de respaldo como el envasado al vac\u00edo. Principio de la m\u00e1quina: El primer paso es similar al equipo de formaci\u00f3n y horneado de galletas, y luego las galletas ser\u00e1n trituradas y comprimidas en diferentes formas por una m\u00e1quina de compresi\u00f3n de galletas y luego envasadas al vac\u00edo<\/p>\n<h2><strong>Caracter\u00edsticas t\u00e9cnicas y ventajas<\/strong><\/h2>\n<table>\n<tbody>\n<tr>\n<td>Modelo<\/td>\n<td>JY4*4<\/td>\n<td>JY4*8<\/td>\n<\/tr>\n<tr>\n<td>Capacidad<\/td>\n<td>2880-7680(pcs\/h)<\/td>\n<td>5760-15360(pcs\/h)<\/td>\n<\/tr>\n<tr>\n<td>Presi\u00f3n m\u00e1xima<\/td>\n<td>180-250(kg\/cm\u00b2)<\/td>\n<td>200-450(kg\/cm\u00b2)<\/td>\n<\/tr>\n<tr>\n<td>Di\u00e1metro m\u00e1ximo de la tableta<\/td>\n<td>40\u00d780(mm)<\/td>\n<td>40\u00d780(mm)<\/td>\n<\/tr>\n<tr>\n<td>Profundidad m\u00e1xima de relleno<\/td>\n<td>20-40(mm)<\/td>\n<td>20-40(mm)<\/td>\n<\/tr>\n<tr>\n<td>Grosor m\u00e1ximo<\/td>\n<td>10-30(mm)<\/td>\n<td>10-30(mm)<\/td>\n<\/tr>\n<tr>\n<td>Di\u00e1metro de trabajo m\u00e1ximo<\/td>\n<td>960(mm)<\/td>\n<td>960(mm)<\/td>\n<\/tr>\n<tr>\n<td>Velocidad de la mesa giratoria<\/td>\n<td>3-8(rpm)<\/td>\n<td>3-8(rpm)<\/td>\n<\/tr>\n<tr>\n<td>Potencia del motor principal<\/td>\n<td>11KW<\/td>\n<td>15KW<\/td>\n<\/tr>\n<tr>\n<td>Dimensiones generales<\/td>\n<td>1900x1260x1960(mm)<\/td>\n<td>2200x1300x2000(mm)<\/td>\n<\/tr>\n<\/tbody>\n<\/table>\n<p>La l\u00ednea de producci\u00f3n de galletas comprimidas es un sistema totalmente automatizado dise\u00f1ado para una producci\u00f3n eficiente y de alta calidad. Aqu\u00ed tienes una descripci\u00f3n detallada del proceso:<\/p>\n<h2><strong>Preparaci\u00f3n de la materia prima<\/strong><\/h2>\n<p><img fetchpriority=\"high\" decoding=\"async\" width=\"707\" height=\"788\" class=\"wp-image-5032\" src=\"https:\/\/www.jymachinetech.com\/wp-content\/uploads\/2025\/05\/bb75ab052b9a1aaa1f1b0ec8491bea2.png\" alt=\"bb75ab052b9a1aaa1f1b0ec8491bea2\" srcset=\"https:\/\/www.jymachinetech.com\/wp-content\/uploads\/2025\/05\/bb75ab052b9a1aaa1f1b0ec8491bea2.png 707w, https:\/\/www.jymachinetech.com\/wp-content\/uploads\/2025\/05\/bb75ab052b9a1aaa1f1b0ec8491bea2-11x12.png 11w, https:\/\/www.jymachinetech.com\/wp-content\/uploads\/2025\/05\/bb75ab052b9a1aaa1f1b0ec8491bea2-600x669.png 600w\" sizes=\"(max-width: 707px) 100vw, 707px\" \/><\/p>\n<p><strong><strong>Galletas trituradas<\/strong><\/strong>: Las galletas prehorneadas se trituran en peque\u00f1os trozos utilizando una m\u00e1quina de trituraci\u00f3n dedicada. Este paso asegura el tama\u00f1o de part\u00edcula adecuado para la mezcla y compresi\u00f3n posteriores.<\/p>\n<p><strong><strong>Otros ingredientes<\/strong><\/strong>: Ingredientes como polvo de az\u00facar, nueces, frutas secas, leche en polvo y aceite vegetal se preparan y est\u00e1n listos para mezclarse con las galletas trituradas.<\/p>\n<p>Junyu tambi\u00e9n tiene m\u00e1quinas autom\u00e1ticas de formado de galletas.<\/p>\n<h2><strong>mezclando<\/strong><\/h2>\n<p><img decoding=\"async\" width=\"1853\" height=\"1920\" class=\"wp-image-5033\" src=\"https:\/\/www.jymachinetech.com\/wp-content\/uploads\/2025\/05\/unnamed-file-1-scaled.jpeg\" alt=\"Imagen de la m\u00e1quina de amasar_duplicado\" srcset=\"https:\/\/www.jymachinetech.com\/wp-content\/uploads\/2025\/05\/unnamed-file-1-scaled.jpeg 1853w, https:\/\/www.jymachinetech.com\/wp-content\/uploads\/2025\/05\/unnamed-file-1-scaled-12x12.jpeg 12w, https:\/\/www.jymachinetech.com\/wp-content\/uploads\/2025\/05\/unnamed-file-1-scaled-600x622.jpeg 600w\" sizes=\"(max-width: 1853px) 100vw, 1853px\" \/><\/p>\n<p><strong><strong>Proceso de mezcla<\/strong><\/strong>: Las galletas trituradas y otros ingredientes se mezclan a fondo en una m\u00e1quina de mezcla especializada para garantizar una mezcla homog\u00e9nea. Este paso es crucial para lograr una calidad y sabor consistentes del producto.<\/p>\n<h2><strong>3. Compresi\u00f3n y formado<\/strong><\/h2>\n<p><strong><strong>Mecanismo de compresi\u00f3n<\/strong><\/strong>: La mezcla se introduce en una m\u00e1quina de compresi\u00f3n equipada con sistemas hidr\u00e1ulicos o neum\u00e1ticos. La m\u00e1quina comprime la mezcla en la forma y tama\u00f1o deseados utilizando moldes dise\u00f1ados a medida. Esto asegura que las galletas tengan una apariencia y textura uniformes.<\/p>\n<h2><strong><img decoding=\"async\" width=\"1920\" height=\"1440\" class=\"wp-image-5034\" src=\"https:\/\/www.jymachinetech.com\/wp-content\/uploads\/2025\/05\/52c30de17a88010531fad10108e9d1a-scaled.jpeg\" alt=\"52c30de17a88010531fad10108e9d1a\" srcset=\"https:\/\/www.jymachinetech.com\/wp-content\/uploads\/2025\/05\/52c30de17a88010531fad10108e9d1a-scaled.jpeg 1920w, https:\/\/www.jymachinetech.com\/wp-content\/uploads\/2025\/05\/52c30de17a88010531fad10108e9d1a-scaled-16x12.jpeg 16w, https:\/\/www.jymachinetech.com\/wp-content\/uploads\/2025\/05\/52c30de17a88010531fad10108e9d1a-scaled-600x450.jpeg 600w\" sizes=\"(max-width: 1920px) 100vw, 1920px\" \/><\/strong><\/h2>\n<h2><strong> embalaje<\/strong><\/h2>\n<p><img loading=\"lazy\" decoding=\"async\" width=\"1920\" height=\"1920\" class=\"wp-image-5035\" src=\"https:\/\/www.jymachinetech.com\/wp-content\/uploads\/2025\/05\/x-22-8-26-img_e3757-jpgimg_e3757-scaled.jpeg\" alt=\"X:\\Agu\u00eda\\22.8.26 m\u00e1quina de empaquetado + peque\u00f1o vac\u00edo\\Gran imagen\\IMG_E3757.JPGIMG_E3757\" srcset=\"https:\/\/www.jymachinetech.com\/wp-content\/uploads\/2025\/05\/x-22-8-26-img_e3757-jpgimg_e3757-scaled.jpeg 1920w, https:\/\/www.jymachinetech.com\/wp-content\/uploads\/2025\/05\/x-22-8-26-img_e3757-jpgimg_e3757-scaled-12x12.jpeg 12w, https:\/\/www.jymachinetech.com\/wp-content\/uploads\/2025\/05\/x-22-8-26-img_e3757-jpgimg_e3757-scaled-300x300.jpeg 300w, https:\/\/www.jymachinetech.com\/wp-content\/uploads\/2025\/05\/x-22-8-26-img_e3757-jpgimg_e3757-scaled-600x600.jpeg 600w, https:\/\/www.jymachinetech.com\/wp-content\/uploads\/2025\/05\/x-22-8-26-img_e3757-jpgimg_e3757-scaled-100x100.jpeg 100w\" sizes=\"(max-width: 1920px) 100vw, 1920px\" \/><\/p>\n<p><strong><strong>Equipo de envasado<\/strong><\/strong>: Las galletas secas se envasan utilizando maquinaria de envasado automatizada. El proceso de envasado asegura que las galletas est\u00e9n protegidas y selladas para mantener su frescura, con opciones para envasado individual o a granel.<\/p>\n<h2><strong>Aplicaciones<\/strong><\/h2>\n<p>Las galletas comprimidas producidas por esta l\u00ednea son ideales para uso militar, actividades al aire libre como senderismo y camping, y como suministros de emergencia. Ofrecen una opci\u00f3n de alimento conveniente, nutritiva y de larga duraci\u00f3n.<\/p>\n<p>La l\u00ednea de producci\u00f3n de galletas comprimidas ofrece una soluci\u00f3n eficiente y flexible para las empresas de fabricaci\u00f3n de alimentos, satisfaciendo la demanda de galletas comprimidas de alta calidad en diversos escenarios.<\/p>\n<p><strong>Ventajas<\/strong><\/p>\n<p>Alta eficiencia de producci\u00f3n:<\/p>\n<p>Logra una producci\u00f3n continua con todos los procesos integrados de manera fluida. Esto mejora significativamente la capacidad de producci\u00f3n y satisface las demandas de producci\u00f3n a gran escala.<\/p>\n<p>Fuerte consistencia del producto:<\/p>\n<p>El equipo automatizado garantiza un control preciso sobre la cantidad y distribuci\u00f3n del relleno de cada galleta, asegurando una calidad uniforme del producto y cumpliendo con las expectativas del consumidor para la coherencia de la marca.<\/p>\n<p>Reducci\u00f3n significativa de costos laborales:<\/p>\n<p>Esto minimiza la dependencia del trabajo manual, reduce los costos laborales a largo plazo y permite a las empresas asignar los recursos humanos de manera m\u00e1s efectiva.<\/p>\n<p>Normas de higiene mejoradas:<\/p>\n<p>Equipado con un sistema de limpieza avanzado y reduciendo el contacto manual con los alimentos, garantiza altos est\u00e1ndares de higiene y cumplimiento de las regulaciones de seguridad alimentaria.<\/p>\n<p>Gran flexibilidad y escalabilidad:<\/p>\n<p>La l\u00ednea puede ajustarse f\u00e1cilmente para producir diversos tipos y sabores de galletas. Su dise\u00f1o modular facilita futuras expansiones o actualizaciones para satisfacer las demandas del mercado.<\/p>\n<p>&nbsp;<\/p>","protected":false},"excerpt":{"rendered":"<p>Hard tack biscuit is a type of biscuit for long-lasting usually use for military and emergency response,Biscuit manufacturers often re-press broken biscuits to save materials, or they can crush the pressed biscuit.then press, again and package the biscuits before selling them, what makes junyu different from othermanufacturers is that we can automate the back-end equipment [&hellip;]<\/p>","protected":false},"featured_media":5036,"comment_status":"open","ping_status":"closed","template":"","meta":[],"product_brand":[],"product_cat":[95],"product_tag":[],"class_list":{"0":"post-5031","1":"product","2":"type-product","3":"status-publish","4":"has-post-thumbnail","6":"product_cat-biscuit-machine","8":"first","9":"instock","10":"shipping-taxable","11":"product-type-simple"},"_links":{"self":[{"href":"https:\/\/www.jymachinetech.com\/es\/wp-json\/wp\/v2\/product\/5031","targetHints":{"allow":["GET"]}}],"collection":[{"href":"https:\/\/www.jymachinetech.com\/es\/wp-json\/wp\/v2\/product"}],"about":[{"href":"https:\/\/www.jymachinetech.com\/es\/wp-json\/wp\/v2\/types\/product"}],"replies":[{"embeddable":true,"href":"https:\/\/www.jymachinetech.com\/es\/wp-json\/wp\/v2\/comments?post=5031"}],"version-history":[{"count":1,"href":"https:\/\/www.jymachinetech.com\/es\/wp-json\/wp\/v2\/product\/5031\/revisions"}],"predecessor-version":[{"id":7207,"href":"https:\/\/www.jymachinetech.com\/es\/wp-json\/wp\/v2\/product\/5031\/revisions\/7207"}],"wp:featuredmedia":[{"embeddable":true,"href":"https:\/\/www.jymachinetech.com\/es\/wp-json\/wp\/v2\/media\/5036"}],"wp:attachment":[{"href":"https:\/\/www.jymachinetech.com\/es\/wp-json\/wp\/v2\/media?parent=5031"}],"wp:term":[{"taxonomy":"product_brand","embeddable":true,"href":"https:\/\/www.jymachinetech.com\/es\/wp-json\/wp\/v2\/product_brand?post=5031"},{"taxonomy":"product_cat","embeddable":true,"href":"https:\/\/www.jymachinetech.com\/es\/wp-json\/wp\/v2\/product_cat?post=5031"},{"taxonomy":"product_tag","embeddable":true,"href":"https:\/\/www.jymachinetech.com\/es\/wp-json\/wp\/v2\/product_tag?post=5031"}],"curies":[{"name":"wp","href":"https:\/\/api.w.org\/{rel}","templated":true}]}}