{"id":4751,"date":"2024-11-13T02:08:21","date_gmt":"2024-11-13T02:08:21","guid":{"rendered":"https:\/\/www.jymachinetech.com\/?post_type=product&#038;p=4751"},"modified":"2025-07-25T06:06:54","modified_gmt":"2025-07-25T06:06:54","slug":"industrial-pancake-production-line","status":"publish","type":"product","link":"https:\/\/www.jymachinetech.com\/es\/product\/industrial-pancake-production-line\/","title":{"rendered":"COMO HACER PANQUEQUES TIPO SANDWICH L\u00ednea de producci\u00f3n industrial de panqueques"},"content":{"rendered":"<p><img fetchpriority=\"high\" decoding=\"async\" class=\"alignnone size-full wp-image-4752\" src=\"https:\/\/www.jymachinetech.com\/wp-content\/uploads\/2024\/11\/\u53c2\u6570.png\" alt=\"\" width=\"746\" height=\"163\" srcset=\"https:\/\/www.jymachinetech.com\/wp-content\/uploads\/2024\/11\/\u53c2\u6570.png 746w, https:\/\/www.jymachinetech.com\/wp-content\/uploads\/2024\/11\/\u53c2\u6570-18x4.png 18w, https:\/\/www.jymachinetech.com\/wp-content\/uploads\/2024\/11\/\u53c2\u6570-600x131.png 600w\" sizes=\"(max-width: 746px) 100vw, 746px\" \/><\/p>\n<p>Los sistemas de panqueques tipo s\u00e1ndwich est\u00e1n compuestos por dos m\u00e1quinas conectadas. La plancha para panqueques y la m\u00e1quina para hacer s\u00e1ndwiches funcionan de manera independiente pero est\u00e1n completamente sincronizadas.<\/p>\n<p>Para hornear, utilizamos una placa de cobre reforzada. La extraordinaria capacidad de retenci\u00f3n de calor produce una superficie de panqueque muy suave. Se puede utilizar tanto gas como electricidad como fuente de calor para hornear los productos. Al cambiar la velocidad de la plancha y la posici\u00f3n del depositador, se puede ajustar el tiempo de horneado. Un calentador montado en la parte superior del sistema de producci\u00f3n de panqueques cocina el panqueque desde arriba antes de darle la vuelta. Las posiciones tanto del calentador montado en la parte superior como del volteador tambi\u00e9n se pueden ajustar para adaptarse a diferentes recetas. Debajo de la m\u00e1quina de producci\u00f3n de dorayaki, se eliminan los residuos de las placas de la plancha y se aplica aceite para garantizar que los panqueques se desprendan correctamente.<\/p>\n<p>La m\u00e1quina para hacer s\u00e1ndwiches primero alinea los productos que llegan de la m\u00e1quina para hacer panqueques y luego da vuelta la mitad de las filas de panqueques para aplicar el relleno. La otra fila de panqueques no se da vuelta, se mantienen boca arriba para permitir la impresi\u00f3n. Finalmente, el panqueque est\u00e1 listo para hacer s\u00e1ndwiches y se sellar\u00e1 para mantener el relleno dentro. La unidad de sellado puede<\/p>\n<p>o bien cierra el panqueque manteniendo el relleno dentro o simplemente hazlo como un s\u00e1ndwich, dejando los bordes abiertos.<\/p>\n<p><img decoding=\"async\" class=\"alignnone size-full wp-image-4753\" src=\"https:\/\/www.jymachinetech.com\/wp-content\/uploads\/2024\/11\/1.jpg\" alt=\"\" width=\"800\" height=\"800\" srcset=\"https:\/\/www.jymachinetech.com\/wp-content\/uploads\/2024\/11\/1.jpg 800w, https:\/\/www.jymachinetech.com\/wp-content\/uploads\/2024\/11\/1-12x12.jpg 12w, https:\/\/www.jymachinetech.com\/wp-content\/uploads\/2024\/11\/1-300x300.jpg 300w, https:\/\/www.jymachinetech.com\/wp-content\/uploads\/2024\/11\/1-600x600.jpg 600w, https:\/\/www.jymachinetech.com\/wp-content\/uploads\/2024\/11\/1-100x100.jpg 100w\" sizes=\"(max-width: 800px) 100vw, 800px\" \/> <img decoding=\"async\" class=\"alignnone size-full wp-image-4754\" src=\"https:\/\/www.jymachinetech.com\/wp-content\/uploads\/2024\/11\/2.jpg\" alt=\"\" width=\"800\" height=\"800\" srcset=\"https:\/\/www.jymachinetech.com\/wp-content\/uploads\/2024\/11\/2.jpg 800w, https:\/\/www.jymachinetech.com\/wp-content\/uploads\/2024\/11\/2-12x12.jpg 12w, https:\/\/www.jymachinetech.com\/wp-content\/uploads\/2024\/11\/2-300x300.jpg 300w, https:\/\/www.jymachinetech.com\/wp-content\/uploads\/2024\/11\/2-600x600.jpg 600w, https:\/\/www.jymachinetech.com\/wp-content\/uploads\/2024\/11\/2-100x100.jpg 100w\" sizes=\"(max-width: 800px) 100vw, 800px\" \/> <img loading=\"lazy\" decoding=\"async\" class=\"alignnone size-full wp-image-4755\" src=\"https:\/\/www.jymachinetech.com\/wp-content\/uploads\/2024\/11\/3.jpg\" alt=\"\" width=\"800\" height=\"800\" srcset=\"https:\/\/www.jymachinetech.com\/wp-content\/uploads\/2024\/11\/3.jpg 800w, https:\/\/www.jymachinetech.com\/wp-content\/uploads\/2024\/11\/3-12x12.jpg 12w, https:\/\/www.jymachinetech.com\/wp-content\/uploads\/2024\/11\/3-300x300.jpg 300w, https:\/\/www.jymachinetech.com\/wp-content\/uploads\/2024\/11\/3-600x600.jpg 600w, https:\/\/www.jymachinetech.com\/wp-content\/uploads\/2024\/11\/3-100x100.jpg 100w\" sizes=\"(max-width: 800px) 100vw, 800px\" \/> <img loading=\"lazy\" decoding=\"async\" class=\"alignnone size-full wp-image-4756\" src=\"https:\/\/www.jymachinetech.com\/wp-content\/uploads\/2024\/11\/4.jpg\" alt=\"\" width=\"800\" height=\"800\" srcset=\"https:\/\/www.jymachinetech.com\/wp-content\/uploads\/2024\/11\/4.jpg 800w, https:\/\/www.jymachinetech.com\/wp-content\/uploads\/2024\/11\/4-12x12.jpg 12w, https:\/\/www.jymachinetech.com\/wp-content\/uploads\/2024\/11\/4-300x300.jpg 300w, https:\/\/www.jymachinetech.com\/wp-content\/uploads\/2024\/11\/4-600x600.jpg 600w, https:\/\/www.jymachinetech.com\/wp-content\/uploads\/2024\/11\/4-100x100.jpg 100w\" sizes=\"(max-width: 800px) 100vw, 800px\" \/> <img loading=\"lazy\" decoding=\"async\" class=\"alignnone size-full wp-image-4757\" src=\"https:\/\/www.jymachinetech.com\/wp-content\/uploads\/2024\/11\/4e0c80907e7580f6e8053d5be0b6139.jpg\" alt=\"\" width=\"1279\" height=\"1706\" srcset=\"https:\/\/www.jymachinetech.com\/wp-content\/uploads\/2024\/11\/4e0c80907e7580f6e8053d5be0b6139.jpg 1279w, https:\/\/www.jymachinetech.com\/wp-content\/uploads\/2024\/11\/4e0c80907e7580f6e8053d5be0b6139-9x12.jpg 9w, https:\/\/www.jymachinetech.com\/wp-content\/uploads\/2024\/11\/4e0c80907e7580f6e8053d5be0b6139-600x800.jpg 600w\" sizes=\"(max-width: 1279px) 100vw, 1279px\" \/> <img loading=\"lazy\" decoding=\"async\" class=\"alignnone size-full wp-image-4758\" src=\"https:\/\/www.jymachinetech.com\/wp-content\/uploads\/2024\/11\/5.jpg\" alt=\"\" width=\"800\" height=\"800\" srcset=\"https:\/\/www.jymachinetech.com\/wp-content\/uploads\/2024\/11\/5.jpg 800w, https:\/\/www.jymachinetech.com\/wp-content\/uploads\/2024\/11\/5-12x12.jpg 12w, https:\/\/www.jymachinetech.com\/wp-content\/uploads\/2024\/11\/5-300x300.jpg 300w, https:\/\/www.jymachinetech.com\/wp-content\/uploads\/2024\/11\/5-600x600.jpg 600w, https:\/\/www.jymachinetech.com\/wp-content\/uploads\/2024\/11\/5-100x100.jpg 100w\" sizes=\"(max-width: 800px) 100vw, 800px\" \/> <img loading=\"lazy\" decoding=\"async\" class=\"alignnone size-full wp-image-4759\" src=\"https:\/\/www.jymachinetech.com\/wp-content\/uploads\/2024\/11\/6.jpg\" alt=\"\" width=\"800\" height=\"800\" srcset=\"https:\/\/www.jymachinetech.com\/wp-content\/uploads\/2024\/11\/6.jpg 800w, https:\/\/www.jymachinetech.com\/wp-content\/uploads\/2024\/11\/6-12x12.jpg 12w, https:\/\/www.jymachinetech.com\/wp-content\/uploads\/2024\/11\/6-300x300.jpg 300w, https:\/\/www.jymachinetech.com\/wp-content\/uploads\/2024\/11\/6-600x600.jpg 600w, https:\/\/www.jymachinetech.com\/wp-content\/uploads\/2024\/11\/6-100x100.jpg 100w\" sizes=\"(max-width: 800px) 100vw, 800px\" \/> <img loading=\"lazy\" decoding=\"async\" class=\"alignnone size-full wp-image-4760\" src=\"https:\/\/www.jymachinetech.com\/wp-content\/uploads\/2024\/11\/7.jpg\" alt=\"\" width=\"800\" height=\"800\" srcset=\"https:\/\/www.jymachinetech.com\/wp-content\/uploads\/2024\/11\/7.jpg 800w, https:\/\/www.jymachinetech.com\/wp-content\/uploads\/2024\/11\/7-12x12.jpg 12w, https:\/\/www.jymachinetech.com\/wp-content\/uploads\/2024\/11\/7-300x300.jpg 300w, https:\/\/www.jymachinetech.com\/wp-content\/uploads\/2024\/11\/7-600x600.jpg 600w, https:\/\/www.jymachinetech.com\/wp-content\/uploads\/2024\/11\/7-100x100.jpg 100w\" sizes=\"(max-width: 800px) 100vw, 800px\" \/> <img loading=\"lazy\" decoding=\"async\" class=\"alignnone size-full wp-image-4761\" src=\"https:\/\/www.jymachinetech.com\/wp-content\/uploads\/2024\/11\/8.jpg\" alt=\"\" width=\"800\" height=\"800\" srcset=\"https:\/\/www.jymachinetech.com\/wp-content\/uploads\/2024\/11\/8.jpg 800w, https:\/\/www.jymachinetech.com\/wp-content\/uploads\/2024\/11\/8-12x12.jpg 12w, https:\/\/www.jymachinetech.com\/wp-content\/uploads\/2024\/11\/8-300x300.jpg 300w, https:\/\/www.jymachinetech.com\/wp-content\/uploads\/2024\/11\/8-600x600.jpg 600w, https:\/\/www.jymachinetech.com\/wp-content\/uploads\/2024\/11\/8-100x100.jpg 100w\" sizes=\"(max-width: 800px) 100vw, 800px\" \/> <img loading=\"lazy\" decoding=\"async\" class=\"alignnone size-full wp-image-4762\" src=\"https:\/\/www.jymachinetech.com\/wp-content\/uploads\/2024\/11\/48bd140d3c49be97d6287c711fef975.jpg\" alt=\"\" width=\"1706\" height=\"1279\" srcset=\"https:\/\/www.jymachinetech.com\/wp-content\/uploads\/2024\/11\/48bd140d3c49be97d6287c711fef975.jpg 1706w, https:\/\/www.jymachinetech.com\/wp-content\/uploads\/2024\/11\/48bd140d3c49be97d6287c711fef975-16x12.jpg 16w, https:\/\/www.jymachinetech.com\/wp-content\/uploads\/2024\/11\/48bd140d3c49be97d6287c711fef975-600x450.jpg 600w\" sizes=\"(max-width: 1706px) 100vw, 1706px\" \/> <img loading=\"lazy\" decoding=\"async\" class=\"alignnone size-full wp-image-4763\" src=\"https:\/\/www.jymachinetech.com\/wp-content\/uploads\/2024\/11\/8130711c6fa1063f57ecfce3912f3a4.jpg\" alt=\"\" width=\"1706\" height=\"1279\" srcset=\"https:\/\/www.jymachinetech.com\/wp-content\/uploads\/2024\/11\/8130711c6fa1063f57ecfce3912f3a4.jpg 1706w, https:\/\/www.jymachinetech.com\/wp-content\/uploads\/2024\/11\/8130711c6fa1063f57ecfce3912f3a4-16x12.jpg 16w, https:\/\/www.jymachinetech.com\/wp-content\/uploads\/2024\/11\/8130711c6fa1063f57ecfce3912f3a4-600x450.jpg 600w\" sizes=\"(max-width: 1706px) 100vw, 1706px\" \/><\/p>","protected":false},"excerpt":{"rendered":"<p>Los sistemas de panqueques s\u00e1ndwich se componen de dos m\u00e1quinas conectadas. La plancha de panqueques y la sandwichera funcionan de forma independiente pero est\u00e1n totalmente sincronizadas. Para la cocci\u00f3n se utiliza una plancha de cobre reforzada. La extraordinaria capacidad de retenci\u00f3n del calor produce una superficie de panqueque muy lisa.Tanto el gas como la electricidad pueden utilizarse como fuente de calor para hornear los productos. Cambiando [...]<\/p>","protected":false},"featured_media":4762,"comment_status":"open","ping_status":"closed","template":"","meta":[],"product_brand":[],"product_cat":[15],"product_tag":[],"class_list":{"0":"post-4751","1":"product","2":"type-product","3":"status-publish","4":"has-post-thumbnail","6":"product_cat-bakery-equipment","8":"first","9":"instock","10":"shipping-taxable","11":"product-type-simple"},"_links":{"self":[{"href":"https:\/\/www.jymachinetech.com\/es\/wp-json\/wp\/v2\/product\/4751","targetHints":{"allow":["GET"]}}],"collection":[{"href":"https:\/\/www.jymachinetech.com\/es\/wp-json\/wp\/v2\/product"}],"about":[{"href":"https:\/\/www.jymachinetech.com\/es\/wp-json\/wp\/v2\/types\/product"}],"replies":[{"embeddable":true,"href":"https:\/\/www.jymachinetech.com\/es\/wp-json\/wp\/v2\/comments?post=4751"}],"version-history":[{"count":1,"href":"https:\/\/www.jymachinetech.com\/es\/wp-json\/wp\/v2\/product\/4751\/revisions"}],"predecessor-version":[{"id":7210,"href":"https:\/\/www.jymachinetech.com\/es\/wp-json\/wp\/v2\/product\/4751\/revisions\/7210"}],"wp:featuredmedia":[{"embeddable":true,"href":"https:\/\/www.jymachinetech.com\/es\/wp-json\/wp\/v2\/media\/4762"}],"wp:attachment":[{"href":"https:\/\/www.jymachinetech.com\/es\/wp-json\/wp\/v2\/media?parent=4751"}],"wp:term":[{"taxonomy":"product_brand","embeddable":true,"href":"https:\/\/www.jymachinetech.com\/es\/wp-json\/wp\/v2\/product_brand?post=4751"},{"taxonomy":"product_cat","embeddable":true,"href":"https:\/\/www.jymachinetech.com\/es\/wp-json\/wp\/v2\/product_cat?post=4751"},{"taxonomy":"product_tag","embeddable":true,"href":"https:\/\/www.jymachinetech.com\/es\/wp-json\/wp\/v2\/product_tag?post=4751"}],"curies":[{"name":"wp","href":"https:\/\/api.w.org\/{rel}","templated":true}]}}