{"id":3524,"date":"2024-06-17T09:36:22","date_gmt":"2024-06-17T09:36:22","guid":{"rendered":"https:\/\/www.jymachinetech.com\/?post_type=product&#038;p=3524"},"modified":"2025-07-25T06:07:31","modified_gmt":"2025-07-25T06:07:31","slug":"chocolate-chips-making-machine","status":"publish","type":"product","link":"https:\/\/www.jymachinetech.com\/es\/product\/chocolate-chips-making-machine\/","title":{"rendered":"M\u00e1quina para hacer chispas de chocolate | L\u00ednea de producci\u00f3n autom\u00e1tica de chispas de chocolate"},"content":{"rendered":"<p>Nuestra m\u00e1quina para fabricar chispas de chocolate es un equipo de \u00faltima generaci\u00f3n dise\u00f1ado para la producci\u00f3n continua de diversas chispas de chocolate. Esta innovadora m\u00e1quina es el resultado de una meticulosa ingenier\u00eda para satisfacer las demandas de la fabricaci\u00f3n de chocolate en gran volumen.<\/p>\n<h2><strong>Caracter\u00edsticas clave:<\/strong><\/h2>\n<ul>\n<li><strong>Producci\u00f3n de m\u00faltiples gotas<\/strong>: Capaz de producir chispas de chocolate en m\u00faltiples gotas para una mayor eficiencia.<\/li>\n<li><strong>Sistema de circulaci\u00f3n de agua<\/strong>: Equipado con un sistema de tuber\u00eda y tanque de doble capa para un control \u00f3ptimo de la temperatura durante el proceso de producci\u00f3n.<\/li>\n<li><strong>Facilidad de limpieza<\/strong>: Todas las piezas est\u00e1n dise\u00f1adas para una f\u00e1cil limpieza y extracci\u00f3n, lo que garantiza la higiene y reduce el tiempo de inactividad.<\/li>\n<li><strong>Dep\u00f3sito de precisi\u00f3n<\/strong>: Ofrece gotas de dep\u00f3sito m\u00e1s precisas para una calidad constante del producto.<\/li>\n<li><strong>Operaci\u00f3n autom\u00e1tica<\/strong>: Controlado por un programa PLC para una producci\u00f3n totalmente autom\u00e1tica, reduciendo la mano de obra y aumentando la producci\u00f3n.<\/li>\n<li><strong>Placa de dep\u00f3sito mejorada<\/strong>: Estructura mejorada para mejorar el rendimiento y la longevidad.<\/li>\n<li><strong>Longevidad<\/strong>: Construido para durar con componentes el\u00e9ctricos importados, asegurando una larga vida \u00fatil.<\/li>\n<li><strong>Alta eficiencia<\/strong>: Supera los sistemas tradicionales de dep\u00f3sito de pist\u00f3n, ofreciendo un tama\u00f1o de producto uniforme y excelentes efectos de formado.<\/li>\n<\/ul>\n<p><a href=\"https:\/\/www.jymachinetech.com\/es\/?attachment_id=1501\" rel=\"attachment wp-att-1501\" target=\"_blank\"><img fetchpriority=\"high\" decoding=\"async\" class=\"alignnone size-full wp-image-1501\" title=\"m\u00e1quina para hacer chispas de chocolate | L\u00ednea autom\u00e1tica de producci\u00f3n de chispas de chocolate.\" src=\"https:\/\/www.jymachinetech.com\/wp-content\/uploads\/2021\/12\/image_1616395548_Chocolate-Enrobing-Machine.jpg\" alt=\"m\u00e1quina para hacer chispas de chocolate | L\u00ednea autom\u00e1tica de producci\u00f3n de chispas de chocolate.\" width=\"800\" height=\"580\" srcset=\"https:\/\/www.jymachinetech.com\/wp-content\/uploads\/2021\/12\/image_1616395548_Chocolate-Enrobing-Machine.jpg 800w, https:\/\/www.jymachinetech.com\/wp-content\/uploads\/2021\/12\/image_1616395548_Chocolate-Enrobing-Machine-18x12.jpg 18w, https:\/\/www.jymachinetech.com\/wp-content\/uploads\/2021\/12\/image_1616395548_Chocolate-Enrobing-Machine-600x435.jpg 600w\" sizes=\"(max-width: 800px) 100vw, 800px\" \/><\/a><\/p>\n<h2><strong>Preguntas frecuentes:<\/strong><\/h2>\n<ul>\n<li><strong>P:<\/strong> \u00bfQu\u00e9 es una m\u00e1quina para hacer chispas de chocolate? <strong>A:<\/strong> Se trata de un equipo de nuevo dise\u00f1o para la producci\u00f3n de diversas chispas de chocolate, apto para operaciones continuas y a gran escala.<\/li>\n<li><strong>P:<\/strong> \u00bfPuede la m\u00e1quina producir diferentes tipos de chispas de chocolate? <strong>A:<\/strong> S\u00ed, la m\u00e1quina permite ajustes de tama\u00f1o. Sin embargo, la viscosidad del chocolate l\u00edquido puede afectar la formaci\u00f3n de la cola.<\/li>\n<li><strong>P:<\/strong> \u00bfCu\u00e1ntas chispas de chocolate puede producir la m\u00e1quina por hora? <strong>A:<\/strong> La capacidad de producci\u00f3n depende del tama\u00f1o y peso del producto. Podemos proporcionar un c\u00e1lculo preciso basado en los detalles de su producto.<\/li>\n<li><strong>P:<\/strong> \u00bfOfrecen servicios de instalaci\u00f3n y depuraci\u00f3n? <strong>A:<\/strong> S\u00ed, nuestros ingenieros profesionales pueden ofrecer servicios de instalaci\u00f3n y depuraci\u00f3n in situ seg\u00fan sea necesario.<\/li>\n<li><strong>P:<\/strong> \u00bfPueden ofrecer una f\u00f3rmula para la producci\u00f3n de chocolate? <strong>A:<\/strong> Por supuesto, proporcionamos f\u00f3rmulas personalizadas para cada cliente para garantizar resultados \u00f3ptimos.<\/li>\n<li><strong>P:<\/strong> \u00bfCu\u00e1l es el tiempo de entrega si hago el pedido ahora? <strong>A:<\/strong> Para nuestra m\u00e1quina m\u00e1s peque\u00f1a, el plazo de entrega es de aproximadamente 15 a 30 d\u00edas. Para conocer los plazos de entrega exactos, consulte antes de realizar un pedido.<\/li>\n<li><strong>P:<\/strong> \u00bfQu\u00e9 m\u00e9todos de pago aceptan? <strong>A:<\/strong> Aceptamos una variedad de condiciones de pago, incluyendo T\/T (30% por adelantado, 70% antes de la entrega), LC a la vista y otros m\u00e9todos negociables.<\/li>\n<\/ul>\n<p><b> <a href=\"https:\/\/www.jymachinetech.com\/es\/?attachment_id=1503\" rel=\"attachment wp-att-1503\" target=\"_blank\"><img decoding=\"async\" class=\"alignnone size-large wp-image-1503\" title=\"m\u00e1quina para hacer chispas de chocolate | L\u00ednea autom\u00e1tica de producci\u00f3n de chispas de chocolate.\" src=\"https:\/\/www.jymachinetech.com\/wp-content\/uploads\/2021\/12\/WX20211223-171106@2x-1024x247.png\" alt=\"m\u00e1quina para hacer chispas de chocolate | L\u00ednea autom\u00e1tica de producci\u00f3n de chispas de chocolate.\" width=\"940\" height=\"227\" \/><\/a><\/b><\/p>\n<h2><strong>Especificaciones t\u00e9cnicas:<\/strong><\/h2>\n<ul>\n<li><strong>Capacidad:<\/strong>\u00a0Dise\u00f1ado para producir miles de chispas de chocolate por hora, con opciones de escalabilidad para vol\u00famenes mayores.<\/li>\n<li><strong>Control de temperatura del chocolate:<\/strong>\u00a0Regulaci\u00f3n precisa de la temperatura para garantizar una viscosidad \u00f3ptima para el moldeo.<\/li>\n<li><strong>Variedad de moldeo:<\/strong>\u00a0Capaz de producir una amplia gama de formas de chispas de chocolate, desde simples rondas hasta dise\u00f1os complejos.<\/li>\n<li><strong>Velocidad del transportador:<\/strong>\u00a0Ajustable para adaptarse al ritmo de producci\u00f3n y los requisitos de refrigeraci\u00f3n.<\/li>\n<li><strong>Requerimientos de energ\u00eda:<\/strong>\u00a0Especificaciones detalladas para garantizar la compatibilidad con la infraestructura de la planta existente.<\/li>\n<\/ul>\n<h2><strong>Aplicaciones:<\/strong><\/h2>\n<p>La l\u00ednea de producci\u00f3n autom\u00e1tica de chispas de chocolate es adecuada para una amplia gama de aplicaciones, que incluyen:<\/p>\n<ul>\n<li>Producci\u00f3n de reposter\u00eda y galletas.<\/li>\n<li>Coberturas para helados y postres helados<\/li>\n<li>Inclusiones de confiter\u00eda y barras de chocolate.<\/li>\n<li>Decoraciones de panader\u00eda y pasteler\u00eda.<\/li>\n<li>Creaciones de chocolate personalizadas y artesanales.<\/li>\n<\/ul>\n<h2><strong>Atenci\u00f3n al cliente:<\/strong><\/h2>\n<p>Nuestro compromiso con la satisfacci\u00f3n del cliente se extiende m\u00e1s all\u00e1 de la venta. Ofrecemos:<\/p>\n<ul>\n<li><strong>Servicios Integrales de Instalaci\u00f3n:<\/strong>\u00a0Nuestro equipo de expertos se asegurar\u00e1 de que su l\u00ednea de producci\u00f3n est\u00e9 instalada y calibrada para funcionar al m\u00e1ximo.<\/li>\n<li><strong>Capacitaci\u00f3n de los operadores:<\/strong>\u00a0Capacitaci\u00f3n en profundidad para que su personal opere y mantenga la l\u00ednea de producci\u00f3n de manera eficiente.<\/li>\n<li><strong>Servicio postventa:<\/strong>\u00a0Soporte r\u00e1pido y efectivo para cualquier problema que pueda surgir, asegurando un tiempo de inactividad m\u00ednimo.<\/li>\n<li><strong>Disponibilidad de repuestos:<\/strong>\u00a0Un suministro confiable de repuestos para mantener su l\u00ednea de producci\u00f3n funcionando sin problemas.<\/li>\n<\/ul>\n<h2><strong>Precios y disponibilidad:<\/strong><\/h2>\n<p>Nuestro equipo de ventas est\u00e1 listo para brindarle una cotizaci\u00f3n detallada basada en sus necesidades de producci\u00f3n espec\u00edficas y para informarle sobre la disponibilidad actual de nuestra L\u00ednea de producci\u00f3n autom\u00e1tica de chispas de chocolate.<\/p>","protected":false},"excerpt":{"rendered":"<p>La m\u00e1quina para fabricar chispas de chocolate es un equipo especial para producir productos de chocolate y gotas de chocolate con leche. Puede producir diferentes formas y pesos de chispas de chocolate de 0,1 a 5 g, como chispas de chocolate con colas en la parte superior (como gotas de agua), y chispas de chocolate con forma de botones sin colas.<\/p>","protected":false},"featured_media":1519,"comment_status":"open","ping_status":"closed","template":"","meta":[],"product_brand":[],"product_cat":[15],"product_tag":[],"class_list":{"0":"post-3524","1":"product","2":"type-product","3":"status-publish","4":"has-post-thumbnail","6":"product_cat-bakery-equipment","8":"first","9":"instock","10":"shipping-taxable","11":"product-type-simple"},"_links":{"self":[{"href":"https:\/\/www.jymachinetech.com\/es\/wp-json\/wp\/v2\/product\/3524","targetHints":{"allow":["GET"]}}],"collection":[{"href":"https:\/\/www.jymachinetech.com\/es\/wp-json\/wp\/v2\/product"}],"about":[{"href":"https:\/\/www.jymachinetech.com\/es\/wp-json\/wp\/v2\/types\/product"}],"replies":[{"embeddable":true,"href":"https:\/\/www.jymachinetech.com\/es\/wp-json\/wp\/v2\/comments?post=3524"}],"version-history":[{"count":1,"href":"https:\/\/www.jymachinetech.com\/es\/wp-json\/wp\/v2\/product\/3524\/revisions"}],"predecessor-version":[{"id":7212,"href":"https:\/\/www.jymachinetech.com\/es\/wp-json\/wp\/v2\/product\/3524\/revisions\/7212"}],"wp:featuredmedia":[{"embeddable":true,"href":"https:\/\/www.jymachinetech.com\/es\/wp-json\/wp\/v2\/media\/1519"}],"wp:attachment":[{"href":"https:\/\/www.jymachinetech.com\/es\/wp-json\/wp\/v2\/media?parent=3524"}],"wp:term":[{"taxonomy":"product_brand","embeddable":true,"href":"https:\/\/www.jymachinetech.com\/es\/wp-json\/wp\/v2\/product_brand?post=3524"},{"taxonomy":"product_cat","embeddable":true,"href":"https:\/\/www.jymachinetech.com\/es\/wp-json\/wp\/v2\/product_cat?post=3524"},{"taxonomy":"product_tag","embeddable":true,"href":"https:\/\/www.jymachinetech.com\/es\/wp-json\/wp\/v2\/product_tag?post=3524"}],"curies":[{"name":"wp","href":"https:\/\/api.w.org\/{rel}","templated":true}]}}