{"id":1772,"date":"2024-01-17T09:54:31","date_gmt":"2024-01-17T09:54:31","guid":{"rendered":"https:\/\/www.jymachinetech.com\/?post_type=product&#038;p=1772"},"modified":"2025-07-28T05:45:34","modified_gmt":"2025-07-28T05:45:34","slug":"marshmallow-processing-line","status":"publish","type":"product","link":"https:\/\/www.jymachinetech.com\/es\/product\/marshmallow-processing-line\/","title":{"rendered":"L\u00ednea de producci\u00f3n de malvaviscos | M\u00e1quinas y equipos de producci\u00f3n de malvaviscos"},"content":{"rendered":"<h2 data-pm-slice=\"1 1 []\"><strong>L\u00ednea de producci\u00f3n de malvaviscos totalmente autom\u00e1tica - M\u00e1quinas de primera calidad para diversas formas y rellenos<\/strong><\/h2>\n<p><a href=\"https:\/\/www.jymachinetech.com\/wp-content\/uploads\/2025\/07\/Marshmallow-Production-Line1.png\" target=\"_blank\"><img fetchpriority=\"high\" decoding=\"async\" class=\"alignnone size-large wp-image-7446\" src=\"https:\/\/www.jymachinetech.com\/wp-content\/uploads\/2025\/07\/Marshmallow-Production-Line1-1024x682.png\" alt=\"\" width=\"800\" height=\"533\"><\/a><\/p>\n<p>Nuestra completa l\u00ednea de producci\u00f3n continua totalmente automatizada crea malvaviscos de primera calidad en diversos colores, formas y variedades rellenas. La l\u00ednea cuenta con vers\u00e1tiles capacidades de extrusi\u00f3n, lo que permite la producci\u00f3n de formas espec\u00edficas y varias formas para satisfacer diversos requisitos de producto, incluidas figuras de dibujos animados, cuerdas retorcidas y opciones rellenas de fruta.<\/p>\n<p><iframe title=\"L\u00ednea de producci\u00f3n de malvaviscos\" width=\"800\" height=\"450\" src=\"https:\/\/www.youtube.com\/embed\/y9jU_ro50VY?feature=oembed\" frameborder=\"0\" allow=\"accelerometer; autoplay; clipboard-write; encrypted-media; gyroscope; picture-in-picture; web-share\" referrerpolicy=\"strict-origin-when-cross-origin\" allowfullscreen><\/iframe><\/p>\n<table style=\"min-width: 125px;\">\n<colgroup>\n<col style=\"min-width: 25px;\" \/>\n<col style=\"min-width: 25px;\" \/>\n<col style=\"min-width: 25px;\" \/>\n<col style=\"min-width: 25px;\" \/>\n<col style=\"min-width: 25px;\" \/><\/colgroup>\n<tbody>\n<tr>\n<th colspan=\"1\" rowspan=\"1\">Modelo<\/th>\n<th colspan=\"1\" rowspan=\"1\">JYM500<\/th>\n<th colspan=\"1\" rowspan=\"1\">JYM600<\/th>\n<th colspan=\"1\" rowspan=\"1\">JYM900<\/th>\n<th colspan=\"1\" rowspan=\"1\">JYM1200<\/th>\n<\/tr>\n<tr>\n<td colspan=\"1\" rowspan=\"1\">Anchura de trabajo<\/td>\n<td colspan=\"1\" rowspan=\"1\">450 mm<\/td>\n<td colspan=\"1\" rowspan=\"1\">600 mm<\/td>\n<td colspan=\"1\" rowspan=\"1\">900 mm<\/td>\n<td colspan=\"1\" rowspan=\"1\">1200 mm<\/td>\n<\/tr>\n<tr>\n<td colspan=\"1\" rowspan=\"1\">Capacidad<\/td>\n<td colspan=\"1\" rowspan=\"1\">80-150 kg\/h<\/td>\n<td colspan=\"1\" rowspan=\"1\">120-200 kg\/h<\/td>\n<td colspan=\"1\" rowspan=\"1\">200-300 kg\/hora<\/td>\n<td colspan=\"1\" rowspan=\"1\">300-500 kg\/hora<\/td>\n<\/tr>\n<tr>\n<td colspan=\"1\" rowspan=\"1\">Color del producto<\/td>\n<td colspan=\"1\" rowspan=\"1\">S\u00f3lo individual<\/td>\n<td colspan=\"1\" rowspan=\"1\">4colores<\/td>\n<td colspan=\"1\" rowspan=\"1\">4colores<\/td>\n<td colspan=\"1\" rowspan=\"1\">4colores<\/td>\n<\/tr>\n<tr>\n<td colspan=\"1\" rowspan=\"1\">Boquillas de extrusi\u00f3n<\/td>\n<td colspan=\"1\" rowspan=\"1\">Max5<\/td>\n<td colspan=\"1\" rowspan=\"1\">5-6<\/td>\n<td colspan=\"1\" rowspan=\"1\">8-12<\/td>\n<td colspan=\"1\" rowspan=\"1\">16<\/td>\n<\/tr>\n<tr>\n<td colspan=\"1\" rowspan=\"1\">Boquillas de dep\u00f3sito<\/td>\n<td colspan=\"1\" rowspan=\"1\">NO\/<\/td>\n<td colspan=\"1\" rowspan=\"1\">12+<\/td>\n<td colspan=\"1\" rowspan=\"1\">24-28<\/td>\n<td colspan=\"1\" rowspan=\"1\">36-45<\/td>\n<\/tr>\n<\/tbody>\n<\/table>\n<p><strong>Calidad y textura de primera:<\/strong>\u00a0Nuestro creador <a title=\"Gu\u00eda de compra de m\u00e1quinas de malvaviscos: c\u00f3mo elegir la m\u00e1quina de malvaviscos adecuada\" href=\"https:\/\/www.jymachinetech.com\/es\/marshmallow-machine-buying-guide\/\" data-wpil-monitor-id=\"160\" target=\"_blank\">la m\u00e1quina produce malvaviscos muy aireados<\/a> que son\u00a0<strong>delicadamente suave y lujosamente esponjoso<\/strong>. El equipo garantiza una textura esponjosa y una calidad ligera constantes, proporcionando la textura deseada mediante un control preciso y una tecnolog\u00eda avanzada.<\/p>\n<p><strong>Formas y colores vers\u00e1tiles:<\/strong>\u00a0La m\u00e1quina extrusora produce\u00a0<strong>hasta 4 colores simult\u00e1neamente en boquillas individuales<\/strong>permitiendo\u00a0<strong>m\u00faltiples formas y cuerdas retorcidas de malvavisco<\/strong>. Admite la producci\u00f3n de diferentes colores y formas espec\u00edficas, y permite combinar sabores y rellenos para una personalizaci\u00f3n m\u00e1xima.<\/p>\n<p><strong>Rellenos y combinaciones innovadoras:<\/strong>\u00a0La m\u00e1quina depositadora crea\u00a0<strong>malvaviscos rellenos<\/strong>\u00a0(como mermelada o chocolate) y\u00a0<strong>malvaviscos de dos colores<\/strong>\u00a0parecido a\u00a0<strong>coberturas para helados<\/strong>. El sistema permite crear malvaviscos aromatizados y una amplia gama de combinaciones de sabores, incluidas variedades de dos colores y rellenos centrales.<\/p>\n<p><strong>Automatizaci\u00f3n sin fisuras:<\/strong>\u00a0Un sistema de secado autom\u00e1tico integrado\u00a0<strong>no requiere intervenci\u00f3n manual<\/strong>\u00a0hasta el envasado, racionalizando la producci\u00f3n. La tecnolog\u00eda y los sistemas est\u00e1n dise\u00f1ados para facilitar el funcionamiento, reducir los costes de mano de obra y lograr una alta eficiencia de producci\u00f3n minimizando la intervenci\u00f3n manual y los costes laborales.<\/p>\n<p><strong>Soluci\u00f3n integral:<\/strong>\u00a0Esta l\u00ednea de aireaci\u00f3n continua se suministra como\u00a0<strong>juego completo<\/strong>, encarg\u00e1ndose de todo, desde\u00a0<strong>de la ebullici\u00f3n de la materia prima al secado y envasado<\/strong>. La m\u00e1quina de malvaviscos y sus componentes son de acero inoxidable para garantizar la seguridad e higiene de los alimentos, y el proceso de producci\u00f3n est\u00e1 dise\u00f1ado para ser rentable y minimizar los residuos.<\/p>\n<p><strong>M\u00e1xima personalizaci\u00f3n:<\/strong>\u00a0Produce\u00a0<strong>malvaviscos monocolores, multicolores, retorcidos, con formas de dibujos animados, estilos de helado y rellenos de fruta<\/strong>. El sistema puede satisfacer la demanda del mercado y los requisitos del producto para la industria y las empresas de confiter\u00eda, incluida la capacidad de producir una gama de <a title=\"M\u00e1quina para hacer caramelos duros - F\u00e1brica de l\u00ednea de producci\u00f3n de caramelos duros\" href=\"https:\/\/www.jymachinetech.com\/es\/product\/hard-candy-making-machine\/\" data-wpil-monitor-id=\"163\" target=\"_blank\">productos de confiter\u00eda en una f\u00e1brica<\/a> ajuste.<br \/>\n<a href=\"https:\/\/www.jymachinetech.com\/wp-content\/uploads\/2025\/07\/Marshmallow-Production-Line2.jpg\" target=\"_blank\"><img decoding=\"async\" class=\"alignnone size-full wp-image-7447\" src=\"https:\/\/www.jymachinetech.com\/wp-content\/uploads\/2025\/07\/Marshmallow-Production-Line2.jpg\" alt=\"\" width=\"1024\" height=\"255\" srcset=\"https:\/\/www.jymachinetech.com\/wp-content\/uploads\/2025\/07\/Marshmallow-Production-Line2.jpg 1024w, https:\/\/www.jymachinetech.com\/wp-content\/uploads\/2025\/07\/Marshmallow-Production-Line2-18x4.jpg 18w, https:\/\/www.jymachinetech.com\/wp-content\/uploads\/2025\/07\/Marshmallow-Production-Line2-600x149.jpg 600w\" sizes=\"(max-width: 1024px) 100vw, 1024px\" \/><\/a><\/p>\n<p><strong>Flujo del proceso de equipamiento:<\/strong>Derretimiento de gelatina \u2192 Disoluci\u00f3n de az\u00facar \u2192 Aireaci\u00f3n \u2192 CFA (aireaci\u00f3n continua de espuma) \u2192 Esparcimiento de almid\u00f3n \u2192 Formaci\u00f3n \u2192 Desalmidonado \u2192 Envejecimiento \u2192\u00a0<strong>Secado autom\u00e1tico<\/strong>\u00a0\u2192 Embalaje<\/p>\n<p>&nbsp;<\/p>\n<p>A continuaci\u00f3n encontrar\u00e1 una concisa \"lista de comprobaci\u00f3n del operador\" paso a paso que sigue exactamente las 11 etapas que ha enumerado.<\/p>\n<p>Util\u00edcelo como referencia en la sala de control o como base para su documentaci\u00f3n APPCC \/ PNT.<\/p>\n<p>&nbsp;<\/p>\n<p>\u2500\u2500\u2500\u2500\u2500\u2500\u2500\u2500\u2500\u2500\u2500\u2500\u2500\u2500\u2500\u2500\u2500\u2500\u2500\u2500\u2500\u2500\u2500\u2500\u2500\u2500<\/p>\n<p>FLUJO DE MALVAVISCO TOTALMENTE AUTOM\u00c1TICO - LISTA DE COMPROBACI\u00d3N DEL OPERADOR<\/p>\n<p>\u2500\u2500\u2500\u2500\u2500\u2500\u2500\u2500\u2500\u2500\u2500\u2500\u2500\u2500\u2500\u2500\u2500\u2500\u2500\u2500\u2500\u2500\u2500\u2500\u2500\u2500<\/p>\n<p><a href=\"https:\/\/www.jymachinetech.com\/wp-content\/uploads\/2025\/07\/Marshmallow-Production-Line3.jpg\" target=\"_blank\"><img decoding=\"async\" class=\"alignnone size-full wp-image-7448\" src=\"https:\/\/www.jymachinetech.com\/wp-content\/uploads\/2025\/07\/Marshmallow-Production-Line3.jpg\" alt=\"\" width=\"863\" height=\"575\" srcset=\"https:\/\/www.jymachinetech.com\/wp-content\/uploads\/2025\/07\/Marshmallow-Production-Line3.jpg 863w, https:\/\/www.jymachinetech.com\/wp-content\/uploads\/2025\/07\/Marshmallow-Production-Line3-18x12.jpg 18w, https:\/\/www.jymachinetech.com\/wp-content\/uploads\/2025\/07\/Marshmallow-Production-Line3-600x400.jpg 600w\" sizes=\"(max-width: 863px) 100vw, 863px\" \/><\/a><\/p>\n<ol>\n<li>PRE-MEZCLADOR<\/li>\n<\/ol>\n<p>- Cargar agua, az\u00facar granulado, jarabe de glucosa, soluci\u00f3n de gelatina (u otro hidrocoloide), colorantes\/saborizantes termoestables y jarabe de ma\u00edz como ingrediente clave para preparar la mezcla.<\/p>\n<p>- Set: disolver a 75-80 \u00b0C, 60-90 rpm, hasta Brix 78-80 \u00b0.<\/p>\n<p>- Garantizar la consistencia de la mezcla para conseguir un producto de confiter\u00eda muy aireado.<\/p>\n<p>- Secuencia de enjuague CIP al final del lote.<\/p>\n<p>&nbsp;<\/p>\n<p>&nbsp;<\/p>\n<ol start=\"2\">\n<li>COCINA (FLASH O TUBO)<\/li>\n<\/ol>\n<p>- Alimentaci\u00f3n continua desde el premezclador.<\/p>\n<p>- Objetivo: 105-110 \u00b0C, humedad final 18-22 %.<\/p>\n<p>- Alarma de refract\u00f3metro en l\u00ednea si Brix &lt; 76 \u00b0.<\/p>\n<p>&nbsp;<\/p>\n<ol start=\"3\">\n<li>REFRIGERADOR SLURRY<\/li>\n<\/ol>\n<p>- Intercambiador de placas a 65-70 \u00b0C.<\/p>\n<p>- Cr\u00edtico: evitar &lt; 60 \u00b0C (impide el preajuste de la gelatina).<\/p>\n<p>&nbsp;<\/p>\n<ol start=\"4\">\n<li>AIREADOR CONTINUO<br \/>\n<a href=\"https:\/\/www.jymachinetech.com\/wp-content\/uploads\/2025\/07\/Marshmallow-Production-Line4.jpg\" target=\"_blank\"><img loading=\"lazy\" decoding=\"async\" class=\"alignnone size-full wp-image-7449\" src=\"https:\/\/www.jymachinetech.com\/wp-content\/uploads\/2025\/07\/Marshmallow-Production-Line4.jpg\" alt=\"\" width=\"793\" height=\"595\" srcset=\"https:\/\/www.jymachinetech.com\/wp-content\/uploads\/2025\/07\/Marshmallow-Production-Line4.jpg 793w, https:\/\/www.jymachinetech.com\/wp-content\/uploads\/2025\/07\/Marshmallow-Production-Line4-16x12.jpg 16w, https:\/\/www.jymachinetech.com\/wp-content\/uploads\/2025\/07\/Marshmallow-Production-Line4-600x450.jpg 600w\" sizes=\"(max-width: 793px) 100vw, 793px\" \/><\/a><\/li>\n<\/ol>\n<p>- Ajustar rebasamiento 250-300 %.<\/p>\n<p>- Caudal\u00edmetro de aire: 3-6 bar, filtrado est\u00e9ril.<\/p>\n<p>- Compruebe la curva de par: los picos indican que la rejilla est\u00e1 bloqueada.<\/p>\n<p>&nbsp;<\/p>\n<ol start=\"5\">\n<li>Relleno de centro de funci\u00f3n de dep\u00f3sito para formas tridimensionales<br \/>\n<a href=\"https:\/\/www.jymachinetech.com\/wp-content\/uploads\/2025\/07\/Marshmallow-Production-Line5.jpg\" target=\"_blank\"><img loading=\"lazy\" decoding=\"async\" class=\"alignnone size-full wp-image-7450\" src=\"https:\/\/www.jymachinetech.com\/wp-content\/uploads\/2025\/07\/Marshmallow-Production-Line5.jpg\" alt=\"\" width=\"900\" height=\"600\" srcset=\"https:\/\/www.jymachinetech.com\/wp-content\/uploads\/2025\/07\/Marshmallow-Production-Line5.jpg 900w, https:\/\/www.jymachinetech.com\/wp-content\/uploads\/2025\/07\/Marshmallow-Production-Line5-18x12.jpg 18w, https:\/\/www.jymachinetech.com\/wp-content\/uploads\/2025\/07\/Marshmallow-Production-Line5-600x400.jpg 600w\" sizes=\"(max-width: 900px) 100vw, 900px\" \/><\/a><\/li>\n<\/ol>\n<p>&nbsp;<\/p>\n<p>- Manifold divide la base en 2-3 colores en un malvavisco.<\/p>\n<p>- Las bombas perist\u00e1lticas dosifican los aromas sensibles al calor (&lt; 45 \u00b0C) y los colorantes.<\/p>\n<p>- Verificar que las relaciones de caudal coinciden con la hoja de recetas.<\/p>\n<p>&nbsp;<\/p>\n<ol start=\"6\">\n<li>Ext ruder-extrusi\u00f3n 4colores en un rollo de malvavisco.<br \/>\n<a href=\"https:\/\/www.jymachinetech.com\/wp-content\/uploads\/2025\/07\/Marshmallow-Production-Line6.png\" target=\"_blank\"><img loading=\"lazy\" decoding=\"async\" class=\"alignnone size-full wp-image-7451\" src=\"https:\/\/www.jymachinetech.com\/wp-content\/uploads\/2025\/07\/Marshmallow-Production-Line6.png\" alt=\"\" width=\"703\" height=\"382\" srcset=\"https:\/\/www.jymachinetech.com\/wp-content\/uploads\/2025\/07\/Marshmallow-Production-Line6.png 703w, https:\/\/www.jymachinetech.com\/wp-content\/uploads\/2025\/07\/Marshmallow-Production-Line6-18x10.png 18w, https:\/\/www.jymachinetech.com\/wp-content\/uploads\/2025\/07\/Marshmallow-Production-Line6-600x326.png 600w\" sizes=\"(max-width: 703px) 100vw, 703px\" \/><\/a><\/li>\n<\/ol>\n<p>- Temperatura de la matriz 45-48 \u00b0C (evita el desgarro).<\/p>\n<p>- T\u00fanel de enfriamiento: 15-18 \u00b0C, 4-6 min de permanencia, HR &lt; 55 %.<\/p>\n<p>- Velocidad de la cinta sincronizada con la cuchilla aguas abajo.<\/p>\n<p>&nbsp;<\/p>\n<ol start=\"7\">\n<li>CABINA DE POLVO (ALMID\u00d3N \/ AZ\u00daCAR GLAS)<\/li>\n<\/ol>\n<p>- Espolvoreadores superior e inferior ajustados a 1,5-2 g por 100 g de producto.<\/p>\n<p>- La cuchilla giratoria corta a una longitud de \u00b11 mm.<\/p>\n<p>- Cabina bajo presi\u00f3n negativa de -25 Pa; escape HEPA.<\/p>\n<p>- El uso de polvos ayuda a evitar que se pegue y a mantener la calidad del producto.<\/p>\n<p>&nbsp;<\/p>\n<ol start=\"8\">\n<li>CONTROL DEL POLVO \/ ELIMINACI\u00d3N DEL EXCESO<\/li>\n<\/ol>\n<p>- Agitadores vibratorios + cuchilla de aire reversible eliminan el almid\u00f3n sobrante.<\/p>\n<p>- Detector de metales en l\u00ednea despu\u00e9s del agitador.<\/p>\n<p>- El espolvoreado adicional ayuda a evitar que se pegue y garantiza la integridad del producto.<\/p>\n<p>&nbsp;<\/p>\n<ol start=\"9\">\n<li>CINTA DYRING AUTOM\u00c1TICA Y SISTEMA DE SECADO<br \/>\n<a href=\"https:\/\/www.jymachinetech.com\/wp-content\/uploads\/2025\/07\/Marshmallow-Production-Line7.png\" target=\"_blank\"><img loading=\"lazy\" decoding=\"async\" class=\"alignnone size-full wp-image-7452\" src=\"https:\/\/www.jymachinetech.com\/wp-content\/uploads\/2025\/07\/Marshmallow-Production-Line7.png\" alt=\"\" width=\"900\" height=\"600\" srcset=\"https:\/\/www.jymachinetech.com\/wp-content\/uploads\/2025\/07\/Marshmallow-Production-Line7.png 900w, https:\/\/www.jymachinetech.com\/wp-content\/uploads\/2025\/07\/Marshmallow-Production-Line7-18x12.png 18w, https:\/\/www.jymachinetech.com\/wp-content\/uploads\/2025\/07\/Marshmallow-Production-Line7-600x400.png 600w\" sizes=\"(max-width: 900px) 100vw, 900px\" \/><\/a><\/li>\n<\/ol>\n<p>- 25-35 \u00b0C\uff0cHumedad inferior a 55%<\/p>\n<p>- T\u00fanel de enfriamiento 12-15 \u00b0C, 6-8 min.<\/p>\n<p>&nbsp;<\/p>\n<ol start=\"10\">\n<li>EMBALAJE<\/li>\n<\/ol>\n<p>- Transferencia mediante cinta de distribuci\u00f3n a envolvedora flow-pack.<\/p>\n<p>- Opci\u00f3n MAP: N\u2082 flush, O\u2082 &lt; 1 %.<\/p>\n<p>- Comprobar la integridad de la junta (prueba de ca\u00edda del vac\u00edo cada 30 minutos).<\/p>\n<p>- La fase de envasado es el \u00faltimo paso del proceso de producci\u00f3n, que preserva la vida \u00fatil y <a title=\"\u00bfC\u00f3mo garantizan las m\u00e1quinas para fabricar gomitas que se cumplen los est\u00e1ndares de seguridad alimentaria?\" href=\"https:\/\/www.jymachinetech.com\/es\/how-is-popping-boba-made-in-factories\/\" data-wpil-monitor-id=\"161\" target=\"_blank\">garantizar la seguridad alimentaria<\/a>.<\/p>\n<p>&nbsp;<\/p>\n<p>\u2500\u2500\u2500\u2500\u2500\u2500\u2500\u2500\u2500\u2500\u2500\u2500\u2500\u2500\u2500\u2500\u2500\u2500\u2500\u2500\u2500\u2500\u2500\u2500\u2500\u2500<\/p>\n<p>NOTAS SOBRE SEGURIDAD Y CALIDAD<\/p>\n<p>- Todas las piezas de contacto inoxidables 304 \u00f3 316; ciclos CIP\/SIP completos.<\/p>\n<p>- Puntos cr\u00edticos de control (PCC): temperatura de cocci\u00f3n, detecci\u00f3n de metales, cierre del envase.<\/p>\n<p>- Rendimientos t\u00edpicos: 300-500 kg\/h en una l\u00ednea de extrusi\u00f3n de 1,2 m.<\/p>\n<p>- La maquinaria est\u00e1 dise\u00f1ada con sistemas avanzados para un control preciso, y se dispone de especificaciones t\u00e9cnicas de todos los componentes para garantizar un rendimiento \u00f3ptimo. La seguridad alimentaria y la higiene son prioritarias en todo el <a title=\"INICIO\" href=\"https:\/\/www.jymachinetech.com\/es\/\" data-wpil-monitor-id=\"164\" target=\"_blank\">producci\u00f3n de la industria confitera<\/a> proceso.<\/p>\n<p>- Nuestra empresa est\u00e1 especializada en <a title=\"La mejor l\u00ednea de producci\u00f3n de caramelos de goma: Gu\u00eda completa para principiantes\" href=\"https:\/\/www.jymachinetech.com\/es\/the-best-gummy-candy-production-line-a-complete-guide-for-beginners\/\" data-wpil-monitor-id=\"162\" target=\"_blank\">l\u00edneas de producci\u00f3n completas<\/a> y maquinaria para la industria de la confiter\u00eda, al servicio de empresas y f\u00e1bricas con gran capacidad de producci\u00f3n, alta eficiencia productiva y soluciones de automatizaci\u00f3n fiables.<\/p>\n<p>&nbsp;<\/p>\n<h2 style=\"box-sizing: border-box; font-family: Poppins, sans-serif; font-size: 32px; font-weight: 400; line-height: 35.2px; letter-spacing: -2px; text-align: center;\"><strong style=\"box-sizing: border-box;\">Obtenga una cotizaci\u00f3n ahora:<\/strong><\/h2>\n<p style=\"box-sizing: border-box; margin-bottom: 10px; font-family: Poppins, sans-serif; text-align: center;\">Para obtener precios personalizados y obtener m\u00e1s informaci\u00f3n sobre nuestra l\u00ednea de producci\u00f3n de malvaviscos, cont\u00e1ctenos hoy.<\/p>\n<p style=\"box-sizing: border-box; margin-bottom: 10px; font-family: Poppins, sans-serif; text-align: center;\"><a style=\"text-decoration-line: none; box-sizing: border-box; box-shadow: none; color: #204be2;\" href=\"https:\/\/www.jymachinetech.com\/es\/?attachment_id=4767\" rel=\"attachment wp-att-4767\" target=\"_blank\"><img loading=\"lazy\" decoding=\"async\" class=\"alignnone size-full wp-image-4767 entered litespeed-loaded\" style=\"box-sizing: border-box; border: none; border-radius: 0px; box-shadow: none;\" src=\"https:\/\/www.jymachinetech.com\/wp-content\/uploads\/2024\/01\/1.jpg\" sizes=\"(max-width: 900px) 100vw, 900px\" srcset=\"https:\/\/www.jymachinetech.com\/wp-content\/uploads\/2024\/01\/1.jpg 900w, https:\/\/www.jymachinetech.com\/wp-content\/uploads\/2024\/01\/1-300x200.jpg 300w, https:\/\/www.jymachinetech.com\/wp-content\/uploads\/2024\/01\/1-768x512.jpg 768w, https:\/\/www.jymachinetech.com\/wp-content\/uploads\/2024\/01\/1-18x12.jpg 18w, https:\/\/www.jymachinetech.com\/wp-content\/uploads\/2024\/01\/1-480x320.jpg 480w, https:\/\/www.jymachinetech.com\/wp-content\/uploads\/2024\/01\/1-600x400.jpg 600w\" alt=\"1\" width=\"900\" height=\"600\" data-lazyloaded=\"1\" data-src=\"https:\/\/www.jymachinetech.com\/wp-content\/uploads\/2024\/01\/1.jpg\" data-srcset=\"https:\/\/www.jymachinetech.com\/wp-content\/uploads\/2024\/01\/1.jpg 900w, https:\/\/www.jymachinetech.com\/wp-content\/uploads\/2024\/01\/1-300x200.jpg 300w, https:\/\/www.jymachinetech.com\/wp-content\/uploads\/2024\/01\/1-768x512.jpg 768w, https:\/\/www.jymachinetech.com\/wp-content\/uploads\/2024\/01\/1-18x12.jpg 18w, https:\/\/www.jymachinetech.com\/wp-content\/uploads\/2024\/01\/1-480x320.jpg 480w, https:\/\/www.jymachinetech.com\/wp-content\/uploads\/2024\/01\/1-600x400.jpg 600w\" data-sizes=\"(max-width: 900px) 100vw, 900px\" data-ll-status=\"loaded\" \/><\/a><\/p>\n<p style=\"box-sizing: border-box; margin-bottom: 10px; font-family: Poppins, sans-serif; text-align: center;\"><a style=\"text-decoration-line: none; box-sizing: border-box; box-shadow: none; color: #204be2;\" href=\"https:\/\/www.jymachinetech.com\/es\/?attachment_id=4774\" rel=\"attachment wp-att-4774\" target=\"_blank\"><img loading=\"lazy\" decoding=\"async\" class=\"alignnone size-large wp-image-4774 entered litespeed-loaded\" style=\"box-sizing: border-box; border: none; border-radius: 0px; box-shadow: none;\" src=\"https:\/\/www.jymachinetech.com\/wp-content\/uploads\/2024\/01\/8-768x1024.jpg\" sizes=\"(max-width: 768px) 100vw, 768px\" srcset=\"https:\/\/www.jymachinetech.com\/wp-content\/uploads\/2024\/01\/8-768x1023.jpg 768w, https:\/\/www.jymachinetech.com\/wp-content\/uploads\/2024\/01\/8-225x300.jpg 225w, https:\/\/www.jymachinetech.com\/wp-content\/uploads\/2024\/01\/8-9x12.jpg 9w, https:\/\/www.jymachinetech.com\/wp-content\/uploads\/2024\/01\/8-980x1306.jpg 980w, https:\/\/www.jymachinetech.com\/wp-content\/uploads\/2024\/01\/8-480x640.jpg 480w, https:\/\/www.jymachinetech.com\/wp-content\/uploads\/2024\/01\/8-600x800.jpg 600w, https:\/\/www.jymachinetech.com\/wp-content\/uploads\/2024\/01\/8-rotated.jpg 1001w\" alt=\"8\" width=\"768\" height=\"1024\" data-lazyloaded=\"1\" data-src=\"https:\/\/www.jymachinetech.com\/wp-content\/uploads\/2024\/01\/8-768x1024.jpg\" data-srcset=\"https:\/\/www.jymachinetech.com\/wp-content\/uploads\/2024\/01\/8-768x1023.jpg 768w, https:\/\/www.jymachinetech.com\/wp-content\/uploads\/2024\/01\/8-225x300.jpg 225w, https:\/\/www.jymachinetech.com\/wp-content\/uploads\/2024\/01\/8-9x12.jpg 9w, https:\/\/www.jymachinetech.com\/wp-content\/uploads\/2024\/01\/8-980x1306.jpg 980w, https:\/\/www.jymachinetech.com\/wp-content\/uploads\/2024\/01\/8-480x640.jpg 480w, https:\/\/www.jymachinetech.com\/wp-content\/uploads\/2024\/01\/8-600x800.jpg 600w, https:\/\/www.jymachinetech.com\/wp-content\/uploads\/2024\/01\/8-rotated.jpg 1001w\" data-sizes=\"(max-width: 768px) 100vw, 768px\" data-ll-status=\"loaded\" \/><\/a><\/p>","protected":false},"excerpt":{"rendered":"<ul>\n<li>Operaci\u00f3n simple<\/li>\n<li>Precio razonable<\/li>\n<li>4 colores en 1 malvavisco<\/li>\n<li>Extrusora de cuerda de malvavisco<\/li>\n<li>Depositante lleno en el centro<\/li>\n<li>Sistema de mezcla autom\u00e1tica CFA<\/li>\n<li>servom\u00e1quina de corte<\/li>\n<li>Sistema de secado autom\u00e1tico<\/li>\n<\/ul>","protected":false},"featured_media":7448,"comment_status":"closed","ping_status":"closed","template":"","meta":[],"product_brand":[],"product_cat":[16,101],"product_tag":[199],"class_list":{"0":"post-1772","1":"product","2":"type-product","3":"status-publish","4":"has-post-thumbnail","6":"product_cat-candy-machine","7":"product_cat-marshmallow-machine","8":"product_tag-marshmallow-production-line","10":"first","11":"instock","12":"shipping-taxable","13":"product-type-simple"},"_links":{"self":[{"href":"https:\/\/www.jymachinetech.com\/es\/wp-json\/wp\/v2\/product\/1772","targetHints":{"allow":["GET"]}}],"collection":[{"href":"https:\/\/www.jymachinetech.com\/es\/wp-json\/wp\/v2\/product"}],"about":[{"href":"https:\/\/www.jymachinetech.com\/es\/wp-json\/wp\/v2\/types\/product"}],"replies":[{"embeddable":true,"href":"https:\/\/www.jymachinetech.com\/es\/wp-json\/wp\/v2\/comments?post=1772"}],"version-history":[{"count":6,"href":"https:\/\/www.jymachinetech.com\/es\/wp-json\/wp\/v2\/product\/1772\/revisions"}],"predecessor-version":[{"id":7460,"href":"https:\/\/www.jymachinetech.com\/es\/wp-json\/wp\/v2\/product\/1772\/revisions\/7460"}],"wp:featuredmedia":[{"embeddable":true,"href":"https:\/\/www.jymachinetech.com\/es\/wp-json\/wp\/v2\/media\/7448"}],"wp:attachment":[{"href":"https:\/\/www.jymachinetech.com\/es\/wp-json\/wp\/v2\/media?parent=1772"}],"wp:term":[{"taxonomy":"product_brand","embeddable":true,"href":"https:\/\/www.jymachinetech.com\/es\/wp-json\/wp\/v2\/product_brand?post=1772"},{"taxonomy":"product_cat","embeddable":true,"href":"https:\/\/www.jymachinetech.com\/es\/wp-json\/wp\/v2\/product_cat?post=1772"},{"taxonomy":"product_tag","embeddable":true,"href":"https:\/\/www.jymachinetech.com\/es\/wp-json\/wp\/v2\/product_tag?post=1772"}],"curies":[{"name":"wp","href":"https:\/\/api.w.org\/{rel}","templated":true}]}}