{"id":1537,"date":"2021-12-26T08:04:23","date_gmt":"2021-12-26T08:04:23","guid":{"rendered":"https:\/\/www.jymachinetech.com\/?post_type=product&#038;p=1537"},"modified":"2025-07-25T05:57:51","modified_gmt":"2025-07-25T05:57:51","slug":"popping-boba-production-line","status":"publish","type":"product","link":"https:\/\/www.jymachinetech.com\/es\/product\/popping-boba-production-line\/","title":{"rendered":"L\u00ednea de producci\u00f3n de Popping Boba a la venta \u2013 F\u00e1brica de m\u00e1quinas de Popping Boba"},"content":{"rendered":"<p>La L\u00ednea de Producci\u00f3n de Boba Popping de JY MACHINE es una soluci\u00f3n de fabricaci\u00f3n de \u00faltima generaci\u00f3n dise\u00f1ada para producir perlas de boba popping para la industria alimentaria y de bebidas. Desde su patente en 1999, esta innovadora m\u00e1quina ha liderado el mercado en la creaci\u00f3n de una nueva generaci\u00f3n de perlas boba que estallan de sabor.<\/p>\n<p><iframe title=\"L\u00ednea de producci\u00f3n de boba reventada M\u00e1quina para hacer boba de jugo M\u00e1quina para hacer boba reventada c\u00f3mo hacer t\u00e9 de burbujas\" width=\"800\" height=\"450\" src=\"https:\/\/www.youtube.com\/embed\/JxLe07m_zXE?feature=oembed\" frameborder=\"0\" allow=\"accelerometer; autoplay; clipboard-write; encrypted-media; gyroscope; picture-in-picture; web-share\" referrerpolicy=\"strict-origin-when-cross-origin\" allowfullscreen><\/iframe><\/p>\n<h2><strong>Caracter\u00edsticas y beneficios clave:<\/strong><\/h2>\n<ul>\n<li><strong>Tecnolog\u00eda patentada:<\/strong> Desarrollada por JY MACHINE, esta m\u00e1quina se basa en el principio del \u00e9mbolo pist\u00f3n, garantizando un proceso de producci\u00f3n \u00fanico y patentado.<\/li>\n<li><strong>Sistema de reacci\u00f3n qu\u00edmica:<\/strong> El material de relleno reacciona con la soluci\u00f3n en el tanque, encapsulando el material de relleno dentro de una jugosa bola que estalla de sabor.<\/li>\n<li><strong>Versatilidad:<\/strong> Ideal para crear una gran variedad de productos, desde bolas de zumo y bolas de agua hasta productos con sabor a vinagre\/alcohol e incluso productos qu\u00edmicos de uso diario como bolas de loci\u00f3n y bolas de jojoba.<\/li>\n<li><strong>Modelos personalizables:<\/strong> Disponibles en modelos que van desde el tama\u00f1o de laboratorio hasta l\u00edneas de producci\u00f3n totalmente autom\u00e1ticas, para empresas de todos los tama\u00f1os y planes de expansi\u00f3n.<\/li>\n<li><strong>Construcci\u00f3n de acero inoxidable:<\/strong> La m\u00e1quina de producci\u00f3n de bolas de zumo de estallido totalmente autom\u00e1tica est\u00e1 fabricada en acero inoxidable para una mayor durabilidad y f\u00e1cil limpieza.<\/li>\n<li><strong>Automatizaci\u00f3n avanzada:<\/strong> Equipada con tecnolog\u00eda de dep\u00f3sito y conducci\u00f3n servo para mayor precisi\u00f3n y eficacia.<\/li>\n<li><strong>Soporte de procesamiento completo:<\/strong> Ofrecemos una l\u00ednea completa de m\u00e1quinas, desde la cocci\u00f3n hasta la esterilizaci\u00f3n, junto con un plan llave en mano de f\u00f3rmulas.<\/li>\n<\/ul>\n<h2><strong>Aplicaciones:<\/strong><\/h2>\n<p>El popping boba es un ingrediente \u00fanico del t\u00e9 de burbujas, con una fina piel gelatinosa llena de zumo que estalla en la boca. Se elabora mediante una reacci\u00f3n entre alginato s\u00f3dico y cloruro c\u00e1lcico o lactato c\u00e1lcico.<\/p>\n<h2><strong>Usos creativos:<\/strong><\/h2>\n<p>M\u00e1s all\u00e1 de los rellenos tradicionales de zumos y mermeladas, nuestros clientes han innovado con materiales sanitarios, alcohol y ac\u00e9tico para usos culinarios, materiales de pintura para juguetes divertidos y productos qu\u00edmicos dom\u00e9sticos como champ\u00fa o base l\u00edquida de maquillaje.<\/p>\n<h2><strong>Personalizaci\u00f3n y ajustabilidad:<\/strong><\/h2>\n<p>Nuestra m\u00e1quina de popping boba puede ajustarse en funci\u00f3n del tama\u00f1o deseado del popping boba acabado, garantizando el producto perfecto para sus necesidades.<\/p>\n<h2><strong>\u00bfPor qu\u00e9 elegir JY MACHINE para su m\u00e1quina Popping Boba?<\/strong><\/h2>\n<ul>\n<li><strong>Equipo de servicio global:<\/strong> Ofrecemos servicio en el extranjero con asistencia local en Norteam\u00e9rica, lo que garantiza un funcionamiento sin problemas en todo el mundo.<\/li>\n<li><strong>Centro de repuestos 24 horas al d\u00eda, 7 d\u00edas a la semana:<\/strong> Nuestro centro de piezas funciona las 24 horas del d\u00eda para proporcionarle los componentes necesarios cuando los necesite.<\/li>\n<li><strong>Servicios gratuitos:<\/strong> Proporcionamos dise\u00f1o de distribuci\u00f3n de f\u00e1brica gratuito, muestras de formas personalizadas, dise\u00f1o de f\u00f3rmulas de productos y dise\u00f1o de m\u00e1quinas.<\/li>\n<li><strong>Esquema de equipamiento 3D:<\/strong> Experimente una visualizaci\u00f3n en 3D de nuestro esquema de equipamiento para una mejor planificaci\u00f3n y comprensi\u00f3n.<\/li>\n<li><strong>Visita de producci\u00f3n de la f\u00e1brica del cliente:<\/strong> Visite nuestra f\u00e1brica real para ser testigo de la profesionalidad y fiabilidad de nuestro proceso de producci\u00f3n.<\/li>\n<li><strong>Profesional y fiable:<\/strong> Con un historial probado y operaciones reales en f\u00e1brica, respaldamos la calidad y el rendimiento de nuestras m\u00e1quinas.<\/li>\n<\/ul>\n<p><strong>Obtenga una cotizaci\u00f3n ahora:<\/strong> Para una cotizaci\u00f3n r\u00e1pida y para aprender m\u00e1s sobre nuestra l\u00ednea de producci\u00f3n de Boba que estalla, \u00e9ntrenos en contacto con hoy. Experimente lo mejor en servicios OEM\/ODM con los precios m\u00e1s bajos y garant\u00edas de la industria.<\/p>\n<p><a href=\"https:\/\/www.jymachinetech.com\/es\/?attachment_id=3977\" rel=\"attachment wp-att-3977\" target=\"_blank\"><img fetchpriority=\"high\" decoding=\"async\" class=\"alignnone size-full wp-image-3977\" title=\"l\u00ednea de producci\u00f3n de popping boba a la venta - f\u00e1brica de m\u00e1quinas de popping boba\" src=\"https:\/\/www.jymachinetech.com\/wp-content\/uploads\/2021\/12\/popping-boba-machine-certification.png\" alt=\"l\u00ednea de producci\u00f3n de popping boba a la venta - f\u00e1brica de m\u00e1quinas de popping boba\" width=\"999\" height=\"468\" srcset=\"https:\/\/www.jymachinetech.com\/wp-content\/uploads\/2021\/12\/popping-boba-machine-certification.png 999w, https:\/\/www.jymachinetech.com\/wp-content\/uploads\/2021\/12\/popping-boba-machine-certification-18x8.png 18w, https:\/\/www.jymachinetech.com\/wp-content\/uploads\/2021\/12\/popping-boba-machine-certification-600x281.png 600w\" sizes=\"(max-width: 999px) 100vw, 999px\" \/><\/a><\/p>\n<p>&nbsp;<\/p>\n<h2>Flujo de proceso de la m\u00e1quina de hacer estallar Boba<\/h2>\n<p>Prepare el material de relleno y el l\u00edquido de reacci\u00f3n por separado.<br \/>\ndepositar-filtrar el l\u00edquido de reacci\u00f3n-reciclar el l\u00edquido de reacci\u00f3n-lavar y recoger los bobs<\/p>\n<p><img decoding=\"async\" class=\"alignnone wp-image-3978 size-large\" title=\"l\u00ednea de producci\u00f3n de popping boba a la venta - f\u00e1brica de m\u00e1quinas de popping boba\" src=\"https:\/\/www.jymachinetech.com\/wp-content\/uploads\/2021\/12\/Pasted-e1669189150569-1024x487.png\" alt=\"l\u00ednea de producci\u00f3n de popping boba a la venta - f\u00e1brica de m\u00e1quinas de popping boba\" width=\"1024\" height=\"487\" \/><\/p>\n<p>&nbsp;<\/p>\n<p>&nbsp;<\/p>\n<div class=\"table-responsive\">\n<table style=\"width: 100%;\">\n<tbody>\n<tr>\n<td style=\"text-align: center;\">Modelo<\/td>\n<td style=\"text-align: center;\">JYP 50<\/td>\n<td style=\"text-align: center;\">100 JYP<\/td>\n<td style=\"text-align: center;\">JYP 300<\/td>\n<td style=\"text-align: center;\">500 JYP<\/td>\n<\/tr>\n<tr>\n<td style=\"text-align: center;\">Capacidad<\/td>\n<td style=\"text-align: center;\">30-50 kg\/hora<\/td>\n<td style=\"text-align: center;\">50-100 kg\/hora<\/td>\n<td style=\"text-align: center;\">200-300 kg\/hora<\/td>\n<td style=\"text-align: center;\">300-500 kg\/hora<\/td>\n<\/tr>\n<tr>\n<td style=\"text-align: center;\">Organizaci\u00f3n del tama\u00f1o del producto<\/td>\n<td style=\"text-align: center;\">8-50 mm<\/td>\n<td style=\"text-align: center;\">8-50 mm<\/td>\n<td style=\"text-align: center;\">8-50 mm<\/td>\n<td style=\"text-align: center;\">8-50 mm<\/td>\n<\/tr>\n<\/tbody>\n<\/table>\n<\/div>\n<p>&nbsp;<\/p>\n<p>&nbsp;<\/p>\n<h2>Sistema de cocina Popping Boba Machine<\/h2>\n<p><img decoding=\"async\" class=\"alignnone wp-image-1739 size-full\" title=\"l\u00ednea de producci\u00f3n de popping boba a la venta - f\u00e1brica de m\u00e1quinas de popping boba\" src=\"https:\/\/www.jymachinetech.com\/wp-content\/uploads\/2021\/12\/1kitchen-system.jpg\" alt=\"l\u00ednea de producci\u00f3n de popping boba a la venta - f\u00e1brica de m\u00e1quinas de popping boba\" width=\"999\" height=\"666\" srcset=\"https:\/\/www.jymachinetech.com\/wp-content\/uploads\/2021\/12\/1kitchen-system.jpg 999w, https:\/\/www.jymachinetech.com\/wp-content\/uploads\/2021\/12\/1kitchen-system-18x12.jpg 18w, https:\/\/www.jymachinetech.com\/wp-content\/uploads\/2021\/12\/1kitchen-system-600x400.jpg 600w\" sizes=\"(max-width: 999px) 100vw, 999px\" \/><\/p>\n<h2>Sistema de dep\u00f3sito<\/h2>\n<p><img loading=\"lazy\" decoding=\"async\" class=\"alignnone wp-image-1740 size-full\" title=\"l\u00ednea de producci\u00f3n de popping boba a la venta - f\u00e1brica de m\u00e1quinas de popping boba\" src=\"https:\/\/www.jymachinetech.com\/wp-content\/uploads\/2021\/12\/2Depositing-head.jpg\" alt=\"l\u00ednea de producci\u00f3n de popping boba a la venta - f\u00e1brica de m\u00e1quinas de popping boba\" width=\"999\" height=\"666\" srcset=\"https:\/\/www.jymachinetech.com\/wp-content\/uploads\/2021\/12\/2Depositing-head.jpg 999w, https:\/\/www.jymachinetech.com\/wp-content\/uploads\/2021\/12\/2Depositing-head-18x12.jpg 18w, https:\/\/www.jymachinetech.com\/wp-content\/uploads\/2021\/12\/2Depositing-head-600x400.jpg 600w\" sizes=\"(max-width: 999px) 100vw, 999px\" \/><\/p>\n<h2>Depositante de Popping boba maker<\/h2>\n<p><img loading=\"lazy\" decoding=\"async\" class=\"alignnone wp-image-1741 size-full\" title=\"l\u00ednea de producci\u00f3n de popping boba a la venta - f\u00e1brica de m\u00e1quinas de popping boba\" src=\"https:\/\/www.jymachinetech.com\/wp-content\/uploads\/2021\/12\/3Depostor.jpg\" alt=\"l\u00ednea de producci\u00f3n de popping boba a la venta - f\u00e1brica de m\u00e1quinas de popping boba\" width=\"999\" height=\"666\" srcset=\"https:\/\/www.jymachinetech.com\/wp-content\/uploads\/2021\/12\/3Depostor.jpg 999w, https:\/\/www.jymachinetech.com\/wp-content\/uploads\/2021\/12\/3Depostor-18x12.jpg 18w, https:\/\/www.jymachinetech.com\/wp-content\/uploads\/2021\/12\/3Depostor-600x400.jpg 600w\" sizes=\"(max-width: 999px) 100vw, 999px\" \/><\/p>\n<h2>Sistema de circulaci\u00f3n de la m\u00e1quina de hacer estallar boba<\/h2>\n<p><img loading=\"lazy\" decoding=\"async\" class=\"alignnone wp-image-1742 size-full\" title=\"l\u00ednea de producci\u00f3n de popping boba a la venta - f\u00e1brica de m\u00e1quinas de popping boba\" src=\"https:\/\/www.jymachinetech.com\/wp-content\/uploads\/2021\/12\/4circulation-system.jpg\" alt=\"l\u00ednea de producci\u00f3n de popping boba a la venta - f\u00e1brica de m\u00e1quinas de popping boba\" width=\"999\" height=\"666\" srcset=\"https:\/\/www.jymachinetech.com\/wp-content\/uploads\/2021\/12\/4circulation-system.jpg 999w, https:\/\/www.jymachinetech.com\/wp-content\/uploads\/2021\/12\/4circulation-system-18x12.jpg 18w, https:\/\/www.jymachinetech.com\/wp-content\/uploads\/2021\/12\/4circulation-system-600x400.jpg 600w\" sizes=\"(max-width: 999px) 100vw, 999px\" \/><\/p>\n<h2>El sistema de reacci\u00f3n de la m\u00e1quina de hacer estallar boba<\/h2>\n<p><img loading=\"lazy\" decoding=\"async\" class=\"alignnone wp-image-1743 size-full\" title=\"l\u00ednea de producci\u00f3n de popping boba a la venta - f\u00e1brica de m\u00e1quinas de popping boba\" src=\"https:\/\/www.jymachinetech.com\/wp-content\/uploads\/2021\/12\/5reaction-system.jpg\" alt=\"l\u00ednea de producci\u00f3n de popping boba a la venta - f\u00e1brica de m\u00e1quinas de popping boba\" width=\"999\" height=\"666\" srcset=\"https:\/\/www.jymachinetech.com\/wp-content\/uploads\/2021\/12\/5reaction-system.jpg 999w, https:\/\/www.jymachinetech.com\/wp-content\/uploads\/2021\/12\/5reaction-system-18x12.jpg 18w, https:\/\/www.jymachinetech.com\/wp-content\/uploads\/2021\/12\/5reaction-system-600x400.jpg 600w\" sizes=\"(max-width: 999px) 100vw, 999px\" \/><\/p>\n<h2>Sistema de filtraci\u00f3n<\/h2>\n<p><img loading=\"lazy\" decoding=\"async\" class=\"alignnone size-full wp-image-1744\" title=\"l\u00ednea de producci\u00f3n de popping boba a la venta - f\u00e1brica de m\u00e1quinas de popping boba\" src=\"https:\/\/www.jymachinetech.com\/wp-content\/uploads\/2021\/12\/6Filtration-system.jpg\" alt=\"l\u00ednea de producci\u00f3n de popping boba a la venta - f\u00e1brica de m\u00e1quinas de popping boba\" width=\"999\" height=\"666\" srcset=\"https:\/\/www.jymachinetech.com\/wp-content\/uploads\/2021\/12\/6Filtration-system.jpg 999w, https:\/\/www.jymachinetech.com\/wp-content\/uploads\/2021\/12\/6Filtration-system-18x12.jpg 18w, https:\/\/www.jymachinetech.com\/wp-content\/uploads\/2021\/12\/6Filtration-system-600x400.jpg 600w\" sizes=\"(max-width: 999px) 100vw, 999px\" \/><\/p>\n<h2>Sistema de limpieza<\/h2>\n<p><img loading=\"lazy\" decoding=\"async\" class=\"alignnone size-full wp-image-1745\" title=\"l\u00ednea de producci\u00f3n de popping boba a la venta - f\u00e1brica de m\u00e1quinas de popping boba\" src=\"https:\/\/www.jymachinetech.com\/wp-content\/uploads\/2021\/12\/7Cleaning-system-.jpg\" alt=\"l\u00ednea de producci\u00f3n de popping boba a la venta - f\u00e1brica de m\u00e1quinas de popping boba\" width=\"999\" height=\"666\" srcset=\"https:\/\/www.jymachinetech.com\/wp-content\/uploads\/2021\/12\/7Cleaning-system-.jpg 999w, https:\/\/www.jymachinetech.com\/wp-content\/uploads\/2021\/12\/7Cleaning-system--18x12.jpg 18w, https:\/\/www.jymachinetech.com\/wp-content\/uploads\/2021\/12\/7Cleaning-system--600x400.jpg 600w\" sizes=\"(max-width: 999px) 100vw, 999px\" \/><\/p>\n<h2>Sistema de esterilizaci\u00f3n<\/h2>\n<p><img loading=\"lazy\" decoding=\"async\" class=\"alignnone size-full wp-image-1750\" title=\"l\u00ednea de producci\u00f3n de popping boba a la venta - f\u00e1brica de m\u00e1quinas de popping boba\" src=\"https:\/\/www.jymachinetech.com\/wp-content\/uploads\/2021\/12\/Sterilization-system.jpg\" alt=\"l\u00ednea de producci\u00f3n de popping boba a la venta - f\u00e1brica de m\u00e1quinas de popping boba\" width=\"999\" height=\"666\" srcset=\"https:\/\/www.jymachinetech.com\/wp-content\/uploads\/2021\/12\/Sterilization-system.jpg 999w, https:\/\/www.jymachinetech.com\/wp-content\/uploads\/2021\/12\/Sterilization-system-18x12.jpg 18w, https:\/\/www.jymachinetech.com\/wp-content\/uploads\/2021\/12\/Sterilization-system-600x400.jpg 600w\" sizes=\"(max-width: 999px) 100vw, 999px\" \/><\/p>\n<h2>Otros detalles de la m\u00e1quina de hacer estallar boba<\/h2>\n<p><img loading=\"lazy\" decoding=\"async\" class=\"alignnone wp-image-3979 size-large\" title=\"l\u00ednea de producci\u00f3n de popping boba a la venta - f\u00e1brica de m\u00e1quinas de popping boba\" src=\"https:\/\/www.jymachinetech.com\/wp-content\/uploads\/2021\/12\/Pasted-1-1024x588.png\" alt=\"l\u00ednea de producci\u00f3n de popping boba a la venta - f\u00e1brica de m\u00e1quinas de popping boba\" width=\"1024\" height=\"588\" \/><\/p>\n<p>&nbsp;<\/p>\n<p><img loading=\"lazy\" decoding=\"async\" class=\"alignnone wp-image-3983 size-full\" title=\"l\u00ednea de producci\u00f3n de popping boba a la venta - f\u00e1brica de m\u00e1quinas de popping boba\" src=\"https:\/\/www.jymachinetech.com\/wp-content\/uploads\/2021\/12\/Pasted-5-e1669189598428.png\" alt=\"l\u00ednea de producci\u00f3n de popping boba a la venta - f\u00e1brica de m\u00e1quinas de popping boba\" width=\"999\" height=\"522\" srcset=\"https:\/\/www.jymachinetech.com\/wp-content\/uploads\/2021\/12\/Pasted-5-e1669189598428.png 999w, https:\/\/www.jymachinetech.com\/wp-content\/uploads\/2021\/12\/Pasted-5-e1669189598428-18x9.png 18w, https:\/\/www.jymachinetech.com\/wp-content\/uploads\/2021\/12\/Pasted-5-e1669189598428-600x314.png 600w\" sizes=\"(max-width: 999px) 100vw, 999px\" \/><\/p>\n<p>&nbsp;<\/p>\n<p><img loading=\"lazy\" decoding=\"async\" class=\"alignnone wp-image-1749 size-full\" title=\"l\u00ednea de producci\u00f3n de popping boba a la venta - f\u00e1brica de m\u00e1quinas de popping boba\" src=\"https:\/\/www.jymachinetech.com\/wp-content\/uploads\/2021\/12\/Popping-Boba-Production-Line-product.jpg\" alt=\"l\u00ednea de producci\u00f3n de popping boba a la venta - f\u00e1brica de m\u00e1quinas de popping boba\" width=\"999\" height=\"666\" srcset=\"https:\/\/www.jymachinetech.com\/wp-content\/uploads\/2021\/12\/Popping-Boba-Production-Line-product.jpg 999w, https:\/\/www.jymachinetech.com\/wp-content\/uploads\/2021\/12\/Popping-Boba-Production-Line-product-18x12.jpg 18w, https:\/\/www.jymachinetech.com\/wp-content\/uploads\/2021\/12\/Popping-Boba-Production-Line-product-600x400.jpg 600w\" sizes=\"(max-width: 999px) 100vw, 999px\" \/><\/p>\n<p>&nbsp;<\/p>\n<p>&nbsp;<\/p>\n<p><img loading=\"lazy\" decoding=\"async\" class=\"alignnone wp-image-3984 size-full\" title=\"l\u00ednea de producci\u00f3n de popping boba a la venta - f\u00e1brica de m\u00e1quinas de popping boba\" src=\"https:\/\/www.jymachinetech.com\/wp-content\/uploads\/2021\/12\/Pasted-6-e1669190051611.png\" alt=\"l\u00ednea de producci\u00f3n de popping boba a la venta - f\u00e1brica de m\u00e1quinas de popping boba\" width=\"999\" height=\"690\" srcset=\"https:\/\/www.jymachinetech.com\/wp-content\/uploads\/2021\/12\/Pasted-6-e1669190051611.png 999w, https:\/\/www.jymachinetech.com\/wp-content\/uploads\/2021\/12\/Pasted-6-e1669190051611-18x12.png 18w, https:\/\/www.jymachinetech.com\/wp-content\/uploads\/2021\/12\/Pasted-6-e1669190051611-600x414.png 600w\" sizes=\"(max-width: 999px) 100vw, 999px\" \/><\/p>\n<h2><span lang=\"EN-US\">Aplicaci\u00f3n para hacer estallar boba<\/span><\/h2>\n<p><img loading=\"lazy\" decoding=\"async\" class=\"alignnone size-large wp-image-1547\" title=\"l\u00ednea de producci\u00f3n de popping boba a la venta - f\u00e1brica de m\u00e1quinas de popping boba\" src=\"https:\/\/www.jymachinetech.com\/wp-content\/uploads\/2021\/12\/Popping-boba-production-line-9-1024x270.png\" alt=\"l\u00ednea de producci\u00f3n de popping boba a la venta - f\u00e1brica de m\u00e1quinas de popping boba\" width=\"1024\" height=\"270\" \/><\/p>\n<h2><span lang=\"EN-US\">\u00bfQu\u00e9 tipo de envase para hacer estallar boba?<\/span><\/h2>\n<p>La siguiente forma de embalaje puede almacenar durante m\u00e1s tiempo.<\/p>\n<p><img loading=\"lazy\" decoding=\"async\" class=\"alignnone size-full wp-image-1548\" title=\"l\u00ednea de producci\u00f3n de popping boba a la venta - f\u00e1brica de m\u00e1quinas de popping boba\" src=\"https:\/\/www.jymachinetech.com\/wp-content\/uploads\/2021\/12\/Popping-boba-production-line-10.png\" alt=\"l\u00ednea de producci\u00f3n de popping boba a la venta - f\u00e1brica de m\u00e1quinas de popping boba\" width=\"1008\" height=\"410\" srcset=\"https:\/\/www.jymachinetech.com\/wp-content\/uploads\/2021\/12\/Popping-boba-production-line-10.png 1008w, https:\/\/www.jymachinetech.com\/wp-content\/uploads\/2021\/12\/Popping-boba-production-line-10-18x7.png 18w, https:\/\/www.jymachinetech.com\/wp-content\/uploads\/2021\/12\/Popping-boba-production-line-10-600x244.png 600w\" sizes=\"(max-width: 1008px) 100vw, 1008px\" \/><\/p>\n<h2>Entrega en todo el mundo<\/h2>\n<h2><img loading=\"lazy\" decoding=\"async\" class=\"alignnone wp-image-3981 size-large\" title=\"l\u00ednea de producci\u00f3n de popping boba a la venta - f\u00e1brica de m\u00e1quinas de popping boba\" src=\"https:\/\/www.jymachinetech.com\/wp-content\/uploads\/2021\/12\/Pasted-3-1024x532.png\" alt=\"l\u00ednea de producci\u00f3n de popping boba a la venta - f\u00e1brica de m\u00e1quinas de popping boba\" width=\"1024\" height=\"532\" \/><\/h2>\n<h2>\u00bfEst\u00e1s preocupado por la receta de boba popping?<\/h2>\n<p><img loading=\"lazy\" decoding=\"async\" class=\"alignnone wp-image-3985 size-large\" title=\"l\u00ednea de producci\u00f3n de popping boba a la venta - f\u00e1brica de m\u00e1quinas de popping boba\" src=\"https:\/\/www.jymachinetech.com\/wp-content\/uploads\/2021\/12\/Pasted-7-1024x827.png\" alt=\"l\u00ednea de producci\u00f3n de popping boba a la venta - f\u00e1brica de m\u00e1quinas de popping boba\" width=\"1024\" height=\"827\" \/><\/p>\n<p>&nbsp;<\/p>\n<h3>Preguntas frecuentes (FAQ) sobre la l\u00ednea de producci\u00f3n Popping Boba<\/h3>\n<p><strong>P: \u00bfQu\u00e9 son exactamente los popping boba?<\/strong><\/p>\n<p>R: Las boba de explosi\u00f3n, tambi\u00e9n conocidas como \u201cperlas de zumo\u201d, son peque\u00f1as esferas arom\u00e1ticas que se utilizan en bebidas, sobre todo en el t\u00e9 de burbujas. Tienen una fina capa exterior gelatinosa que encapsula un relleno l\u00edquido, creando una explosi\u00f3n de zumo al morderla. A diferencia de las perlas de tapioca tradicionales, la boba popping se elabora con ingredientes como alginato de sodio y lactato o cloruro de calcio, y puede rellenarse con zumos de fruta, siropes u otros aromas.<\/p>\n<p><strong>P: \u00bfPuede la m\u00e1quina producir diferentes tipos de boba, como boba popping y perlas de konjac?<\/strong><\/p>\n<p>R: Por supuesto. Nuestra vers\u00e1til l\u00ednea de producci\u00f3n de popping boba es capaz de fabricar no s\u00f3lo popping boba sino tambi\u00e9n perlas de konjac, ofreci\u00e9ndole la flexibilidad necesaria para satisfacer las distintas demandas del mercado con una sola m\u00e1quina.<\/p>\n<p><strong>P: \u00bfCu\u00e1ntos trozos de boba popping puede producir la m\u00e1quina por hora?<\/strong><\/p>\n<p>R: La capacidad de producci\u00f3n var\u00eda en funci\u00f3n del tama\u00f1o del boba que se produzca. Como referencia, nuestras m\u00e1quinas pueden producir un m\u00ednimo de 172.800 piezas por hora. Podemos proporcionarle \u00edndices de producci\u00f3n espec\u00edficos en funci\u00f3n de las especificaciones de boba que desee.<\/p>\n<p><strong>P: \u00bfPuede la m\u00e1quina crear boba popping con diferentes sabores?<\/strong><\/p>\n<p>R: S\u00ed, nuestra m\u00e1quina est\u00e1 dise\u00f1ada para producir boba popping de distintos sabores. Puede personalizar el relleno con diferentes zumos de frutas, siropes u otros aromas para crear una amplia gama de productos.<\/p>\n<p><strong>P: \u00bfProporcionar\u00e1n la f\u00f3rmula para hacer boba popping?<\/strong><\/p>\n<p>R: S\u00ed, ofrecemos una f\u00f3rmula completa adaptada a las necesidades de cada cliente. Nuestro equipo de expertos le guiar\u00e1 a lo largo del proceso, asegur\u00e1ndose de que pueda producir boba popping de alta calidad que cumpla sus requisitos espec\u00edficos.<\/p>\n<p><strong>P: \u00bfCu\u00e1l es el plazo de entrega si decido pedir la m\u00e1quina ahora?<\/strong><\/p>\n<p>R: El plazo de entrega de nuestra l\u00ednea de producci\u00f3n Popping Boba suele oscilar entre 15 y 30 d\u00edas para el modelo m\u00e1s peque\u00f1o. Sin embargo, para obtener un plazo de entrega exacto y satisfacer sus necesidades espec\u00edficas, lo mejor es consultar con nuestro equipo de ventas en el momento de realizar el pedido.<\/p>\n<p><strong>P: \u00bfC\u00f3mo debo mantener la m\u00e1quina para garantizar su longevidad y un rendimiento \u00f3ptimo?<\/strong><\/p>\n<p>R: Proporcionamos un manual de mantenimiento detallado con la compra de cada m\u00e1quina. Este manual incluye instrucciones sobre el funcionamiento diario, el mantenimiento rutinario y directrices para resolver problemas comunes. Un mantenimiento adecuado no solo prolonga la vida \u00fatil de la m\u00e1quina, sino que tambi\u00e9n garantiza una calidad constante del producto.<\/p>\n<p><strong>P: \u00bfQu\u00e9 tipo de asistencia puedo esperar despu\u00e9s de la compra?<\/strong><\/p>\n<p>R: Nuestro compromiso con la satisfacci\u00f3n del cliente va m\u00e1s all\u00e1 de la venta. Ofrecemos asistencia continua, incluido el acceso a nuestro centro de piezas 24 horas al d\u00eda, 7 d\u00edas a la semana, dise\u00f1o de planos de f\u00e1brica gratuito, muestras de formas personalizadas y consultas sobre dise\u00f1o de productos y m\u00e1quinas. Tambi\u00e9n le invitamos a visitar nuestra f\u00e1brica para conocer de primera mano nuestras capacidades de producci\u00f3n.<\/p>\n<p><strong>P: \u00bfExiste una garant\u00eda para la l\u00ednea de producci\u00f3n Popping Boba?<\/strong><\/p>\n<p>R: S\u00ed, nuestras m\u00e1quinas cuentan con las garant\u00edas est\u00e1ndar del sector para su tranquilidad. Adem\u00e1s, nuestro equipo de servicio posventa est\u00e1 siempre dispuesto a ayudarle con cualquier pregunta o duda que pueda surgir.<\/p>","protected":false},"excerpt":{"rendered":"<div class=\"content-style\">\n<ul>\n<li>Servoaccionamiento y control PLC<\/li>\n<li>Tama\u00f1o ajustable de 3 mm a 40 mm<\/li>\n<li>Soporte de f\u00f3rmulas y pruebas<\/li>\n<li>Sistema de circulaci\u00f3n<\/li>\n<li>Sistema de esterilizaci\u00f3n<\/li>\n<li>Sistema de envasado continuo<\/li>\n<li>Apoyo tecnol\u00f3gico las 24 horas<\/li>\n<li>Mantenimiento anual<\/li>\n<li>Instalaci\u00f3n en el extranjero<\/li>\n<\/ul>\n<\/div>","protected":false},"featured_media":1792,"comment_status":"closed","ping_status":"closed","template":"","meta":[],"product_brand":[],"product_cat":[18],"product_tag":[31,30,29],"class_list":{"0":"post-1537","1":"product","2":"type-product","3":"status-publish","4":"has-post-thumbnail","6":"product_cat-popping-boba-machine","7":"product_tag-cleaning-system","8":"product_tag-depositor","9":"product_tag-popping-boba-machine","11":"first","12":"instock","13":"shipping-taxable","14":"product-type-simple"},"_links":{"self":[{"href":"https:\/\/www.jymachinetech.com\/es\/wp-json\/wp\/v2\/product\/1537","targetHints":{"allow":["GET"]}}],"collection":[{"href":"https:\/\/www.jymachinetech.com\/es\/wp-json\/wp\/v2\/product"}],"about":[{"href":"https:\/\/www.jymachinetech.com\/es\/wp-json\/wp\/v2\/types\/product"}],"replies":[{"embeddable":true,"href":"https:\/\/www.jymachinetech.com\/es\/wp-json\/wp\/v2\/comments?post=1537"}],"version-history":[{"count":1,"href":"https:\/\/www.jymachinetech.com\/es\/wp-json\/wp\/v2\/product\/1537\/revisions"}],"predecessor-version":[{"id":7191,"href":"https:\/\/www.jymachinetech.com\/es\/wp-json\/wp\/v2\/product\/1537\/revisions\/7191"}],"wp:featuredmedia":[{"embeddable":true,"href":"https:\/\/www.jymachinetech.com\/es\/wp-json\/wp\/v2\/media\/1792"}],"wp:attachment":[{"href":"https:\/\/www.jymachinetech.com\/es\/wp-json\/wp\/v2\/media?parent=1537"}],"wp:term":[{"taxonomy":"product_brand","embeddable":true,"href":"https:\/\/www.jymachinetech.com\/es\/wp-json\/wp\/v2\/product_brand?post=1537"},{"taxonomy":"product_cat","embeddable":true,"href":"https:\/\/www.jymachinetech.com\/es\/wp-json\/wp\/v2\/product_cat?post=1537"},{"taxonomy":"product_tag","embeddable":true,"href":"https:\/\/www.jymachinetech.com\/es\/wp-json\/wp\/v2\/product_tag?post=1537"}],"curies":[{"name":"wp","href":"https:\/\/api.w.org\/{rel}","templated":true}]}}