{"id":1489,"date":"2021-12-23T09:04:54","date_gmt":"2021-12-23T09:04:54","guid":{"rendered":"https:\/\/www.jymachinetech.com\/?post_type=product&#038;p=1489"},"modified":"2025-07-25T05:59:17","modified_gmt":"2025-07-25T05:59:17","slug":"chocolate-conche-machine","status":"publish","type":"product","link":"https:\/\/www.jymachinetech.com\/es\/product\/chocolate-conche-machine\/","title":{"rendered":"M\u00e1quina de concha de chocolate | L\u00ednea de producci\u00f3n de chocolate"},"content":{"rendered":"<h2>M\u00e1quina para hacer conchas de chocolate: la opci\u00f3n de los artesanos para lograr un chocolate pulido y perfecto<\/h2>\n<p><strong>Descripci\u00f3n del producto:<\/strong> La m\u00e1quina para conchas de chocolate es una piedra angular de la elaboraci\u00f3n de chocolate fino dentro de la l\u00ednea de producci\u00f3n de chocolate. Esta m\u00e1quina refina el chocolate, suavizando su textura y mejorando su sabor mediante un proceso de mezclado y aireaci\u00f3n continuos.<\/p>\n<p><iframe title=\"M\u00e1quina envasadora de papel de aluminio para chocolate con forma de moneda de oro Junyu\" width=\"800\" height=\"600\" src=\"https:\/\/www.youtube.com\/embed\/MBu3kK5vzGU?list=PLkC9Irp2ZdYa4PmOAcxqLj_5W7hqWV4Cb\" frameborder=\"0\" allow=\"accelerometer; autoplay; clipboard-write; encrypted-media; gyroscope; picture-in-picture; web-share\" referrerpolicy=\"strict-origin-when-cross-origin\" allowfullscreen><\/iframe><\/p>\n<h2><strong>Ventajas clave:<\/strong><\/h2>\n<ul>\n<li><strong>Alta eficiencia:<\/strong> Nuestra m\u00e1quina de conchado est\u00e1 dise\u00f1ada para trabajar de manera eficiente, reduciendo el tiempo de conchado que normalmente se requiere para lograr una masa de chocolate suave y homog\u00e9nea.<\/li>\n<li><strong>F\u00e1cil operaci\u00f3n:<\/strong> Los controles f\u00e1ciles de usar y los procesos automatizados facilitan a los operadores la gesti\u00f3n del proceso de conchado, incluso para aquellos con experiencia m\u00ednima.<\/li>\n<li><strong>Mantenimiento conveniente:<\/strong> La estructura de la m\u00e1quina permite un f\u00e1cil acceso a todos los componentes, simplificando las rutinas de limpieza y mantenimiento para mantener la m\u00e1quina en \u00f3ptimas condiciones.<\/li>\n<li><strong>Estructura estricta y simple:<\/strong> Un dise\u00f1o compacto y aerodin\u00e1mico garantiza que la m\u00e1quina ocupe un espacio m\u00ednimo en su planta de producci\u00f3n y al mismo tiempo mantenga un rendimiento s\u00f3lido.<\/li>\n<li><strong>Componentes el\u00e9ctricos premium:<\/strong> Equipada con componentes el\u00e9ctricos importados de alta calidad, la m\u00e1quina ofrece confiabilidad y longevidad, reduciendo el riesgo de aver\u00edas y problemas de mantenimiento.<\/li>\n<\/ul>\n<h2><strong>Aspectos t\u00e9cnicos destacados:<\/strong><\/h2>\n<ul>\n<li><strong>Mezcla continua:<\/strong>\u00a0La m\u00e1quina de conche asegura una mezcla completa de la masa de chocolate, incorporando aire y refinando la textura.<\/li>\n<li><strong>Control de velocidad variable:<\/strong>\u00a0Permite a los operadores ajustar la intensidad de la mezcla para que coincida con las caracter\u00edsticas espec\u00edficas de los diferentes tipos de chocolate.<\/li>\n<li><strong>Regulaci\u00f3n de temperatura:<\/strong>\u00a0El control preciso de la temperatura dentro del conche garantiza que el chocolate se procese en condiciones \u00f3ptimas.<\/li>\n<li><strong>Dise\u00f1o Sanitario:<\/strong>\u00a0Cumple estrictos est\u00e1ndares de seguridad alimentaria con superficies y componentes f\u00e1ciles de limpiar.<\/li>\n<\/ul>\n<h2><strong>Aplicaciones:<\/strong><\/h2>\n<ul>\n<li>Ideal para chocolateros artesanales y fabricantes de chocolate a gran escala que buscan producir chocolate de alta calidad con una textura suave y un sabor rico.<\/li>\n<\/ul>\n<h2><strong>Atenci\u00f3n al cliente y servicios:<\/strong><\/h2>\n<ul>\n<li><strong>Instalaci\u00f3n profesional:<\/strong>\u00a0Nuestro equipo se asegura de que su m\u00e1quina conche est\u00e9 correctamente instalada e integrada en su l\u00ednea de producci\u00f3n.<\/li>\n<li><strong>Formaci\u00f3n Integral:<\/strong>\u00a0Brindamos capacitaci\u00f3n exhaustiva para que su personal pueda operar y mantener la m\u00e1quina conche de manera eficiente.<\/li>\n<li><strong>Servicio postventa:<\/strong>\u00a0Ofreciendo soporte r\u00e1pido y efectivo para cualquier problema operativo, asegurando una interrupci\u00f3n m\u00ednima en su producci\u00f3n.<\/li>\n<li><strong>Piezas de repuesto:<\/strong>\u00a0Un suministro confiable de repuestos para mantener su m\u00e1quina conche en \u00f3ptimas condiciones.<\/li>\n<\/ul>\n<h2><strong>\u00bfPor qu\u00e9 elegir nuestra m\u00e1quina para hacer conchas de chocolate?<\/strong><\/h2>\n<ul>\n<li><strong>Calidad y rendimiento:<\/strong>\u00a0Construido con materiales y componentes de alta calidad para un rendimiento y durabilidad superiores.<\/li>\n<li><strong>Personalizaci\u00f3n y flexibilidad:<\/strong>\u00a0Dise\u00f1ado para satisfacer los requisitos espec\u00edficos de su proceso de conchado de chocolate.<\/li>\n<li><strong>Innovaci\u00f3n y tecnolog\u00eda:<\/strong>\u00a0Incorpora la \u00faltima tecnolog\u00eda para un refinado preciso y eficiente del chocolate.<\/li>\n<li><strong>Soporte de expertos:<\/strong>\u00a0Respaldados por un equipo de profesionales con amplia experiencia en equipos de producci\u00f3n de chocolate.<\/li>\n<\/ul>\n<p><strong>Obtenga una cotizaci\u00f3n ahora:<\/strong> Para obtener precios personalizados y obtener m\u00e1s informaci\u00f3n sobre c\u00f3mo nuestra m\u00e1quina Conche de chocolate puede refinar sus capacidades de producci\u00f3n de chocolate, cont\u00e1ctenos hoy.<\/p>\n<p>&nbsp;<\/p>\n<p><img fetchpriority=\"high\" decoding=\"async\" class=\"alignnone size-full wp-image-1491\" title=\"m\u00e1quina de concha de chocolate | l\u00ednea de producci\u00f3n de chocolate\" src=\"https:\/\/www.jymachinetech.com\/wp-content\/uploads\/2021\/12\/1616395069_Chocolate-Conche-Machine4.png\" alt=\"m\u00e1quina de concha de chocolate | l\u00ednea de producci\u00f3n de chocolate\" width=\"612\" height=\"368\" srcset=\"https:\/\/www.jymachinetech.com\/wp-content\/uploads\/2021\/12\/1616395069_Chocolate-Conche-Machine4.png 612w, https:\/\/www.jymachinetech.com\/wp-content\/uploads\/2021\/12\/1616395069_Chocolate-Conche-Machine4-18x12.png 18w, https:\/\/www.jymachinetech.com\/wp-content\/uploads\/2021\/12\/1616395069_Chocolate-Conche-Machine4-600x361.png 600w\" sizes=\"(max-width: 612px) 100vw, 612px\" \/><\/p>\n<div class=\"table-responsive\">\n<table style=\"width: 100%;\">\n<tbody>\n<tr>\n<td style=\"text-align: center;\">Modelo<\/td>\n<td style=\"text-align: center;\">JY-100L<\/td>\n<td style=\"text-align: center;\">JY-500L<\/td>\n<td style=\"text-align: center;\">JY-1000L<\/td>\n<td style=\"text-align: center;\">JY-3000L<\/td>\n<\/tr>\n<tr>\n<td style=\"text-align: center;\">Volumen efectivo<\/td>\n<td style=\"text-align: center;\">100L<\/td>\n<td style=\"text-align: center;\">500L<\/td>\n<td style=\"text-align: center;\">1000L<\/td>\n<td style=\"text-align: center;\">3000L<\/td>\n<\/tr>\n<tr>\n<td style=\"text-align: center;\">Finura de molienda fina<\/td>\n<td style=\"text-align: center;\">20~25um<\/td>\n<td style=\"text-align: center;\">20~25um<\/td>\n<td style=\"text-align: center;\">20~25um<\/td>\n<td style=\"text-align: center;\">20~25um<\/td>\n<\/tr>\n<tr>\n<td style=\"text-align: center;\">Velocidad de rotaci\u00f3n del eje principal<\/td>\n<td style=\"text-align: center;\">48r\/min<\/td>\n<td style=\"text-align: center;\">33r\/min<\/td>\n<td style=\"text-align: center;\">35r\/min<\/td>\n<td style=\"text-align: center;\">35r\/min<\/td>\n<\/tr>\n<tr>\n<td style=\"text-align: center;\">Tiempo de molienda fina<\/td>\n<td style=\"text-align: center;\">12~16h<\/td>\n<td style=\"text-align: center;\">16~22h<\/td>\n<td style=\"text-align: center;\">16~22h<\/td>\n<td style=\"text-align: center;\">16~22h<\/td>\n<\/tr>\n<\/tbody>\n<\/table>\n<\/div>","protected":false},"excerpt":{"rendered":"<p>El Chocolate Conche es uno de los principales equipos que se utiliza para la molienda fina de chocolates y tambi\u00e9n es adecuado para la molienda fina de harina de soja, as\u00ed como los productos qu\u00edmicos industriales de uso diario para granularidad de alto est\u00e1ndar. El tiempo de molienda fina es de aproximadamente 14 a 20 horas, la granularidad promedio puede alcanzar los 20 \u03bcm. Es un equipo clave para la molienda fina de materiales de pasta de chocolate en la l\u00ednea de producci\u00f3n de chocolate. Y es adecuado especialmente para la solicitud t\u00e9cnica de peque\u00f1as f\u00e1bricas de chocolate y dulces.<\/p>","protected":false},"featured_media":1492,"comment_status":"closed","ping_status":"closed","template":"","meta":[],"product_brand":[],"product_cat":[17],"product_tag":[],"class_list":{"0":"post-1489","1":"product","2":"type-product","3":"status-publish","4":"has-post-thumbnail","6":"product_cat-chocolate-machine","8":"first","9":"instock","10":"shipping-taxable","11":"product-type-simple"},"_links":{"self":[{"href":"https:\/\/www.jymachinetech.com\/es\/wp-json\/wp\/v2\/product\/1489","targetHints":{"allow":["GET"]}}],"collection":[{"href":"https:\/\/www.jymachinetech.com\/es\/wp-json\/wp\/v2\/product"}],"about":[{"href":"https:\/\/www.jymachinetech.com\/es\/wp-json\/wp\/v2\/types\/product"}],"replies":[{"embeddable":true,"href":"https:\/\/www.jymachinetech.com\/es\/wp-json\/wp\/v2\/comments?post=1489"}],"version-history":[{"count":1,"href":"https:\/\/www.jymachinetech.com\/es\/wp-json\/wp\/v2\/product\/1489\/revisions"}],"predecessor-version":[{"id":7196,"href":"https:\/\/www.jymachinetech.com\/es\/wp-json\/wp\/v2\/product\/1489\/revisions\/7196"}],"wp:featuredmedia":[{"embeddable":true,"href":"https:\/\/www.jymachinetech.com\/es\/wp-json\/wp\/v2\/media\/1492"}],"wp:attachment":[{"href":"https:\/\/www.jymachinetech.com\/es\/wp-json\/wp\/v2\/media?parent=1489"}],"wp:term":[{"taxonomy":"product_brand","embeddable":true,"href":"https:\/\/www.jymachinetech.com\/es\/wp-json\/wp\/v2\/product_brand?post=1489"},{"taxonomy":"product_cat","embeddable":true,"href":"https:\/\/www.jymachinetech.com\/es\/wp-json\/wp\/v2\/product_cat?post=1489"},{"taxonomy":"product_tag","embeddable":true,"href":"https:\/\/www.jymachinetech.com\/es\/wp-json\/wp\/v2\/product_tag?post=1489"}],"curies":[{"name":"wp","href":"https:\/\/api.w.org\/{rel}","templated":true}]}}