{"id":1471,"date":"2021-12-22T14:19:46","date_gmt":"2021-12-22T14:19:46","guid":{"rendered":"https:\/\/www.jymachinetech.com\/?post_type=product&#038;p=1471"},"modified":"2025-07-25T06:00:15","modified_gmt":"2025-07-25T06:00:15","slug":"caramel-candy-depositing-line","status":"publish","type":"product","link":"https:\/\/www.jymachinetech.com\/es\/product\/caramel-candy-depositing-line\/","title":{"rendered":"L\u00ednea de dep\u00f3sito de caramelos | maquina para hacer dulces"},"content":{"rendered":"<h2>L\u00ednea de Dep\u00f3sito de Caramelos: Precisi\u00f3n y Versatilidad en la Fabricaci\u00f3n de Caramelos<\/h2>\n<p><strong>Descripci\u00f3n del producto:<\/strong> Logre una producci\u00f3n de toffee y caramelo de alta calidad con nuestra l\u00ednea de dosificaci\u00f3n totalmente autom\u00e1tica, accionada por servomotor y controlada por PLC. Este sistema de \u00faltima generaci\u00f3n est\u00e1 dise\u00f1ado para crear una variedad de formas y colores, incluidos rellenos centrales de valor agregado, como chocolate y mermelada.<\/p>\n<p><iframe title=\"Equipo de caramelos duros blandos Junyu, m\u00e1quina para hacer caramelos foffy, m\u00e1quina depositadora de caramelos de toffee\" width=\"800\" height=\"450\" src=\"https:\/\/www.youtube.com\/embed\/mR4k0quXfBw?feature=oembed\" frameborder=\"0\" allow=\"accelerometer; autoplay; clipboard-write; encrypted-media; gyroscope; picture-in-picture; web-share\" referrerpolicy=\"strict-origin-when-cross-origin\" allowfullscreen><\/iframe><\/p>\n<h2><strong>Caracter\u00edsticas y beneficios clave:<\/strong><\/h2>\n<ul>\n<li><strong>Capacidades de personalizaci\u00f3n:<\/strong>\u00a0Cree caramelos de un solo color o rellenos en el centro con moldes personalizables seg\u00fan sus requisitos espec\u00edficos.<\/li>\n<li><strong>Sistema de control avanzado:<\/strong>\u00a0Equipado con un sistema servo para un control preciso sobre el proceso de elaboraci\u00f3n de dulces.<\/li>\n<li><strong>Componentes de la l\u00ednea completa:<\/strong>\u00a0Incluye un sistema autom\u00e1tico de pesaje y mezcla (opcional), sistema de disoluci\u00f3n a presi\u00f3n, cocinador de caramelos toffee, depositador, t\u00fanel de enfriamiento y m\u00e1s.<\/li>\n<\/ul>\n<h2><strong>Especificaciones t\u00e9cnicas:<\/strong><\/h2>\n<ul>\n<li><strong>Capacidad:<\/strong>\u00a0Capaz de producir de 150 a 2000 kg por hora, escalable para satisfacer diversas necesidades de producci\u00f3n.<\/li>\n<li><strong>Flexibilidad de forma y tama\u00f1o:<\/strong>\u00a0Personalice la forma y el tama\u00f1o de los dulces para adaptarse a las demandas de su mercado.<\/li>\n<li><strong>Opciones de calefacci\u00f3n:<\/strong>\u00a0Disponible con calefacci\u00f3n el\u00e9ctrica o calefacci\u00f3n a vapor para adaptarse a su entorno de producci\u00f3n.<\/li>\n<\/ul>\n<h2><strong>Aplicaciones:<\/strong><\/h2>\n<ul>\n<li>Ideal para fabricantes de dulces que buscan producir una amplia gama de caramelos y toffees con diversos rellenos y presentaciones.<\/li>\n<\/ul>\n<p>&nbsp;<\/p>\n<div class=\"table-responsive\">\n<table style=\"width: 500px;\" border=\"1\" cellspacing=\"1\" cellpadding=\"1\">\n<tbody>\n<tr>\n<td>Modelo<\/td>\n<td>JYT-150<\/td>\n<td>JYT-300<\/td>\n<td>JYT-450<\/td>\n<td>JYT-600<\/td>\n<td>JYT-1200<\/td>\n<\/tr>\n<tr>\n<td>capacidad (kg\/hora)<\/td>\n<td>100-150<\/td>\n<td>200-300<\/td>\n<td>350-450<\/td>\n<td>600-1000<\/td>\n<td>1200-2000<\/td>\n<\/tr>\n<\/tbody>\n<\/table>\n<\/div>\n<p>&nbsp;<\/p>\n<p>&nbsp;<\/p>\n<h2><b>Cocina de caramelo<\/b><\/h2>\n<p><img fetchpriority=\"high\" decoding=\"async\" class=\"alignnone size-full wp-image-1476\" title=\"l\u00ednea de dep\u00f3sito de caramelos | maquina para hacer dulces\" src=\"https:\/\/www.jymachinetech.com\/wp-content\/uploads\/2021\/12\/image_1612150641_2.png\" alt=\"l\u00ednea de dep\u00f3sito de caramelos | maquina para hacer dulces\" width=\"336\" height=\"336\" srcset=\"https:\/\/www.jymachinetech.com\/wp-content\/uploads\/2021\/12\/image_1612150641_2.png 336w, https:\/\/www.jymachinetech.com\/wp-content\/uploads\/2021\/12\/image_1612150641_2-12x12.png 12w, https:\/\/www.jymachinetech.com\/wp-content\/uploads\/2021\/12\/image_1612150641_2-300x300.png 300w, https:\/\/www.jymachinetech.com\/wp-content\/uploads\/2021\/12\/image_1612150641_2-100x100.png 100w\" sizes=\"(max-width: 336px) 100vw, 336px\" \/><\/p>\n<p>Nuestra Toffee Cooker es una m\u00e1quina de \u00faltima generaci\u00f3n dise\u00f1ada para revolucionar la forma de producir toffee y caramelo. Con su innovador sistema de dos cocciones, esta m\u00e1quina garantiza una caramelizaci\u00f3n m\u00e1s r\u00e1pida y precisa, lo que da como resultado un producto final consistente y de alta calidad.<\/p>\n<h3><strong>Caracter\u00edsticas y beneficios clave:<\/strong><\/h3>\n<ul>\n<li><strong>Sistema de cocci\u00f3n dual:<\/strong> Dos ollas independientes trabajan en conjunto para cocinar y caramelizar simult\u00e1neamente, mejorando la eficiencia y el control.<\/li>\n<li><strong>Cocci\u00f3n al vapor de alta eficiencia:<\/strong> La cocci\u00f3n al vapor garantiza una distribuci\u00f3n uniforme del calor, menos burbujas de aire y una distorsi\u00f3n m\u00ednima para lograr una textura de caramelo perfecta.<\/li>\n<li><strong>Cocci\u00f3n y caramelizaci\u00f3n simult\u00e1neas:<\/strong> El funcionamiento independiente de los procesos de cocci\u00f3n y caramelizaci\u00f3n permite un control preciso sobre cada paso, garantizando resultados \u00f3ptimos.<\/li>\n<li><strong>Controles independientes para atributos de calidad:<\/strong> Ajuste el color, el sabor, la humedad y la textura con controles individuales, adaptando el toffee a sus especificaciones exactas.<\/li>\n<li><strong>Alimentador autom\u00e1tico de ingredientes:<\/strong> Esta caracter\u00edstica permite cambios r\u00e1pidos entre lotes, lo que reduce el tiempo de inactividad y aumenta la velocidad de producci\u00f3n.<\/li>\n<li><strong>Baja tasa de desechos:<\/strong> La precisi\u00f3n del Toffee Cooker minimiza el desperdicio, lo que genera una menor tasa de desechos y costos reducidos.<\/li>\n<li><strong>Eficiencia laboral y de costos:<\/strong> Reduzca los requisitos de mano de obra y los costos laborales asociados con procesos automatizados que mantienen altos est\u00e1ndares de producci\u00f3n.<\/li>\n<li><strong>Adici\u00f3n autom\u00e1tica de color y sabor:<\/strong> Garantice perfiles de color y sabor consistentes en todos sus lotes de toffee con sistemas de adici\u00f3n automatizados.<\/li>\n<\/ul>\n<h3><strong>Especificaciones t\u00e9cnicas:<\/strong><\/h3>\n<ul>\n<li><strong>M\u00e9todo de cocci\u00f3n:<\/strong>\u00a0A base de vapor para una distribuci\u00f3n uniforme del calor.<\/li>\n<li><strong>Sistema de control:<\/strong>\u00a0Controles individuales para cada aspecto del proceso de cocci\u00f3n y caramelizaci\u00f3n.<\/li>\n<li><strong>Nivel de automatizaci\u00f3n:<\/strong>\u00a0Alto, con alimentadores autom\u00e1ticos y m\u00ednima intervenci\u00f3n manual requerida.<\/li>\n<\/ul>\n<h3><strong>Aplicaciones:<\/strong><\/h3>\n<ul>\n<li>Perfecto para fabricantes de dulces que producen toffee, caramelo y otros productos de confiter\u00eda sensibles al calor que requieren una cocci\u00f3n y caramelizaci\u00f3n precisas.<\/li>\n<\/ul>\n<h2><b>Sistema de dep\u00f3sito y t\u00fanel de enfriamiento<\/b><\/h2>\n<ul>\n<li>La superficie es esmerilada a prueba de agua, prolonga la vida \u00fatil, est\u00e1ndar GMP.<\/li>\n<li>Rayas o capas definidas con precisi\u00f3n.<\/li>\n<li>Dep\u00f3sito de alta precisi\u00f3n, sin desviaci\u00f3n.<\/li>\n<li>Moldes de silicona suave para una f\u00f3rmula m\u00e1s viscosa.<\/li>\n<li>Sistema de refrigeraci\u00f3n independiente para un control de temperatura m\u00e1s preciso.<\/li>\n<li>Dep\u00f3sito continuo y preciso, menos burbujas de aire y parpadeo.<\/li>\n<li>Funci\u00f3n de lavado autom\u00e1tico, sistema de limpieza de tuber\u00eda \u00fanica estructura cercana, ahorra espacio.<\/li>\n<\/ul>\n<p><img decoding=\"async\" class=\"alignnone size-full wp-image-1474\" title=\"l\u00ednea de dep\u00f3sito de caramelos | maquina para hacer dulces\" src=\"https:\/\/www.jymachinetech.com\/wp-content\/uploads\/2021\/12\/1627005781_IMG_1892.jpg\" alt=\"l\u00ednea de dep\u00f3sito de caramelos | maquina para hacer dulces\" width=\"600\" height=\"400\" srcset=\"https:\/\/www.jymachinetech.com\/wp-content\/uploads\/2021\/12\/1627005781_IMG_1892.jpg 600w, https:\/\/www.jymachinetech.com\/wp-content\/uploads\/2021\/12\/1627005781_IMG_1892-18x12.jpg 18w\" sizes=\"(max-width: 600px) 100vw, 600px\" \/><\/p>\n<h2>Uso<\/h2>\n<p><img decoding=\"async\" class=\"alignnone size-full wp-image-1475\" title=\"l\u00ednea de dep\u00f3sito de caramelos | maquina para hacer dulces\" src=\"https:\/\/www.jymachinetech.com\/wp-content\/uploads\/2021\/12\/1629342292_5d82256fda7f3c01de736af931ba2e8.png\" alt=\"l\u00ednea de dep\u00f3sito de caramelos | maquina para hacer dulces\" width=\"2179\" height=\"864\" srcset=\"https:\/\/www.jymachinetech.com\/wp-content\/uploads\/2021\/12\/1629342292_5d82256fda7f3c01de736af931ba2e8.png 2179w, https:\/\/www.jymachinetech.com\/wp-content\/uploads\/2021\/12\/1629342292_5d82256fda7f3c01de736af931ba2e8-18x7.png 18w, https:\/\/www.jymachinetech.com\/wp-content\/uploads\/2021\/12\/1629342292_5d82256fda7f3c01de736af931ba2e8-600x238.png 600w\" sizes=\"(max-width: 2179px) 100vw, 2179px\" \/><\/p>\n<h2><strong>Atenci\u00f3n al cliente y servicios:<\/strong><\/h2>\n<ul>\n<li><strong>Consulta profesional:<\/strong>\u00a0Nuestro equipo de ingenieros y dise\u00f1adores trabajar\u00e1 con usted para comprender sus necesidades y brindarle las mejores soluciones.<\/li>\n<li><strong>Formaci\u00f3n Integral:<\/strong>\u00a0Aseg\u00farese de que su personal est\u00e9 bien capacitado en el funcionamiento de la l\u00ednea de dep\u00f3sito con nuestros programas de capacitaci\u00f3n detallados.<\/li>\n<li><strong>Servicio postventa:<\/strong>\u00a0Reciba asistencia inmediata para cualquier problema y requerimiento de mantenimiento.<\/li>\n<li><strong>Programas de mantenimiento anual:<\/strong>\u00a0Mantenga su equipo funcionando sin problemas con nuestros servicios de mantenimiento regulares.<\/li>\n<\/ul>\n<h2><strong>PREGUNTAS M\u00c1S FRECUENTES:<\/strong><\/h2>\n<p><strong>P: \u00bfCu\u00e1ntos tipos de caramelos de toffee puede fabricar esta m\u00e1quina?<\/strong> R: La m\u00e1quina es capaz de producir una variedad de caramelos de toffee, incluidas opciones de un solo color y con relleno central, con la capacidad de personalizar moldes seg\u00fan el dise\u00f1o de su producto terminado.<\/p>\n<p><strong>P: \u00bfPuede la m\u00e1quina producir diferentes tipos de dulces?<\/strong> R: S\u00ed, la m\u00e1quina es vers\u00e1til y puede producir varios tipos de dulces con moldes personalizados para dise\u00f1os \u00fanicos.<\/p>\n<p><strong>P: \u00bfPuedo hacer chocolate en esta m\u00e1quina?<\/strong> R: Esta m\u00e1quina est\u00e1 dise\u00f1ada espec\u00edficamente para la producci\u00f3n de dulces y no est\u00e1 destinada a hacer chocolate.<\/p>\n<p><strong>P: \u00bfCu\u00e1l es la capacidad de producci\u00f3n por hora de gomitas?<\/strong> R: La m\u00e1quina puede producir al menos 21.600 piezas de gomitas en una hora.<\/p>\n<p><strong>P: \u00bfQu\u00e9 formas y tama\u00f1os de dulces puede fabricar la m\u00e1quina?<\/strong> R: Podemos proporcionar dulces en cualquier forma y tama\u00f1o que necesite, con moldes personalizados para cumplir con sus especificaciones.<\/p>\n<p><strong>P: \u00bfCu\u00e1les son las opciones de calentamiento disponibles para la m\u00e1quina?<\/strong> R: La m\u00e1quina puede equiparse con calefacci\u00f3n el\u00e9ctrica o de vapor, dependiendo de la configuraci\u00f3n de su planta de producci\u00f3n.<\/p>\n<h2><strong>Por qu\u00e9 elegirnos - El fabricante:<\/strong><\/h2>\n<ul>\n<li><strong>Experiencia real de f\u00e1brica:<\/strong>\u00a0Somos una aut\u00e9ntica instalaci\u00f3n de fabricaci\u00f3n con m\u00e1s de 40 a\u00f1os de experiencia en la industria.<\/li>\n<li><strong>Equipo profesional:<\/strong>\u00a0Nuestro equipo est\u00e1 formado por 12 dise\u00f1adores de dibujos y 20 ingenieros profesionales listos para ofrecer soporte t\u00e9cnico en todo el mundo.<\/li>\n<li><strong>Fiabilidad:<\/strong>\u00a0Con una moderna f\u00e1brica de m\u00e1s de 200 trabajadores, un estricto control de calidad y cumplimiento de los est\u00e1ndares de fabricaci\u00f3n alemanes, garantizamos la precisi\u00f3n y confiabilidad de nuestras m\u00e1quinas.<\/li>\n<li><strong>M\u00e1quinas de alta calidad:<\/strong>\u00a0Todas nuestras m\u00e1quinas se fabrican en una f\u00e1brica con est\u00e1ndar GMP, utilizando materiales SUS304 y revestimiento de superficie con chorro de arena para mayor durabilidad e higiene.<\/li>\n<\/ul>\n<h2><strong>Nuestro compromiso con usted:<\/strong><\/h2>\n<ul>\n<li><strong>Soluciones personalizadas:<\/strong>\u00a0Ofrecemos planificaci\u00f3n de dise\u00f1o de f\u00e1brica, dise\u00f1o 3D, planificaci\u00f3n de proyectos, dise\u00f1o de formas personalizadas y desarrollo de f\u00f3rmulas de dulces adaptadas a sus necesidades espec\u00edficas.<\/li>\n<\/ul>\n<p><strong>Obtenga una cotizaci\u00f3n ahora:<\/strong> Para obtener una cotizaci\u00f3n personalizada y obtener m\u00e1s informaci\u00f3n sobre c\u00f3mo nuestra l\u00ednea de dep\u00f3sito de caramelos puede mejorar sus capacidades de producci\u00f3n de dulces, cont\u00e1ctenos hoy.<\/p>","protected":false},"excerpt":{"rendered":"<p>Gama completa de producci\u00f3n de toffee, caramelo y fudge de alta calidad.<\/p>","protected":false},"featured_media":4938,"comment_status":"closed","ping_status":"closed","template":"","meta":[],"product_brand":[],"product_cat":[16,102],"product_tag":[],"class_list":{"0":"post-1471","1":"product","2":"type-product","3":"status-publish","4":"has-post-thumbnail","6":"product_cat-candy-machine","7":"product_cat-toffee-candy-machine","9":"first","10":"instock","11":"shipping-taxable","12":"product-type-simple"},"_links":{"self":[{"href":"https:\/\/www.jymachinetech.com\/es\/wp-json\/wp\/v2\/product\/1471","targetHints":{"allow":["GET"]}}],"collection":[{"href":"https:\/\/www.jymachinetech.com\/es\/wp-json\/wp\/v2\/product"}],"about":[{"href":"https:\/\/www.jymachinetech.com\/es\/wp-json\/wp\/v2\/types\/product"}],"replies":[{"embeddable":true,"href":"https:\/\/www.jymachinetech.com\/es\/wp-json\/wp\/v2\/comments?post=1471"}],"version-history":[{"count":1,"href":"https:\/\/www.jymachinetech.com\/es\/wp-json\/wp\/v2\/product\/1471\/revisions"}],"predecessor-version":[{"id":7198,"href":"https:\/\/www.jymachinetech.com\/es\/wp-json\/wp\/v2\/product\/1471\/revisions\/7198"}],"wp:featuredmedia":[{"embeddable":true,"href":"https:\/\/www.jymachinetech.com\/es\/wp-json\/wp\/v2\/media\/4938"}],"wp:attachment":[{"href":"https:\/\/www.jymachinetech.com\/es\/wp-json\/wp\/v2\/media?parent=1471"}],"wp:term":[{"taxonomy":"product_brand","embeddable":true,"href":"https:\/\/www.jymachinetech.com\/es\/wp-json\/wp\/v2\/product_brand?post=1471"},{"taxonomy":"product_cat","embeddable":true,"href":"https:\/\/www.jymachinetech.com\/es\/wp-json\/wp\/v2\/product_cat?post=1471"},{"taxonomy":"product_tag","embeddable":true,"href":"https:\/\/www.jymachinetech.com\/es\/wp-json\/wp\/v2\/product_tag?post=1471"}],"curies":[{"name":"wp","href":"https:\/\/api.w.org\/{rel}","templated":true}]}}