{"id":1277,"date":"2021-12-21T08:23:11","date_gmt":"2021-12-21T08:23:11","guid":{"rendered":"https:\/\/www.jymachinetech.com\/?post_type=product&#038;p=1277"},"modified":"2025-04-02T02:15:20","modified_gmt":"2025-04-02T02:15:20","slug":"gummy-jelly-candy-making-machine","status":"publish","type":"product","link":"https:\/\/www.jymachinetech.com\/es\/product\/gummy-jelly-candy-making-machine\/","title":{"rendered":"M\u00e1quina autom\u00e1tica para hacer caramelos de gelatina y gomitas: 80 kg\/hora 150 kg\/hora 300 kg\/hora"},"content":{"rendered":"<p>La l\u00ednea de dep\u00f3sito de caramelos de gelatina\/gomitas\/gelatina\/pectina\/carragenina es la soluci\u00f3n definitiva para producir dulces de alta calidad con una consistencia excepcional. Dise\u00f1ada para satisfacer las demandas de la producci\u00f3n moderna de dulces, esta l\u00ednea no solo ofrece una calidad superior del producto, sino que tambi\u00e9n mejora la eficiencia operativa.<\/p>\n<p><iframe title=\"M\u00e1quina de dep\u00f3sito de gomitas veganas M600, equipo para hacer gomitas con sistema de pesaje autom\u00e1tico\" width=\"800\" height=\"450\" src=\"https:\/\/www.youtube.com\/embed\/9Zd8-zGJfWo?feature=oembed\" frameborder=\"0\" allow=\"accelerometer; autoplay; clipboard-write; encrypted-media; gyroscope; picture-in-picture; web-share\" referrerpolicy=\"strict-origin-when-cross-origin\" allowfullscreen><\/iframe><\/p>\n<table>\n<tbody>\n<tr>\n<td>Modelo<\/td>\n<td>M80<\/td>\n<td>M150<\/td>\n<td>M300<\/td>\n<td>M450<\/td>\n<td>M600<\/td>\n<\/tr>\n<tr>\n<td>Capacidad de producci\u00f3n<\/td>\n<td>80 kg\/hora<\/td>\n<td>150 kg\/hora<\/td>\n<td>300 kg\/hora<\/td>\n<td>450 kg\/hora<\/td>\n<td>600 kg\/hora<\/td>\n<\/tr>\n<tr>\n<td>Energ\u00eda el\u00e9ctrica<\/td>\n<td>2-8 g\/o m\u00e1s personalizado<\/td>\n<td>2-8 g\/o m\u00e1s personalizado<\/td>\n<td>2-8 g\/o m\u00e1s personalizado<\/td>\n<td>2-8 g\/o m\u00e1s personalizado<\/td>\n<td>2-8 g\/o m\u00e1s personalizado<\/td>\n<\/tr>\n<tr>\n<td>Longitud total<\/td>\n<td>7 metros<\/td>\n<td>17 metros<\/td>\n<td>17 metros<\/td>\n<td>18 metros<\/td>\n<td>18 metros<\/td>\n<\/tr>\n<tr>\n<td>Cantidad de moldes<\/td>\n<td>160 piezas<\/td>\n<td>240 piezas<\/td>\n<td>480 piezas<\/td>\n<td>720 piezas<\/td>\n<td>960 piezas<\/td>\n<\/tr>\n<\/tbody>\n<\/table>\n<p>Esta l\u00ednea consta principalmente de un horno de camisas, un tanque de almacenamiento, un sistema de pesaje y mezcla, un depositador y una m\u00e1quina de enfriamiento. Incorpora un avanzado sistema de servocontrol para un funcionamiento preciso y eficiente.<\/p>\n<p>&nbsp;<\/p>\n<p><img fetchpriority=\"high\" decoding=\"async\" width=\"800\" height=\"800\" class=\"wp-image-4825\" src=\"https:\/\/www.jymachinetech.com\/wp-content\/uploads\/2021\/12\/300.jpeg\" alt=\"300\" srcset=\"https:\/\/www.jymachinetech.com\/wp-content\/uploads\/2021\/12\/300.jpeg 800w, https:\/\/www.jymachinetech.com\/wp-content\/uploads\/2021\/12\/300-12x12.jpeg 12w, https:\/\/www.jymachinetech.com\/wp-content\/uploads\/2021\/12\/300-300x300.jpeg 300w, https:\/\/www.jymachinetech.com\/wp-content\/uploads\/2021\/12\/300-600x600.jpeg 600w, https:\/\/www.jymachinetech.com\/wp-content\/uploads\/2021\/12\/300-100x100.jpeg 100w\" sizes=\"(max-width: 800px) 100vw, 800px\" \/><\/p>\n<p><img decoding=\"async\" width=\"866\" height=\"578\" class=\"wp-image-4826\" src=\"https:\/\/www.jymachinetech.com\/wp-content\/uploads\/2021\/12\/img_3130.jpeg\" alt=\"Imagen_3130\" srcset=\"https:\/\/www.jymachinetech.com\/wp-content\/uploads\/2021\/12\/img_3130.jpeg 866w, https:\/\/www.jymachinetech.com\/wp-content\/uploads\/2021\/12\/img_3130-18x12.jpeg 18w, https:\/\/www.jymachinetech.com\/wp-content\/uploads\/2021\/12\/img_3130-600x400.jpeg 600w\" sizes=\"(max-width: 866px) 100vw, 866px\" \/><\/p>\n<p><img decoding=\"async\" width=\"1299\" height=\"974\" class=\"wp-image-4827\" src=\"https:\/\/www.jymachinetech.com\/wp-content\/uploads\/2021\/12\/1.jpeg\" alt=\"1\" srcset=\"https:\/\/www.jymachinetech.com\/wp-content\/uploads\/2021\/12\/1.jpeg 1299w, https:\/\/www.jymachinetech.com\/wp-content\/uploads\/2021\/12\/1-16x12.jpeg 16w, https:\/\/www.jymachinetech.com\/wp-content\/uploads\/2021\/12\/1-600x450.jpeg 600w\" sizes=\"(max-width: 1299px) 100vw, 1299px\" \/><\/p>\n<p>El tanque de mezcla encamisado y el tanque de almacenamiento encamisado est\u00e1n dise\u00f1ados con caracter\u00edsticas avanzadas para garantizar un rendimiento \u00f3ptimo. Ambos tanques utilizan un sistema de circulaci\u00f3n de agua caliente en la camisa y las tuber\u00edas para un calentamiento eficiente y uniforme, garantizando un control preciso de la temperatura durante el proceso de cocci\u00f3n.<\/p>\n<p>Los tanques tambi\u00e9n est\u00e1n equipados con una potente bomba de vac\u00edo que ayuda a eliminar el aire y la humedad de la mezcla, mejorando as\u00ed la calidad y la textura del producto. Fabricados con acero inoxidable 304 duradero y apto para uso alimentario, estos tanques est\u00e1n dise\u00f1ados para soportar altas temperaturas y ofrecer una excepcional resistencia a la corrosi\u00f3n, lo que los hace ideales para el funcionamiento continuo en un entorno de producci\u00f3n de alta demanda.<\/p>\n<p><iframe title=\"Exhibici\u00f3n de equipos profesionales para gomitas | M\u00e1quinas de gomitas JUNYU\" width=\"800\" height=\"450\" src=\"https:\/\/www.youtube.com\/embed\/ELv7mN-7sCg?feature=oembed\" frameborder=\"0\" allow=\"accelerometer; autoplay; clipboard-write; encrypted-media; gyroscope; picture-in-picture; web-share\" referrerpolicy=\"strict-origin-when-cross-origin\" allowfullscreen><\/iframe><\/p>\n<p>El sistema de cocci\u00f3n es vers\u00e1til y permite cocinar jarabe de caramelo, disolver gelatina y almacenarlo de forma controlada, garantizando un flujo de producci\u00f3n fluido e ininterrumpido. Esta integraci\u00f3n perfecta entre la cocci\u00f3n y el almacenamiento del jarabe garantiza resultados consistentes y de alta calidad en cada lote. Dise\u00f1ado para fabricantes que buscan optimizar su capacidad de producci\u00f3n de dulces, este sistema garantiza eficiencia, consistencia del producto y fiabilidad operativa, ayud\u00e1ndole a satisfacer la creciente demanda del mercado de dulces.<\/p>\n<p><img loading=\"lazy\" decoding=\"async\" width=\"574\" height=\"422\" class=\"wp-image-4828\" src=\"https:\/\/www.jymachinetech.com\/wp-content\/uploads\/2021\/12\/word-image-1277-4.png\" alt=\"\" srcset=\"https:\/\/www.jymachinetech.com\/wp-content\/uploads\/2021\/12\/word-image-1277-4.png 574w, https:\/\/www.jymachinetech.com\/wp-content\/uploads\/2021\/12\/word-image-1277-4-16x12.png 16w\" sizes=\"(max-width: 574px) 100vw, 574px\" \/><\/p>\n<p>El mezclador en l\u00ednea din\u00e1mico y est\u00e1tico es un sistema de alta eficiencia dise\u00f1ado para integrar a la perfecci\u00f3n la dosificaci\u00f3n de color, sabor y \u00e1cido en su l\u00ednea de producci\u00f3n. Este mezclador avanzado ofrece capacidades de mezcla din\u00e1mica y est\u00e1tica, garantizando una mezcla completa y consistente de los ingredientes en tiempo real.<\/p>\n<p>Con la dosificaci\u00f3n autom\u00e1tica de color, sabor y acidez, este sistema optimiza la velocidad y la precisi\u00f3n de la producci\u00f3n, a la vez que reduce la necesidad de intervenci\u00f3n manual. Est\u00e1 dise\u00f1ado espec\u00edficamente para la comodidad, lo que facilita su configuraci\u00f3n, operaci\u00f3n y mantenimiento. La capacidad de controlar autom\u00e1ticamente las proporciones de aditivos garantiza una calidad constante del producto en cada lote, mientras que el r\u00e1pido proceso de mezcla minimiza el tiempo de inactividad y maximiza la eficiencia de la producci\u00f3n.<\/p>\n<p>Ya sea que produzca gomitas, dulces u otros productos de confiter\u00eda, esta mezcladora optimiza todo el proceso, mejorando tanto la calidad como la velocidad de sus operaciones. Su dise\u00f1o intuitivo y sus funciones de automatizaci\u00f3n ofrecen a los fabricantes de dulces una soluci\u00f3n confiable y r\u00e1pida para satisfacer las demandas del din\u00e1mico mercado actual.<\/p>\n<p><img loading=\"lazy\" decoding=\"async\" width=\"849\" height=\"566\" class=\"wp-image-4829\" src=\"https:\/\/www.jymachinetech.com\/wp-content\/uploads\/2021\/12\/img_3293.jpeg\" alt=\"Imagen 3293\" srcset=\"https:\/\/www.jymachinetech.com\/wp-content\/uploads\/2021\/12\/img_3293.jpeg 849w, https:\/\/www.jymachinetech.com\/wp-content\/uploads\/2021\/12\/img_3293-18x12.jpeg 18w, https:\/\/www.jymachinetech.com\/wp-content\/uploads\/2021\/12\/img_3293-600x400.jpeg 600w\" sizes=\"(max-width: 849px) 100vw, 849px\" \/><\/p>\n<p>Dise\u00f1ado para reducir la mano de obra, nuestro sistema est\u00e1 equipado con un sistema autom\u00e1tico de pulverizaci\u00f3n de aceite que facilita el desmoldeo de los caramelos. Esta funci\u00f3n avanzada garantiza un proceso de producci\u00f3n m\u00e1s eficiente, ahorrando tiempo y mejorando la eficiencia operativa al minimizar la intervenci\u00f3n manual durante el desmoldeo.<\/p>\n<p>Nuestra m\u00e1quina de dep\u00f3sito es muy vers\u00e1til y puede producir una amplia variedad de dulces, incluyendo caramelos de un solo color, caramelos bicolor y caramelos s\u00e1ndwich. Esta flexibilidad permite a los fabricantes crear una amplia gama de productos con facilidad, satisfaciendo las demandas del mercado y ofreciendo posibilidades creativas para ampliar las l\u00edneas de productos.<\/p>\n<p>Con su funcionamiento perfecto, caracter\u00edsticas que ahorran tiempo y la capacidad de producir una variedad de tipos de dulces, nuestra m\u00e1quina depositadora es la soluci\u00f3n ideal para los fabricantes que buscan optimizar la producci\u00f3n manteniendo la calidad y la consistencia del producto.<\/p>\n<p><img loading=\"lazy\" decoding=\"async\" width=\"408\" height=\"386\" class=\"wp-image-4830 alignleft\" src=\"https:\/\/www.jymachinetech.com\/wp-content\/uploads\/2021\/12\/word-image-1277-6.png\" alt=\"\" srcset=\"https:\/\/www.jymachinetech.com\/wp-content\/uploads\/2021\/12\/word-image-1277-6.png 408w, https:\/\/www.jymachinetech.com\/wp-content\/uploads\/2021\/12\/word-image-1277-6-13x12.png 13w\" sizes=\"(max-width: 408px) 100vw, 408px\" \/><\/p>\n<p><img loading=\"lazy\" decoding=\"async\" width=\"433\" height=\"406\" class=\"wp-image-4831 alignleft\" src=\"https:\/\/www.jymachinetech.com\/wp-content\/uploads\/2021\/12\/word-image-1277-7.png\" alt=\"\" srcset=\"https:\/\/www.jymachinetech.com\/wp-content\/uploads\/2021\/12\/word-image-1277-7.png 433w, https:\/\/www.jymachinetech.com\/wp-content\/uploads\/2021\/12\/word-image-1277-7-13x12.png 13w\" sizes=\"(max-width: 433px) 100vw, 433px\" \/><\/p>\n<p><img loading=\"lazy\" decoding=\"async\" width=\"414\" height=\"284\" class=\"wp-image-4832 alignleft\" src=\"https:\/\/www.jymachinetech.com\/wp-content\/uploads\/2021\/12\/word-image-1277-8.png\" alt=\"\" srcset=\"https:\/\/www.jymachinetech.com\/wp-content\/uploads\/2021\/12\/word-image-1277-8.png 414w, https:\/\/www.jymachinetech.com\/wp-content\/uploads\/2021\/12\/word-image-1277-8-18x12.png 18w\" sizes=\"(max-width: 414px) 100vw, 414px\" \/><\/p>\n<p><img loading=\"lazy\" decoding=\"async\" width=\"347\" height=\"347\" class=\"wp-image-4833\" src=\"https:\/\/www.jymachinetech.com\/wp-content\/uploads\/2021\/12\/word-image-1277-9.png\" alt=\"\" srcset=\"https:\/\/www.jymachinetech.com\/wp-content\/uploads\/2021\/12\/word-image-1277-9.png 347w, https:\/\/www.jymachinetech.com\/wp-content\/uploads\/2021\/12\/word-image-1277-9-12x12.png 12w, https:\/\/www.jymachinetech.com\/wp-content\/uploads\/2021\/12\/word-image-1277-9-300x300.png 300w, https:\/\/www.jymachinetech.com\/wp-content\/uploads\/2021\/12\/word-image-1277-9-100x100.png 100w\" sizes=\"(max-width: 347px) 100vw, 347px\" \/> <img loading=\"lazy\" decoding=\"async\" width=\"347\" height=\"347\" class=\"wp-image-4834\" src=\"https:\/\/www.jymachinetech.com\/wp-content\/uploads\/2021\/12\/word-image-1277-10.png\" alt=\"\" srcset=\"https:\/\/www.jymachinetech.com\/wp-content\/uploads\/2021\/12\/word-image-1277-10.png 347w, https:\/\/www.jymachinetech.com\/wp-content\/uploads\/2021\/12\/word-image-1277-10-12x12.png 12w, https:\/\/www.jymachinetech.com\/wp-content\/uploads\/2021\/12\/word-image-1277-10-300x300.png 300w, https:\/\/www.jymachinetech.com\/wp-content\/uploads\/2021\/12\/word-image-1277-10-100x100.png 100w\" sizes=\"(max-width: 347px) 100vw, 347px\" \/> <img loading=\"lazy\" decoding=\"async\" width=\"343\" height=\"331\" class=\"wp-image-4835\" src=\"https:\/\/www.jymachinetech.com\/wp-content\/uploads\/2021\/12\/word-image-1277-11.png\" alt=\"\" srcset=\"https:\/\/www.jymachinetech.com\/wp-content\/uploads\/2021\/12\/word-image-1277-11.png 343w, https:\/\/www.jymachinetech.com\/wp-content\/uploads\/2021\/12\/word-image-1277-11-12x12.png 12w\" sizes=\"(max-width: 343px) 100vw, 343px\" \/><\/p>\n<p><img loading=\"lazy\" decoding=\"async\" width=\"1098\" height=\"824\" class=\"wp-image-4836\" src=\"https:\/\/www.jymachinetech.com\/wp-content\/uploads\/2021\/12\/img_1659.jpeg\" alt=\"Imagen_1659\" srcset=\"https:\/\/www.jymachinetech.com\/wp-content\/uploads\/2021\/12\/img_1659.jpeg 1098w, https:\/\/www.jymachinetech.com\/wp-content\/uploads\/2021\/12\/img_1659-16x12.jpeg 16w, https:\/\/www.jymachinetech.com\/wp-content\/uploads\/2021\/12\/img_1659-600x450.jpeg 600w\" sizes=\"(max-width: 1098px) 100vw, 1098px\" \/><\/p>\n<p>Nuestro t\u00fanel de enfriamiento est\u00e1 construido con una robusta estructura de acero inoxidable SUS304, conocida por su excepcional durabilidad y resistencia a la corrosi\u00f3n. El marco es m\u00e1s grueso para mayor estabilidad durante el funcionamiento, garantizando un funcionamiento uniforme con m\u00ednimas vibraciones y ruido, incluso durante un uso prolongado. Este dise\u00f1o no solo mejora la fiabilidad del equipo, sino que tambi\u00e9n contribuye a una mayor vida \u00fatil, lo que lo convierte en una opci\u00f3n rentable para las necesidades de producci\u00f3n a largo plazo.<\/p>\n<p>Hemos equipado nuestro t\u00fanel de enfriamiento con sistemas de refrigeraci\u00f3n de alta calidad, optimizados para una eficiencia de enfriamiento superior. Estos avanzados sistemas de enfriamiento garantizan un control de temperatura r\u00e1pido y constante, optimizando el proceso de producci\u00f3n al reducir los tiempos de enfriamiento y preservar la integridad de los dulces.<\/p>\n<p>Adem\u00e1s, nuestros equipos cuentan con superficies lisas y bien acabadas, incluidas las manijas de las puertas, que no solo son est\u00e9ticamente agradables, sino que tambi\u00e9n son f\u00e1ciles de mantener y limpiar. Su dise\u00f1o elegante y robusto garantiza que el t\u00fanel de enfriamiento sea visualmente atractivo y est\u00e9 construido para soportar las exigencias de un funcionamiento continuo en un entorno de alto rendimiento.<\/p>\n<p><img loading=\"lazy\" decoding=\"async\" width=\"808\" height=\"539\" class=\"wp-image-4837\" src=\"https:\/\/www.jymachinetech.com\/wp-content\/uploads\/2021\/12\/img_3374.jpeg\" alt=\"Imagen 3374\" srcset=\"https:\/\/www.jymachinetech.com\/wp-content\/uploads\/2021\/12\/img_3374.jpeg 808w, https:\/\/www.jymachinetech.com\/wp-content\/uploads\/2021\/12\/img_3374-18x12.jpeg 18w, https:\/\/www.jymachinetech.com\/wp-content\/uploads\/2021\/12\/img_3374-600x400.jpeg 600w\" sizes=\"(max-width: 808px) 100vw, 808px\" \/><\/p>\n<p><img loading=\"lazy\" decoding=\"async\" width=\"709\" height=\"532\" class=\"wp-image-4838\" src=\"https:\/\/www.jymachinetech.com\/wp-content\/uploads\/2021\/12\/20240618153005.jpeg\" alt=\"Foto de la pel\u00edcula &quot;Jinjin&quot;_20240618153005\" srcset=\"https:\/\/www.jymachinetech.com\/wp-content\/uploads\/2021\/12\/20240618153005.jpeg 709w, https:\/\/www.jymachinetech.com\/wp-content\/uploads\/2021\/12\/20240618153005-16x12.jpeg 16w, https:\/\/www.jymachinetech.com\/wp-content\/uploads\/2021\/12\/20240618153005-600x450.jpeg 600w\" sizes=\"(max-width: 709px) 100vw, 709px\" \/><\/p>\n<p><img loading=\"lazy\" decoding=\"async\" width=\"688\" height=\"459\" class=\"wp-image-4839\" src=\"https:\/\/www.jymachinetech.com\/wp-content\/uploads\/2021\/12\/img_3353.png\" alt=\"Imagen_3353\" srcset=\"https:\/\/www.jymachinetech.com\/wp-content\/uploads\/2021\/12\/img_3353.png 688w, https:\/\/www.jymachinetech.com\/wp-content\/uploads\/2021\/12\/img_3353-18x12.png 18w, https:\/\/www.jymachinetech.com\/wp-content\/uploads\/2021\/12\/img_3353-600x400.png 600w\" sizes=\"(max-width: 688px) 100vw, 688px\" \/> <img loading=\"lazy\" decoding=\"async\" width=\"640\" height=\"470\" class=\"wp-image-4840\" src=\"https:\/\/www.jymachinetech.com\/wp-content\/uploads\/2021\/12\/word-image-1277-16.png\" alt=\"\" srcset=\"https:\/\/www.jymachinetech.com\/wp-content\/uploads\/2021\/12\/word-image-1277-16.png 640w, https:\/\/www.jymachinetech.com\/wp-content\/uploads\/2021\/12\/word-image-1277-16-16x12.png 16w, https:\/\/www.jymachinetech.com\/wp-content\/uploads\/2021\/12\/word-image-1277-16-600x441.png 600w\" sizes=\"(max-width: 640px) 100vw, 640px\" \/><\/p>\n<p><img loading=\"lazy\" decoding=\"async\" width=\"757\" height=\"576\" class=\"wp-image-4841\" src=\"https:\/\/www.jymachinetech.com\/wp-content\/uploads\/2021\/12\/20240618153001.jpeg\" alt=\"Foto de la pel\u00edcula &quot;Jinjin&quot;_20240618153001\" srcset=\"https:\/\/www.jymachinetech.com\/wp-content\/uploads\/2021\/12\/20240618153001.jpeg 757w, https:\/\/www.jymachinetech.com\/wp-content\/uploads\/2021\/12\/20240618153001-16x12.jpeg 16w, https:\/\/www.jymachinetech.com\/wp-content\/uploads\/2021\/12\/20240618153001-600x457.jpeg 600w\" sizes=\"(max-width: 757px) 100vw, 757px\" \/> <img loading=\"lazy\" decoding=\"async\" width=\"605\" height=\"454\" class=\"wp-image-4842\" src=\"https:\/\/www.jymachinetech.com\/wp-content\/uploads\/2021\/12\/20240618153018.jpeg\" alt=\"Foto de la pel\u00edcula &quot;Jinjin&quot;_20240618153018\" srcset=\"https:\/\/www.jymachinetech.com\/wp-content\/uploads\/2021\/12\/20240618153018.jpeg 605w, https:\/\/www.jymachinetech.com\/wp-content\/uploads\/2021\/12\/20240618153018-16x12.jpeg 16w, https:\/\/www.jymachinetech.com\/wp-content\/uploads\/2021\/12\/20240618153018-600x450.jpeg 600w\" sizes=\"(max-width: 605px) 100vw, 605px\" \/><\/p>\n<p>El controlador m\u00f3vil a\u00f1ade mayor flexibilidad y comodidad a sus operaciones, permitiendo a los operadores ajustar f\u00e1cilmente la configuraci\u00f3n y gestionar el sistema desde diferentes posiciones dentro del \u00e1rea de producci\u00f3n. Este dise\u00f1o intuitivo facilita la supervisi\u00f3n y el control de todo el proceso, optimizando el flujo de trabajo y reduciendo el tiempo dedicado a ajustes manuales.<\/p>\n<p>Adem\u00e1s, el molde y la cadena est\u00e1n fijados de forma segura y estable, lo que garantiza un proceso de producci\u00f3n fiable y consistente. Esta configuraci\u00f3n estable minimiza el riesgo de fallos y garantiza que cada lote se produzca con la m\u00e1xima precisi\u00f3n, manteniendo altos est\u00e1ndares de calidad durante todo el ciclo de producci\u00f3n.<\/p>\n<p><img loading=\"lazy\" decoding=\"async\" width=\"705\" height=\"705\" class=\"wp-image-4843\" src=\"https:\/\/www.jymachinetech.com\/wp-content\/uploads\/2021\/12\/unnamed-file.png\" alt=\"\u88f9\u6cb9\u673a\" srcset=\"https:\/\/www.jymachinetech.com\/wp-content\/uploads\/2021\/12\/unnamed-file.png 705w, https:\/\/www.jymachinetech.com\/wp-content\/uploads\/2021\/12\/unnamed-file-12x12.png 12w, https:\/\/www.jymachinetech.com\/wp-content\/uploads\/2021\/12\/unnamed-file-300x300.png 300w, https:\/\/www.jymachinetech.com\/wp-content\/uploads\/2021\/12\/unnamed-file-600x600.png 600w, https:\/\/www.jymachinetech.com\/wp-content\/uploads\/2021\/12\/unnamed-file-100x100.png 100w\" sizes=\"(max-width: 705px) 100vw, 705px\" \/> <img loading=\"lazy\" decoding=\"async\" width=\"1265\" height=\"843\" class=\"wp-image-4844\" src=\"https:\/\/www.jymachinetech.com\/wp-content\/uploads\/2021\/12\/unnamed-file.jpeg\" alt=\"\u88f9\u6cb9\u673a\" srcset=\"https:\/\/www.jymachinetech.com\/wp-content\/uploads\/2021\/12\/unnamed-file.jpeg 1265w, https:\/\/www.jymachinetech.com\/wp-content\/uploads\/2021\/12\/unnamed-file-18x12.jpeg 18w, https:\/\/www.jymachinetech.com\/wp-content\/uploads\/2021\/12\/unnamed-file-600x400.jpeg 600w\" sizes=\"(max-width: 1265px) 100vw, 1265px\" \/><\/p>\n<p>La m\u00e1quina envolvedora de az\u00facar\/aceite est\u00e1 dise\u00f1ada para proporcionar una cobertura uniforme de az\u00facar granulada en cada caramelo blando tras un proceso de rotaci\u00f3n de varios niveles. Este sistema avanzado garantiza que cada pieza quede cubierta uniformemente, mejorando tanto la apariencia como la textura del caramelo.<\/p>\n<p>Fabricada en acero inoxidable de alta calidad, la m\u00e1quina ofrece una capacidad de carga superior, lo que garantiza durabilidad y fiabilidad incluso durante un uso prolongado. Su dise\u00f1o tambi\u00e9n permite un f\u00e1cil ajuste de la capacidad y la altura, adapt\u00e1ndose a diversas necesidades de producci\u00f3n y a diferentes tama\u00f1os de dulces, garantizando as\u00ed flexibilidad para satisfacer diversas necesidades de fabricaci\u00f3n.<\/p>\n<p>Tanto si produce lotes peque\u00f1os como grandes tiradas, esta m\u00e1quina est\u00e1 dise\u00f1ada para ofrecer resultados uniformes y de alta calidad, agilizando el proceso de envoltura y mejorando la eficacia general de la producci\u00f3n.<\/p>\n<p>&nbsp;<\/p>","protected":false},"excerpt":{"rendered":"<p>Gracias a la integraci\u00f3n de tecnolog\u00eda avanzada y procesos racionalizados, esta l\u00ednea ayuda a los fabricantes de caramelos a aumentar la productividad al tiempo que garantiza que cada lote cumpla los est\u00e1ndares m\u00e1s exigentes. Tanto si produce caramelos de gelatina, gominolas u otros caramelos a base de pectina, este sistema ofrece una soluci\u00f3n fiable y rentable para satisfacer las crecientes demandas del mercado.<\/p>","protected":false},"featured_media":4937,"comment_status":"closed","ping_status":"closed","template":"","meta":[],"product_brand":[],"product_cat":[16,98],"product_tag":[],"class_list":{"0":"post-1277","1":"product","2":"type-product","3":"status-publish","4":"has-post-thumbnail","6":"product_cat-candy-machine","7":"product_cat-gummy-candy-machine","9":"first","10":"instock","11":"shipping-taxable","12":"product-type-simple"},"_links":{"self":[{"href":"https:\/\/www.jymachinetech.com\/es\/wp-json\/wp\/v2\/product\/1277","targetHints":{"allow":["GET"]}}],"collection":[{"href":"https:\/\/www.jymachinetech.com\/es\/wp-json\/wp\/v2\/product"}],"about":[{"href":"https:\/\/www.jymachinetech.com\/es\/wp-json\/wp\/v2\/types\/product"}],"replies":[{"embeddable":true,"href":"https:\/\/www.jymachinetech.com\/es\/wp-json\/wp\/v2\/comments?post=1277"}],"version-history":[{"count":0,"href":"https:\/\/www.jymachinetech.com\/es\/wp-json\/wp\/v2\/product\/1277\/revisions"}],"wp:featuredmedia":[{"embeddable":true,"href":"https:\/\/www.jymachinetech.com\/es\/wp-json\/wp\/v2\/media\/4937"}],"wp:attachment":[{"href":"https:\/\/www.jymachinetech.com\/es\/wp-json\/wp\/v2\/media?parent=1277"}],"wp:term":[{"taxonomy":"product_brand","embeddable":true,"href":"https:\/\/www.jymachinetech.com\/es\/wp-json\/wp\/v2\/product_brand?post=1277"},{"taxonomy":"product_cat","embeddable":true,"href":"https:\/\/www.jymachinetech.com\/es\/wp-json\/wp\/v2\/product_cat?post=1277"},{"taxonomy":"product_tag","embeddable":true,"href":"https:\/\/www.jymachinetech.com\/es\/wp-json\/wp\/v2\/product_tag?post=1277"}],"curies":[{"name":"wp","href":"https:\/\/api.w.org\/{rel}","templated":true}]}}