{"id":1218,"date":"2020-06-10T06:29:23","date_gmt":"2020-06-10T06:29:23","guid":{"rendered":"https:\/\/www.jymachinetech.com\/?post_type=product&#038;p=1218"},"modified":"2025-07-25T08:44:13","modified_gmt":"2025-07-25T08:44:13","slug":"starch-less-depositing","status":"publish","type":"product","link":"https:\/\/www.jymachinetech.com\/es\/product\/starch-less-depositing\/","title":{"rendered":"M\u00e1quina de caramelos sin almid\u00f3n | L\u00ednea de producci\u00f3n de piruletas de caramelo de gelatina"},"content":{"rendered":"<p>Este sistema de dep\u00f3sito sin almid\u00f3n est\u00e1 dise\u00f1ado para hacer dulces tipo moldeado.<\/p>\n<p>Cuenta con una amplia gama de productos como Soft Gummy, Jelly, Toffee, Lollipop &amp; Hard Candies con diferentes sistemas de cocci\u00f3n.<\/p>\n<p>Y una gran variedad de estilos como relleno al centro, Cola Side by Side, Hamburguesa capa a capa, Tornado dos o tres colores\u2026<\/p>\n<p>\u00a1Env\u00edenos la foto de los dulces que le interesan para comenzar una m\u00e1quina de producci\u00f3n personalizada ahora!<\/p>\n<h2><strong>Especificaci\u00f3n t\u00e9cnica<\/strong><\/h2>\n<div class=\"table-responsive\">\n<table>\n<tbody>\n<tr>\n<td width=\"60\"><strong><b>Modelo<\/b><\/strong><\/td>\n<td width=\"60\"><strong><b>JY<\/b><\/strong><strong><b>-40<\/b><\/strong><\/td>\n<td width=\"60\"><strong><b>JY<\/b><\/strong><strong><b>-80<\/b><\/strong><\/td>\n<td width=\"60\"><strong><b>JY<\/b><\/strong><strong><b>-150<\/b><\/strong><\/td>\n<td width=\"60\"><strong><b>JY<\/b><\/strong><strong><b>-300<\/b><\/strong><\/td>\n<td width=\"60\"><strong><b>JY<\/b><\/strong><strong><b>-600<\/b><\/strong><\/td>\n<td width=\"60\"><strong><b>JY<\/b><\/strong><strong><b>-1500<\/b><\/strong><\/td>\n<\/tr>\n<tr>\n<td width=\"60\">Capacidad<\/p>\n<p>PCS\/H<\/td>\n<td width=\"60\">8,000-<\/p>\n<p>12,000<\/td>\n<td width=\"60\">12,000-<\/p>\n<p>21,600<\/td>\n<td width=\"60\">25,000-<\/p>\n<p>43,200<\/td>\n<td width=\"60\">50,000-<\/p>\n<p>86,400<\/td>\n<td width=\"60\">10,000-<\/p>\n<p>172,800<\/td>\n<td width=\"60\">384,000-<\/p>\n<p>768,000<\/td>\n<\/tr>\n<tr>\n<td width=\"60\">Longitud<\/td>\n<td width=\"60\"><\/td>\n<td width=\"60\"><\/td>\n<td width=\"60\"><\/td>\n<td width=\"60\"><\/td>\n<td width=\"60\"><\/td>\n<td width=\"60\"><\/td>\n<\/tr>\n<\/tbody>\n<\/table>\n<\/div>\n<p>&nbsp;<\/p>\n<h2><strong><span lang=\"EN-US\">\u00bfQu\u00e9 tipo de dulces puede hacer esta m\u00e1quina?<\/span><\/strong><\/h2>\n<p><img fetchpriority=\"high\" decoding=\"async\" class=\"alignnone size-full wp-image-1220\" title=\"m\u00e1quina de dulces sin almid\u00f3n | L\u00ednea de producci\u00f3n de paletas de caramelo y gelatina.\" src=\"https:\/\/www.jymachinetech.com\/wp-content\/uploads\/2021\/12\/Starch-less-depositing-2.png\" alt=\"m\u00e1quina de dulces sin almid\u00f3n | L\u00ednea de producci\u00f3n de paletas de caramelo y gelatina.\" width=\"1272\" height=\"383\" srcset=\"https:\/\/www.jymachinetech.com\/wp-content\/uploads\/2021\/12\/Starch-less-depositing-2.png 1272w, https:\/\/www.jymachinetech.com\/wp-content\/uploads\/2021\/12\/Starch-less-depositing-2-18x5.png 18w, https:\/\/www.jymachinetech.com\/wp-content\/uploads\/2021\/12\/Starch-less-depositing-2-600x181.png 600w\" sizes=\"(max-width: 1272px) 100vw, 1272px\" \/><\/p>\n<p>&nbsp;<\/p>\n<h2>Cocedor al vac\u00edo de micropel\u00edculas<\/h2>\n<p>Su exclusivo proceso de cocci\u00f3n de pel\u00edcula delgada ofrece una alta calidad constante en muchos tipos de jarabes de confiter\u00eda con az\u00facar y sin az\u00facar para caramelos duros y piruletas.<\/p>\n<p>Un rotor articulado barre una pel\u00edcula delgada y uniforme de jarabe en el interior del tubo donde se cocina r\u00e1pidamente. Con alto rendimiento, alta transparencia del jarabe para una vida \u00fatil m\u00e1s larga y una operaci\u00f3n conveniente, es la primera opci\u00f3n para dulces de alta calidad.<\/p>\n<h2>Olla al vac\u00edo de caramelos de goma<\/h2>\n<p>Esta m\u00e1quina era avanzada y adecuada para cocinar pectina, agar, carragenina y otros almidones modificados para la producci\u00f3n de gominolas. La cocci\u00f3n de circuito cerrado con modos de temperatura o presi\u00f3n logra una temperatura o humedad de cocci\u00f3n final precisa para un tiempo de secado gomoso m\u00e1s corto, una vida \u00fatil m\u00e1s larga y menos burbujas durante el proceso continuo.<\/p>\n<h2>Cocedor de toffees y caramelos<\/h2>\n<p>Esta es la olla para dulces poco hervidos, como caramelos blandos y masticables, caramelos, toffees y fudges.<\/p>\n<p>Y el caramelo usa un intercambiador de calor de placas de alta eficiencia para cocinar la premezcla b\u00e1sica de az\u00facar\/glucosa, mientras que la leche condensada u otros agentes sensibles al calor se inyectan en la masa despu\u00e9s del PHE y luego se cocinan dentro de un recipiente caramelizado para desarrollar el color deseado y sabor. Ese sistema simple y libre de mantenimiento permite producir toffees y caramelos de primera calidad con alto contenido de leche.<\/p>\n<h2>aireador continuo<\/h2>\n<p>Zoon de tres temperamentos con enfriador fr\u00edo y caliente para controlar la m\u00e1quina aireadora durante la mezcla para obtener un mejor resultado del proceso de aireaci\u00f3n.<\/p>\n<p>Interior con varilla de mezcla densa a rotativa de alta velocidad para lograr la densidad y estructura deseadas.<\/p>\n<h2>Caramelo de leche y cocina Taffy<\/h2>\n<p>Este cocedor continuo de microfilm al vac\u00edo se utiliza en dulces de leche, caramelos duros, etc.<\/p>\n<p>La diferencia es que proteger\u00e1 los ingredientes de los productos l\u00e1cteos de las altas temperaturas de la cocina normal y mantendr\u00e1 el m\u00e1ximo sabor l\u00e1cteo.<\/p>\n<p>&nbsp;<\/p>\n<h2>Sistema de cocina autom\u00e1tica<\/h2>\n<p><img decoding=\"async\" class=\"alignnone size-full wp-image-1800\" title=\"m\u00e1quina de dulces sin almid\u00f3n | L\u00ednea de producci\u00f3n de paletas de caramelo y gelatina.\" src=\"https:\/\/www.jymachinetech.com\/wp-content\/uploads\/2021\/12\/kitchen-system.jpg\" alt=\"m\u00e1quina de dulces sin almid\u00f3n | L\u00ednea de producci\u00f3n de paletas de caramelo y gelatina.\" width=\"999\" height=\"666\" srcset=\"https:\/\/www.jymachinetech.com\/wp-content\/uploads\/2021\/12\/kitchen-system.jpg 999w, https:\/\/www.jymachinetech.com\/wp-content\/uploads\/2021\/12\/kitchen-system-18x12.jpg 18w, https:\/\/www.jymachinetech.com\/wp-content\/uploads\/2021\/12\/kitchen-system-600x400.jpg 600w\" sizes=\"(max-width: 999px) 100vw, 999px\" \/><\/p>\n<h2>maquina formadora<\/h2>\n<p><img decoding=\"async\" class=\"alignnone size-full wp-image-1798\" title=\"m\u00e1quina de dulces sin almid\u00f3n | L\u00ednea de producci\u00f3n de paletas de caramelo y gelatina.\" src=\"https:\/\/www.jymachinetech.com\/wp-content\/uploads\/2021\/12\/forming-machine.jpg\" alt=\"m\u00e1quina de dulces sin almid\u00f3n | L\u00ednea de producci\u00f3n de paletas de caramelo y gelatina.\" width=\"999\" height=\"666\" srcset=\"https:\/\/www.jymachinetech.com\/wp-content\/uploads\/2021\/12\/forming-machine.jpg 999w, https:\/\/www.jymachinetech.com\/wp-content\/uploads\/2021\/12\/forming-machine-18x12.jpg 18w, https:\/\/www.jymachinetech.com\/wp-content\/uploads\/2021\/12\/forming-machine-600x400.jpg 600w\" sizes=\"(max-width: 999px) 100vw, 999px\" \/><\/p>\n<h2>depositante gomoso<\/h2>\n<p><img loading=\"lazy\" decoding=\"async\" class=\"alignnone size-full wp-image-1799\" title=\"m\u00e1quina de dulces sin almid\u00f3n | L\u00ednea de producci\u00f3n de paletas de caramelo y gelatina.\" src=\"https:\/\/www.jymachinetech.com\/wp-content\/uploads\/2021\/12\/gummy-depositor.jpg\" alt=\"m\u00e1quina de dulces sin almid\u00f3n | L\u00ednea de producci\u00f3n de paletas de caramelo y gelatina.\" width=\"999\" height=\"666\" srcset=\"https:\/\/www.jymachinetech.com\/wp-content\/uploads\/2021\/12\/gummy-depositor.jpg 999w, https:\/\/www.jymachinetech.com\/wp-content\/uploads\/2021\/12\/gummy-depositor-18x12.jpg 18w, https:\/\/www.jymachinetech.com\/wp-content\/uploads\/2021\/12\/gummy-depositor-600x400.jpg 600w\" sizes=\"(max-width: 999px) 100vw, 999px\" \/><\/p>\n<h2>Sistema de inyecci\u00f3n de palitos de piruleta<\/h2>\n<p><img loading=\"lazy\" decoding=\"async\" class=\"alignnone size-full wp-image-1801\" title=\"m\u00e1quina de dulces sin almid\u00f3n | L\u00ednea de producci\u00f3n de paletas de caramelo y gelatina.\" src=\"https:\/\/www.jymachinetech.com\/wp-content\/uploads\/2021\/12\/Lollipop-stick-injection-system.jpg\" alt=\"m\u00e1quina de dulces sin almid\u00f3n | L\u00ednea de producci\u00f3n de paletas de caramelo y gelatina.\" width=\"999\" height=\"681\" srcset=\"https:\/\/www.jymachinetech.com\/wp-content\/uploads\/2021\/12\/Lollipop-stick-injection-system.jpg 999w, https:\/\/www.jymachinetech.com\/wp-content\/uploads\/2021\/12\/Lollipop-stick-injection-system-18x12.jpg 18w, https:\/\/www.jymachinetech.com\/wp-content\/uploads\/2021\/12\/Lollipop-stick-injection-system-600x409.jpg 600w\" sizes=\"(max-width: 999px) 100vw, 999px\" \/><\/p>\n<h2>Cable de control<\/h2>\n<p><img loading=\"lazy\" decoding=\"async\" class=\"alignnone size-full wp-image-1796\" title=\"m\u00e1quina de dulces sin almid\u00f3n | L\u00ednea de producci\u00f3n de paletas de caramelo y gelatina.\" src=\"https:\/\/www.jymachinetech.com\/wp-content\/uploads\/2021\/12\/control-cable.jpg\" alt=\"m\u00e1quina de dulces sin almid\u00f3n | L\u00ednea de producci\u00f3n de paletas de caramelo y gelatina.\" width=\"999\" height=\"666\" srcset=\"https:\/\/www.jymachinetech.com\/wp-content\/uploads\/2021\/12\/control-cable.jpg 999w, https:\/\/www.jymachinetech.com\/wp-content\/uploads\/2021\/12\/control-cable-18x12.jpg 18w, https:\/\/www.jymachinetech.com\/wp-content\/uploads\/2021\/12\/control-cable-600x400.jpg 600w\" sizes=\"(max-width: 999px) 100vw, 999px\" \/><\/p>\n<h2>T\u00fanel de enfriamiento<\/h2>\n<p>&nbsp;<\/p>\n<h2>Desmoldeo<\/h2>\n<p><img loading=\"lazy\" decoding=\"async\" class=\"alignnone size-full wp-image-1797\" title=\"m\u00e1quina de dulces sin almid\u00f3n | L\u00ednea de producci\u00f3n de paletas de caramelo y gelatina.\" src=\"https:\/\/www.jymachinetech.com\/wp-content\/uploads\/2021\/12\/demolding.jpg\" alt=\"m\u00e1quina de dulces sin almid\u00f3n | L\u00ednea de producci\u00f3n de paletas de caramelo y gelatina.\" width=\"999\" height=\"666\" srcset=\"https:\/\/www.jymachinetech.com\/wp-content\/uploads\/2021\/12\/demolding.jpg 999w, https:\/\/www.jymachinetech.com\/wp-content\/uploads\/2021\/12\/demolding-18x12.jpg 18w, https:\/\/www.jymachinetech.com\/wp-content\/uploads\/2021\/12\/demolding-600x400.jpg 600w\" sizes=\"(max-width: 999px) 100vw, 999px\" \/><\/p>\n<p>&nbsp;<\/p>\n<h2>Producci\u00f3n de m\u00e1quinas de caramelos sin almid\u00f3n<\/h2>\n<p><img loading=\"lazy\" decoding=\"async\" class=\"alignnone size-full wp-image-1802\" title=\"m\u00e1quina de dulces sin almid\u00f3n | L\u00ednea de producci\u00f3n de paletas de caramelo y gelatina.\" src=\"https:\/\/www.jymachinetech.com\/wp-content\/uploads\/2021\/12\/prodcutin1.jpg\" alt=\"m\u00e1quina de dulces sin almid\u00f3n | L\u00ednea de producci\u00f3n de paletas de caramelo y gelatina.\" width=\"999\" height=\"666\" srcset=\"https:\/\/www.jymachinetech.com\/wp-content\/uploads\/2021\/12\/prodcutin1.jpg 999w, https:\/\/www.jymachinetech.com\/wp-content\/uploads\/2021\/12\/prodcutin1-18x12.jpg 18w, https:\/\/www.jymachinetech.com\/wp-content\/uploads\/2021\/12\/prodcutin1-600x400.jpg 600w\" sizes=\"(max-width: 999px) 100vw, 999px\" \/><\/p>\n<p><img loading=\"lazy\" decoding=\"async\" class=\"alignnone size-full wp-image-1803\" title=\"m\u00e1quina de dulces sin almid\u00f3n | L\u00ednea de producci\u00f3n de paletas de caramelo y gelatina.\" src=\"https:\/\/www.jymachinetech.com\/wp-content\/uploads\/2021\/12\/production1.jpg\" alt=\"m\u00e1quina de dulces sin almid\u00f3n | L\u00ednea de producci\u00f3n de paletas de caramelo y gelatina.\" width=\"999\" height=\"666\" srcset=\"https:\/\/www.jymachinetech.com\/wp-content\/uploads\/2021\/12\/production1.jpg 999w, https:\/\/www.jymachinetech.com\/wp-content\/uploads\/2021\/12\/production1-18x12.jpg 18w, https:\/\/www.jymachinetech.com\/wp-content\/uploads\/2021\/12\/production1-600x400.jpg 600w\" sizes=\"(max-width: 999px) 100vw, 999px\" \/><\/p>\n<p><img loading=\"lazy\" decoding=\"async\" class=\"alignnone size-full wp-image-1804\" title=\"m\u00e1quina de dulces sin almid\u00f3n | L\u00ednea de producci\u00f3n de paletas de caramelo y gelatina.\" src=\"https:\/\/www.jymachinetech.com\/wp-content\/uploads\/2021\/12\/production2.jpg\" alt=\"m\u00e1quina de dulces sin almid\u00f3n | L\u00ednea de producci\u00f3n de paletas de caramelo y gelatina.\" width=\"999\" height=\"666\" srcset=\"https:\/\/www.jymachinetech.com\/wp-content\/uploads\/2021\/12\/production2.jpg 999w, https:\/\/www.jymachinetech.com\/wp-content\/uploads\/2021\/12\/production2-18x12.jpg 18w, https:\/\/www.jymachinetech.com\/wp-content\/uploads\/2021\/12\/production2-600x400.jpg 600w\" sizes=\"(max-width: 999px) 100vw, 999px\" \/><\/p>\n<p><img loading=\"lazy\" decoding=\"async\" class=\"alignnone size-full wp-image-1806\" title=\"m\u00e1quina de dulces sin almid\u00f3n | L\u00ednea de producci\u00f3n de paletas de caramelo y gelatina.\" src=\"https:\/\/www.jymachinetech.com\/wp-content\/uploads\/2021\/12\/production4.jpg\" alt=\"m\u00e1quina de dulces sin almid\u00f3n | L\u00ednea de producci\u00f3n de paletas de caramelo y gelatina.\" width=\"999\" height=\"666\" srcset=\"https:\/\/www.jymachinetech.com\/wp-content\/uploads\/2021\/12\/production4.jpg 999w, https:\/\/www.jymachinetech.com\/wp-content\/uploads\/2021\/12\/production4-18x12.jpg 18w, https:\/\/www.jymachinetech.com\/wp-content\/uploads\/2021\/12\/production4-600x400.jpg 600w\" sizes=\"(max-width: 999px) 100vw, 999px\" \/><\/p>\n<h2>Preguntas frecuentes sobre la m\u00e1quina de dulces sin almid\u00f3n<\/h2>\n<p>P1: No tengo experiencia y f\u00f3rmula, \u00bfpueden ayudarme?<\/p>\n<p>-R: S\u00ed, ofrecemos un plan de alcance completo desde la f\u00f3rmula hasta el soporte del producto.<\/p>\n<p>P2: \u00bfPuedo hacer duros <a href=\"https:\/\/www.jymachinetech.com\/es\/top-benefits-of-using-a-candy-manufacturing-machine-for-your-business\/\" title=\"Principales ventajas de utilizar una m\u00e1quina de fabricaci\u00f3n de caramelos para su negocio\"  data-wpil-monitor-id=\"54\" target=\"_blank\">caramelos en esta m\u00e1quina<\/a>?<\/p>\n<p>-R: S\u00ed, pero tambi\u00e9n caramelos de caramelo, piruletas tambi\u00e9n.<\/p>\n<p>P3: \u00bfCu\u00e1l es el voltaje y el amperaje de la m\u00e1quina?<\/p>\n<p>-R: Personalizamos el equipo de acuerdo con su voltaje y con diferentes voltajes, calcularemos la lista de amperios para usted.<\/p>\n<p>Q4:Quiero a\u00f1adir una farmacia dentro de la carpeta <a href=\"https:\/\/www.jymachinetech.com\/es\/beginners-guide-using-gummy-candy-machine-homemade-gummies\/\" title=\"Gu\u00eda para principiantes sobre el uso de una m\u00e1quina de caramelos de goma\"  data-wpil-monitor-id=\"61\" target=\"_blank\">caramelos hace su m\u00e1quina<\/a> \u00bftiene alg\u00fan certificado que me ayude a pasar los requisitos de la FDA?<\/p>\n<p>-R: S\u00ed, tenemos CE y utilizamos todas las marcas de UL&amp;EU enumeradas en estricta conformidad con GMP Stander.<\/p>\n<p>P5: \u00bfQu\u00e9 m\u00e1s necesito preparar? \u00bfEsta m\u00e1quina necesita aire comprimido limpio?<\/p>\n<p>-R: C onside la mayor parte del l\u00edmite de espacio del cliente, esta m\u00e1quina solo necesita conectar la alimentaci\u00f3n, ahorrar el costo del cliente y la evoluci\u00f3n compleja del flujo de aire comprimido. Use un control servo m\u00e1s simple e inteligente sin necesidad de conectar sistemas adicionales para las m\u00e1quinas.<\/p>\n<p>P6: \u00bfC\u00f3mo debo configurar la temperatura y el peso del caramelo?<\/p>\n<p>-A: Por caja de control y configuraci\u00f3n de pantalla t\u00e1ctil para ajustar.<\/p>\n<p>P7: \u00bfNecesito mover los moldes al paso de enfriamiento?<\/p>\n<p>-R: No, la m\u00e1quina es completamente autom\u00e1tica desde el depositante y genial, \u00a1solo necesita recoger los dulces y salir de la m\u00e1quina!<\/p>\n<p>P8: \u00bfNecesito alg\u00fan experto para instalar la m\u00e1quina?<\/p>\n<p>-R: La electricidad de la m\u00e1quina es por el acoplador r\u00e1pido y la configuraci\u00f3n f\u00e1cil en una pantalla t\u00e1ctil como un tel\u00e9fono inteligente o, si lo necesita, tenemos un equipo de soporte t\u00e9cnico local que puede ayudarlo.<\/p>\n<p>Proporcionamos una m\u00e1quina para hacer dulces con osos gomosos de nutrici\u00f3n. Si est\u00e1 interesado en la m\u00e1quina para hacer dulces con osos gomosos de nutrici\u00f3n, puede buscar productos relacionados e iniciar consultas en nuestro sitio web.<\/p>\n<h2><strong><b>Por qu\u00e9<\/b><\/strong><strong><b>\u00a0<\/b><\/strong><strong><b>escoger<\/b><\/strong><strong><b>\u00a0junyu?<\/b><\/strong><\/h2>\n<ul>\n<li>Equipo de OverseaService<\/li>\n<li>Servicio local NormathAmerica<\/li>\n<li>Mantenimiento manual de m\u00e1quinas<\/li>\n<li>24H\/7d\u00edasCentro de piezas<\/li>\n<li>FreeFactory layout Design<\/li>\n<li>Muestra de forma personalizada gratuita<\/li>\n<li>dise\u00f1o de la f\u00f3rmula del producto<\/li>\n<li>diseno de la maquina<\/li>\n<li>3DVisualizaci\u00f3n del esquema del equipo<\/li>\n<li>Tour de producci\u00f3n de la f\u00e1brica del cliente<\/li>\n<li>Profesional de f\u00e1brica real y confiabilidad<\/li>\n<li>Obtenga una cotizaci\u00f3n ahora<\/li>\n<\/ul>","protected":false},"excerpt":{"rendered":"<ul>\n<li>Alta precisi\u00f3n<\/li>\n<li>Ponderaci\u00f3n autom\u00e1tica<\/li>\n<li>Mayor capacidad industrial<\/li>\n<li>Cocina autom\u00e1tica y alimentaci\u00f3n<\/li>\n<li>Sistema de secado autom\u00e1tico<\/li>\n<li>Precio razonable<\/li>\n<li>Proceso vers\u00e1til<\/li>\n<li>sistema flexible<\/li>\n<li>Dise\u00f1o modular \u00fanico<\/li>\n<li>Mayor vida mec\u00e1nica<\/li>\n<li>Dise\u00f1o modular<\/li>\n<li>sistema OBD<\/li>\n<li>Control remoto<\/li>\n<\/ul>","protected":false},"featured_media":1809,"comment_status":"closed","ping_status":"closed","template":"","meta":[],"product_brand":[],"product_cat":[16,100,102],"product_tag":[32,33],"class_list":{"0":"post-1218","1":"product","2":"type-product","3":"status-publish","4":"has-post-thumbnail","6":"product_cat-candy-machine","7":"product_cat-lollipop-machine","8":"product_cat-toffee-candy-machine","9":"product_tag-candy-machine","10":"product_tag-vacuum-cooker","12":"first","13":"instock","14":"shipping-taxable","15":"product-type-simple"},"_links":{"self":[{"href":"https:\/\/www.jymachinetech.com\/es\/wp-json\/wp\/v2\/product\/1218","targetHints":{"allow":["GET"]}}],"collection":[{"href":"https:\/\/www.jymachinetech.com\/es\/wp-json\/wp\/v2\/product"}],"about":[{"href":"https:\/\/www.jymachinetech.com\/es\/wp-json\/wp\/v2\/types\/product"}],"replies":[{"embeddable":true,"href":"https:\/\/www.jymachinetech.com\/es\/wp-json\/wp\/v2\/comments?post=1218"}],"version-history":[{"count":3,"href":"https:\/\/www.jymachinetech.com\/es\/wp-json\/wp\/v2\/product\/1218\/revisions"}],"predecessor-version":[{"id":7285,"href":"https:\/\/www.jymachinetech.com\/es\/wp-json\/wp\/v2\/product\/1218\/revisions\/7285"}],"wp:featuredmedia":[{"embeddable":true,"href":"https:\/\/www.jymachinetech.com\/es\/wp-json\/wp\/v2\/media\/1809"}],"wp:attachment":[{"href":"https:\/\/www.jymachinetech.com\/es\/wp-json\/wp\/v2\/media?parent=1218"}],"wp:term":[{"taxonomy":"product_brand","embeddable":true,"href":"https:\/\/www.jymachinetech.com\/es\/wp-json\/wp\/v2\/product_brand?post=1218"},{"taxonomy":"product_cat","embeddable":true,"href":"https:\/\/www.jymachinetech.com\/es\/wp-json\/wp\/v2\/product_cat?post=1218"},{"taxonomy":"product_tag","embeddable":true,"href":"https:\/\/www.jymachinetech.com\/es\/wp-json\/wp\/v2\/product_tag?post=1218"}],"curies":[{"name":"wp","href":"https:\/\/api.w.org\/{rel}","templated":true}]}}