{"id":1203,"date":"2021-12-20T15:47:34","date_gmt":"2021-12-20T15:47:34","guid":{"rendered":"https:\/\/www.jymachinetech.com\/?post_type=product&#038;p=1203"},"modified":"2025-07-25T06:03:50","modified_gmt":"2025-07-25T06:03:50","slug":"cookie-production-line","status":"publish","type":"product","link":"https:\/\/www.jymachinetech.com\/es\/product\/cookie-production-line\/","title":{"rendered":"L\u00ednea de producci\u00f3n de galletas | M\u00e1quina para hacer galletas"},"content":{"rendered":"<p>Nuestra l\u00ednea de producci\u00f3n de galletas ofrece opciones de capacidad vers\u00e1tiles, desde 200 kg hasta 2,5 toneladas por hora. Esta flexibilidad le permite adaptar su producci\u00f3n a sus necesidades. Con solo cambiar los moldes rotativos, puede producir una variedad de galletas, como galletas de mantequilla, galletas blandas, galletas de chocolate y m\u00e1s. Para garantizar la m\u00e1xima calidad y eficiencia en su producci\u00f3n, le ofrecemos asesoramiento detallado sobre la masa y los ingredientes adecuados para sus productos espec\u00edficos.<\/p>\n<p><iframe title=\"\u00bfC\u00f3mo hacer galletas en nuestra f\u00e1brica? L\u00ednea de producci\u00f3n de galletas completamente autom\u00e1tica de 1200 mm M\u00e1quina para hacer galletas\" width=\"800\" height=\"450\" src=\"https:\/\/www.youtube.com\/embed\/kwUAEOGspq0?list=PLkC9Irp2ZdYYo8LYiGUXXFn1OQ5NaYFSQ\" frameborder=\"0\" allow=\"accelerometer; autoplay; clipboard-write; encrypted-media; gyroscope; picture-in-picture; web-share\" referrerpolicy=\"strict-origin-when-cross-origin\" allowfullscreen><\/iframe><\/p>\n<h2><strong>Caracter\u00edsticas y ventajas clave<\/strong><\/h2>\n<ul>\n<li><strong>Producci\u00f3n vers\u00e1til<\/strong>:Capaz de producir una amplia gama de galletas cambiando las formas de los moldes rotatorios.<\/li>\n<li><strong>Opciones de capacidad<\/strong>: Var\u00eda desde 200 kg hasta 2,5 toneladas por hora, adapt\u00e1ndose a distintas escalas de producci\u00f3n.<\/li>\n<li><strong>Materiales de alta calidad<\/strong>:Fabricado en acero inoxidable SUS 304, lo que garantiza que se cumplan los est\u00e1ndares de salud y seguridad.<\/li>\n<li><strong>Control autom\u00e1tico<\/strong>:Equipado con un sistema de control PLC para un funcionamiento preciso y eficiente.<\/li>\n<li><strong>Rentable<\/strong>:M\u00e1quinas de alta calidad a precios competitivos, que ofrecen un excelente valor para su inversi\u00f3n.<\/li>\n<li><strong>Certificaciones<\/strong>:Certificado CE e ISO, garantizando el cumplimiento de los est\u00e1ndares internacionales de calidad y seguridad.<\/li>\n<li><strong>Caracter\u00edsticas de seguridad<\/strong>:Cubiertas de seguridad visibles para un entorno de trabajo seguro.<\/li>\n<li><strong>F\u00e1cil instalaci\u00f3n y mantenimiento<\/strong>:Dise\u00f1ado para una instalaci\u00f3n y mantenimiento sencillos, minimizando el tiempo de inactividad.<\/li>\n<li><strong>Ingenieros experimentados<\/strong>M\u00e1s de 20 ingenieros con amplia experiencia en instalaciones en el extranjero brindan soporte confiable.<\/li>\n<li><strong>F\u00f3rmulas personalizadas<\/strong>:F\u00f3rmulas personalizadas disponibles para cada cliente para garantizar la consistencia y calidad del producto.<\/li>\n<li><strong>Plazo de entrega r\u00e1pido<\/strong>Nos esforzamos por entregar r\u00e1pidamente para mantener su producci\u00f3n dentro del cronograma.<\/li>\n<li><strong>Soporte t\u00e9cnico 24 horas al d\u00eda, 7 d\u00edas a la semana<\/strong>Nuestro equipo de soporte est\u00e1 disponible en l\u00ednea dentro de las 24 horas para ayudarle con cualquier problema t\u00e9cnico.<\/li>\n<li><strong>Mantenimiento anual<\/strong>:Servicios integrales de mantenimiento para garantizar una producci\u00f3n fluida y eficiente.<\/li>\n<\/ul>\n<h2><strong>Consideraciones de producci\u00f3n<\/strong><\/h2>\n<p>Before starting production, it&#8217;s crucial to determine the appropriate dough type and ingredients for your cookies. Here are some factors to consider:<\/p>\n<ol>\n<li><strong>Tipo de masa<\/strong>:Identifique si su producto requiere masa dura, masa suave o una masa similar al merengue.<\/li>\n<li><strong>Contenido de grasa<\/strong>Determine si usar\u00e1 mantequilla, margarina o aceites. Tenga en cuenta que un alto contenido de grasa puede hacer que la masa quede pegajosa y dif\u00edcil de manipular.<\/li>\n<li><strong>Ingredientes adicionales<\/strong>: Consider if there are any extra particles inside the dough, such as chocolate chips, nuts, or other inclusions that may affect the dough&#8217;s consistency and handling.<\/li>\n<\/ol>\n<h2><strong>Descripci\u00f3n general del flujo de producci\u00f3n<\/strong><\/h2>\n<ol>\n<li><strong>mezclando<\/strong>:Se mezclan los ingredientes para formar la masa de galletas.<\/li>\n<li><strong>formando<\/strong>:La masa se moldea en galletas utilizando moldes rotatorios.<\/li>\n<li><strong>Horneando<\/strong>:Las galletas se hornean en un horno para lograr la textura y el sabor deseados.<\/li>\n<li><strong>Enfriamiento<\/strong>:Las galletas horneadas se enfr\u00edan a la temperatura \u00f3ptima.<\/li>\n<li><strong>embalaje<\/strong>:Las galletas terminadas se empaquetan para su distribuci\u00f3n.<\/li>\n<\/ol>\n<h2><b><span lang=\"EN-US\">M\u00e1quina mezcladora de masa para l\u00ednea de producci\u00f3n de galletas blandas<\/span><\/b><\/h2>\n<p><img fetchpriority=\"high\" decoding=\"async\" class=\"alignnone size-full wp-image-1210\" title=\"l\u00ednea de producci\u00f3n de galletas | maquina para hacer galletas\" src=\"https:\/\/www.jymachinetech.com\/wp-content\/uploads\/2021\/12\/cookie-production-line-6.png\" alt=\"l\u00ednea de producci\u00f3n de galletas | maquina para hacer galletas\" width=\"685\" height=\"464\" srcset=\"https:\/\/www.jymachinetech.com\/wp-content\/uploads\/2021\/12\/cookie-production-line-6.png 685w, https:\/\/www.jymachinetech.com\/wp-content\/uploads\/2021\/12\/cookie-production-line-6-18x12.png 18w, https:\/\/www.jymachinetech.com\/wp-content\/uploads\/2021\/12\/cookie-production-line-6-600x406.png 600w\" sizes=\"(max-width: 685px) 100vw, 685px\" \/><\/p>\n<p>&nbsp;<\/p>\n<p><span lang=\"EN-US\">Este mezclador de masa para el sistema de mezcla de galletas blandas con\u00a0<\/span><span lang=\"EN-US\">Sistema de control PLC inteligente y sistema de pantalla t\u00e1ctil con transmisi\u00f3n de se\u00f1al de eliminaci\u00f3n.<\/span><br \/>\n<span lang=\"EN-US\">La conexi\u00f3n con un cortador de masa autom\u00e1tico y un sistema transportador puede ser un procesamiento completamente automatizado.<\/span><\/p>\n<p>&nbsp;<\/p>\n<h2><b><span lang=\"EN-US\">Sistema de alimentaci\u00f3n<\/span><\/b><\/h2>\n<p><img decoding=\"async\" class=\"alignnone size-full wp-image-1211\" title=\"l\u00ednea de producci\u00f3n de galletas | maquina para hacer galletas\" src=\"https:\/\/www.jymachinetech.com\/wp-content\/uploads\/2021\/12\/cookie-production-line-7.jpeg\" alt=\"l\u00ednea de producci\u00f3n de galletas | maquina para hacer galletas\" width=\"588\" height=\"784\" srcset=\"https:\/\/www.jymachinetech.com\/wp-content\/uploads\/2021\/12\/cookie-production-line-7.jpeg 588w, https:\/\/www.jymachinetech.com\/wp-content\/uploads\/2021\/12\/cookie-production-line-7-9x12.jpeg 9w\" sizes=\"(max-width: 588px) 100vw, 588px\" \/><\/p>\n<p>&nbsp;<\/p>\n<h2><b><span lang=\"EN-US\">Moldeadora rotativa para el procesamiento de galletas<\/span><\/b><\/h2>\n<p><span lang=\"EN-US\">Una vez que se hayan confirmado los tipos de galletas y masa, podemos comenzar a centrarnos en el tama\u00f1o y la forma de las galletas.<\/span><br \/>\n<span lang=\"EN-US\">\u00bfCu\u00e1ntos tipos diferentes de galletas le gustar\u00eda producir?<\/span><\/p>\n<h2><b><span lang=\"EN-US\">A: Procesamiento de cookies de gota rotativa<\/span><\/b><\/h2>\n<p><img decoding=\"async\" class=\"alignnone size-full wp-image-1217\" title=\"l\u00ednea de producci\u00f3n de galletas | maquina para hacer galletas\" src=\"https:\/\/www.jymachinetech.com\/wp-content\/uploads\/2021\/12\/cookie-production-line-13.jpg\" alt=\"l\u00ednea de producci\u00f3n de galletas | maquina para hacer galletas\" width=\"993\" height=\"745\" srcset=\"https:\/\/www.jymachinetech.com\/wp-content\/uploads\/2021\/12\/cookie-production-line-13.jpg 993w, https:\/\/www.jymachinetech.com\/wp-content\/uploads\/2021\/12\/cookie-production-line-13-16x12.jpg 16w, https:\/\/www.jymachinetech.com\/wp-content\/uploads\/2021\/12\/cookie-production-line-13-600x450.jpg 600w\" sizes=\"(max-width: 993px) 100vw, 993px\" \/><\/p>\n<p><span lang=\"EN-US\">Las m\u00e1quinas de procesamiento de galletas rotatorias generalmente pueden producir galletas rotativas y multinivel, que es la funci\u00f3n m\u00e1s com\u00fan para las m\u00e1quinas de galletas.<\/span><br \/>\n<span lang=\"EN-US\">uno sencillo\u00a0<\/span><span lang=\"EN-US\">patr\u00f3n de montaje\u00a0<\/span><span lang=\"EN-US\">Las boquillas pueden producir cientos de formas con nuestros programas de m\u00e1quinas de galletas.<\/span><br \/>\n<span lang=\"EN-US\">El cliente puede establecer la velocidad, la direcci\u00f3n y el tiempo de rotaci\u00f3n para el movimiento de las mismas boquillas para obtener diferentes productos.<\/span><br \/>\n<span lang=\"EN-US\">El dep\u00f3sito de masa para galletas a trav\u00e9s de un cabezal de dep\u00f3sito redondo o con forma; como lo har\u00edas con una manga pastelera.\u00a0<\/span><\/p>\n<p><img loading=\"lazy\" decoding=\"async\" class=\"alignnone size-full wp-image-1208\" title=\"l\u00ednea de producci\u00f3n de galletas | maquina para hacer galletas\" src=\"https:\/\/www.jymachinetech.com\/wp-content\/uploads\/2021\/12\/cookie-production-line-4.png\" alt=\"l\u00ednea de producci\u00f3n de galletas | maquina para hacer galletas\" width=\"1441\" height=\"778\" srcset=\"https:\/\/www.jymachinetech.com\/wp-content\/uploads\/2021\/12\/cookie-production-line-4.png 1441w, https:\/\/www.jymachinetech.com\/wp-content\/uploads\/2021\/12\/cookie-production-line-4-18x10.png 18w, https:\/\/www.jymachinetech.com\/wp-content\/uploads\/2021\/12\/cookie-production-line-4-600x324.png 600w\" sizes=\"(max-width: 1441px) 100vw, 1441px\" \/> <img loading=\"lazy\" decoding=\"async\" class=\"alignnone size-full wp-image-1209\" title=\"l\u00ednea de producci\u00f3n de galletas | maquina para hacer galletas\" src=\"https:\/\/www.jymachinetech.com\/wp-content\/uploads\/2021\/12\/cookie-production-line-5.png\" alt=\"l\u00ednea de producci\u00f3n de galletas | maquina para hacer galletas\" width=\"1724\" height=\"734\" srcset=\"https:\/\/www.jymachinetech.com\/wp-content\/uploads\/2021\/12\/cookie-production-line-5.png 1724w, https:\/\/www.jymachinetech.com\/wp-content\/uploads\/2021\/12\/cookie-production-line-5-18x8.png 18w, https:\/\/www.jymachinetech.com\/wp-content\/uploads\/2021\/12\/cookie-production-line-5-600x255.png 600w\" sizes=\"(max-width: 1724px) 100vw, 1724px\" \/><\/p>\n<h2><b><span lang=\"EN-US\">B<\/span><\/b><b><span lang=\"ZH\">\uff1a<\/span><\/b><b><span lang=\"EN-US\">Galleta extruida<\/span><\/b><\/h2>\n<p><span lang=\"EN-US\">Las m\u00e1quinas extrusoras de galletas generalmente pueden producir galletas especiales de varios niveles en el interior con un primer plano en el interior de las boquillas del extrusor.<\/span><\/p>\n<p><span lang=\"EN-US\">Cualquiera que sea el dulce que desee en su vitrina, es importante identificarlo temprano para que pueda seleccionar su equipo en consecuencia.<\/span><\/p>\n<p><img loading=\"lazy\" decoding=\"async\" class=\"alignnone size-full wp-image-1206\" title=\"l\u00ednea de producci\u00f3n de galletas | maquina para hacer galletas\" src=\"https:\/\/www.jymachinetech.com\/wp-content\/uploads\/2021\/12\/cookie-production-line-2.png\" alt=\"l\u00ednea de producci\u00f3n de galletas | maquina para hacer galletas\" width=\"1270\" height=\"203\" srcset=\"https:\/\/www.jymachinetech.com\/wp-content\/uploads\/2021\/12\/cookie-production-line-2.png 1270w, https:\/\/www.jymachinetech.com\/wp-content\/uploads\/2021\/12\/cookie-production-line-2-18x3.png 18w, https:\/\/www.jymachinetech.com\/wp-content\/uploads\/2021\/12\/cookie-production-line-2-600x96.png 600w\" sizes=\"(max-width: 1270px) 100vw, 1270px\" \/><\/p>\n<p>&nbsp;<\/p>\n<h2><b><span lang=\"EN-US\">C<\/span><\/b><b><span lang=\"ZH\">\uff1a<\/span><\/b><b><span lang=\"EN-US\">Galleta cortadora de alambre<\/span><\/b><\/h2>\n<p>Este tipo de m\u00e1quina para producir galletas, dise\u00f1ada para una precisi\u00f3n y fiabilidad excepcionales en el peso de las piezas, es perfecta para elaborar pan de jengibre, galletas navide\u00f1as y una amplia variedad de galletas que se extienden y cortan con cortadores, incluyendo formas redondas y cuadradas. Con nuestra funci\u00f3n de doble color, incluso puede crear intrincadas galletas con dise\u00f1o de tablero de ajedrez.<\/p>\n<p>La m\u00e1quina se integra perfectamente en la l\u00ednea de producci\u00f3n, se coloca sobre la cinta transportadora o la banda del horno y se desmonta f\u00e1cilmente sin interrumpir el sistema transportador. El accionamiento dual de la moldeadora rotativa de galletas blandas y la cinta transportadora se ajusta por separado, lo que garantiza una conexi\u00f3n perfecta y un moldeado de galletas superior.<\/p>\n<p>Recomendamos encarecidamente a nuestros clientes que prueben nuestras m\u00e1quinas de procesamiento de galletas o cualquier otro equipo de panader\u00eda antes de realizar una compra, ya que los productos de alta calidad dependen de tecnolog\u00edas de procesamiento de alta calidad. Todos esperamos que cada paquete de galletas que abrimos contenga galletas perfectamente horneadas, y nuestras m\u00e1quinas est\u00e1n dise\u00f1adas para cumplir esta expectativa constantemente.<\/p>\n<p>Para garantizar que encuentre la combinaci\u00f3n perfecta para sus necesidades de producci\u00f3n de galletas, nuestro equipo ofrece demostraciones de equipos gratuitas y visitas a la f\u00e1brica.<\/p>\n<p>&nbsp;<\/p>\n<h2><b><span lang=\"EN-US\">Horno de t\u00fanel para hornear galletas.<\/span><\/b><\/h2>\n<h2><b><span lang=\"EN-US\">Temperatura y tiempo de horneado<\/span><\/b><\/h2>\n<p><img loading=\"lazy\" decoding=\"async\" class=\"alignnone size-full wp-image-1215\" title=\"l\u00ednea de producci\u00f3n de galletas | maquina para hacer galletas\" src=\"https:\/\/www.jymachinetech.com\/wp-content\/uploads\/2021\/12\/cookie-production-line-11.jpg\" alt=\"l\u00ednea de producci\u00f3n de galletas | maquina para hacer galletas\" width=\"1269\" height=\"952\" srcset=\"https:\/\/www.jymachinetech.com\/wp-content\/uploads\/2021\/12\/cookie-production-line-11.jpg 1269w, https:\/\/www.jymachinetech.com\/wp-content\/uploads\/2021\/12\/cookie-production-line-11-16x12.jpg 16w, https:\/\/www.jymachinetech.com\/wp-content\/uploads\/2021\/12\/cookie-production-line-11-600x450.jpg 600w\" sizes=\"(max-width: 1269px) 100vw, 1269px\" \/><\/p>\n<p><span lang=\"EN-US\">Hornear es la clave de los alimentos delicados, nuestro horno para hornear se puede personalizar en diferentes zonas de temperatura. Cada zona del horno est\u00e1 disponible con una variedad de opciones para crear un sistema rentable con una combinaci\u00f3n de radiaci\u00f3n, calentamiento por convecci\u00f3n y conducci\u00f3n.<\/span><\/p>\n<p><span lang=\"EN-US\">El horno de galletas puede hacer diferentes recursos de horneado, como zonas de horneado de gas directo, convecci\u00f3n y combinaci\u00f3n radiante\/convecci\u00f3n para mejorar la eficiencia del horneado.<\/span><\/p>\n<p><span lang=\"EN-US\">Control repetible de tiempo, temperatura, humedad y tipo de transferencia de calor<\/span><br \/>\n<span lang=\"EN-US\">M\u00e1ximo control sobre la calidad, el color, el sabor y la textura, preconstruidos en nuestra f\u00e1brica para una instalaci\u00f3n r\u00e1pida o ensamblados en el sitio.<\/span><\/p>\n<p><span lang=\"EN-US\">Ya sea que desee aumentar la diversidad de su l\u00ednea de productos existente o expandir su producci\u00f3n de galletas existente, la clave es elegir el equipo adecuado. <\/span><\/p>\n<p><span lang=\"EN-US\">Correct biscuit production equipment can improve <a href=\"https:\/\/www.jymachinetech.com\/es\/2025-top-gummy-candy-machine-for-efficient-production-and-quality-results\/\" title=\"2025 M\u00e1quina de caramelos de goma Top para una producci\u00f3n eficiente y resultados de calidad\"  data-wpil-monitor-id=\"102\" target=\"_blank\">efficiency without sacrificing product quality<\/a>.<\/span><\/p>\n<p>&nbsp;<\/p>\n<h2><b><span lang=\"EN-US\">Transportador de enfriamiento y apilamiento<\/span><\/b><\/h2>\n<p><img loading=\"lazy\" decoding=\"async\" class=\"alignnone size-full wp-image-1213\" title=\"l\u00ednea de producci\u00f3n de galletas | maquina para hacer galletas\" src=\"https:\/\/www.jymachinetech.com\/wp-content\/uploads\/2021\/12\/cookie-production-line-9.png\" alt=\"l\u00ednea de producci\u00f3n de galletas | maquina para hacer galletas\" width=\"558\" height=\"250\" srcset=\"https:\/\/www.jymachinetech.com\/wp-content\/uploads\/2021\/12\/cookie-production-line-9.png 558w, https:\/\/www.jymachinetech.com\/wp-content\/uploads\/2021\/12\/cookie-production-line-9-18x8.png 18w\" sizes=\"(max-width: 558px) 100vw, 558px\" \/><\/p>\n<p><a href=\"https:\/\/www.jymachinetech.com\/es\/essential-guide-to-the-biscuit-production-line-for-efficient-baking\/\" title=\"Gu\u00eda esencial de la l\u00ednea de producci\u00f3n de galletas para un horneado eficiente\"  data-wpil-monitor-id=\"107\" target=\"_blank\">cookies production line<\/a> manufacturers<\/p>\n<p><span lang=\"EN-US\">Mantener una alineaci\u00f3n constante y una refrigeraci\u00f3n no agresiva son fundamentales para obtener un producto \u00edntegro, que no se rompa, que se pueda apilar y envasar f\u00e1cilmente.<\/span><\/p>\n<p><span lang=\"EN-US\">Cada a\u00f1o se realizan m\u00e1s de 4.500 metros de cintas transportadoras de enfriamiento, transportando cada galleta a las estaciones de apilamiento. <\/span><\/p>\n<p><span lang=\"EN-US\">Posteriormente, la galleta se puede transportar a las envasadoras de forma autom\u00e1tica o manual seg\u00fan el sistema y las velocidades.\u00a0<\/span><\/p>\n<h2><b><span lang=\"EN-US\">\u00bfQu\u00e9 tipo de galleta te gustar\u00eda hacer?<\/span><\/b><\/h2>\n<p><img loading=\"lazy\" decoding=\"async\" class=\"alignnone size-full wp-image-1212\" title=\"l\u00ednea de producci\u00f3n de galletas | maquina para hacer galletas\" src=\"https:\/\/www.jymachinetech.com\/wp-content\/uploads\/2021\/12\/cookie-production-line-8.png\" alt=\"l\u00ednea de producci\u00f3n de galletas | maquina para hacer galletas\" width=\"1878\" height=\"928\" srcset=\"https:\/\/www.jymachinetech.com\/wp-content\/uploads\/2021\/12\/cookie-production-line-8.png 1878w, https:\/\/www.jymachinetech.com\/wp-content\/uploads\/2021\/12\/cookie-production-line-8-18x9.png 18w, https:\/\/www.jymachinetech.com\/wp-content\/uploads\/2021\/12\/cookie-production-line-8-600x296.png 600w\" sizes=\"(max-width: 1878px) 100vw, 1878px\" \/><\/p>\n<p>Nuestra f\u00e1brica puede proporcionar el servicio llave en mano para cada cliente. Una vez que haya decidido con qu\u00e9 cookie le gustar\u00eda comenzar su producci\u00f3n, considere qu\u00e9 capacidades le gustar\u00eda tener disponibles en el futuro. Encontremos la soluci\u00f3n adecuada o personalizada para su f\u00e1brica de galletas.<\/p>","protected":false},"excerpt":{"rendered":"<div class=\"content-style\">\n<p><span lang=\"EN-US\">Esta l\u00ednea de producci\u00f3n de galletas tiene <\/span><span lang=\"EN-US\">corte de alambre, enrutamiento prensa extruido, coextruido y depositado\u00a0<\/span><span lang=\"EN-US\">funciones para masas blandas ricas en grasas.<\/span><\/p>\n<\/div>","protected":false},"featured_media":1214,"comment_status":"closed","ping_status":"closed","template":"","meta":[],"product_brand":[],"product_cat":[15],"product_tag":[],"class_list":{"0":"post-1203","1":"product","2":"type-product","3":"status-publish","4":"has-post-thumbnail","6":"product_cat-bakery-equipment","8":"first","9":"instock","10":"shipping-taxable","11":"product-type-simple"},"_links":{"self":[{"href":"https:\/\/www.jymachinetech.com\/es\/wp-json\/wp\/v2\/product\/1203","targetHints":{"allow":["GET"]}}],"collection":[{"href":"https:\/\/www.jymachinetech.com\/es\/wp-json\/wp\/v2\/product"}],"about":[{"href":"https:\/\/www.jymachinetech.com\/es\/wp-json\/wp\/v2\/types\/product"}],"replies":[{"embeddable":true,"href":"https:\/\/www.jymachinetech.com\/es\/wp-json\/wp\/v2\/comments?post=1203"}],"version-history":[{"count":3,"href":"https:\/\/www.jymachinetech.com\/es\/wp-json\/wp\/v2\/product\/1203\/revisions"}],"predecessor-version":[{"id":7321,"href":"https:\/\/www.jymachinetech.com\/es\/wp-json\/wp\/v2\/product\/1203\/revisions\/7321"}],"wp:featuredmedia":[{"embeddable":true,"href":"https:\/\/www.jymachinetech.com\/es\/wp-json\/wp\/v2\/media\/1214"}],"wp:attachment":[{"href":"https:\/\/www.jymachinetech.com\/es\/wp-json\/wp\/v2\/media?parent=1203"}],"wp:term":[{"taxonomy":"product_brand","embeddable":true,"href":"https:\/\/www.jymachinetech.com\/es\/wp-json\/wp\/v2\/product_brand?post=1203"},{"taxonomy":"product_cat","embeddable":true,"href":"https:\/\/www.jymachinetech.com\/es\/wp-json\/wp\/v2\/product_cat?post=1203"},{"taxonomy":"product_tag","embeddable":true,"href":"https:\/\/www.jymachinetech.com\/es\/wp-json\/wp\/v2\/product_tag?post=1203"}],"curies":[{"name":"wp","href":"https:\/\/api.w.org\/{rel}","templated":true}]}}