{"id":1141,"date":"2021-12-20T11:32:52","date_gmt":"2021-12-20T11:32:52","guid":{"rendered":"https:\/\/www.jymachinetech.com\/?post_type=product&#038;p=1141"},"modified":"2025-07-25T05:52:33","modified_gmt":"2025-07-25T05:52:33","slug":"biscuit-stacking-machine-machine-for-biscuit","status":"publish","type":"product","link":"https:\/\/www.jymachinetech.com\/es\/product\/biscuit-stacking-machine-machine-for-biscuit\/","title":{"rendered":"M\u00e1quina apiladora de galletas | m\u00e1quina para galletas"},"content":{"rendered":"<p>La apiladora de galletas es una soluci\u00f3n de automatizaci\u00f3n avanzada dise\u00f1ada para agilizar el proceso de envasado de galletas. Convierte eficazmente las galletas planas en una formaci\u00f3n \u2018en el borde\u2019, formando \u2018tacos\u2019 continuos perfectamente alineados para su posterior procesamiento por parte de una envolvedora o sandwichadora de crema.<\/p>\n<p><iframe title=\"\u00bfC\u00f3mo hacer galletas en nuestra f\u00e1brica? L\u00ednea de producci\u00f3n de galletas completamente autom\u00e1tica de 1200 mm M\u00e1quina para hacer galletas\" width=\"800\" height=\"450\" src=\"https:\/\/www.youtube.com\/embed\/kwUAEOGspq0?start=1&#038;feature=oembed\" frameborder=\"0\" allow=\"accelerometer; autoplay; clipboard-write; encrypted-media; gyroscope; picture-in-picture; web-share\" referrerpolicy=\"strict-origin-when-cross-origin\" allowfullscreen><\/iframe><\/p>\n<h2><strong>Caracter\u00edsticas y beneficios clave:<\/strong><\/h2>\n<ul>\n<li><strong>Sistema de Monitoreo Autom\u00e1tico:<\/strong>\u00a0Garantiza un funcionamiento confiable y una m\u00ednima intervenci\u00f3n humana.<\/li>\n<li><strong>Gu\u00edas de bloqueo fijas magn\u00e9ticas:<\/strong>\u00a0Proporciona una gu\u00eda segura de las galletas durante todo el proceso de apilado.<\/li>\n<li><strong>Placas divisorias:<\/strong>\u00a0Facilita el apilado organizado de galletas en un entorno controlado.<\/li>\n<li><strong>Ruedas de estrella de ajuste r\u00e1pido:<\/strong>\u00a0Permite un f\u00e1cil ajuste de la posici\u00f3n central, adapt\u00e1ndose a distintos tama\u00f1os de galletas.<\/li>\n<li><strong>Versatilidad en el apilamiento:<\/strong>\u00a0Ideal para apilar productos de diferentes tama\u00f1os con precisi\u00f3n.<\/li>\n<li><strong>Funcionamiento suave:<\/strong>\u00a0Permite una canalizaci\u00f3n r\u00e1pida de galletas con una interrupci\u00f3n m\u00ednima.<\/li>\n<li><strong>Resultados del apilamiento ordenado:<\/strong>\u00a0Asegura una pila limpia y ordenada, mejorando la presentaci\u00f3n final del producto.<\/li>\n<li><strong>Ancho del canal de apilamiento ajustable:<\/strong>\u00a0Personalizable para adaptarse al ancho de las galletas a procesar.<\/li>\n<li><strong>Baja tasa de rotura del producto:<\/strong>\u00a0Dise\u00f1ado para minimizar el da\u00f1o a las galletas durante el apilado.<\/li>\n<li><strong>Cuerpo de acero inoxidable:<\/strong>\u00a0Garantiza durabilidad, higiene y facilidad de limpieza.<\/li>\n<li><strong>Operaci\u00f3n segura y estable:<\/strong>\u00a0Cumple con los est\u00e1ndares de seguridad para un entorno de producci\u00f3n confiable y seguro.<\/li>\n<\/ul>\n<h2><strong>Especificaciones t\u00e9cnicas:<\/strong><\/h2>\n<ul>\n<li><strong>Material del cuerpo:<\/strong>\u00a0Acero inoxidable para resistencia a la corrosi\u00f3n y f\u00e1cil mantenimiento.<\/li>\n<li><strong>Ajustabilidad:<\/strong>\u00a0Cuenta con ruedas de estrella ajustables y ancho de canal de apilamiento para distintos tama\u00f1os de galletas.<\/li>\n<\/ul>\n<h2><strong>Aplicaciones:<\/strong><\/h2>\n<ul>\n<li>Perfecto para la integraci\u00f3n con <a href=\"https:\/\/www.jymachinetech.com\/es\/top-hard-dough-biscuit-production-line-for-efficient-baking-solutions\/\" title=\"L\u00ednea de producci\u00f3n de galletas de masa dura Top para soluciones de panificaci\u00f3n eficientes\"  data-wpil-monitor-id=\"94\" target=\"_blank\">l\u00edneas de producci\u00f3n de galletas<\/a>, mejorando el proceso de envasado de una amplia gama de tipos de galletas.<\/li>\n<\/ul>\n<p><img fetchpriority=\"high\" decoding=\"async\" class=\"alignnone size-full wp-image-1142\" title=\"m\u00e1quina apiladora de galletas | m\u00e1quina para galletas\" src=\"https:\/\/www.jymachinetech.com\/wp-content\/uploads\/2021\/12\/Biscuit-stacking-machine-1.png\" alt=\"m\u00e1quina apiladora de galletas | m\u00e1quina para galletas\" width=\"606\" height=\"270\" srcset=\"https:\/\/www.jymachinetech.com\/wp-content\/uploads\/2021\/12\/Biscuit-stacking-machine-1.png 606w, https:\/\/www.jymachinetech.com\/wp-content\/uploads\/2021\/12\/Biscuit-stacking-machine-1-18x8.png 18w, https:\/\/www.jymachinetech.com\/wp-content\/uploads\/2021\/12\/Biscuit-stacking-machine-1-600x267.png 600w\" sizes=\"(max-width: 606px) 100vw, 606px\" \/><\/p>\n<ul>\n<li><\/li>\n<\/ul>\n<h2><strong><span lang=\"EN-US\">Especificaci\u00f3n<\/span><\/strong><\/h2>\n<div class=\"table-responsive\">\n<table class=\"Table\" style=\"border-collapse: collapse; border: solid windowtext 1.0pt; margin-left: 9px; margin-right: 9px;\" width=\"98%\" align=\"left\">\n<tbody>\n<tr>\n<td style=\"border: solid windowtext 1.0pt; width: 85.15pt; padding: 0cm 5.4pt 0cm 5.4pt;\" valign=\"top\" width=\"114\"><span style=\"font-size: 10.5pt;\"><span style=\"font-family: \u7b49\u7ebf;\">Modelo<\/span><\/span><\/td>\n<td style=\"border: solid windowtext 1.0pt; width: 106.0pt; border-left: none; padding: 0cm 5.4pt 0cm 5.4pt;\" valign=\"top\" width=\"141\"><span style=\"font-size: 10.5pt;\"><span style=\"font-family: \u7b49\u7ebf;\">Capacidad<\/span><\/span><\/td>\n<td style=\"border: solid windowtext 1.0pt; width: 127.55pt; border-left: none; padding: 0cm 5.4pt 0cm 5.4pt;\" valign=\"top\" width=\"170\"><span style=\"font-size: 10.5pt;\"><span style=\"font-family: \u7b49\u7ebf;\">Tama\u00f1o de la m\u00e1quina apiladora<\/span><\/span><\/td>\n<td style=\"border: solid windowtext 1.0pt; width: 127.6pt; border-left: none; padding: 0cm 5.4pt 0cm 5.4pt;\" valign=\"top\" width=\"170\"><span style=\"font-size: 10.5pt;\"><span style=\"font-family: \u7b49\u7ebf;\">Tama\u00f1o de la plataforma de embalaje<\/span><\/span><\/td>\n<\/tr>\n<tr>\n<td style=\"border: solid windowtext 1.0pt; width: 85.15pt; border-top: none; padding: 0cm 5.4pt 0cm 5.4pt;\" valign=\"top\" width=\"114\"><span style=\"font-size: 10.5pt;\"><span style=\"font-family: \u7b49\u7ebf;\">JYB-280<\/span><\/span><\/td>\n<td style=\"border-bottom: solid windowtext 1.0pt; width: 106.0pt; border-top: none; border-left: none; border-right: solid windowtext 1.0pt; padding: 0cm 5.4pt 0cm 5.4pt;\" valign=\"top\" width=\"141\"><span style=\"font-size: 10.5pt;\"><span style=\"font-family: \u7b49\u7ebf;\">50-80 kg\/hora<\/span><\/span><\/td>\n<td style=\"border-bottom: solid windowtext 1.0pt; width: 127.55pt; border-top: none; border-left: none; border-right: solid windowtext 1.0pt; padding: 0cm 5.4pt 0cm 5.4pt;\" valign=\"top\" width=\"170\"><span style=\"font-size: 10.5pt;\"><span style=\"font-family: \u7b49\u7ebf;\">2680*550*885mm<\/span><\/span><\/td>\n<td style=\"border-bottom: solid windowtext 1.0pt; width: 127.6pt; border-top: none; border-left: none; border-right: solid windowtext 1.0pt; padding: 0cm 5.4pt 0cm 5.4pt;\" valign=\"top\" width=\"170\"><span style=\"font-size: 10.5pt;\"><span style=\"font-family: \u7b49\u7ebf;\">3000*420*380mm<\/span><\/span><\/td>\n<\/tr>\n<tr>\n<td style=\"border: solid windowtext 1.0pt; width: 85.15pt; border-top: none; padding: 0cm 5.4pt 0cm 5.4pt;\" valign=\"top\" width=\"114\"><span style=\"font-size: 10.5pt;\"><span style=\"font-family: \u7b49\u7ebf;\">JYB-400<\/span><\/span><\/td>\n<td style=\"border-bottom: solid windowtext 1.0pt; width: 106.0pt; border-top: none; border-left: none; border-right: solid windowtext 1.0pt; padding: 0cm 5.4pt 0cm 5.4pt;\" valign=\"top\" width=\"141\"><span style=\"font-size: 10.5pt;\"><span style=\"font-family: \u7b49\u7ebf;\">150-250 kg\/hora<\/span><\/span><\/td>\n<td style=\"border-bottom: solid windowtext 1.0pt; width: 127.55pt; border-top: none; border-left: none; border-right: solid windowtext 1.0pt; padding: 0cm 5.4pt 0cm 5.4pt;\" width=\"170\"><span style=\"font-size: 10.5pt;\"><span style=\"font-family: \u7b49\u7ebf;\">3500*650*1400mm<\/span><\/span><\/td>\n<td style=\"border-bottom: solid windowtext 1.0pt; width: 127.6pt; border-top: none; border-left: none; border-right: solid windowtext 1.0pt; padding: 0cm 5.4pt 0cm 5.4pt;\" valign=\"top\" width=\"170\"><span style=\"font-size: 10.5pt;\"><span style=\"font-family: \u7b49\u7ebf;\">3000*600*750mm<\/span><\/span><\/td>\n<\/tr>\n<tr>\n<td style=\"border: solid windowtext 1.0pt; width: 85.15pt; border-top: none; padding: 0cm 5.4pt 0cm 5.4pt;\" valign=\"top\" width=\"114\"><span style=\"font-size: 10.5pt;\"><span style=\"font-family: \u7b49\u7ebf;\">JYB-600<\/span><\/span><\/td>\n<td style=\"border-bottom: solid windowtext 1.0pt; width: 106.0pt; border-top: none; border-left: none; border-right: solid windowtext 1.0pt; padding: 0cm 5.4pt 0cm 5.4pt;\" valign=\"top\" width=\"141\"><span style=\"font-size: 10.5pt;\"><span style=\"font-family: \u7b49\u7ebf;\">300-500 kg\/hora<\/span><\/span><\/td>\n<td style=\"border-bottom: solid windowtext 1.0pt; width: 127.55pt; border-top: none; border-left: none; border-right: solid windowtext 1.0pt; padding: 0cm 5.4pt 0cm 5.4pt;\" valign=\"top\" width=\"170\"><span style=\"font-size: 10.5pt;\"><span style=\"font-family: \u7b49\u7ebf;\">3500*850*1400mm<\/span><\/span><\/td>\n<td style=\"border-bottom: solid windowtext 1.0pt; width: 127.6pt; border-top: none; border-left: none; border-right: solid windowtext 1.0pt; padding: 0cm 5.4pt 0cm 5.4pt;\" valign=\"top\" width=\"170\"><span style=\"font-size: 10.5pt;\"><span style=\"font-family: \u7b49\u7ebf;\">6500*850*850mm<\/span><\/span><\/td>\n<\/tr>\n<tr>\n<td style=\"border: solid windowtext 1.0pt; width: 85.15pt; border-top: none; padding: 0cm 5.4pt 0cm 5.4pt;\" valign=\"top\" width=\"114\"><span style=\"font-size: 10.5pt;\"><span style=\"font-family: \u7b49\u7ebf;\">JYB-800<\/span><\/span><\/td>\n<td style=\"border-bottom: solid windowtext 1.0pt; width: 106.0pt; border-top: none; border-left: none; border-right: solid windowtext 1.0pt; padding: 0cm 5.4pt 0cm 5.4pt;\" valign=\"top\" width=\"141\"><span style=\"font-size: 10.5pt;\"><span style=\"font-family: \u7b49\u7ebf;\">800 kg\/hora<\/span><\/span><\/td>\n<td style=\"border-bottom: solid windowtext 1.0pt; width: 127.55pt; border-top: none; border-left: none; border-right: solid windowtext 1.0pt; padding: 0cm 5.4pt 0cm 5.4pt;\" valign=\"top\" width=\"170\"><span style=\"font-size: 10.5pt;\"><span style=\"font-family: \u7b49\u7ebf;\">3500*1050*1400mm<\/span><\/span><\/td>\n<td style=\"border-bottom: solid windowtext 1.0pt; width: 127.6pt; border-top: none; border-left: none; border-right: solid windowtext 1.0pt; padding: 0cm 5.4pt 0cm 5.4pt;\" valign=\"top\" width=\"170\"><span style=\"font-size: 10.5pt;\"><span style=\"font-family: \u7b49\u7ebf;\">6500*1050*850mm<\/span><\/span><\/td>\n<\/tr>\n<tr>\n<td style=\"border: solid windowtext 1.0pt; width: 85.15pt; border-top: none; padding: 0cm 5.4pt 0cm 5.4pt;\" valign=\"top\" width=\"114\"><span style=\"font-size: 10.5pt;\"><span style=\"font-family: \u7b49\u7ebf;\">JYB-1000<\/span><\/span><\/td>\n<td style=\"border-bottom: solid windowtext 1.0pt; width: 106.0pt; border-top: none; border-left: none; border-right: solid windowtext 1.0pt; padding: 0cm 5.4pt 0cm 5.4pt;\" valign=\"top\" width=\"141\"><span style=\"font-size: 10.5pt;\"><span style=\"font-family: \u7b49\u7ebf;\">1000 kg\/hora<\/span><\/span><\/td>\n<td style=\"border-bottom: solid windowtext 1.0pt; width: 127.55pt; border-top: none; border-left: none; border-right: solid windowtext 1.0pt; padding: 0cm 5.4pt 0cm 5.4pt;\" valign=\"top\" width=\"170\"><span style=\"font-size: 10.5pt;\"><span style=\"font-family: \u7b49\u7ebf;\">2100*2100*1200mm<\/span><\/span><\/td>\n<td style=\"border-bottom: solid windowtext 1.0pt; width: 127.6pt; border-top: none; border-left: none; border-right: solid windowtext 1.0pt; padding: 0cm 5.4pt 0cm 5.4pt;\" valign=\"top\" width=\"170\"><span style=\"font-size: 10.5pt;\"><span style=\"font-family: \u7b49\u7ebf;\">12000*2100*800mm<\/span><\/span><\/td>\n<\/tr>\n<tr>\n<td style=\"border: solid windowtext 1.0pt; width: 85.15pt; border-top: none; padding: 0cm 5.4pt 0cm 5.4pt;\" valign=\"top\" width=\"114\"><span style=\"font-size: 10.5pt;\"><span style=\"font-family: \u7b49\u7ebf;\">JYB-1200<\/span><\/span><\/td>\n<td style=\"border-bottom: solid windowtext 1.0pt; width: 106.0pt; border-top: none; border-left: none; border-right: solid windowtext 1.0pt; padding: 0cm 5.4pt 0cm 5.4pt;\" valign=\"top\" width=\"141\"><span style=\"font-size: 10.5pt;\"><span style=\"font-family: \u7b49\u7ebf;\">1200 kg\/hora<\/span><\/span><\/td>\n<td style=\"border-bottom: solid windowtext 1.0pt; width: 127.55pt; border-top: none; border-left: none; border-right: solid windowtext 1.0pt; padding: 0cm 5.4pt 0cm 5.4pt;\" valign=\"top\" width=\"170\"><span style=\"font-size: 10.5pt;\"><span style=\"font-family: \u7b49\u7ebf;\">2100*2200*1200mm<\/span><\/span><\/td>\n<td style=\"border-bottom: solid windowtext 1.0pt; width: 127.6pt; border-top: none; border-left: none; border-right: solid windowtext 1.0pt; padding: 0cm 5.4pt 0cm 5.4pt;\" valign=\"top\" width=\"170\"><span style=\"font-size: 10.5pt;\"><span style=\"font-family: \u7b49\u7ebf;\">20000*2300*800mm<\/span><\/span><\/td>\n<\/tr>\n<tr>\n<td style=\"border: solid windowtext 1.0pt; width: 85.15pt; border-top: none; padding: 0cm 5.4pt 0cm 5.4pt;\" valign=\"top\" width=\"114\"><span style=\"font-size: 10.5pt;\"><span style=\"font-family: \u7b49\u7ebf;\">JYB-1500<\/span><\/span><\/td>\n<td style=\"border-bottom: solid windowtext 1.0pt; width: 106.0pt; border-top: none; border-left: none; border-right: solid windowtext 1.0pt; padding: 0cm 5.4pt 0cm 5.4pt;\" valign=\"top\" width=\"141\"><span style=\"font-size: 10.5pt;\"><span style=\"font-family: \u7b49\u7ebf;\">1500 kg\/hora<\/span><\/span><\/td>\n<td style=\"border-bottom: solid windowtext 1.0pt; width: 127.55pt; border-top: none; border-left: none; border-right: solid windowtext 1.0pt; padding: 0cm 5.4pt 0cm 5.4pt;\" valign=\"top\" width=\"170\"><span style=\"font-size: 10.5pt;\"><span style=\"font-family: \u7b49\u7ebf;\">2100*2400*1200mm<\/span><\/span><\/td>\n<td style=\"border-bottom: solid windowtext 1.0pt; width: 127.6pt; border-top: none; border-left: none; border-right: solid windowtext 1.0pt; padding: 0cm 5.4pt 0cm 5.4pt;\" valign=\"top\" width=\"170\"><span style=\"font-size: 10.5pt;\"><span style=\"font-family: \u7b49\u7ebf;\">12000*2600*800mm<\/span><\/span><\/td>\n<\/tr>\n<\/tbody>\n<\/table>\n<\/div>\n<p>&nbsp;<\/p>\n<p>&nbsp;<\/p>\n<p>&nbsp;<\/p>\n<p>&nbsp;<\/p>\n<p>&nbsp;<\/p>\n<h2>M\u00e1s solicitudes de cotizaci\u00f3n sobre m\u00e1quinas apiladoras de galletas<\/h2>\n<p><strong>P: \u00bfEs necesaria la m\u00e1quina apiladora para la l\u00ednea de galletas?<\/strong><\/p>\n<ul>\n<li><strong>A:<\/strong> Es opcional. Si tienes poco espacio, puedes moverlo y necesitar\u00e1s 2 personas m\u00e1s para apilarlo manualmente antes de embalarlo.<\/li>\n<\/ul>\n<p><strong>P: \u00bfPuede la m\u00e1quina apilar diferentes tipos de galletas?<\/strong><\/p>\n<ul>\n<li><strong>A:<\/strong> S\u00ed, se puede. El canal de apilado se puede ajustar para distintos tipos de galletas.<\/li>\n<\/ul>\n<p><strong>P: \u00bfCu\u00e1ntos trabajadores se necesitan para esta m\u00e1quina?<\/strong><\/p>\n<ul>\n<li><strong>A:<\/strong> Ninguno, ya que es totalmente autom\u00e1tico.<\/li>\n<\/ul>\n<p><strong>P: \u00bfPuede la m\u00e1quina apilar tanto galletas duras como blandas?<\/strong><\/p>\n<ul>\n<li><strong>A:<\/strong> S\u00ed, puede manejar ambos tipos.<\/li>\n<\/ul>\n<p><strong>P: \u00bfPuedo comprar la apiladora si mi <a href=\"https:\/\/www.jymachinetech.com\/es\/essential-guide-to-the-biscuit-production-line-for-efficient-baking\/\" title=\"Gu\u00eda esencial de la l\u00ednea de producci\u00f3n de galletas para un horneado eficiente\"  data-wpil-monitor-id=\"106\" target=\"_blank\">l\u00ednea de producci\u00f3n de galletas<\/a> no es de su empresa?<\/strong><\/p>\n<ul>\n<li><strong>A:<\/strong> S\u00ed, se puede. Solo necesitamos saber el ancho de la cinta transportadora de enfriamiento para recomendar la m\u00e1quina adecuada.<\/li>\n<\/ul>\n<p><strong>P: Si hago el pedido ahora, \u00bfcu\u00e1nto tiempo tardar\u00e9 en recibir la m\u00e1quina?<\/strong><\/p>\n<ul>\n<li><strong>A:<\/strong> Para la m\u00e1quina m\u00e1s peque\u00f1a, el tiempo de entrega es de entre 15 y 30 d\u00edas. Para conocer los plazos de entrega exactos, cons\u00faltenos antes de realizar el pedido.<\/li>\n<\/ul>\n<p>&nbsp;<\/p>\n<p>&nbsp;<\/p>\n<p><img decoding=\"async\" class=\"alignnone size-full wp-image-1080\" title=\"m\u00e1quina apiladora de galletas | m\u00e1quina para galletas\" src=\"https:\/\/www.jymachinetech.com\/wp-content\/uploads\/2021\/12\/Small-biscuit-machine-line-8.png\" alt=\"m\u00e1quina apiladora de galletas | m\u00e1quina para galletas\" width=\"1992\" height=\"326\" srcset=\"https:\/\/www.jymachinetech.com\/wp-content\/uploads\/2021\/12\/Small-biscuit-machine-line-8.png 1992w, https:\/\/www.jymachinetech.com\/wp-content\/uploads\/2021\/12\/Small-biscuit-machine-line-8-18x3.png 18w, https:\/\/www.jymachinetech.com\/wp-content\/uploads\/2021\/12\/Small-biscuit-machine-line-8-600x98.png 600w\" sizes=\"(max-width: 1992px) 100vw, 1992px\" \/><\/p>\n<h2>Por qu\u00e9 comprarnos m\u00e1quinas - Fabricante<\/h2>\n<h3><strong>Una f\u00e1brica real, no una empresa comercial<\/strong><\/h3>\n<ul>\n<li><strong>Invitaci\u00f3n a la visita a la f\u00e1brica<\/strong>:Lo invitamos a visitar nuestra f\u00e1brica y a presenciar de primera mano nuestro proceso de fabricaci\u00f3n. Vea las instalaciones de \u00faltima generaci\u00f3n y conozca al equipo dedicado que est\u00e1 detr\u00e1s de nuestras m\u00e1quinas de alta calidad. Experimente la transparencia e integridad que conlleva tratar directamente con un fabricante.<\/li>\n<\/ul>\n<h3><strong>Experiencia profesional<\/strong><\/h3>\n<ul>\n<li><strong>D\u00e9cadas de experiencia<\/strong>Con m\u00e1s de 40 a\u00f1os de experiencia en la fabricaci\u00f3n de m\u00e1quinas, nuestra f\u00e1brica es un testimonio de la excelencia y la innovaci\u00f3n en la industria.<\/li>\n<li><strong>Equipo de dise\u00f1o calificado<\/strong>:Nuestro equipo incluye 12 dise\u00f1adores de dibujos altamente calificados que garantizan que cada m\u00e1quina est\u00e9 meticulosamente planificada y adaptada para cumplir con requisitos espec\u00edficos.<\/li>\n<li><strong>Ingenieros expertos<\/strong>Contamos con 20 ingenieros profesionales en plantilla, listos para brindar asistencia y soporte t\u00e9cnico en cualquier momento y lugar. Su experiencia garantiza que usted reciba no solo una m\u00e1quina, sino una soluci\u00f3n integral.<\/li>\n<\/ul>\n<h3><strong>Fiabilidad<\/strong><\/h3>\n<ul>\n<li><strong>Fuerza laboral robusta<\/strong>:Nuestra moderna f\u00e1brica emplea a m\u00e1s de 200 trabajadores cualificados que est\u00e1n comprometidos a producir m\u00e1quinas de la m\u00e1s alta calidad.<\/li>\n<li><strong>Control de calidad estricto<\/strong>Mantenemos un riguroso sistema de control de calidad para garantizar que cada m\u00e1quina cumpla con nuestros exigentes est\u00e1ndares. Nuestro compromiso con la calidad es inquebrantable y garantizamos confiabilidad y rendimiento en cada producto.<\/li>\n<li><strong>Fabricaci\u00f3n avanzada<\/strong>:Utilizando centros de mecanizado CNC de avanzada con est\u00e1ndares alemanes, logramos precisi\u00f3n y consistencia en cada detalle de cada m\u00e1quina. Esta tecnolog\u00eda nos permite manejar procesos complejos con precisi\u00f3n, lo que da como resultado productos superiores.<\/li>\n<li><strong>Soluciones personalizadas<\/strong>:Nuestro equipo de ingenier\u00eda profesional trabaja en estrecha colaboraci\u00f3n con usted para desarrollar el mejor plan de acuerdo con sus requisitos espec\u00edficos. Ya sea que necesite un dise\u00f1o personalizado o un dise\u00f1o de m\u00e1quina exclusivo, ofrecemos soluciones a medida.<\/li>\n<\/ul>\n<h3><strong>M\u00e1quinas de alta calidad<\/strong><\/h3>\n<ul>\n<li><strong>F\u00e1brica con Norma GMP<\/strong>:Todas nuestras m\u00e1quinas se fabrican en instalaciones que cumplen con los est\u00e1ndares GMP, lo que garantiza que cumplen estrictos est\u00e1ndares de calidad y seguridad.<\/li>\n<li><strong>Fabricaci\u00f3n de precisi\u00f3n<\/strong>:Trabajamos con centros CNC que garantizan la precisi\u00f3n y exactitud de nuestras m\u00e1quinas. Esta tecnolog\u00eda nos permite producir componentes que encajan perfectamente y funcionan sin problemas.<\/li>\n<li><strong>Materiales superiores<\/strong>:Nuestras m\u00e1quinas est\u00e1n construidas con acero inoxidable SUS304, conocido por su durabilidad y resistencia a la corrosi\u00f3n. El revestimiento de la superficie con chorro de arena agrega una capa adicional de protecci\u00f3n y mejora el atractivo est\u00e9tico.<\/li>\n<\/ul>\n<h3><strong>Servicios integrales<\/strong><\/h3>\n<ul>\n<li><strong>Dise\u00f1o de distribuci\u00f3n de f\u00e1brica<\/strong>Ofrecemos asistencia experta en el dise\u00f1o del dise\u00f1o \u00f3ptimo para su f\u00e1brica, maximizando la eficiencia y el flujo de trabajo.<\/li>\n<li><strong>Dise\u00f1o 3D y planificaci\u00f3n de proyectos<\/strong>:Nuestros servicios de dise\u00f1o 3D proporcionan una visualizaci\u00f3n detallada de su proyecto, garantizando que cada aspecto est\u00e9 planificado meticulosamente antes de la implementaci\u00f3n.<\/li>\n<li><strong>Dise\u00f1o de forma personalizada<\/strong>:Entendemos que cada producto es \u00fanico y ofrecemos servicios de dise\u00f1o de formas personalizados para satisfacer sus necesidades espec\u00edficas. Nuestros dise\u00f1adores trabajan en estrecha colaboraci\u00f3n con usted para crear los moldes y las formas perfectos para sus productos.<\/li>\n<li><strong>Desarrollo de f\u00f3rmulas de productos<\/strong>:Nuestra experiencia se extiende m\u00e1s all\u00e1 de la maquinaria e incluye el desarrollo de f\u00f3rmulas de productos. Le ayudamos a crear y perfeccionar f\u00f3rmulas para garantizar que sus productos cumplan con los m\u00e1s altos est\u00e1ndares de calidad y sabor.<\/li>\n<\/ul>\n<h3><strong>\u00bfPor qu\u00e9 elegirnos?<\/strong><\/h3>\n<ul>\n<li><strong>Equipo de servicio en el extranjero<\/strong>Contamos con un equipo de servicio dedicado listo para ayudarlo a nivel mundial, garantizando que reciba soporte sin importar d\u00f3nde se encuentre.<\/li>\n<li><strong>Servicio local en Am\u00e9rica del Norte<\/strong>Nuestro servicio local en Am\u00e9rica del Norte garantiza un soporte r\u00e1pido y eficiente, minimizando el tiempo de inactividad y maximizando la productividad.<\/li>\n<li><strong>Mantenimiento anual de la m\u00e1quina<\/strong>:Brindamos servicios de mantenimiento anual para mantener sus m\u00e1quinas funcionando sin problemas y de manera eficiente.<\/li>\n<li><strong>Centro de repuestos 24\/7<\/strong>Nuestro centro de repuestos funciona las 24 horas del d\u00eda, lo que garantiza que usted tenga acceso a los componentes esenciales siempre que los necesite.<\/li>\n<li><strong>Dise\u00f1o de distribuci\u00f3n de f\u00e1brica gratuito<\/strong>Ofrecemos servicios gratuitos de dise\u00f1o de distribuci\u00f3n de f\u00e1brica para ayudarle a optimizar su espacio de producci\u00f3n.<\/li>\n<li><strong>Muestra de forma personalizada gratuita<\/strong>:Ofrecemos muestras gratuitas de formas personalizadas, lo que le permite ver y probar nuestros dise\u00f1os antes de la producci\u00f3n a gran escala.<\/li>\n<li><strong>Representaci\u00f3n 3D del esquema del equipo<\/strong>:Nuestros servicios de visualizaci\u00f3n 3D le brindan una vista clara y detallada de la configuraci\u00f3n de su equipo, lo que ayuda en la planificaci\u00f3n y la toma de decisiones.<\/li>\n<li><strong>Visitas guiadas a la producci\u00f3n de la f\u00e1brica del cliente<\/strong>:Ofrecemos recorridos por las f\u00e1bricas de nuestros clientes para mostrar aplicaciones reales de nuestras m\u00e1quinas y demostrar su confiabilidad y rendimiento.<\/li>\n<\/ul>\n<h3><strong>\u00a1Obtenga una cotizaci\u00f3n ahora!<\/strong><\/h3>\n<ul>\n<li>Experimente la diferencia con nuestras m\u00e1quinas fiables y de alta calidad y nuestro servicio de asistencia profesional. P\u00f3ngase en contacto con nosotros hoy mismo para obtener un presupuesto e iniciar su viaje hacia <a href=\"https:\/\/www.jymachinetech.com\/es\/the-best-cake-production-line-enhancing-efficiency-and-quality\/\" title=\"La mejor l\u00ednea de producci\u00f3n de pasteles: Mejora de la eficiencia y la calidad\"  data-wpil-monitor-id=\"72\" target=\"_blank\">mayor eficacia y calidad de la producci\u00f3n<\/a>.<\/li>\n<\/ul>","protected":false},"excerpt":{"rendered":"<p>Recolectar las galletas para transferirlas desde el transportador de enfriamiento y apilarlas para facilitar el empaque.<\/p>","protected":false},"featured_media":1143,"comment_status":"open","ping_status":"closed","template":"","meta":[],"product_brand":[],"product_cat":[15,95],"product_tag":[],"class_list":{"0":"post-1141","1":"product","2":"type-product","3":"status-publish","4":"has-post-thumbnail","6":"product_cat-bakery-equipment","7":"product_cat-biscuit-machine","9":"first","10":"instock","11":"shipping-taxable","12":"product-type-simple"},"_links":{"self":[{"href":"https:\/\/www.jymachinetech.com\/es\/wp-json\/wp\/v2\/product\/1141","targetHints":{"allow":["GET"]}}],"collection":[{"href":"https:\/\/www.jymachinetech.com\/es\/wp-json\/wp\/v2\/product"}],"about":[{"href":"https:\/\/www.jymachinetech.com\/es\/wp-json\/wp\/v2\/types\/product"}],"replies":[{"embeddable":true,"href":"https:\/\/www.jymachinetech.com\/es\/wp-json\/wp\/v2\/comments?post=1141"}],"version-history":[{"count":4,"href":"https:\/\/www.jymachinetech.com\/es\/wp-json\/wp\/v2\/product\/1141\/revisions"}],"predecessor-version":[{"id":7320,"href":"https:\/\/www.jymachinetech.com\/es\/wp-json\/wp\/v2\/product\/1141\/revisions\/7320"}],"wp:featuredmedia":[{"embeddable":true,"href":"https:\/\/www.jymachinetech.com\/es\/wp-json\/wp\/v2\/media\/1143"}],"wp:attachment":[{"href":"https:\/\/www.jymachinetech.com\/es\/wp-json\/wp\/v2\/media?parent=1141"}],"wp:term":[{"taxonomy":"product_brand","embeddable":true,"href":"https:\/\/www.jymachinetech.com\/es\/wp-json\/wp\/v2\/product_brand?post=1141"},{"taxonomy":"product_cat","embeddable":true,"href":"https:\/\/www.jymachinetech.com\/es\/wp-json\/wp\/v2\/product_cat?post=1141"},{"taxonomy":"product_tag","embeddable":true,"href":"https:\/\/www.jymachinetech.com\/es\/wp-json\/wp\/v2\/product_tag?post=1141"}],"curies":[{"name":"wp","href":"https:\/\/api.w.org\/{rel}","templated":true}]}}