{"id":907,"date":"2021-12-18T09:33:17","date_gmt":"2021-12-18T09:33:17","guid":{"rendered":"https:\/\/www.jymachinetech.com\/?post_type=product&#038;p=907"},"modified":"2025-07-25T05:53:15","modified_gmt":"2025-07-25T05:53:15","slug":"rotary-printing-molder","status":"publish","type":"product","link":"https:\/\/www.jymachinetech.com\/de\/product\/rotary-printing-molder\/","title":{"rendered":"Rotary Printing Molder For Soft Biscuit | Rotary Moulder Machine"},"content":{"rendered":"<h2>Rotary-Druck-Formmaschine f\u00fcr Weiches Geb\u00e4ckfabrik: Vielseitigkeit trifft Effizienz<\/h2>\n<p><strong>Produkt\u00fcbersicht:<\/strong> Einf\u00fchrung der Rotary-Druck-Formmaschine, eine benutzerfreundliche und platzsparende L\u00f6sung, die die Produktion von weichem Geb\u00e4ck revolutionieren soll. Diese innovative Maschine vereinfacht den Prozess, sodass Sie Kekse in jeder Form direkt aus ger\u00fchrtem Mehlteig herstellen k\u00f6nnen, was sie zu einer idealen Wahl f\u00fcr Start-ups und kleine Hersteller macht.<\/p>\n<p><iframe title=\"Weicher Keks-Rotationsformer, Keksproduktionslinie, Ananas-Tart-Kekse (Biskut Tart Nenas)\" width=\"800\" height=\"450\" src=\"https:\/\/www.youtube.com\/embed\/xzA272CEIpE?feature=oembed\" frameborder=\"0\" allow=\"accelerometer; autoplay; clipboard-write; encrypted-media; gyroscope; picture-in-picture; web-share\" referrerpolicy=\"strict-origin-when-cross-origin\" allowfullscreen><\/iframe><\/p>\n<h2><strong>Hauptmerkmale &amp; Vorteile:<\/strong><\/h2>\n<ul>\n<li><strong>Benutzerfreundliche Bedienung:<\/strong> Laden Sie den Teig in den Trichter, und die Maschine formt Kekse in einem Schritt, wodurch die Komplexit\u00e4t des Produktionsprozesses reduziert wird.<\/li>\n<li><strong>Einstellbare Formgeschwindigkeit:<\/strong> Passen Sie die Geschwindigkeit der Keksbildung an Ihre Produktionsanforderungen an, um Flexibilit\u00e4t und Effizienz zu gew\u00e4hrleisten.<\/li>\n<li><strong>Kompaktes Design:<\/strong> Das kleine Platzbedarf der Maschine macht sie geeignet f\u00fcr kleine Fabriken oder B\u00e4ckereien mit begrenztem Raum und optimiert Ihren Produktionsbereich.<\/li>\n<li><strong>Kostenfreundliche L\u00f6sung:<\/strong> Perfekt f\u00fcr Neueinsteiger in der Keksindustrie, die die Produktion mit kleinem Budget starten m\u00f6chten, ohne auf Qualit\u00e4t zu verzichten.<\/li>\n<li><strong>Robustes F\u00f6rderbandsystem:<\/strong> Gebaut mit einem Rahmen aus Kohlenstoffstahl, Edelstahlgleitfl\u00e4chen und zwei Gummiwalzen f\u00fcr eine reibungslose und zuverl\u00e4ssige Teigf\u00fchrung.<\/li>\n<li><strong>Verbesserter Teigdurchgang:<\/strong> Ausgestattet mit einer verringerten Durchmesser-Nase am Ein- und Ausgang f\u00fcr einen verbesserten Teigblattdurchgang, was zu einer besseren Keksmoulding beitr\u00e4gt.<\/li>\n<li><strong>Gesteuerte Bandgeschwindigkeit:<\/strong> Die Geschwindigkeit des F\u00f6rderbands wird bequem \u00fcber das elektrische Bedienfeld der Laminationslinie gesteuert, was eine nahtlose Integration mit anderen Produktionsanlagen erm\u00f6glicht.<\/li>\n<li><strong>Doppelantrieb:<\/strong> Die Rotary-Formmaschine und das F\u00f6rderband k\u00f6nnen separat eingestellt werden, um eine unabh\u00e4ngige Steuerung verschiedener Aspekte des Formprozesses zu erm\u00f6glichen.<\/li>\n<li><strong>Endloses Leinwandband:<\/strong> Bietet eine nahtlose Verbindung f\u00fcr einen kontinuierlichen Betrieb und verbesserte Keksformungseffekte.<\/li>\n<li><strong>Hohe Automatisierung:<\/strong> Die Maschine verf\u00fcgt \u00fcber einen hohen Automatisierungsgrad durch elektrische Steuerung, was manuelle Arbeit reduziert und die Produktionseffizienz steigert.<\/li>\n<li><strong>Fortschrittliche Formeigenschaften:<\/strong> Ausgestattet mit einer Druckregulierung und Wasserbeschichtung f\u00fcr eine pr\u00e4zise Keksbildung.<\/li>\n<li><strong>Automatische F\u00f6rderbandspannung:<\/strong> Sorgt f\u00fcr eine gleichm\u00e4\u00dfige Spannung auf dem F\u00f6rderband, um eine optimale Teigverarbeitung und -formung zu gew\u00e4hrleisten.<\/li>\n<li><strong>Restmaterialr\u00fcckgewinnungsger\u00e4t:<\/strong> Recycelt und wiederverwendet effizient verbleibendes Material, reduziert Abfall und spart Produktionskosten.<\/li>\n<\/ul>\n<h2><strong>Technical Specifications:<\/strong><\/h2>\n<ul>\n<li><strong>Strombedarf:<\/strong>\u00a0Duale Antriebskraft f\u00fcr unabh\u00e4ngige Steuerung von Formmaschine und F\u00f6rderband.<\/li>\n<li><strong>F\u00f6rderband:<\/strong>\u00a0Rahmen aus Kohlenstoffstahl, Edelstahloberfl\u00e4chen und Gummiwalzen f\u00fcr Langlebigkeit und einfache Reinigung.<\/li>\n<li><strong>Steuerungssystem:<\/strong>\u00a0Benutzerfreundliches elektrisches Bedienfeld zur Steuerung der verschiedenen Funktionen der Maschine.<\/li>\n<\/ul>\n<h2><strong>Applications:<\/strong><\/h2>\n<ul>\n<li>Ideal f\u00fcr kleine Kekshersteller, handwerkliche B\u00e4ckereien und Start-ups, die eine Vielzahl von weichen Keksformen mit minimalem Investitionsaufwand produzieren m\u00f6chten.<\/li>\n<\/ul>\n<h2><strong>Kundenservice &amp; Support:<\/strong><\/h2>\n<ul>\n<li><strong>Anpassungsdienste:<\/strong>\u00a0Wir bieten Anpassungsoptionen, um den Drehrotationsdruckformer an Ihre spezifischen Produktionsanforderungen anzupassen.<\/li>\n<li><strong>Professionelle Installation:<\/strong>\u00a0Unser Team sorgt f\u00fcr die korrekte Installation und Integration der Maschine in Ihre Produktionslinie.<\/li>\n<li><strong>Bedienerschulung:<\/strong>\u00a0Grundschulungen werden angeboten, um sicherzustellen, dass Ihr Personal die Maschine effizient und sicher bedienen kann.<\/li>\n<li><strong>Kundendienst:<\/strong>\u00a0Laufender Support, einschlie\u00dflich Wartungsdienste und Ersatzteilverf\u00fcgbarkeit, um Ihren Drehrotationsdruckformer in optimalem Zustand zu halten.<\/li>\n<\/ul>\n<h2><strong>Warum unseren Rotationsdruckformer w\u00e4hlen:<\/strong><\/h2>\n<ul>\n<li><strong>Benutzerfreundlichkeit &amp; Effizienz:<\/strong>\u00a0Entwickelt f\u00fcr einfache Bedienung und hohe Effizienz bei der Keksproduktion.<\/li>\n<li><strong>cURL Too many subrequests.<\/strong>\u00a0Hergestellt aus hochwertigen Materialien f\u00fcr zuverl\u00e4ssige Leistung.<\/li>\n<li><strong>Erschwinglichkeit &amp; Platzersparnis:<\/strong>\u00a0Eine kosteng\u00fcnstige L\u00f6sung, die Platz spart und ideal f\u00fcr die Kleinserienproduktion ist.<\/li>\n<\/ul>\n<p><strong>Jetzt Angebot anfordern:<\/strong> F\u00fcr personalisierte Preise und um mehr dar\u00fcber zu erfahren, wie unser Rotationsdruckformer Ihre Softkeksproduktion verbessern kann, kontaktieren Sie uns noch heute.<\/p>\n<p><img fetchpriority=\"high\" decoding=\"async\" class=\"alignnone size-full wp-image-964\" title=\"rotary printing molder for soft biscuit | rotary moulder machine\" src=\"https:\/\/www.jymachinetech.com\/wp-content\/uploads\/2021\/12\/1615618921_Rotary-printing-molder-for-soft-biscuit4.png\" alt=\"rotary printing molder for soft biscuit | rotary moulder machine\" width=\"396\" height=\"186\" srcset=\"https:\/\/www.jymachinetech.com\/wp-content\/uploads\/2021\/12\/1615618921_Rotary-printing-molder-for-soft-biscuit4.png 396w, https:\/\/www.jymachinetech.com\/wp-content\/uploads\/2021\/12\/1615618921_Rotary-printing-molder-for-soft-biscuit4-18x8.png 18w\" sizes=\"(max-width: 396px) 100vw, 396px\" \/><\/p>\n<div class=\"table-responsive\">\n<table style=\"width: 100%;\">\n<tbody>\n<tr>\n<td style=\"text-align: center;\">Modell<\/td>\n<td style=\"text-align: center;\">cURL Too many subrequests.<\/td>\n<td style=\"text-align: center;\">cURL Too many subrequests.<\/td>\n<td style=\"text-align: center;\">cURL Too many subrequests.<\/td>\n<td style=\"text-align: center;\">cURL Too many subrequests.<\/td>\n<td style=\"text-align: center;\">cURL Too many subrequests.<\/td>\n<\/tr>\n<tr>\n<td style=\"text-align: center;\">Abmessung<\/td>\n<td style=\"text-align: center;\">1950\u00d71210\u00d71200<\/td>\n<td style=\"text-align: center;\">1950\u00d71410\u00d71200<\/td>\n<td style=\"text-align: center;\">2800*2400*1650<\/td>\n<td style=\"text-align: center;\">2800*2600*1650<\/td>\n<td style=\"text-align: center;\">2800*2900*1650<\/td>\n<\/tr>\n<tr>\n<td style=\"text-align: center;\">Leistung (kW)<\/td>\n<td style=\"text-align: center;\">2.2<\/td>\n<td style=\"text-align: center;\">5.5<\/td>\n<td style=\"text-align: center;\">11<\/td>\n<td style=\"text-align: center;\">12.5<\/td>\n<td style=\"text-align: center;\">17<\/td>\n<\/tr>\n<tr>\n<td style=\"text-align: center;\">Gewicht (T)<\/td>\n<td style=\"text-align: center;\">0.35<\/td>\n<td style=\"text-align: center;\">1<\/td>\n<td style=\"text-align: center;\">3<\/td>\n<td style=\"text-align: center;\">3.2<\/td>\n<td style=\"text-align: center;\">3.6<\/td>\n<\/tr>\n<tr>\n<td style=\"text-align: center;\" colspan=\"6\">Arbeitstemperatur 0~50\u00b0C<\/td>\n<\/tr>\n<\/tbody>\n<\/table>\n<\/div>","protected":false},"excerpt":{"rendered":"<p>Rotary Printing Molder for Soft Biscuit Factory: Versatility Meets Efficiency Product Overview: Introducing the Rotary Printing Molder, a user-friendly and space-saving solution designed to revolutionize soft biscuit production. This innovative machine simplifies the process, allowing you to create biscuits of any shape directly from stirred flour dough, making it an ideal choice for startups and [&hellip;]<\/p>","protected":false},"featured_media":967,"comment_status":"open","ping_status":"closed","template":"","meta":[],"product_brand":[],"product_cat":[15,95],"product_tag":[],"class_list":{"0":"post-907","1":"product","2":"type-product","3":"status-publish","4":"has-post-thumbnail","6":"product_cat-bakery-equipment","7":"product_cat-biscuit-machine","9":"first","10":"instock","11":"shipping-taxable","12":"product-type-simple"},"_links":{"self":[{"href":"https:\/\/www.jymachinetech.com\/de\/wp-json\/wp\/v2\/product\/907","targetHints":{"allow":["GET"]}}],"collection":[{"href":"https:\/\/www.jymachinetech.com\/de\/wp-json\/wp\/v2\/product"}],"about":[{"href":"https:\/\/www.jymachinetech.com\/de\/wp-json\/wp\/v2\/types\/product"}],"replies":[{"embeddable":true,"href":"https:\/\/www.jymachinetech.com\/de\/wp-json\/wp\/v2\/comments?post=907"}],"version-history":[{"count":1,"href":"https:\/\/www.jymachinetech.com\/de\/wp-json\/wp\/v2\/product\/907\/revisions"}],"predecessor-version":[{"id":7182,"href":"https:\/\/www.jymachinetech.com\/de\/wp-json\/wp\/v2\/product\/907\/revisions\/7182"}],"wp:featuredmedia":[{"embeddable":true,"href":"https:\/\/www.jymachinetech.com\/de\/wp-json\/wp\/v2\/media\/967"}],"wp:attachment":[{"href":"https:\/\/www.jymachinetech.com\/de\/wp-json\/wp\/v2\/media?parent=907"}],"wp:term":[{"taxonomy":"product_brand","embeddable":true,"href":"https:\/\/www.jymachinetech.com\/de\/wp-json\/wp\/v2\/product_brand?post=907"},{"taxonomy":"product_cat","embeddable":true,"href":"https:\/\/www.jymachinetech.com\/de\/wp-json\/wp\/v2\/product_cat?post=907"},{"taxonomy":"product_tag","embeddable":true,"href":"https:\/\/www.jymachinetech.com\/de\/wp-json\/wp\/v2\/product_tag?post=907"}],"curies":[{"name":"wp","href":"https:\/\/api.w.org\/{rel}","templated":true}]}}