{"id":87,"date":"2021-12-18T07:21:50","date_gmt":"2021-12-18T07:21:50","guid":{"rendered":"https:\/\/www.jymachinetech.com\/?post_type=product&#038;p=87"},"modified":"2025-07-25T05:54:16","modified_gmt":"2025-07-25T05:54:16","slug":"dough-mixer","status":"publish","type":"product","link":"https:\/\/www.jymachinetech.com\/de\/product\/dough-mixer\/","title":{"rendered":"Dough mixer Factory | Dough mixer For Sales"},"content":{"rendered":"<p>Dieser Mischer mit einem einzigartigen \u201a$\u2018-Design f\u00fcr die Mischklinge sorgt f\u00fcr eine gute Verteilung der Zutaten und eine schnelle Teigentwicklung. Es ist entscheidend, einen weichen und dehnbaren Teig zu entwickeln.<br \/>\nDiese Mischaktion umfasst Kneten, Rollen und Falten im Teig, ohne zu viel Rei\u00dfen und Auspressen, es ist eine ideale Wahl.<\/p>\n<p><img fetchpriority=\"high\" decoding=\"async\" class=\"alignnone wp-image-777 size-full\" title=\"dough mixer factory | dough mixer for sales\" src=\"https:\/\/www.jymachinetech.com\/wp-content\/uploads\/2021\/12\/Dough-mixer2.png\" alt=\"dough mixer factory | dough mixer for sales\" width=\"800\" height=\"580\" srcset=\"https:\/\/www.jymachinetech.com\/wp-content\/uploads\/2021\/12\/Dough-mixer2.png 800w, https:\/\/www.jymachinetech.com\/wp-content\/uploads\/2021\/12\/Dough-mixer2-18x12.png 18w, https:\/\/www.jymachinetech.com\/wp-content\/uploads\/2021\/12\/Dough-mixer2-600x435.png 600w\" sizes=\"(max-width: 800px) 100vw, 800px\" \/><br \/>\nMischzeit bei niedriger Geschwindigkeit betr\u00e4gt 20-25 Minuten.<br \/>\nMischzeit bei hoher Geschwindigkeit f\u00fcr den speziellen St\u00e4rke-Teig betr\u00e4gt 10-12 Minuten.<\/p>\n<p><iframe title=\"Cracker-Herstellungsmaschine, Biscuit-Produktionslinie, Teigplatten-Formung &amp; Schneidelinie\" width=\"800\" height=\"450\" src=\"https:\/\/www.youtube.com\/embed\/PUkXg4ThEyc?feature=oembed\" frameborder=\"0\" allow=\"accelerometer; autoplay; clipboard-write; encrypted-media; gyroscope; picture-in-picture; web-share\" referrerpolicy=\"strict-origin-when-cross-origin\" allowfullscreen><\/iframe><\/p>\n<h2><strong>A. 50-500 kg\/Charge f\u00fcr kleine und Mehrfachproduktionen<\/strong><\/h2>\n<ul>\n<li>Multifunktion f\u00fcr harten und weichen Teig<\/li>\n<li>Platzsparend<\/li>\n<li>Verstellbarer Winkel<\/li>\n<li>Vorw\u00e4rts &amp; R\u00fcckw\u00e4rts: 90-120\u00b0<\/li>\n<li>Edelstahl $-typ Klinge<\/li>\n<li>Direkt verbunden mit Wiegesystem, um den Online-Misch-Effekt zu erzielen<\/li>\n<\/ul>\n<h2><strong>B. 500-1500 kg\/Charge f\u00fcr gro\u00dfe oder kontinuierliche Produktion<\/strong><\/h2>\n<ul>\n<li>PLC-Steuerungssystem &amp; Touchscreen<\/li>\n<li>SEW-Motor<\/li>\n<li>Anschluss an automatischen Teigschneider &amp; F\u00f6rderer<\/li>\n<li>Antihaft-PU-Gurt<\/li>\n<li>Edelstahl $-typ Klinge<\/li>\n<li>Invertierter Antrieb f\u00fcr maximale Geschwindigkeitsbereiche mit sanftem Start und minimalem Energieverbrauch.<\/li>\n<\/ul>\n<p>&nbsp;<\/p>\n<div class=\"table-responsive\">\n<table style=\"width: 100%;\">\n<tbody>\n<tr>\n<td style=\"text-align: center;\">Modell<\/td>\n<td style=\"text-align: center;\">Leistung (kW)<\/td>\n<td style=\"text-align: center;\">Mischgeschwindigkeit (U\/min)<\/td>\n<td style=\"text-align: center;\">Gewicht(kg)<\/td>\n<td style=\"text-align: center;\">Mischkapazit\u00e4t<\/td>\n<td style=\"text-align: center;\">Abmessung(mm)<\/td>\n<\/tr>\n<tr>\n<td style=\"text-align: center;\">JY-50<\/td>\n<td style=\"text-align: center;\">3.55<\/td>\n<td style=\"text-align: center;\">26<\/td>\n<td style=\"text-align: center;\">290<\/td>\n<td style=\"text-align: center;\">50kg<\/td>\n<td style=\"text-align: center;\">1110*630*1070<\/td>\n<\/tr>\n<tr>\n<td style=\"text-align: center;\">JY-75<\/td>\n<td style=\"text-align: center;\">4.75<\/td>\n<td style=\"text-align: center;\">27<\/td>\n<td style=\"text-align: center;\">414<\/td>\n<td style=\"text-align: center;\">75kg<\/td>\n<td style=\"text-align: center;\">1188*710*1220<\/td>\n<\/tr>\n<tr>\n<td style=\"text-align: center;\">JY-100<\/td>\n<td style=\"text-align: center;\">6.25<\/td>\n<td style=\"text-align: center;\">29<\/td>\n<td style=\"text-align: center;\">485<\/td>\n<td style=\"text-align: center;\">100kg<\/td>\n<td style=\"text-align: center;\">1250*740*1300<\/td>\n<\/tr>\n<tr>\n<td style=\"text-align: center;\">JY-150<\/td>\n<td style=\"text-align: center;\">8.6<\/td>\n<td style=\"text-align: center;\">28<\/td>\n<td style=\"text-align: center;\">1056<\/td>\n<td style=\"text-align: center;\">150kg<\/td>\n<td style=\"text-align: center;\">1632*800*1420<\/td>\n<\/tr>\n<tr>\n<td style=\"text-align: center;\">JY-200<\/td>\n<td style=\"text-align: center;\">13.2<\/td>\n<td style=\"text-align: center;\">20<\/td>\n<td style=\"text-align: center;\">1620<\/td>\n<td style=\"text-align: center;\">200kg<\/td>\n<td style=\"text-align: center;\">1690*980*1700<\/td>\n<\/tr>\n<tr>\n<td style=\"text-align: center;\">JY-250<\/td>\n<td style=\"text-align: center;\">13.2<\/td>\n<td style=\"text-align: center;\">20<\/td>\n<td style=\"text-align: center;\">1640<\/td>\n<td style=\"text-align: center;\">250kg<\/td>\n<td style=\"text-align: center;\">1704*1040*1750<\/td>\n<\/tr>\n<\/tbody>\n<\/table>\n<\/div>\n<p>&nbsp;<\/p>\n<h2><strong>Doppelschnecken-Teigmischer (Vertikal)<\/strong><\/h2>\n<p>Dieser Mischer verf\u00fcgt \u00fcber doppelte vertikale Spindelschnecken f\u00fcr gr\u00fcndliches Hochleistungsmischen. Die hohe, aber schonende Mischbewegung vermischt die Zutaten gut, ohne hohen Energieaufwand beim Glutenprotein-Stadium.<\/p>\n<p><img decoding=\"async\" class=\"alignnone wp-image-772 size-full\" title=\"dough mixer factory | dough mixer for sales\" src=\"https:\/\/www.jymachinetech.com\/wp-content\/uploads\/2021\/12\/1615615440_Double-blades-dough-mixer-Vertical.png\" alt=\"dough mixer factory | dough mixer for sales\" width=\"720\" height=\"960\" srcset=\"https:\/\/www.jymachinetech.com\/wp-content\/uploads\/2021\/12\/1615615440_Double-blades-dough-mixer-Vertical.png 720w, https:\/\/www.jymachinetech.com\/wp-content\/uploads\/2021\/12\/1615615440_Double-blades-dough-mixer-Vertical-9x12.png 9w, https:\/\/www.jymachinetech.com\/wp-content\/uploads\/2021\/12\/1615615440_Double-blades-dough-mixer-Vertical-600x800.png 600w\" sizes=\"(max-width: 720px) 100vw, 720px\" \/><br \/>\nWagenf\u00f6rmige Mischbeh\u00e4lter werden mit Zutaten bef\u00fcllt, entweder manuell oder durch ein halbautomatisches Beh\u00e4lterf\u00fcllsystem, was Zeit beim Wechsel zwischen G\u00e4rzeit und verschiedenen Teigarten spart.<\/p>\n<p>&nbsp;<\/p>\n<h2><strong>Vorteile von <\/strong>Teigmischer<\/h2>\n<ul>\n<li>Biskuit-G\u00e4rzeit 4-8H<\/li>\n<li>Chargengr\u00f6\u00dfe: 300\/500\/800kg<\/li>\n<li>Schl\u00e4gergeschwindigkeit: 25 U\/min<\/li>\n<li>Einfache &amp; sichere Bedienung<\/li>\n<li>Timer f\u00fcr optimale Kontrolle nach dem letzten Mischen<\/li>\n<li>Edelstahl-Doppelschneckenr\u00e4der mit vertikaler Achse<\/li>\n<li>Rollbare Mischbeh\u00e4lter f\u00fcr Reparaturen &amp; Zeitersparnis<\/li>\n<li>Hygienisch und leicht zu warten<\/li>\n<\/ul>\n<p>&nbsp;<\/p>\n<div class=\"table-responsive\">\n<table style=\"width: 100%;\">\n<tbody>\n<tr>\n<td style=\"text-align: center;\">Modell<\/td>\n<td style=\"text-align: center;\">Leistung<\/td>\n<td style=\"text-align: center;\">Mischgeschwindigkeit<\/td>\n<td style=\"text-align: center;\">Beh\u00e4lberspeed<\/td>\n<td style=\"text-align: center;\">Beh\u00e4lterkapazit\u00e4t<\/td>\n<td style=\"text-align: center;\">Abmessung<\/td>\n<\/tr>\n<tr>\n<td style=\"text-align: center;\">JY-30<\/td>\n<td style=\"text-align: center;\">0,85\/1,1 kW\/h<\/td>\n<td style=\"text-align: center;\">123\/185 U\/min<\/td>\n<td style=\"text-align: center;\">12\/24 U\/min<\/td>\n<td style=\"text-align: center;\">34L<\/td>\n<td style=\"text-align: center;\">750*430*990<\/td>\n<\/tr>\n<tr>\n<td style=\"text-align: center;\">JY-40<\/td>\n<td style=\"text-align: center;\">0,85\/1,5 kW\/h<\/td>\n<td style=\"text-align: center;\">114\/230 U\/min<\/td>\n<td style=\"text-align: center;\">12\/24 U\/min<\/td>\n<td style=\"text-align: center;\">48L<\/td>\n<td style=\"text-align: center;\">920*510*1050<\/td>\n<\/tr>\n<tr>\n<td style=\"text-align: center;\">JY-60<\/td>\n<td style=\"text-align: center;\">1,5\/2,4 kW\/h<\/td>\n<td style=\"text-align: center;\">115\/230 U\/min<\/td>\n<td style=\"text-align: center;\">10\/20 U\/min<\/td>\n<td style=\"text-align: center;\">68L<\/td>\n<td style=\"text-align: center;\">950*550*1100<\/td>\n<\/tr>\n<tr>\n<td style=\"text-align: center;\">JY-80<\/td>\n<td style=\"text-align: center;\">2,2\/3,3 kW\/h<\/td>\n<td style=\"text-align: center;\">125\/250 r\/min<\/td>\n<td style=\"text-align: center;\">10\/20 U\/min<\/td>\n<td style=\"text-align: center;\">84L<\/td>\n<td style=\"text-align: center;\">1050*600*1150<\/td>\n<\/tr>\n<tr>\n<td style=\"text-align: center;\">JY-120<\/td>\n<td style=\"text-align: center;\">3\/4,5 kW\/h<\/td>\n<td style=\"text-align: center;\">125\/250 r\/min<\/td>\n<td style=\"text-align: center;\">10\/20 U\/min<\/td>\n<td style=\"text-align: center;\">122L<\/td>\n<td style=\"text-align: center;\">1200*690*1330<\/td>\n<\/tr>\n<tr>\n<td style=\"text-align: center;\">JY-240<\/td>\n<td style=\"text-align: center;\">4\/7,5 kW\/h<\/td>\n<td style=\"text-align: center;\">125\/250 r\/min<\/td>\n<td style=\"text-align: center;\">10\/20 U\/min<\/td>\n<td style=\"text-align: center;\">240L<\/td>\n<td style=\"text-align: center;\">1300*880*1580<\/td>\n<\/tr>\n<\/tbody>\n<\/table>\n<\/div>","protected":false},"excerpt":{"rendered":"<p>Das Mischen ist entscheidend f\u00fcr die erfolgreiche Herstellung der Kekse, egal ob Sie den weichen Teig oder das Glutenprotein wie Soda verwenden m\u00f6chten. Verschiedene Mischer f\u00fchren zu v\u00f6llig unterschiedlichen Ergebnissen.<\/p>","protected":false},"featured_media":776,"comment_status":"open","ping_status":"closed","template":"","meta":[],"product_brand":[],"product_cat":[15],"product_tag":[],"class_list":{"0":"post-87","1":"product","2":"type-product","3":"status-publish","4":"has-post-thumbnail","6":"product_cat-bakery-equipment","8":"first","9":"instock","10":"shipping-taxable","11":"product-type-simple"},"_links":{"self":[{"href":"https:\/\/www.jymachinetech.com\/de\/wp-json\/wp\/v2\/product\/87","targetHints":{"allow":["GET"]}}],"collection":[{"href":"https:\/\/www.jymachinetech.com\/de\/wp-json\/wp\/v2\/product"}],"about":[{"href":"https:\/\/www.jymachinetech.com\/de\/wp-json\/wp\/v2\/types\/product"}],"replies":[{"embeddable":true,"href":"https:\/\/www.jymachinetech.com\/de\/wp-json\/wp\/v2\/comments?post=87"}],"version-history":[{"count":1,"href":"https:\/\/www.jymachinetech.com\/de\/wp-json\/wp\/v2\/product\/87\/revisions"}],"predecessor-version":[{"id":7188,"href":"https:\/\/www.jymachinetech.com\/de\/wp-json\/wp\/v2\/product\/87\/revisions\/7188"}],"wp:featuredmedia":[{"embeddable":true,"href":"https:\/\/www.jymachinetech.com\/de\/wp-json\/wp\/v2\/media\/776"}],"wp:attachment":[{"href":"https:\/\/www.jymachinetech.com\/de\/wp-json\/wp\/v2\/media?parent=87"}],"wp:term":[{"taxonomy":"product_brand","embeddable":true,"href":"https:\/\/www.jymachinetech.com\/de\/wp-json\/wp\/v2\/product_brand?post=87"},{"taxonomy":"product_cat","embeddable":true,"href":"https:\/\/www.jymachinetech.com\/de\/wp-json\/wp\/v2\/product_cat?post=87"},{"taxonomy":"product_tag","embeddable":true,"href":"https:\/\/www.jymachinetech.com\/de\/wp-json\/wp\/v2\/product_tag?post=87"}],"curies":[{"name":"wp","href":"https:\/\/api.w.org\/{rel}","templated":true}]}}