{"id":847,"date":"2021-12-18T08:59:54","date_gmt":"2021-12-18T08:59:54","guid":{"rendered":"https:\/\/www.jymachinetech.com\/?post_type=product&#038;p=847"},"modified":"2025-07-25T05:53:23","modified_gmt":"2025-07-25T05:53:23","slug":"rotary-cutting-molder","status":"publish","type":"product","link":"https:\/\/www.jymachinetech.com\/de\/product\/rotary-cutting-molder\/","title":{"rendered":"Rotationsschneidemaschine f\u00fcr harte Kekse | Keksproduktionslinie"},"content":{"rendered":"<h2>Rotary Cutting Molder: Pr\u00e4zisionsengineering f\u00fcr die Herstellung harter Kekse<\/h2>\n<p><strong>Produkt\u00fcbersicht:<\/strong> Der Rotary Cutting Molder ist eine hochentwickelte Maschine, die f\u00fcr die pr\u00e4zise Produktion harter Kekse entwickelt wurde. Er spielt eine entscheidende Rolle bei der Formgebung von Teigbl\u00f6cken zu einheitlichen Streifen, um gleichbleibende Qualit\u00e4t und effiziente Fertigung zu gew\u00e4hrleisten.<\/p>\n<p><iframe title=\"Drehmolder-Maschine zur Herstellung von Oreo-Weichkeksen\" width=\"800\" height=\"450\" src=\"https:\/\/www.youtube.com\/embed\/4G7q--1ieJ4?feature=oembed\" frameborder=\"0\" allow=\"accelerometer; autoplay; clipboard-write; encrypted-media; gyroscope; picture-in-picture; web-share\" referrerpolicy=\"strict-origin-when-cross-origin\" allowfullscreen><\/iframe><\/p>\n<h2><strong>Hauptmerkmale &amp; Vorteile:<\/strong><\/h2>\n<ul>\n<li><strong>Anpassbare Teigblock-Formung:<\/strong> Die Form ist in der Lage, Teigbl\u00f6cke in vorgegebenen Gr\u00f6\u00dfen, Formen und Mustern zu produzieren, was f\u00fcr die Erhaltung der Struktur und Qualit\u00e4t des Teigs w\u00e4hrend des gesamten Produktionsprozesses unerl\u00e4sslich ist.<\/li>\n<li><strong>Anpassbare Extrusionsrollen:<\/strong> Je nach Art des verarbeiteten Teigs k\u00f6nnen die Extrusionsrollen entweder glatt oder gerippt sein, was Vielseitigkeit im Kekdesign bietet.<\/li>\n<li><strong>Schnellwechsel-Formrotor:<\/strong> Der Formrotor kann schnell ausgetauscht werden, wenn zwischen verschiedenen Keksprodukten gewechselt wird, was die Produktionsflexibilit\u00e4t erh\u00f6ht und Stillstandszeiten reduziert.<\/li>\n<li><strong>Pr\u00e4zise Geschwindigkeitsregelung:<\/strong> Die Rollengeschwindigkeit wird durch einen Frequenzumrichter gesteuert, der eine pr\u00e4zise Regelung innerhalb festgelegter Breitenlimits erm\u00f6glicht, um verschiedene Keksgr\u00f6\u00dfen zu ber\u00fccksichtigen.<\/li>\n<li><strong>Nahtlose Integration:<\/strong> Das Design des Rotary Cutting Molders erm\u00f6glicht eine einfache Integration in bestehende Produktionslinien, was einen reibungslosen und effizienten Arbeitsablauf f\u00f6rdert.<\/li>\n<li><strong>Robustes F\u00f6rderbandsystem:<\/strong> Das F\u00f6rderband ist mit einem Rahmen aus Kohlenstoffstahl, Edelstahl-Schiebfl\u00e4chen und zwei Gummiwalzen f\u00fcr eine zuverl\u00e4ssige und gleichm\u00e4\u00dfige Teigf\u00fchrung ausgestattet. Der Ein- und Ausgang verf\u00fcgen \u00fcber eine reduzierte Nasenform f\u00fcr eine verbesserte Teigbahnenpassage.<\/li>\n<li><strong>Automatisierte F\u00f6rderband-Geschwindigkeitsregelung:<\/strong> Die Geschwindigkeit des F\u00f6rderbands wird automatisch \u00fcber das elektrische Bedienfeld der Laminationslinie gesteuert, um einen synchronisierten Betrieb mit dem Schneidemolder zu gew\u00e4hrleisten.<\/li>\n<\/ul>\n<h2><strong>Technische Highlights:<\/strong><\/h2>\n<ul>\n<li>Die Maschine ist mit einer benutzerfreundlichen Schnittstelle ausgestattet, die einfache Anpassungen und Einstellungen erm\u00f6glicht, sodass sie auch von Bedienern mit minimaler Schulung genutzt werden kann.<\/li>\n<li>Fortschrittliche Sensoren und Steuerungen \u00fcberwachen die Teigdicke und die Streifen-Uniformit\u00e4t und liefern Echtzeit-Feedback f\u00fcr die Qualit\u00e4tssicherung.<\/li>\n<li>Der Einsatz hochwertiger Materialien bei der Konstruktion der Maschine sorgt f\u00fcr Langlebigkeit und Robustheit, wodurch der Wartungsaufwand und Reparaturen reduziert werden.<\/li>\n<li>Die Maschine ist mit Sicherheitsmerkmalen wie Not-Aus-Schaltern und Sicherheitsabdeckungen ausgestattet, um die Bediener w\u00e4hrend des Betriebs zu sch\u00fctzen.<\/li>\n<\/ul>\n<h2><strong>Applications:<\/strong><\/h2>\n<ul>\n<li>Geeignet f\u00fcr eine Vielzahl von <a href=\"https:\/\/www.jymachinetech.com\/de\/top-hard-dough-biscuit-production-line-for-efficient-baking-solutions\/\" title=\"Top Hartteig-Keksproduktionslinie f\u00fcr effiziente Backl\u00f6sungen\"  data-wpil-monitor-id=\"96\" target=\"_blank\">Hartkeksproduktion<\/a> Einrichtungen, von kleinen B\u00e4ckereien bis hin zu gro\u00dfindustriellen Herstellern.<\/li>\n<\/ul>\n<h2><strong>Kundenservice &amp; Support:<\/strong><\/h2>\n<ul>\n<li><strong>Anpassungsdienste:<\/strong> Wir bieten Anpassungsoptionen, um den Drehschneidemolder an Ihre spezifischen Produktionsanforderungen anzupassen.<\/li>\n<li><strong>Professionelle Installation:<\/strong> Unser Expertenteam stellt sicher, dass die Maschine korrekt installiert und in Ihre Produktionslinie integriert wird.<\/li>\n<li><strong>Bedienerschulung:<\/strong> Umfassende Schulungen werden angeboten, damit Ihr Personal die Maschine effizient und sicher bedienen kann.<\/li>\n<li><strong>Kundendienst:<\/strong> Wir bieten laufenden Support, einschlie\u00dflich Wartungsdiensten und Zugang zu Ersatzteilen, um Ihren Drehschneidemolder in optimalem Zustand zu halten.<\/li>\n<\/ul>\n<h2><strong>Warum unseren Drehschneidemolder w\u00e4hlen:<\/strong><\/h2>\n<ul>\n<li><strong>Innovation &amp; Pr\u00e4zision:<\/strong>\u00a0Unter Einsatz modernster Technologie f\u00fcr unvergleichliche Pr\u00e4zision bei der Keksproduktion.<\/li>\n<li><strong>cURL Too many subrequests.<\/strong>\u00a0Hergestellt aus hochwertigen Materialien f\u00fcr eine zuverl\u00e4ssige und langlebige Leistung.<\/li>\n<li><strong>Flexibilit\u00e4t &amp; Effizienz:<\/strong>\u00a0Entwickelt, um verschiedene Teigarten und Produktwechsel m\u00fchelos zu bew\u00e4ltigen und die Produktionseffizienz zu maximieren.<\/li>\n<\/ul>\n<p><strong>Jetzt Angebot anfordern:<\/strong> F\u00fcr personalisierte Preise und um mehr dar\u00fcber zu erfahren, wie unser Drehschneidemolder Ihre Keksproduktionskapazit\u00e4ten verbessern kann, kontaktieren Sie uns noch heute.<\/p>\n<p><img fetchpriority=\"high\" decoding=\"async\" class=\"alignnone size-full wp-image-906\" title=\"Drehschneider f\u00fcr Hartkekse | Keksproduktionslinie\" src=\"https:\/\/www.jymachinetech.com\/wp-content\/uploads\/2021\/12\/Rotary-cutting-molder5.png\" alt=\"Drehschneider f\u00fcr Hartkekse | Keksproduktionslinie\" width=\"770\" height=\"520\" srcset=\"https:\/\/www.jymachinetech.com\/wp-content\/uploads\/2021\/12\/Rotary-cutting-molder5.png 770w, https:\/\/www.jymachinetech.com\/wp-content\/uploads\/2021\/12\/Rotary-cutting-molder5-18x12.png 18w, https:\/\/www.jymachinetech.com\/wp-content\/uploads\/2021\/12\/Rotary-cutting-molder5-600x405.png 600w\" sizes=\"(max-width: 770px) 100vw, 770px\" \/><\/p>\n<p>&nbsp;<\/p>\n<div class=\"table-responsive\">\n<table style=\"width: 100%;\">\n<tbody>\n<tr>\n<td style=\"text-align: center;\">Modell<\/td>\n<td style=\"text-align: center;\">cURL Too many subrequests.<\/td>\n<td style=\"text-align: center;\">cURL Too many subrequests.<\/td>\n<td style=\"text-align: center;\">cURL Too many subrequests.<\/td>\n<td style=\"text-align: center;\">cURL Too many subrequests.<\/td>\n<td style=\"text-align: center;\">cURL Too many subrequests.<\/td>\n<\/tr>\n<tr>\n<td style=\"text-align: center;\">Abmessung<\/td>\n<td style=\"text-align: center;\">6800\u00d71250\u00d71850<\/td>\n<td style=\"text-align: center;\">7700\u00d71450\u00d71850<\/td>\n<td style=\"text-align: center;\">15000*2400*1750<\/td>\n<td style=\"text-align: center;\">15000*2600*1750<\/td>\n<td style=\"text-align: center;\">15000*2900*1750<\/td>\n<\/tr>\n<tr>\n<td style=\"text-align: center;\">Leistung (kW)<\/td>\n<td style=\"text-align: center;\">4.5<\/td>\n<td style=\"text-align: center;\">6.2<\/td>\n<td style=\"text-align: center;\">42<\/td>\n<td style=\"text-align: center;\">46<\/td>\n<td style=\"text-align: center;\">54<\/td>\n<\/tr>\n<tr>\n<td style=\"text-align: center;\">Gewicht (T)<\/td>\n<td style=\"text-align: center;\">1<\/td>\n<td style=\"text-align: center;\">3.5<\/td>\n<td style=\"text-align: center;\">15<\/td>\n<td style=\"text-align: center;\">18<\/td>\n<td style=\"text-align: center;\">21<\/td>\n<\/tr>\n<tr>\n<td style=\"text-align: center;\" colspan=\"6\">Arbeitstemperatur 0~50\u00b0C<\/td>\n<\/tr>\n<\/tbody>\n<\/table>\n<\/div>","protected":false},"excerpt":{"rendered":"<ul>\n<li>Formzentrum-Abstandsausgleichsvorrichtung;<\/li>\n<li>Individuelle digitale Anzeige f\u00fcr zwei Drehwalzen;<\/li>\n<li>The forming pressure structure is driven by the motor which can be adjusted at will. Easy<\/li>\n<li>operation and reliable de-molding;<\/li>\n<li>It adopts a helical gear reducer as power and synchronous belt transmission. Stable transmission,<\/li>\n<li>small vibration, and low noise;<\/li>\n<li>A high degree of automation by electrical control;<\/li>\n<li>The conveyor belt-automatically tensioned and adjusted;<\/li>\n<li>Remaining material recovery device;<\/li>\n<\/ul>","protected":false},"featured_media":902,"comment_status":"open","ping_status":"closed","template":"","meta":[],"product_brand":[],"product_cat":[15,95],"product_tag":[],"class_list":{"0":"post-847","1":"product","2":"type-product","3":"status-publish","4":"has-post-thumbnail","6":"product_cat-bakery-equipment","7":"product_cat-biscuit-machine","9":"first","10":"instock","11":"shipping-taxable","12":"product-type-simple"},"_links":{"self":[{"href":"https:\/\/www.jymachinetech.com\/de\/wp-json\/wp\/v2\/product\/847","targetHints":{"allow":["GET"]}}],"collection":[{"href":"https:\/\/www.jymachinetech.com\/de\/wp-json\/wp\/v2\/product"}],"about":[{"href":"https:\/\/www.jymachinetech.com\/de\/wp-json\/wp\/v2\/types\/product"}],"replies":[{"embeddable":true,"href":"https:\/\/www.jymachinetech.com\/de\/wp-json\/wp\/v2\/comments?post=847"}],"version-history":[{"count":2,"href":"https:\/\/www.jymachinetech.com\/de\/wp-json\/wp\/v2\/product\/847\/revisions"}],"predecessor-version":[{"id":7311,"href":"https:\/\/www.jymachinetech.com\/de\/wp-json\/wp\/v2\/product\/847\/revisions\/7311"}],"wp:featuredmedia":[{"embeddable":true,"href":"https:\/\/www.jymachinetech.com\/de\/wp-json\/wp\/v2\/media\/902"}],"wp:attachment":[{"href":"https:\/\/www.jymachinetech.com\/de\/wp-json\/wp\/v2\/media?parent=847"}],"wp:term":[{"taxonomy":"product_brand","embeddable":true,"href":"https:\/\/www.jymachinetech.com\/de\/wp-json\/wp\/v2\/product_brand?post=847"},{"taxonomy":"product_cat","embeddable":true,"href":"https:\/\/www.jymachinetech.com\/de\/wp-json\/wp\/v2\/product_cat?post=847"},{"taxonomy":"product_tag","embeddable":true,"href":"https:\/\/www.jymachinetech.com\/de\/wp-json\/wp\/v2\/product_tag?post=847"}],"curies":[{"name":"wp","href":"https:\/\/api.w.org\/{rel}","templated":true}]}}