{"id":804,"date":"2021-12-18T07:59:30","date_gmt":"2021-12-18T07:59:30","guid":{"rendered":"https:\/\/www.jymachinetech.com\/?post_type=product&#038;p=804"},"modified":"2025-07-25T05:53:41","modified_gmt":"2025-07-25T05:53:41","slug":"planetary-mixer","status":"publish","type":"product","link":"https:\/\/www.jymachinetech.com\/de\/product\/planetary-mixer\/","title":{"rendered":"Planetenmischer zum Verkauf | Planetenmischer-Fabrik"},"content":{"rendered":"<h2>Planetarischer R\u00fchrer: Vielseitige und Leistungsstarke Mischl\u00f6sung f\u00fcr die Lebensmittelindustrie<\/h2>\n<p><strong>Produkt\u00fcbersicht:<\/strong> Der planetarische R\u00fchrer ist eine fortschrittliche Lebensmittelverarbeitungsmaschine, die f\u00fcr eine Vielzahl von Mischanforderungen entwickelt wurde. Mit seiner Auswahl an R\u00fchrern und variablen Geschwindigkeitsstufen ist er ideal f\u00fcr die Verarbeitung von schwerem Brotteig bis hin zu zarten Teigen und Mischungen.<\/p>\n<p><iframe title=\"Kleine Kapazit\u00e4ts-Keksherstellungsmaschine\" width=\"800\" height=\"450\" src=\"https:\/\/www.youtube.com\/embed\/3Q81AFCGqp0?feature=oembed\" frameborder=\"0\" allow=\"accelerometer; autoplay; clipboard-write; encrypted-media; gyroscope; picture-in-picture; web-share\" referrerpolicy=\"strict-origin-when-cross-origin\" allowfullscreen><\/iframe><\/p>\n<h2><strong>Auswahl des R\u00fchrers:<\/strong><\/h2>\n<ul>\n<li><strong>Teigarm:<\/strong>\u00a0Entwickelt f\u00fcr schweren Brotteig oder andere hochviskose Lebensmittel, die eine niedrige Geschwindigkeit f\u00fcr gr\u00fcndliches und schonendes Mischen erfordern.<\/li>\n<li><strong>Schl\u00e4ger:<\/strong>\u00a0Perfekt f\u00fcr d\u00fcnne Teige, Kuchen, Kartoffelp\u00fcree und die Verarbeitung von past\u00f6sen Lebensmitteln wie F\u00fcllungen, mit mittlerer Geschwindigkeit f\u00fcr effizientes Mischen.<\/li>\n<li><strong>Schlitzbesen:<\/strong>\u00a0Ideal zum Mischen von fl\u00fcssigen Lebensmitteln, Schlagen von Sahne und Eier schlagen, mit hoher Geschwindigkeit f\u00fcr schnelle Luftzufuhr.<\/li>\n<\/ul>\n<h2><strong>Hauptmerkmale &amp; Vorteile:<\/strong><\/h2>\n<ul>\n<li><strong>Lebensmittelechter Edelstahlbeh\u00e4lter:<\/strong>\u00a0Sichert die Hygiene und Sicherheit der gemischten Lebensmittel.<\/li>\n<li><strong>Motoverlastschutz:<\/strong>\u00a0Sch\u00fctzt den R\u00fchrer und seine Komponenten vor Sch\u00e4den durch \u00dcberlastung.<\/li>\n<li><strong>Sicherheitsbeh\u00e4lterverschluss:<\/strong>\u00a0H\u00e4lt den Beh\u00e4lter w\u00e4hrend des Betriebs sicher an Ort und Stelle und verhindert Unf\u00e4lle.<\/li>\n<li><strong>Reiner Kupfermotor mit leisem Lauf:<\/strong>\u00a0Bietet leistungsstarke Leistung bei minimaler Ger\u00e4uschentwicklung.<\/li>\n<li><strong>Planetarische Bewegungsmischung:<\/strong>\u00a0Sorgt f\u00fcr eine gr\u00fcndliche und gleichm\u00e4\u00dfige Mischung, die jedes Mal konsistente Ergebnisse liefert.<\/li>\n<li><strong>Vielseitige W\u00e4rmeableitung:<\/strong>\u00a0Sorgt daf\u00fcr, dass der Motor bei l\u00e4ngerer Nutzung k\u00fchl bleibt und verl\u00e4ngert so seine Lebensdauer.<\/li>\n<li><strong>Einstellbare Geschwindigkeitsstufen:<\/strong>\u00a0Erm\u00f6glicht eine pr\u00e4zise Steuerung des Mischvorgangs mit schnellen, mittleren und langsamen Geschwindigkeitsoptionen.<\/li>\n<\/ul>\n<h2><strong>Technical Specifications:<\/strong><\/h2>\n<ul>\n<li><strong>Beh\u00e4ltermaterial:<\/strong>\u00a0Lebensmittelechter Edelstahl f\u00fcr Langlebigkeit und einfache Reinigung.<\/li>\n<li><strong>Motordetails:<\/strong>\u00a0Ausgestattet mit einem reinen Kupfermotor f\u00fcr Effizienz und ger\u00e4uscharmen Betrieb.<\/li>\n<li><strong>Geschwindigkeitseinstellungen:<\/strong>\u00a0Bietet niedrige, mittlere und hohe Geschwindigkeitsstufen, um verschiedene Mischaufgaben zu bew\u00e4ltigen.<\/li>\n<\/ul>\n<h2><strong>Applications:<\/strong><\/h2>\n<ul>\n<li>Geeignet f\u00fcr B\u00e4ckereien, Gro\u00dfk\u00fcchen, Lebensmittelverarbeitungsbetriebe und Kochschulen, die einen robusten Mixer f\u00fcr vielf\u00e4ltige Lebensmittel ben\u00f6tigen.<\/li>\n<\/ul>\n<h2><strong>Kundenservice &amp; Support:<\/strong><\/h2>\n<ul>\n<li><strong>Professionelle Beratung:<\/strong>\u00a0Unser Team hilft Ihnen, die beste Konfiguration f\u00fcr Ihre spezifischen Mischanforderungen zu bestimmen.<\/li>\n<li><strong>Installation und Schulung:<\/strong>\u00a0Wir bieten umfassende Installationsdienste und Schulungen an, damit Ihr Personal den Mixer sicher und effektiv bedienen kann.<\/li>\n<li><strong>Kundenservice nach dem Verkauf:<\/strong>\u00a0Engagierter Support f\u00fcr Wartung und Fehlerbehebung, um einen reibungslosen Betrieb zu gew\u00e4hrleisten.<\/li>\n<\/ul>\n<h2><strong>Warum unseren Planetenmischer w\u00e4hlen?<\/strong><\/h2>\n<ul>\n<li><strong>cURL Too many subrequests.<\/strong>\u00a0Hergestellt aus hochwertigen Materialien f\u00fcr langlebige Leistung in anspruchsvollen Umgebungen.<\/li>\n<li><strong>Vielseitigkeit &amp; Funktionalit\u00e4t:<\/strong>\u00a0Mit einer Reihe von R\u00fchrern und Geschwindigkeitsstufen eignet sich der Mixer f\u00fcr verschiedene Lebensmittelverarbeitungsaufgaben.<\/li>\n<li><strong>Sicherheit &amp; Zuverl\u00e4ssigkeit:<\/strong>\u00a0Integriert Sicherheitsmerkmale und einen robusten Motor f\u00fcr einen zuverl\u00e4ssigen Betrieb.<\/li>\n<li><strong>Professionelle Unterst\u00fctzung:<\/strong>\u00a0Unterst\u00fctzt von einem Team von Fachleuten mit umfangreicher Erfahrung in der Lebensmittelverarbeitungsausr\u00fcstung.<\/li>\n<\/ul>\n<p><strong>Jetzt Angebot anfordern:<\/strong> F\u00fcr personalisierte Preisangebote und um mehr dar\u00fcber zu erfahren, wie unser Planetenmischer Ihre Lebensmittelverarbeitungsprozesse optimieren kann, kontaktieren Sie uns noch heute.<\/p>\n<h2><strong>SPEZIFIKATIONEN DETAIL<\/strong><\/h2>\n<p>&nbsp;<\/p>\n<div class=\"table-responsive\">\n<table style=\"width: 100%;\">\n<tbody>\n<tr>\n<td style=\"text-align: center;\">TYP<\/td>\n<td style=\"text-align: center;\">VOLUMEN<\/td>\n<td style=\"text-align: center;\">LEISTUNG<\/td>\n<td style=\"text-align: center;\">MISCHGESCHWINDIGKEIT<\/td>\n<td style=\"text-align: center;\">GEWICHT<\/td>\n<td style=\"text-align: center;\">ABMESSUNG(MM)<\/td>\n<\/tr>\n<tr>\n<td style=\"text-align: center;\">JY30<\/td>\n<td style=\"text-align: center;\">30L<\/td>\n<td style=\"text-align: center;\">750W<\/td>\n<td style=\"text-align: center;\">137\/275\/410 r\/m<\/td>\n<td style=\"text-align: center;\">125kg<\/td>\n<td style=\"text-align: center;\">570*430*765<\/td>\n<\/tr>\n<tr>\n<td style=\"text-align: center;\">JY60<\/td>\n<td style=\"text-align: center;\">60L<\/td>\n<td style=\"text-align: center;\">2,2KW<\/td>\n<td style=\"text-align: center;\">230\/400\/600 r\/m<\/td>\n<td style=\"text-align: center;\">560kg<\/td>\n<td style=\"text-align: center;\">1050*700*1500<\/td>\n<\/tr>\n<tr>\n<td style=\"text-align: center;\">JY80<\/td>\n<td style=\"text-align: center;\">80L<\/td>\n<td style=\"text-align: center;\">3KW<\/td>\n<td style=\"text-align: center;\">73\/109\/143\/216 r\/m<\/td>\n<td style=\"text-align: center;\">750kg<\/td>\n<td style=\"text-align: center;\">1050*620*1430<\/td>\n<\/tr>\n<tr>\n<td style=\"text-align: center;\">JY100<\/td>\n<td style=\"text-align: center;\">100L<\/td>\n<td style=\"text-align: center;\">4KW<\/td>\n<td style=\"text-align: center;\">125\/225\/375\/475 r\/m<\/td>\n<td style=\"text-align: center;\">1200kg<\/td>\n<td style=\"text-align: center;\">1150*750*1700<\/td>\n<\/tr>\n<tr>\n<td style=\"text-align: center;\">JY200<\/td>\n<td style=\"text-align: center;\">200L<\/td>\n<td style=\"text-align: center;\">7,5KW<\/td>\n<td style=\"text-align: center;\">125\/225\/375\/475 r\/m<\/td>\n<td style=\"text-align: center;\">2000kg<\/td>\n<td style=\"text-align: center;\">1450*1100*1800<\/td>\n<\/tr>\n<tr>\n<td style=\"text-align: center;\">JY300<\/td>\n<td style=\"text-align: center;\">300L<\/td>\n<td style=\"text-align: center;\">11,5KW<\/td>\n<td style=\"text-align: center;\">125\/225\/375\/475 r\/m<\/td>\n<td style=\"text-align: center;\">cURL Too many subrequests.<\/td>\n<td style=\"text-align: center;\">1650*1400*1800<\/td>\n<\/tr>\n<\/tbody>\n<\/table>\n<\/div>","protected":false},"excerpt":{"rendered":"<p>Planetarischer Mischer hat viele Funktionen, wie Mischen, Kneten, um Milch, Eier und so weiter zu vermengen. Die Maschinen sind mit 3 Arten von R\u00fchrern ausgestattet und verf\u00fcgen \u00fcber 3 Geschwindigkeitsstufen f\u00fcr verschiedene Mischzwecke wie Mehlmischen, F\u00fcllung vermengen, Eier erhitzen usw. Alle Teile, die mit Lebensmitteln in Kontakt kommen, sind aus Edelstahl gefertigt.<\/p>","protected":false},"featured_media":805,"comment_status":"open","ping_status":"closed","template":"","meta":[],"product_brand":[],"product_cat":[15],"product_tag":[],"class_list":{"0":"post-804","1":"product","2":"type-product","3":"status-publish","4":"has-post-thumbnail","6":"product_cat-bakery-equipment","8":"first","9":"instock","10":"shipping-taxable","11":"product-type-simple"},"_links":{"self":[{"href":"https:\/\/www.jymachinetech.com\/de\/wp-json\/wp\/v2\/product\/804","targetHints":{"allow":["GET"]}}],"collection":[{"href":"https:\/\/www.jymachinetech.com\/de\/wp-json\/wp\/v2\/product"}],"about":[{"href":"https:\/\/www.jymachinetech.com\/de\/wp-json\/wp\/v2\/types\/product"}],"replies":[{"embeddable":true,"href":"https:\/\/www.jymachinetech.com\/de\/wp-json\/wp\/v2\/comments?post=804"}],"version-history":[{"count":1,"href":"https:\/\/www.jymachinetech.com\/de\/wp-json\/wp\/v2\/product\/804\/revisions"}],"predecessor-version":[{"id":7185,"href":"https:\/\/www.jymachinetech.com\/de\/wp-json\/wp\/v2\/product\/804\/revisions\/7185"}],"wp:featuredmedia":[{"embeddable":true,"href":"https:\/\/www.jymachinetech.com\/de\/wp-json\/wp\/v2\/media\/805"}],"wp:attachment":[{"href":"https:\/\/www.jymachinetech.com\/de\/wp-json\/wp\/v2\/media?parent=804"}],"wp:term":[{"taxonomy":"product_brand","embeddable":true,"href":"https:\/\/www.jymachinetech.com\/de\/wp-json\/wp\/v2\/product_brand?post=804"},{"taxonomy":"product_cat","embeddable":true,"href":"https:\/\/www.jymachinetech.com\/de\/wp-json\/wp\/v2\/product_cat?post=804"},{"taxonomy":"product_tag","embeddable":true,"href":"https:\/\/www.jymachinetech.com\/de\/wp-json\/wp\/v2\/product_tag?post=804"}],"curies":[{"name":"wp","href":"https:\/\/api.w.org\/{rel}","templated":true}]}}