{"id":7506,"date":"2025-07-28T12:57:45","date_gmt":"2025-07-28T12:57:45","guid":{"rendered":"https:\/\/www.jymachinetech.com\/?post_type=product&#038;p=7506"},"modified":"2025-07-28T12:57:45","modified_gmt":"2025-07-28T12:57:45","slug":"automatic-weighting-cfa-adding-station","status":"publish","type":"product","link":"https:\/\/www.jymachinetech.com\/de\/product\/automatic-weighting-cfa-adding-station\/","title":{"rendered":"Automatische Gewichtungs- &amp; CFA-Zuf\u00fchrstation"},"content":{"rendered":"<p><strong><a href=\"https:\/\/www.jymachinetech.com\/wp-content\/uploads\/2025\/07\/Automatic-Weighting1.jpg\" target=\"_blank\"><img fetchpriority=\"high\" decoding=\"async\" class=\"alignnone size-full wp-image-7507\" src=\"https:\/\/www.jymachinetech.com\/wp-content\/uploads\/2025\/07\/Automatic-Weighting1.jpg\" alt=\"\" width=\"600\" height=\"400\" srcset=\"https:\/\/www.jymachinetech.com\/wp-content\/uploads\/2025\/07\/Automatic-Weighting1.jpg 600w, https:\/\/www.jymachinetech.com\/wp-content\/uploads\/2025\/07\/Automatic-Weighting1-18x12.jpg 18w\" sizes=\"(max-width: 600px) 100vw, 600px\" \/><\/a><br \/>\nGravimeter<\/strong><strong> W\u00e4gung<\/strong><br \/>\n\u2013 Edelstahl-Wiegebeh\u00e4lter auf drei W\u00e4gezellen montiert f\u00fcr die Fertigkoch-Einheit<br \/>\n\u2013 Systemgenauigkeit \u00b10,1 % durch Nettogewichtskontrolle, automatische Anpassung f\u00fcr Zucker, Glukose, Pektin, Wasser usw.<\/p>\n<p>&nbsp;<\/p>\n<ul>\n<li><strong>Rezeptbibliothek<\/strong><br \/>\n\u2013 PLC speichert bis zu zehn voreingestellte Rezepte; alle Chargenaufzeichnungen werden protokolliert und k\u00f6nnen an das Anlagen-MES\/ERP exportiert werden.<\/li>\n<li><strong>Kontinuierliche Zuf\u00fchrung<\/strong><br \/>\n\u2013 Abgemessene Zutaten fallen in den mit Hochgeschwindigkeits-Schneidwerk ausgestatteten Mantelkocher (L\u00f6st Pektin- oder Gelatineklumpen in &lt;3 Min).<br \/>\n\u2013 Fertiger Sirup wird in den Haltebeh\u00e4lter gepumpt f\u00fcr die n\u00e4chste Stufe.<\/li>\n<li><strong>CFA-Zuf\u00fchrung<\/strong><br \/>\n\u2013 Farben, Aromen und S\u00e4uren werden mit Peristaltikpumpen und Durchflussmessern dosiert, um eine Wiederholbarkeit von \u00b11 % zu gew\u00e4hrleisten.<br \/>\n\u2013 Optionaler zweiter CFA-Tank erm\u00f6glicht Zweifarb- oder Streifenprodukte.<\/li>\n<li><strong>Hygienisches Design<\/strong><br \/>\n\u2013 Alle Edelstahl 304\/316, Rohrfilter an jedem Rohr, CIP-fertige Spr\u00fchkugeln und selbstentw\u00e4ssernder Boden.<br \/>\n\u2013 Schneller Rezeptwechsel (&lt;5 Min) mit Schnellverschlussverbindungen.<\/li>\n<\/ul>\n<p>Typische Stellfl\u00e4che: 1200 mm \u00d7 900 mm \u00d7 1400 mm, Leistung 1,45 kW, Luft 0,6\u20130,8 MPa<\/p>\n<p>&nbsp;<\/p>","protected":false},"excerpt":{"rendered":"<p><strong>Gravimeter<\/strong><strong> W\u00e4gung<\/strong><br \/>\n\u2013 Edelstahl-Wiegebeh\u00e4lter auf drei W\u00e4gezellen montiert f\u00fcr die Fertigkoch-Einheit<br \/>\n\u2013 Systemgenauigkeit \u00b10,1 % durch Nettogewichtskontrolle, automatische Anpassung f\u00fcr Zucker, Glukose, Pektin, Wasser usw.<\/p>","protected":false},"featured_media":7507,"comment_status":"closed","ping_status":"closed","template":"","meta":[],"product_brand":[],"product_cat":[16],"product_tag":[],"class_list":{"0":"post-7506","1":"product","2":"type-product","3":"status-publish","4":"has-post-thumbnail","6":"product_cat-candy-machine","8":"first","9":"instock","10":"shipping-taxable","11":"product-type-simple"},"_links":{"self":[{"href":"https:\/\/www.jymachinetech.com\/de\/wp-json\/wp\/v2\/product\/7506","targetHints":{"allow":["GET"]}}],"collection":[{"href":"https:\/\/www.jymachinetech.com\/de\/wp-json\/wp\/v2\/product"}],"about":[{"href":"https:\/\/www.jymachinetech.com\/de\/wp-json\/wp\/v2\/types\/product"}],"replies":[{"embeddable":true,"href":"https:\/\/www.jymachinetech.com\/de\/wp-json\/wp\/v2\/comments?post=7506"}],"version-history":[{"count":1,"href":"https:\/\/www.jymachinetech.com\/de\/wp-json\/wp\/v2\/product\/7506\/revisions"}],"predecessor-version":[{"id":7508,"href":"https:\/\/www.jymachinetech.com\/de\/wp-json\/wp\/v2\/product\/7506\/revisions\/7508"}],"wp:featuredmedia":[{"embeddable":true,"href":"https:\/\/www.jymachinetech.com\/de\/wp-json\/wp\/v2\/media\/7507"}],"wp:attachment":[{"href":"https:\/\/www.jymachinetech.com\/de\/wp-json\/wp\/v2\/media?parent=7506"}],"wp:term":[{"taxonomy":"product_brand","embeddable":true,"href":"https:\/\/www.jymachinetech.com\/de\/wp-json\/wp\/v2\/product_brand?post=7506"},{"taxonomy":"product_cat","embeddable":true,"href":"https:\/\/www.jymachinetech.com\/de\/wp-json\/wp\/v2\/product_cat?post=7506"},{"taxonomy":"product_tag","embeddable":true,"href":"https:\/\/www.jymachinetech.com\/de\/wp-json\/wp\/v2\/product_tag?post=7506"}],"curies":[{"name":"wp","href":"https:\/\/api.w.org\/{rel}","templated":true}]}}