{"id":7501,"date":"2025-07-28T12:54:05","date_gmt":"2025-07-28T12:54:05","guid":{"rendered":"https:\/\/www.jymachinetech.com\/?post_type=product&#038;p=7501"},"modified":"2025-07-28T12:55:17","modified_gmt":"2025-07-28T12:55:17","slug":"steam-humidifying-sugar-sanding-machine","status":"publish","type":"product","link":"https:\/\/www.jymachinetech.com\/de\/product\/steam-humidifying-sugar-sanding-machine\/","title":{"rendered":"Dampf-Feuchtigkeits- &amp; Zuckersandmaschine"},"content":{"rendered":"<p><a href=\"https:\/\/www.jymachinetech.com\/wp-content\/uploads\/2025\/07\/Sugar-Sanding-Machine1.jpg\" target=\"_blank\"><img fetchpriority=\"high\" decoding=\"async\" class=\"alignnone size-full wp-image-7502\" src=\"https:\/\/www.jymachinetech.com\/wp-content\/uploads\/2025\/07\/Sugar-Sanding-Machine1.jpg\" alt=\"\" width=\"600\" height=\"400\" srcset=\"https:\/\/www.jymachinetech.com\/wp-content\/uploads\/2025\/07\/Sugar-Sanding-Machine1.jpg 600w, https:\/\/www.jymachinetech.com\/wp-content\/uploads\/2025\/07\/Sugar-Sanding-Machine1-18x12.jpg 18w\" sizes=\"(max-width: 600px) 100vw, 600px\" \/><\/a><br \/>\nBefreit S\u00fc\u00dfigkeiten leicht mit Dampf und \u00fcberzieht sie dann gleichm\u00e4\u00dfig mit Zucker, Zuckerguss oder Gew\u00fcrzen, um Ankleben zu verhindern und Aussehen sowie Geschmack zu verbessern.<\/p>\n<p>&nbsp;<\/p>\n<p><strong>Anwendungen<\/strong><br \/>\n\u2022 Gummib\u00e4rchen mit Kristallzucker oder Kokosraspeln.<br \/>\n\u2022 Sauerstreifen <a href=\"https:\/\/www.jymachinetech.com\/de\/fruit-of-the-loom-honored-for-energy-efforts\/\" title=\"What types of flavors can a jelly candy making machine produce?\"  data-wpil-monitor-id=\"180\" target=\"_blank\">S\u00fc\u00dfigkeit mit Sauerpulvergeschmack<\/a><\/p>\n<p>&nbsp;<\/p>\n<p>Funktionsprinzip<br \/>\n\u2022 <strong>Dampf-Befeuchtungszone<\/strong> \u2013 Niederdrucks\u00e4ttigungsdampf (0,2\u20130,4 MPa) wird als feiner Nebel verteilt, erh\u00f6ht die Oberfl\u00e4chentemperatur um 2\u20134 \u00b0C und schafft eine mikro-Feucht-Schicht ohne Klebrigkeit.<br \/>\n\u2022 <strong>Beschichtungszone<\/strong> \u2013 Eine rotierende Trommel oder Vibrationspfanne spr\u00fcht gleichm\u00e4\u00dfig Zucker\/Gew\u00fcrze; VFD-Geschwindigkeitsregelung sorgt f\u00fcr &gt;95 % Abdeckung.<br \/>\n\u2022 <strong>Wiederherstellungszone<\/strong> \u2013 \u00dcbersch\u00fcssiges Pulver wird \u00fcber einen Zyklonabscheider gesammelt und zur Wiederverwendung in den Trichter zur\u00fcckgef\u00fchrt.<\/p>\n<ul>\n<li><strong>Dampfquelle<\/strong>: 0,3 MPa S\u00e4ttigungsdampf, 5\u201315 kg\/h.<br \/>\n\u2022 <strong>cURL Too many subrequests.<\/strong>: Proportionalventil + Feuchtigkeitssensor f\u00fcr 4\u201320 mA Dauer-Ausgang, eliminiert Ein- und Ausschaltfluktuationen.<\/li>\n<\/ul>\n<p>Vorteile<br \/>\n\u2022 <strong>Energieeinsparung<\/strong>: Dampfbefeuchtung verwendet 30 % weniger Wasser als Wassernebel; &gt;90 % Pulverr\u00fcckgewinnung.<br \/>\n\u2022 <strong>cURL Too many subrequests.<\/strong>: Vollstahl 304\/316, GMP-konform; optionaler CIP-Anschluss.<br \/>\n\u2022 <strong>Schneller Wechsel<\/strong>: Geschmacks- oder Pulverschichtwechsel in &lt;10 Minuten ohne Kreuzkontamination.<\/p>\n<ul>\n<li><strong>Automatische<\/strong><strong>\uff1a<\/strong>S\u00fc\u00dfigkeiten kommen und automatische Beschichtung und Ausgang<\/li>\n<\/ul>\n<p>&nbsp;<\/p>","protected":false},"excerpt":{"rendered":"<p>Befreit S\u00fc\u00dfigkeiten leicht mit Dampf und \u00fcberzieht sie dann gleichm\u00e4\u00dfig mit Zucker, Zuckerguss oder Gew\u00fcrzen, um Ankleben zu verhindern und Aussehen sowie Geschmack zu verbessern.<\/p>\n<p>&nbsp;<\/p>","protected":false},"featured_media":7502,"comment_status":"closed","ping_status":"closed","template":"","meta":[],"product_brand":[],"product_cat":[16],"product_tag":[],"class_list":{"0":"post-7501","1":"product","2":"type-product","3":"status-publish","4":"has-post-thumbnail","6":"product_cat-candy-machine","8":"first","9":"instock","10":"shipping-taxable","11":"product-type-simple"},"_links":{"self":[{"href":"https:\/\/www.jymachinetech.com\/de\/wp-json\/wp\/v2\/product\/7501","targetHints":{"allow":["GET"]}}],"collection":[{"href":"https:\/\/www.jymachinetech.com\/de\/wp-json\/wp\/v2\/product"}],"about":[{"href":"https:\/\/www.jymachinetech.com\/de\/wp-json\/wp\/v2\/types\/product"}],"replies":[{"embeddable":true,"href":"https:\/\/www.jymachinetech.com\/de\/wp-json\/wp\/v2\/comments?post=7501"}],"version-history":[{"count":3,"href":"https:\/\/www.jymachinetech.com\/de\/wp-json\/wp\/v2\/product\/7501\/revisions"}],"predecessor-version":[{"id":7505,"href":"https:\/\/www.jymachinetech.com\/de\/wp-json\/wp\/v2\/product\/7501\/revisions\/7505"}],"wp:featuredmedia":[{"embeddable":true,"href":"https:\/\/www.jymachinetech.com\/de\/wp-json\/wp\/v2\/media\/7502"}],"wp:attachment":[{"href":"https:\/\/www.jymachinetech.com\/de\/wp-json\/wp\/v2\/media?parent=7501"}],"wp:term":[{"taxonomy":"product_brand","embeddable":true,"href":"https:\/\/www.jymachinetech.com\/de\/wp-json\/wp\/v2\/product_brand?post=7501"},{"taxonomy":"product_cat","embeddable":true,"href":"https:\/\/www.jymachinetech.com\/de\/wp-json\/wp\/v2\/product_cat?post=7501"},{"taxonomy":"product_tag","embeddable":true,"href":"https:\/\/www.jymachinetech.com\/de\/wp-json\/wp\/v2\/product_tag?post=7501"}],"curies":[{"name":"wp","href":"https:\/\/api.w.org\/{rel}","templated":true}]}}