{"id":7416,"date":"2025-07-28T01:51:30","date_gmt":"2025-07-28T01:51:30","guid":{"rendered":"https:\/\/www.jymachinetech.com\/?post_type=product&#038;p=7416"},"modified":"2025-07-28T02:11:32","modified_gmt":"2025-07-28T02:11:32","slug":"candy-drop-roller-turn-sugar-into-perfect-drops-every-time","status":"publish","type":"product","link":"https:\/\/www.jymachinetech.com\/de\/product\/candy-drop-roller-turn-sugar-into-perfect-drops-every-time\/","title":{"rendered":"Candy Drop Roller \u2013 Turn Sugar into Perfect Drops, Every Time"},"content":{"rendered":"<h1 data-pm-slice=\"1 1 []\">Candy Drop Roller: Ein umfassender Leitfaden<\/h1>\n<p>Abroll-Rollen-S\u00fc\u00dfwarenmaschine<\/p>\n<p><a href=\"https:\/\/www.jymachinetech.com\/wp-content\/uploads\/2025\/07\/\u66ff\u6362\u56fe\u7247\u573a\u666f-7.jpg\" target=\"_blank\"><img fetchpriority=\"high\" decoding=\"async\" class=\"alignnone size-full wp-image-7418\" src=\"https:\/\/www.jymachinetech.com\/wp-content\/uploads\/2025\/07\/\u66ff\u6362\u56fe\u7247\u573a\u666f-7.jpg\" alt=\"\" width=\"659\" height=\"691\" srcset=\"https:\/\/www.jymachinetech.com\/wp-content\/uploads\/2025\/07\/\u66ff\u6362\u56fe\u7247\u573a\u666f-7.jpg 659w, https:\/\/www.jymachinetech.com\/wp-content\/uploads\/2025\/07\/\u66ff\u6362\u56fe\u7247\u573a\u666f-7-11x12.jpg 11w, https:\/\/www.jymachinetech.com\/wp-content\/uploads\/2025\/07\/\u66ff\u6362\u56fe\u7247\u573a\u666f-7-600x629.jpg 600w\" sizes=\"(max-width: 659px) 100vw, 659px\" \/><\/a><\/p>\n<p>Erschwinglich, Flexibel, Formvollendet<\/p>\n<p><a href=\"https:\/\/www.jymachinetech.com\/wp-content\/uploads\/2025\/07\/Candy-Drop-Roller-2.webp\" target=\"_blank\"><img decoding=\"async\" class=\"alignnone size-full wp-image-7426\" src=\"https:\/\/www.jymachinetech.com\/wp-content\/uploads\/2025\/07\/Candy-Drop-Roller-2.webp\" alt=\"\" width=\"640\" height=\"640\" srcset=\"https:\/\/www.jymachinetech.com\/wp-content\/uploads\/2025\/07\/Candy-Drop-Roller-2.webp 640w, https:\/\/www.jymachinetech.com\/wp-content\/uploads\/2025\/07\/Candy-Drop-Roller-2-12x12.webp 12w, https:\/\/www.jymachinetech.com\/wp-content\/uploads\/2025\/07\/Candy-Drop-Roller-2-300x300.webp 300w, https:\/\/www.jymachinetech.com\/wp-content\/uploads\/2025\/07\/Candy-Drop-Roller-2-600x600.webp 600w, https:\/\/www.jymachinetech.com\/wp-content\/uploads\/2025\/07\/Candy-Drop-Roller-2-100x100.webp 100w\" sizes=\"(max-width: 640px) 100vw, 640px\" \/><\/a><\/p>\n<p>Candy Drop Roller ist f\u00fcr die Herstellung von S\u00fc\u00dfigkeiten in niedrigen bis mittleren St\u00fcckzahlen konzipiert und bietet Pr\u00e4zision, Qualit\u00e4t und Effizienz bei jeder Charge. Diese kosteng\u00fcnstige L\u00f6sung wird in Deutschland hergestellt und produziert, wodurch sie f\u00fcr Unternehmen jeder Gr\u00f6\u00dfe geeignet ist, die eine Vielzahl von S\u00fc\u00dfigkeiten herstellen m\u00f6chten. Die Maschine bietet Vielseitigkeit und Produktionseffizienz, sodass Kunden ihre Produktionsbed\u00fcrfnisse anpassen und eine gro\u00dfe Vielfalt an <a href=\"https:\/\/www.jymachinetech.com\/de\/the-ultimate-guide-on-how-candy-is-made-from-ingredients-to-process\/\" title=\"The Ultimate Guide on How Candy is Made: From Ingredients to Process\"  data-wpil-monitor-id=\"144\" target=\"_blank\">S\u00fc\u00dfigkeit<\/a> Designs, Formen und Gr\u00f6\u00dfen.<\/p>\n<p>Verwandeln Sie ein flaches Band aus gekochtem Zucker in makellose Hartkaramell-Tropfen, Dragees oder saisonale Formen \u2013 ohne den Preis von Hochgeschwindigkeits-Rotationsstempelsystemen. Diese einzelne Maschine kann sowohl feste einfarbige Bonbons als auch zweifarbige Schichtbonbons herstellen, ebenso wie Neuheitenformen wie Kugeln, Ovale, Runden, Birnen, Zitronen, Quadrate, flache Tropfen und Riegelprodukte, um die vielf\u00e4ltigen Anforderungen von Konditoreien und Kunden zu erf\u00fcllen.<\/p>\n<p>Warum unseren Drop-Roller w\u00e4hlen?<\/p>\n<p>Eine Maschine, unendliche Formen: Lebensmittelechte, speziell entwickelte, gravierte Messingwalzen und Formwalzen tauschen sich in weniger als 1 Minute als Set aus. Behalte eine Basis <a href=\"https:\/\/www.jymachinetech.com\/de\/product\/wafer-biscuit-production-line\/\" title=\"Waffelkeksproduktionslinie | Waffelherstellungsmaschine Fabrik\"  data-wpil-monitor-id=\"146\" target=\"_blank\">Erweitern Sie Ihre Produktlinie und erweitern Sie Ihre Produktpalette<\/a> einfach durch Hinzuf\u00fcgen neuer Walzen, um die erforderliche Form und Abmessungen f\u00fcr jede S\u00fc\u00dfigkeitengr\u00f6\u00dfe und -form zu erstellen.<\/p>\n<p>Preisg\u00fcnstiger Einstiegspunkt: Ideal f\u00fcr Start-ups, Testk\u00fcchen oder etablierte Anlagen, die kurze Produktionsl\u00e4ufe und h\u00e4ufige Umstellungen ben\u00f6tigen, und eine kosteng\u00fcnstige L\u00f6sung f\u00fcr die Herstellung verschiedener S\u00fc\u00dfigkeiten bieten.<\/p>\n<p>Feste oder zweifarbige Bonbons: Handhabt einfarbige Bonbonmasse oder gestreifte B\u00e4nder m\u00fchelos, sodass Sie sowohl einfarbige Bonbons als auch zweifarbige Schichtbonbons herstellen k\u00f6nnen.<\/p>\n<p>Manueller oder elektrischer Antrieb: 110 V \/ 220 V Stecker- und Spielmotor oder Handkurbeloption \u2013 gleiche Walzleistung, keine zus\u00e4tzlichen Kosten.<\/p>\n<p>Antihaftbeschichtung, einfache Reinigung: Schneller Spr\u00fchnebel f\u00fcr die S\u00fc\u00dfwarenfreigabe + optionaler Ventilator verhindert das Anhaften von S\u00fc\u00dfigkeiten; Polymerwalzen lassen sich in Sekundenschnelle reinigen.<\/p>\n<p>Vielseitigkeit und Vielfalt: Die Fallrollenmaschine und ihre verschiedenen Modelle bieten Vielseitigkeit und <a href=\"https:\/\/www.jymachinetech.com\/de\/the-best-biscuit-machine-for-efficient-production-and-quality-control\/\" title=\"Die beste Keksmaschine f\u00fcr effiziente Produktion und Qualit\u00e4tskontrolle\"  data-wpil-monitor-id=\"147\" target=\"_blank\">Produktionseffizienz<\/a>, die Unternehmen erm\u00f6glichen, eine Vielzahl von Bonbon-Designs, Formen und Neuheitsformen zu erstellen, um die Bed\u00fcrfnisse ihrer Kunden zu erf\u00fcllen.<\/p>\n<p>Wie funktioniert es?<\/p>\n<p>\u2022 Kochen &amp; k\u00fchlen Sie Ihre Zuckermasse zu einem formbaren Band.<\/p>\n<p>\u2022 F\u00fchren Sie das Band zwischen die geh\u00e4rteten, gravierten Messing-Formwalzen.<\/p>\n<p>\u2022 Die Zuckermasse wird zu einem Blech geformt, das anschlie\u00dfend von den gravierten Walzen in verschiedene Formen und geformte S\u00fc\u00dfigkeiten gebracht wird.<\/p>\n<p>\u2022 Die geformten S\u00fc\u00dfigkeiten werden nach dem Abk\u00fchlen zum Aush\u00e4rten gelassen, dann gebrochen, gesiebt und weiterverarbeitet, bevor sie verpackt und zum Verkauf bereitgestellt werden.<\/p>\n<p><a href=\"https:\/\/www.jymachinetech.com\/wp-content\/uploads\/2025\/07\/Candy-Drop-Roller-3.webp\" target=\"_blank\"><img decoding=\"async\" class=\"alignnone size-full wp-image-7428\" src=\"https:\/\/www.jymachinetech.com\/wp-content\/uploads\/2025\/07\/Candy-Drop-Roller-3.webp\" alt=\"\" width=\"640\" height=\"640\" srcset=\"https:\/\/www.jymachinetech.com\/wp-content\/uploads\/2025\/07\/Candy-Drop-Roller-3.webp 640w, https:\/\/www.jymachinetech.com\/wp-content\/uploads\/2025\/07\/Candy-Drop-Roller-3-12x12.webp 12w, https:\/\/www.jymachinetech.com\/wp-content\/uploads\/2025\/07\/Candy-Drop-Roller-3-300x300.webp 300w, https:\/\/www.jymachinetech.com\/wp-content\/uploads\/2025\/07\/Candy-Drop-Roller-3-600x600.webp 600w, https:\/\/www.jymachinetech.com\/wp-content\/uploads\/2025\/07\/Candy-Drop-Roller-3-100x100.webp 100w\" sizes=\"(max-width: 640px) 100vw, 640px\" \/><\/a><\/p>\n<p>Inklusive &amp; Optionen<\/p>\n<p>\u2022 1 Paar Standardwalzen (aus dem Katalog w\u00e4hlen)<\/p>\n<p>\u2022 Zus\u00e4tzliche Walzens\u00e4tze: Weihnachtsb\u00e4ume, Herzen, Sterne oder individuelles Logo\u2014gleicher Preis<\/p>\n<p>\u2022 K\u00fchlgebl\u00e4sekit<\/p>\n<p>\u2022 Edelstahl-Siebpfanne &amp; Dragee-Trommel<\/p>\n<p>\u2022 Die Ausr\u00fcstung umfasst Komponenten wie eine wassergek\u00fchlte Tropfenwalze f\u00fcr h\u00f6here Produktionsleistung (bis zu 300 kg pro Stunde), und zus\u00e4tzliche Maschinen und Zubeh\u00f6r k\u00f6nnen bei Bedarf installiert werden, um die <a href=\"https:\/\/www.jymachinetech.com\/de\/top-machine-gummy-candy-solutions-for-efficient-production\/\" title=\"Top Machine Gummy Candy Solutions for Efficient Production\"  data-wpil-monitor-id=\"148\" target=\"_blank\">Produktionseffizienz<\/a> Vielseitigkeit und Flexibilit\u00e4t zu erh\u00f6hen.<\/p>\n<p>\u2022 Die Candy Drop Roller Maschine wird in Gro\u00dfbritannien hergestellt und produziert, wobei lebensmittelechte Materialien wie Edelstahl und Messingwalzen verwendet werden, um Haltbarkeit und Einhaltung der Industriestandards zu gew\u00e4hrleisten.<\/p>\n<p>F\u00fcr Liefer- und Versandinformationen k\u00f6nnen Kunden uns gerne kontaktieren. Wir bieten den weltweiten Versand unserer Ger\u00e4te an, damit Unternehmen \u00fcberall von unseren vielseitigen <a href=\"https:\/\/www.jymachinetech.com\/de\/product\/pillow-type-biscuit-packaging-machine\/\" title=\"Pillow Type Biscuit Packaging Machine For Sales\"  data-wpil-monitor-id=\"149\" target=\"_blank\">Maschinen und Verpackungsl\u00f6sungen f\u00fcr die S\u00fc\u00dfwarenherstellung profitieren k\u00f6nnen.<\/a>.<\/p>\n<p><a href=\"https:\/\/www.jymachinetech.com\/wp-content\/uploads\/2025\/07\/Candy-Drop-Roller-4.webp\" target=\"_blank\"><img loading=\"lazy\" decoding=\"async\" class=\"alignnone size-full wp-image-7429\" src=\"https:\/\/www.jymachinetech.com\/wp-content\/uploads\/2025\/07\/Candy-Drop-Roller-4.webp\" alt=\"\" width=\"998\" height=\"666\" srcset=\"https:\/\/www.jymachinetech.com\/wp-content\/uploads\/2025\/07\/Candy-Drop-Roller-4.webp 998w, https:\/\/www.jymachinetech.com\/wp-content\/uploads\/2025\/07\/Candy-Drop-Roller-4-18x12.webp 18w, https:\/\/www.jymachinetech.com\/wp-content\/uploads\/2025\/07\/Candy-Drop-Roller-4-600x400.webp 600w\" sizes=\"(max-width: 998px) 100vw, 998px\" \/><\/a><\/p>","protected":false},"excerpt":{"rendered":"<p data-pm-slice=\"1 1 []\">Candy Drop Roller ist f\u00fcr die Herstellung von S\u00fc\u00dfigkeiten in niedrigen bis mittleren St\u00fcckzahlen konzipiert und bietet Pr\u00e4zision, Qualit\u00e4t und Effizienz bei jeder Charge. Diese kosteng\u00fcnstige L\u00f6sung wird in Deutschland hergestellt und produziert, wodurch sie f\u00fcr Unternehmen jeder Gr\u00f6\u00dfe geeignet ist, die eine Vielzahl von S\u00fc\u00dfigkeiten herstellen m\u00f6chten. Die Maschine bietet Vielseitigkeit und Produktionseffizienz, sodass Kunden ihre Produktionsbed\u00fcrfnisse anpassen und eine gro\u00dfe Vielfalt an <a href=\"https:\/\/www.jymachinetech.com\/de\/the-ultimate-guide-on-how-candy-is-made-from-ingredients-to-process\/\" title=\"The Ultimate Guide on How Candy is Made: From Ingredients to Process\"  data-wpil-monitor-id=\"145\">S\u00fc\u00dfigkeit<\/a> Designs, Formen und Gr\u00f6\u00dfen.<\/p>","protected":false},"featured_media":7429,"comment_status":"open","ping_status":"closed","template":"","meta":[],"product_brand":[],"product_cat":[16],"product_tag":[196],"class_list":{"0":"post-7416","1":"product","2":"type-product","3":"status-publish","4":"has-post-thumbnail","6":"product_cat-candy-machine","7":"product_tag-candy-drop-roller","9":"first","10":"instock","11":"shipping-taxable","12":"product-type-simple"},"_links":{"self":[{"href":"https:\/\/www.jymachinetech.com\/de\/wp-json\/wp\/v2\/product\/7416","targetHints":{"allow":["GET"]}}],"collection":[{"href":"https:\/\/www.jymachinetech.com\/de\/wp-json\/wp\/v2\/product"}],"about":[{"href":"https:\/\/www.jymachinetech.com\/de\/wp-json\/wp\/v2\/types\/product"}],"replies":[{"embeddable":true,"href":"https:\/\/www.jymachinetech.com\/de\/wp-json\/wp\/v2\/comments?post=7416"}],"version-history":[{"count":7,"href":"https:\/\/www.jymachinetech.com\/de\/wp-json\/wp\/v2\/product\/7416\/revisions"}],"predecessor-version":[{"id":7436,"href":"https:\/\/www.jymachinetech.com\/de\/wp-json\/wp\/v2\/product\/7416\/revisions\/7436"}],"wp:featuredmedia":[{"embeddable":true,"href":"https:\/\/www.jymachinetech.com\/de\/wp-json\/wp\/v2\/media\/7429"}],"wp:attachment":[{"href":"https:\/\/www.jymachinetech.com\/de\/wp-json\/wp\/v2\/media?parent=7416"}],"wp:term":[{"taxonomy":"product_brand","embeddable":true,"href":"https:\/\/www.jymachinetech.com\/de\/wp-json\/wp\/v2\/product_brand?post=7416"},{"taxonomy":"product_cat","embeddable":true,"href":"https:\/\/www.jymachinetech.com\/de\/wp-json\/wp\/v2\/product_cat?post=7416"},{"taxonomy":"product_tag","embeddable":true,"href":"https:\/\/www.jymachinetech.com\/de\/wp-json\/wp\/v2\/product_tag?post=7416"}],"curies":[{"name":"wp","href":"https:\/\/api.w.org\/{rel}","templated":true}]}}