{"id":6914,"date":"2025-07-09T02:44:24","date_gmt":"2025-07-09T02:44:24","guid":{"rendered":"https:\/\/www.jymachinetech.com\/?post_type=product&#038;p=6914"},"modified":"2025-07-25T06:04:47","modified_gmt":"2025-07-25T06:04:47","slug":"dorayaki-cake-production-line2000pcs-h-4000pcs-h-5000pcs-h-6000pcs-h-8000pcs-h","status":"publish","type":"product","link":"https:\/\/www.jymachinetech.com\/de\/product\/dorayaki-cake-production-line2000pcs-h-4000pcs-h-5000pcs-h-6000pcs-h-8000pcs-h\/","title":{"rendered":"Dorayaki Cake Production Line:2000(Pcs\/H) 4000(Pcs\/H) 5000(Pcs\/H) 6000(Pcs\/H) 8000(Pcs\/H)"},"content":{"rendered":"<p>&nbsp;<\/p>\n<p><a href=\"https:\/\/www.jymachinetech.com\/wp-content\/uploads\/2025\/07\/photobank.jpg\" target=\"_blank\"><img fetchpriority=\"high\" decoding=\"async\" class=\"alignnone size-full wp-image-6918\" src=\"https:\/\/www.jymachinetech.com\/wp-content\/uploads\/2025\/07\/photobank.jpg\" alt=\"\" width=\"800\" height=\"662\" srcset=\"https:\/\/www.jymachinetech.com\/wp-content\/uploads\/2025\/07\/photobank.jpg 800w, https:\/\/www.jymachinetech.com\/wp-content\/uploads\/2025\/07\/photobank-15x12.jpg 15w, https:\/\/www.jymachinetech.com\/wp-content\/uploads\/2025\/07\/photobank-600x497.jpg 600w\" sizes=\"(max-width: 800px) 100vw, 800px\" \/><\/a><\/p>\n<table>\n<tbody>\n<tr>\n<td width=\"295\">Modell<\/td>\n<td width=\"100\">400<\/td>\n<td width=\"124\">800<\/td>\n<td width=\"120\">1000<\/td>\n<td width=\"124\">1200<\/td>\n<td width=\"126\">1600<\/td>\n<\/tr>\n<tr>\n<td width=\"295\">\u4ea7\u80fdCapacity(\u03c690mmpcs\/h)<\/td>\n<td width=\"100\">2000<\/td>\n<td width=\"124\">4000<\/td>\n<td width=\"120\">5000<\/td>\n<td width=\"124\">6000<\/td>\n<td width=\"126\">8000<\/td>\n<\/tr>\n<tr>\n<td width=\"295\">\u6c14\u7089Gas\u00a0Oven(m\u00b3\/h)<\/td>\n<td width=\"100\">10<\/td>\n<td width=\"124\">12<\/td>\n<td width=\"120\">15<\/td>\n<td width=\"124\">20<\/td>\n<td width=\"126\">24<\/td>\n<\/tr>\n<tr>\n<td width=\"295\">\u7528\u7535\u91cfPower\u00a0consumption(Kw\/h)<\/td>\n<td width=\"100\">18<\/td>\n<td width=\"124\">20<\/td>\n<td width=\"120\">25<\/td>\n<td width=\"124\">30<\/td>\n<td width=\"126\">35.5<\/td>\n<\/tr>\n<\/tbody>\n<\/table>\n<p>1,Capacity: 2000pcs-8000pcs\/h;<br \/>\n2,Machine model: JY400 \u2013 JY1600<br \/>\n3,Machine name : Automatic dorayaki cake production line<br \/>\n4,Processing step:mixing -forming -baking-moving-dropping -cooling- fast &amp; slow speed turn-filling -stacking -combining-UV convey-packing<br \/>\n5,Main raw material:sugar ,flour ,Glucose,water,egg,chocolate,milk powder ,flavor ,color<br \/>\n6,Required workshop space :more than 200 square meter<br \/>\n7, Final product workshop space :more than 100 square meter<br \/>\n8. raw material workshop space :more than 100 square meter<br \/>\n9. worker for each shift :10-15 people<br \/>\n<a href=\"https:\/\/www.jymachinetech.com\/wp-content\/uploads\/2025\/07\/\u5fae\u4fe1\u56fe\u7247_20240306162620.jpg\" target=\"_blank\"><img decoding=\"async\" class=\"alignnone wp-image-6924\" src=\"https:\/\/www.jymachinetech.com\/wp-content\/uploads\/2025\/07\/\u5fae\u4fe1\u56fe\u7247_20240306162620.jpg\" alt=\"\" width=\"484\" height=\"336\" srcset=\"https:\/\/www.jymachinetech.com\/wp-content\/uploads\/2025\/07\/\u5fae\u4fe1\u56fe\u7247_20240306162620.jpg 1001w, https:\/\/www.jymachinetech.com\/wp-content\/uploads\/2025\/07\/\u5fae\u4fe1\u56fe\u7247_20240306162620-18x12.jpg 18w, https:\/\/www.jymachinetech.com\/wp-content\/uploads\/2025\/07\/\u5fae\u4fe1\u56fe\u7247_20240306162620-600x416.jpg 600w\" sizes=\"(max-width: 484px) 100vw, 484px\" \/><\/a><\/p>\n<p><b>HOW TO MAKE DORAYAKI C<\/b><b>AKES<\/b><\/p>\n<p><img decoding=\"async\" class=\"alignnone size-large wp-image-6922\" src=\"https:\/\/www.jymachinetech.com\/wp-content\/uploads\/2025\/07\/\u94dc\u9523\u70e7\u6b65\u9aa41-1024x744.png\" alt=\"\" width=\"800\" height=\"581\"><br \/>\nDorayaki cake systems are composed of two connected machines. The cake griddle and sandwiching machine run independently but are fully synchronized.<br \/>\n\u200b<a href=\"https:\/\/www.jymachinetech.com\/wp-content\/uploads\/2025\/07\/photobank-1-e1752028647447.jpg\" target=\"_blank\"><img loading=\"lazy\" decoding=\"async\" class=\"alignnone wp-image-6923\" src=\"https:\/\/www.jymachinetech.com\/wp-content\/uploads\/2025\/07\/photobank-1-e1752028647447.jpg\" alt=\"\" width=\"654\" height=\"497\" srcset=\"https:\/\/www.jymachinetech.com\/wp-content\/uploads\/2025\/07\/photobank-1-e1752028647447.jpg 800w, https:\/\/www.jymachinetech.com\/wp-content\/uploads\/2025\/07\/photobank-1-e1752028647447-16x12.jpg 16w, https:\/\/www.jymachinetech.com\/wp-content\/uploads\/2025\/07\/photobank-1-e1752028647447-600x456.jpg 600w\" sizes=\"(max-width: 654px) 100vw, 654px\" \/><\/a><br \/>\nFor baking, we use a reinforced copper plate. The extraordinary heat retention capacity produces a very smooth pancake surface.Both gas and electricity can be used as a heat source to bake the products. By changing the speed of the griddle and the position of the depositor the baking time can be adjusted. A top-mounted heater on the pancake production system cooks the pancake from the top before flipping.The positions of both the top-mounted heater and flipper can also be fine-tuned to suit different recipes. Below the dorayaki production machine, debris is removed from the griddle plates and oil is applied to ensure the pancakes are released properly.<\/p>\n<p><a href=\"https:\/\/www.jymachinetech.com\/wp-content\/uploads\/2025\/07\/\u5fae\u4fe1\u56fe\u7247_20240306162643.jpg\" target=\"_blank\"><img loading=\"lazy\" decoding=\"async\" class=\"alignnone wp-image-6925\" src=\"https:\/\/www.jymachinetech.com\/wp-content\/uploads\/2025\/07\/\u5fae\u4fe1\u56fe\u7247_20240306162643.jpg\" alt=\"\" width=\"374\" height=\"217\" srcset=\"https:\/\/www.jymachinetech.com\/wp-content\/uploads\/2025\/07\/\u5fae\u4fe1\u56fe\u7247_20240306162643.jpg 612w, https:\/\/www.jymachinetech.com\/wp-content\/uploads\/2025\/07\/\u5fae\u4fe1\u56fe\u7247_20240306162643-18x10.jpg 18w, https:\/\/www.jymachinetech.com\/wp-content\/uploads\/2025\/07\/\u5fae\u4fe1\u56fe\u7247_20240306162643-600x347.jpg 600w\" sizes=\"(max-width: 374px) 100vw, 374px\" \/><\/a><a href=\"https:\/\/www.jymachinetech.com\/wp-content\/uploads\/2025\/07\/8b2d6756fc339850d1a68d3886343ca-scaled.jpg\" target=\"_blank\"><img loading=\"lazy\" decoding=\"async\" class=\"alignnone wp-image-6920\" src=\"https:\/\/www.jymachinetech.com\/wp-content\/uploads\/2025\/07\/8b2d6756fc339850d1a68d3886343ca-1024x683.jpg\" alt=\"\" width=\"332\" height=\"221\"><\/a><\/p>\n<p>&nbsp;<\/p>\n<p>The sandwiching machine first aligns the products arriving from the pancake machine and then turns half of the pancake rows over to apply the filling. The other row of pancakes is not turned, they remain face up to allow printing. Finally, the pancake is ready for sandwiching and will be sealed to keep the filling in. The sealing unit can either close the pancake keeping the filling inside or just sandwich it, leaving the edges open.<\/p>\n<p>&nbsp;<\/p>","protected":false},"excerpt":{"rendered":"<p>&nbsp; Modellnummer Modell 400 800 1000 1200 1600 Kapazit\u00e4t (\u03c690mm St\u00fcck\/h) 2000 4000 5000 6000 8000 Gasofen (m\u00b3\/h) 10 12 15 20 24 Stromverbrauch (kW\/h) 18 20 25 30 35,5 1, Kapazit\u00e4t: 2000 St\u00fcck - 8000 St\u00fcck\/h; 2, Maschinenmodell: JY400 \u2013 JY1600 3, Maschinenname: Automatisierte Dorayaki-Keksproduktionslinie 4, Verarbeitungsschritte: Mischen - Formen - Backen - Bewegen - Fallen lassen - K\u00fchlen - Schneller &amp; Langsamer Drehgang - F\u00fcllen - Stapeln - Zusammenf\u00fcgen - UV-Transport - Verpacken 5, Hauptrohstoffe [\u2026]<\/p>","protected":false},"featured_media":6924,"comment_status":"open","ping_status":"closed","template":"","meta":[],"product_brand":[],"product_cat":[96,15],"product_tag":[],"class_list":{"0":"post-6914","1":"product","2":"type-product","3":"status-publish","4":"has-post-thumbnail","6":"product_cat-cake-machine","7":"product_cat-bakery-equipment","9":"first","10":"instock","11":"shipping-taxable","12":"product-type-simple"},"_links":{"self":[{"href":"https:\/\/www.jymachinetech.com\/de\/wp-json\/wp\/v2\/product\/6914","targetHints":{"allow":["GET"]}}],"collection":[{"href":"https:\/\/www.jymachinetech.com\/de\/wp-json\/wp\/v2\/product"}],"about":[{"href":"https:\/\/www.jymachinetech.com\/de\/wp-json\/wp\/v2\/types\/product"}],"replies":[{"embeddable":true,"href":"https:\/\/www.jymachinetech.com\/de\/wp-json\/wp\/v2\/comments?post=6914"}],"version-history":[{"count":2,"href":"https:\/\/www.jymachinetech.com\/de\/wp-json\/wp\/v2\/product\/6914\/revisions"}],"predecessor-version":[{"id":6928,"href":"https:\/\/www.jymachinetech.com\/de\/wp-json\/wp\/v2\/product\/6914\/revisions\/6928"}],"wp:featuredmedia":[{"embeddable":true,"href":"https:\/\/www.jymachinetech.com\/de\/wp-json\/wp\/v2\/media\/6924"}],"wp:attachment":[{"href":"https:\/\/www.jymachinetech.com\/de\/wp-json\/wp\/v2\/media?parent=6914"}],"wp:term":[{"taxonomy":"product_brand","embeddable":true,"href":"https:\/\/www.jymachinetech.com\/de\/wp-json\/wp\/v2\/product_brand?post=6914"},{"taxonomy":"product_cat","embeddable":true,"href":"https:\/\/www.jymachinetech.com\/de\/wp-json\/wp\/v2\/product_cat?post=6914"},{"taxonomy":"product_tag","embeddable":true,"href":"https:\/\/www.jymachinetech.com\/de\/wp-json\/wp\/v2\/product_tag?post=6914"}],"curies":[{"name":"wp","href":"https:\/\/api.w.org\/{rel}","templated":true}]}}