{"id":5022,"date":"2025-05-20T01:37:17","date_gmt":"2025-05-20T01:37:17","guid":{"rendered":"https:\/\/www.jymachinetech.com\/?post_type=product&#038;p=5022"},"modified":"2025-07-25T06:05:32","modified_gmt":"2025-07-25T06:05:32","slug":"chocolate-center-filling-bear-biscuit-production-line","status":"publish","type":"product","link":"https:\/\/www.jymachinetech.com\/de\/product\/chocolate-center-filling-bear-biscuit-production-line\/","title":{"rendered":"Chocolate Center filling Bear Biscuit Production Line: 250kg\/h, 500kg\/h, 750kg\/h, 1000kg\/h, 1500kg\/h"},"content":{"rendered":"<p><strong><strong>Hochautomatisiert<\/strong><\/strong>: Reduziert manuelle Arbeit und erh\u00f6ht die Produktionseffizienz.<\/p>\n<p><strong><strong>Vielf\u00e4ltige Produkte<\/strong><\/strong>: Kann verschiedene Formen und Geschmacksrichtungen von Teddyb\u00e4rkeksen durch Wechsel der Formen und Rezepte herstellen.<\/p>\n<p><strong><strong>Energieeffizient<\/strong><\/strong>: Ausgestattet mit energiesparenden Technologien zur Senkung der Betriebskosten.<\/p>\n<p><strong><strong>Hygienisches Design<\/strong><\/strong>: Verwendet lebensmittelechte Materialien und leicht zu reinigende Designs, um die Lebensmittelsicherheitsstandards zu erf\u00fcllen.<\/p>\n<p><strong><strong>Benutzerfreundlich<\/strong><\/strong>: Verf\u00fcgt \u00fcber ein intuitives Steuerungssystem f\u00fcr einfache Bedienung und \u00dcberwachung.<\/p>\n<table>\n<tbody>\n<tr>\n<td>Modell<\/td>\n<td>JYB-280<\/td>\n<td>cURL Too many subrequests.<\/td>\n<td>cURL Too many subrequests.<\/td>\n<td>cURL Too many subrequests.<\/td>\n<td>cURL Too many subrequests.<\/td>\n<td>cURL Too many subrequests.<\/td>\n<td>cURL Too many subrequests.<\/td>\n<td>Hinweis<\/td>\n<\/tr>\n<tr>\n<td>Produktionskapazit\u00e4t(kg\/h)<\/td>\n<td>0<\/td>\n<td>250<\/td>\n<td>500<\/td>\n<td>750<\/td>\n<td>1000<\/td>\n<td>1250<\/td>\n<td>1500<\/td>\n<td>Ma\u00dfgeschneiderte Kapazit\u00e4t<\/td>\n<\/tr>\n<tr>\n<td>Ofenl\u00e4nge(m)<\/td>\n<td>16<\/td>\n<td>28<\/td>\n<td>40<\/td>\n<td>40<\/td>\n<td>60<\/td>\n<td>50<\/td>\n<td>70<\/td>\n<td>Abh\u00e4ngig<\/td>\n<\/tr>\n<tr>\n<td>Gesamtl\u00e4nge(m)<\/td>\n<td>29.6<\/td>\n<td>64.5<\/td>\n<td>85.5<\/td>\n<td>92.5<\/td>\n<td>125<\/td>\n<td>125<\/td>\n<td>150<\/td>\n<td>Wenn kein U-f\u00f6rmiger F\u00f6rderer vorhanden ist<\/td>\n<\/tr>\n<tr>\n<td>Backtemperatur(\u2103)<\/td>\n<td>190-240\u2103<\/td>\n<td>190-240C<\/td>\n<td>190-240C<\/td>\n<td>190-240\u2103<\/td>\n<td>190-240\u2103<\/td>\n<td>190-240\u2103<\/td>\n<td>190-240C<\/td>\n<td>Abh\u00e4ngig<\/td>\n<\/tr>\n<tr>\n<td>Gesamte Linienleistung (kW)<\/td>\n<td>80<\/td>\n<td>90<\/td>\n<td>300<\/td>\n<td>400<\/td>\n<td>00<\/td>\n<td>800<\/td>\n<td>900<\/td>\n<td>Wenn Elektrobackofen verwendet wird<\/td>\n<\/tr>\n<tr>\n<td>LPG-Ofen (kg\/h)<\/td>\n<td>10<\/td>\n<td>20<\/td>\n<td>35<\/td>\n<td>45<\/td>\n<td>60<\/td>\n<td>70<\/td>\n<td>80<\/td>\n<td>Wenn LPG-Ofen verwendet wird<\/td>\n<\/tr>\n<tr>\n<td>Gesamtliniengewicht (kg)<\/td>\n<td>6000<\/td>\n<td>12000<\/td>\n<td>20000<\/td>\n<td>28000<\/td>\n<td>35000<\/td>\n<td>45000<\/td>\n<td>55000<\/td>\n<td>Ca.<\/td>\n<\/tr>\n<\/tbody>\n<\/table>\n<h2><strong>Produktionsprozess<\/strong><\/h2>\n<h3><strong>Teigmischung<\/strong><\/h3>\n<p><img fetchpriority=\"high\" decoding=\"async\" width=\"1853\" height=\"1920\" class=\"wp-image-5023\" src=\"https:\/\/www.jymachinetech.com\/wp-content\/uploads\/2025\/05\/unnamed-file-scaled.jpeg\" alt=\"\u548c\u9762\u673a\u56fe\u7247_\u526f\u672c\" srcset=\"https:\/\/www.jymachinetech.com\/wp-content\/uploads\/2025\/05\/unnamed-file-scaled.jpeg 1853w, https:\/\/www.jymachinetech.com\/wp-content\/uploads\/2025\/05\/unnamed-file-scaled-12x12.jpeg 12w, https:\/\/www.jymachinetech.com\/wp-content\/uploads\/2025\/05\/unnamed-file-scaled-600x622.jpeg 600w\" sizes=\"(max-width: 1853px) 100vw, 1853px\" \/><\/p>\n<p>Der Prozess beginnt mit einem Teigmischer, der effizient Mehl, Zucker, Fette und andere Zutaten zu einem einheitlichen Teig vermischt. Dieser Schritt stellt sicher, dass der Teig die richtige Konsistenz zum Formen der Teddyb\u00e4r-Kekse hat.<\/p>\n<h3><strong>G\u00e4rung<\/strong><\/h3>\n<p>Falls im Rezept erforderlich, durchl\u00e4uft der Teig einen G\u00e4rungsprozess. Dieser Schritt ist entscheidend f\u00fcr die Entwicklung der Textur und des Geschmacks des Teigs, was zu einem angenehmeren Geschmackserlebnis f\u00fchrt.<\/p>\n<h3><strong>Musterdruck<\/strong><\/h3>\n<p>Eine spezielle Druckmaschine wird verwendet, um verschiedene Muster auf den Teig zu drucken. Dies verleiht den Teddyb\u00e4r-Keksen optische Attraktivit\u00e4t und Charakter, wodurch sie f\u00fcr Verbraucher ansprechender werden.<\/p>\n<h3><strong>Rotationsschneider<\/strong><\/h3>\n<p><img decoding=\"async\" width=\"1920\" height=\"1080\" class=\"wp-image-5024\" src=\"https:\/\/www.jymachinetech.com\/wp-content\/uploads\/2025\/05\/private-var-folders-j4-6sbb4pyn5t1dyr4t5z9hb4tc00-scaled.jpeg\" alt=\"\/private\/var\/folders\/j4\/6sbb4pyn5t1dyr4t5z9hb4tc0000gn\/T\/com.kingsoft.wpsoffice.mac\/picturecompress_20230224111330\/output_1.jpgoutput_1\" srcset=\"https:\/\/www.jymachinetech.com\/wp-content\/uploads\/2025\/05\/private-var-folders-j4-6sbb4pyn5t1dyr4t5z9hb4tc00-scaled.jpeg 1920w, https:\/\/www.jymachinetech.com\/wp-content\/uploads\/2025\/05\/private-var-folders-j4-6sbb4pyn5t1dyr4t5z9hb4tc00-scaled-18x10.jpeg 18w, https:\/\/www.jymachinetech.com\/wp-content\/uploads\/2025\/05\/private-var-folders-j4-6sbb4pyn5t1dyr4t5z9hb4tc00-scaled-600x338.jpeg 600w\" sizes=\"(max-width: 1920px) 100vw, 1920px\" \/><\/p>\n<p>Der Rotationsschneider formt den Teig in die ikonische Teddyb\u00e4r-Form. Mit Pr\u00e4zision und Effizienz sorgt diese Maschine daf\u00fcr, dass jeder Keks einheitlich geformt ist, was ein gleichm\u00e4\u00dfiges Produkt garantiert.<\/p>\n<h3><strong>Backofen<\/strong><\/h3>\n<p><img decoding=\"async\" width=\"1455\" height=\"572\" class=\"wp-image-5025\" src=\"https:\/\/www.jymachinetech.com\/wp-content\/uploads\/2025\/05\/2023-02-24-11-21-27.png\" alt=\"Screenshot 2023-02-24 11.21.27\" srcset=\"https:\/\/www.jymachinetech.com\/wp-content\/uploads\/2025\/05\/2023-02-24-11-21-27.png 1455w, https:\/\/www.jymachinetech.com\/wp-content\/uploads\/2025\/05\/2023-02-24-11-21-27-18x7.png 18w, https:\/\/www.jymachinetech.com\/wp-content\/uploads\/2025\/05\/2023-02-24-11-21-27-600x236.png 600w\" sizes=\"(max-width: 1455px) 100vw, 1455px\" \/><\/p>\n<p>Teddyb\u00e4r-Kekse passieren einen Tunnelofen, der mit Strom, Gas oder anderen Brennstoffen beheizt werden kann. Die pr\u00e4zise Temperaturkontrolle des Ofens sorgt f\u00fcr gleichm\u00e4\u00dfiges Backen und bringt die goldene Farbe sowie den k\u00f6stlichen Geschmack der Kekse zur Geltung.<\/p>\n<h3><strong>Schokoladenf\u00fcllsystem<\/strong><\/h3>\n<p><img loading=\"lazy\" decoding=\"async\" width=\"622\" height=\"375\" class=\"wp-image-5026\" src=\"https:\/\/www.jymachinetech.com\/wp-content\/uploads\/2025\/05\/word-image-5022-4.png\" alt=\"\" srcset=\"https:\/\/www.jymachinetech.com\/wp-content\/uploads\/2025\/05\/word-image-5022-4.png 622w, https:\/\/www.jymachinetech.com\/wp-content\/uploads\/2025\/05\/word-image-5022-4-18x12.png 18w, https:\/\/www.jymachinetech.com\/wp-content\/uploads\/2025\/05\/word-image-5022-4-600x362.png 600w\" sizes=\"(max-width: 622px) 100vw, 622px\" \/><\/p>\n<p>Nach dem Backen gelangen die Kekse zur Schokoladenf\u00fcllstation. Hier injiziert eine F\u00fcllmaschine Schokolade oder andere F\u00fcllungen in die Kekse, was eine zus\u00e4tzliche Geschmacksschicht und Genuss bietet.<\/p>\n<h3><strong>Verpackungssystem<\/strong><\/h3>\n<p>Schlie\u00dflich werden die gef\u00fcllten Teddyb\u00e4r-Kekse mit einem automatisierten Verpackungssystem verpackt. Dies stellt sicher, dass sie ordentlich versiegelt und f\u00fcr den Vertrieb und Verkauf gesch\u00fctzt sind.<\/p>\n<p>&nbsp;<\/p>","protected":false},"excerpt":{"rendered":"<p>Highly Automated: Reduces manual labor and increases production efficiency. Diverse Products: Can produce various shapes and flavors of teddy bear biscuits by changing molds and recipes. Energy Efficient: Equipped with energy-saving technologies to reduce operational costs. Hygienic Design: Uses food &#8211; grade materials and easy &#8211; to &#8211; clean designs to meet food safety standards. [&hellip;]<\/p>","protected":false},"featured_media":5029,"comment_status":"open","ping_status":"closed","template":"","meta":[],"product_brand":[],"product_cat":[95],"product_tag":[],"class_list":{"0":"post-5022","1":"product","2":"type-product","3":"status-publish","4":"has-post-thumbnail","6":"product_cat-biscuit-machine","8":"first","9":"instock","10":"shipping-taxable","11":"product-type-simple"},"_links":{"self":[{"href":"https:\/\/www.jymachinetech.com\/de\/wp-json\/wp\/v2\/product\/5022","targetHints":{"allow":["GET"]}}],"collection":[{"href":"https:\/\/www.jymachinetech.com\/de\/wp-json\/wp\/v2\/product"}],"about":[{"href":"https:\/\/www.jymachinetech.com\/de\/wp-json\/wp\/v2\/types\/product"}],"replies":[{"embeddable":true,"href":"https:\/\/www.jymachinetech.com\/de\/wp-json\/wp\/v2\/comments?post=5022"}],"version-history":[{"count":1,"href":"https:\/\/www.jymachinetech.com\/de\/wp-json\/wp\/v2\/product\/5022\/revisions"}],"predecessor-version":[{"id":7208,"href":"https:\/\/www.jymachinetech.com\/de\/wp-json\/wp\/v2\/product\/5022\/revisions\/7208"}],"wp:featuredmedia":[{"embeddable":true,"href":"https:\/\/www.jymachinetech.com\/de\/wp-json\/wp\/v2\/media\/5029"}],"wp:attachment":[{"href":"https:\/\/www.jymachinetech.com\/de\/wp-json\/wp\/v2\/media?parent=5022"}],"wp:term":[{"taxonomy":"product_brand","embeddable":true,"href":"https:\/\/www.jymachinetech.com\/de\/wp-json\/wp\/v2\/product_brand?post=5022"},{"taxonomy":"product_cat","embeddable":true,"href":"https:\/\/www.jymachinetech.com\/de\/wp-json\/wp\/v2\/product_cat?post=5022"},{"taxonomy":"product_tag","embeddable":true,"href":"https:\/\/www.jymachinetech.com\/de\/wp-json\/wp\/v2\/product_tag?post=5022"}],"curies":[{"name":"wp","href":"https:\/\/api.w.org\/{rel}","templated":true}]}}