{"id":5005,"date":"2025-05-20T01:32:43","date_gmt":"2025-05-20T01:32:43","guid":{"rendered":"https:\/\/www.jymachinetech.com\/?post_type=product&#038;p=5005"},"modified":"2025-07-25T06:05:49","modified_gmt":"2025-07-25T06:05:49","slug":"small-automatic-biscuit-production-line","status":"publish","type":"product","link":"https:\/\/www.jymachinetech.com\/de\/product\/small-automatic-biscuit-production-line\/","title":{"rendered":"Kleine automatische Keksproduktionslinie: 250kg\/h, 500kg\/h, 750kg\/h"},"content":{"rendered":"<p>Die Produktionskapazit\u00e4t variiert je nach Modell: kleine vollautomatische Linien k\u00f6nnen 100-800 kg\/h produzieren, w\u00e4hrend gr\u00f6\u00dfere Linien 800-1500 kg\/h bew\u00e4ltigen k\u00f6nnen. Das Layout kann je nach verf\u00fcgbarem Raum angepasst werden, mit zus\u00e4tzlichen Wendeseiten nach Bedarf.<\/p>\n<p>Die Ausr\u00fcstung verf\u00fcgt \u00fcber ein neuartiges und kompaktes Design mit hoher Automatisierung. Sie automatisiert den gesamten Prozess vom Zuf\u00fchren bis zum Walzen, Formen, Abfallrecycling, Trocknen, \u00d6lspritzen und K\u00fchlen.<\/p>\n<p>Sie kann verschiedene Arten von Keksen herstellen, einschlie\u00dflich weicher und harter Kekse. Durch den Austausch von Formen und die Anpassung der Rezepte k\u00f6nnen beliebte Premium-Kekse wie Creme-, Sandwich-, Soda-, Tier- und Gem\u00fcse-Kekse hergestellt werden.<\/p>\n<p>Jy Company bietet eine breite Palette von Formen und Verarbeitungss\u00e4tzen f\u00fcr Kunden an.<\/p>\n<table>\n<tbody>\n<tr>\n<td>Modell (<strong>klein und mittel<\/strong>\uff09<\/td>\n<td>JYB-280<\/td>\n<td>cURL Too many subrequests.<\/td>\n<td>cURL Too many subrequests.<\/td>\n<td>cURL Too many subrequests.<\/td>\n<\/tr>\n<tr>\n<td>Produktionskapazit\u00e4t(kg\/h)<\/td>\n<td>100<\/td>\n<td>250<\/td>\n<td>500<\/td>\n<td>750<\/td>\n<\/tr>\n<tr>\n<td>Ofenl\u00e4nge(m)<\/td>\n<td>16<\/td>\n<td>28<\/td>\n<td>40<\/td>\n<td>40<\/td>\n<\/tr>\n<tr>\n<td>Fabrikraum erforderlich (m)<\/td>\n<td>5&#215;25<\/td>\n<td>10&#215;40<\/td>\n<td>15&#215;50<\/td>\n<td>15&#215;50<\/td>\n<\/tr>\n<tr>\n<td>Backtemperatur(\u2103)<\/td>\n<td>190-240\u2103<\/td>\n<td>190-240C<\/td>\n<td>190-240C<\/td>\n<td>190-240\u2103<\/td>\n<\/tr>\n<tr>\n<td>Gesamte Linienleistung (kW)<\/td>\n<td>80<\/td>\n<td>90<\/td>\n<td>300<\/td>\n<td>400<\/td>\n<\/tr>\n<tr>\n<td>LPG-Ofen (kg\/h)<\/td>\n<td>10<\/td>\n<td>20<\/td>\n<td>35<\/td>\n<td>45<\/td>\n<\/tr>\n<tr>\n<td>Gesamtliniengewicht (kg)<\/td>\n<td>6000<\/td>\n<td>12000<\/td>\n<td>20000<\/td>\n<td>28000<\/td>\n<\/tr>\n<\/tbody>\n<\/table>\n<p>Kapazit\u00e4t :<\/p>\n<p><img fetchpriority=\"high\" decoding=\"async\" width=\"1030\" height=\"472\" class=\"wp-image-5006\" src=\"https:\/\/www.jymachinetech.com\/wp-content\/uploads\/2025\/05\/60168b76457e04baec2ab46a0d91174.jpeg\" alt=\"60168b76457e04baec2ab46a0d91174\" srcset=\"https:\/\/www.jymachinetech.com\/wp-content\/uploads\/2025\/05\/60168b76457e04baec2ab46a0d91174.jpeg 1030w, https:\/\/www.jymachinetech.com\/wp-content\/uploads\/2025\/05\/60168b76457e04baec2ab46a0d91174-18x8.jpeg 18w, https:\/\/www.jymachinetech.com\/wp-content\/uploads\/2025\/05\/60168b76457e04baec2ab46a0d91174-600x275.jpeg 600w\" sizes=\"(max-width: 1030px) 100vw, 1030px\" \/><\/p>\n<p><strong>Mehlmischer:<\/strong><\/p>\n<p>Der Mehlmischer wird verwendet, um Mehl mit anderen trockenen Zutaten wie Zucker und Backpulver zu vermengen und eine homogene Trockenmischung zu erstellen, die als Basis f\u00fcr die Keksproduktion dient.<\/p>\n<p><img decoding=\"async\" width=\"258\" height=\"258\" class=\"wp-image-5007\" src=\"https:\/\/www.jymachinetech.com\/wp-content\/uploads\/2025\/05\/word-image-5005-2.png\" alt=\"\" srcset=\"https:\/\/www.jymachinetech.com\/wp-content\/uploads\/2025\/05\/word-image-5005-2.png 258w, https:\/\/www.jymachinetech.com\/wp-content\/uploads\/2025\/05\/word-image-5005-2-12x12.png 12w, https:\/\/www.jymachinetech.com\/wp-content\/uploads\/2025\/05\/word-image-5005-2-100x100.png 100w\" sizes=\"(max-width: 258px) 100vw, 258px\" \/><\/p>\n<p><strong>Teigschneider und F\u00f6rderband:<\/strong><\/p>\n<p>Dieses Bauteil schneidet den Teig in einheitliche St\u00fccke und transportiert sie zur n\u00e4chsten Produktionsstufe, um eine gleichm\u00e4\u00dfige Gr\u00f6\u00dfe und einen effizienten Arbeitsablauf zu gew\u00e4hrleisten.<\/p>\n<p><img decoding=\"async\" width=\"693\" height=\"520\" class=\"wp-image-5008\" src=\"https:\/\/www.jymachinetech.com\/wp-content\/uploads\/2025\/05\/word-image-5005-3.png\" alt=\"\" srcset=\"https:\/\/www.jymachinetech.com\/wp-content\/uploads\/2025\/05\/word-image-5005-3.png 693w, https:\/\/www.jymachinetech.com\/wp-content\/uploads\/2025\/05\/word-image-5005-3-16x12.png 16w, https:\/\/www.jymachinetech.com\/wp-content\/uploads\/2025\/05\/word-image-5005-3-600x450.png 600w\" sizes=\"(max-width: 693px) 100vw, 693px\" \/> <img loading=\"lazy\" decoding=\"async\" width=\"361\" height=\"377\" class=\"wp-image-5009\" src=\"https:\/\/www.jymachinetech.com\/wp-content\/uploads\/2025\/05\/2023-08-15-9-27-28.png\" alt=\"Screenshot 2023-08-15 09.27.28\" srcset=\"https:\/\/www.jymachinetech.com\/wp-content\/uploads\/2025\/05\/2023-08-15-9-27-28.png 361w, https:\/\/www.jymachinetech.com\/wp-content\/uploads\/2025\/05\/2023-08-15-9-27-28-11x12.png 11w\" sizes=\"(max-width: 361px) 100vw, 361px\" \/><\/p>\n<p><strong>Drehmoulder (weicher Keks):<br \/>\n<\/strong> Der Drehmoulder formt den weichen Keksteig mit rotierenden Formen, ideal f\u00fcr die Herstellung von Keksen mit weicher Textur und einheitlicher Form und Gr\u00f6\u00dfe.<\/p>\n<p><img loading=\"lazy\" decoding=\"async\" width=\"649\" height=\"433\" class=\"wp-image-5010\" src=\"https:\/\/www.jymachinetech.com\/wp-content\/uploads\/2025\/05\/img_2752.jpeg\" alt=\"IMG_2752\" srcset=\"https:\/\/www.jymachinetech.com\/wp-content\/uploads\/2025\/05\/img_2752.jpeg 649w, https:\/\/www.jymachinetech.com\/wp-content\/uploads\/2025\/05\/img_2752-18x12.jpeg 18w, https:\/\/www.jymachinetech.com\/wp-content\/uploads\/2025\/05\/img_2752-600x400.jpeg 600w\" sizes=\"(max-width: 649px) 100vw, 649px\" \/><\/p>\n<p><strong>Drehschneider (harter Teigkeks):<br \/>\n<\/strong> Speziell f\u00fcr harte Teigkekse entwickelt, schneidet diese Ausr\u00fcstung den Teig in pr\u00e4zise, einheitliche Formen, um saubere Kanten und eine gleichbleibende Produktqualit\u00e4t zu gew\u00e4hrleisten.<\/p>\n<p><strong><img loading=\"lazy\" decoding=\"async\" width=\"640\" height=\"543\" class=\"wp-image-5011\" src=\"https:\/\/www.jymachinetech.com\/wp-content\/uploads\/2025\/05\/cc1b17952468b6816fb542cf1bbd773.jpeg\" alt=\"cc1b17952468b6816fb542cf1bbd773\" srcset=\"https:\/\/www.jymachinetech.com\/wp-content\/uploads\/2025\/05\/cc1b17952468b6816fb542cf1bbd773.jpeg 640w, https:\/\/www.jymachinetech.com\/wp-content\/uploads\/2025\/05\/cc1b17952468b6816fb542cf1bbd773-14x12.jpeg 14w, https:\/\/www.jymachinetech.com\/wp-content\/uploads\/2025\/05\/cc1b17952468b6816fb542cf1bbd773-600x509.jpeg 600w\" sizes=\"(max-width: 640px) 100vw, 640px\" \/><\/strong><\/p>\n<p><strong>Salz- und Zuckersprenkler:<\/strong><\/p>\n<p>Dieses Ger\u00e4t verteilt Salz und Zucker gleichm\u00e4\u00dfig auf die Teigst\u00fccke, verbessert den Geschmack und verleiht eine letzte Note vor dem Backen.<\/p>\n<p><img loading=\"lazy\" decoding=\"async\" width=\"592\" height=\"289\" class=\"wp-image-5012\" src=\"https:\/\/www.jymachinetech.com\/wp-content\/uploads\/2025\/05\/1747017655252.png\" alt=\"1747017655252\" srcset=\"https:\/\/www.jymachinetech.com\/wp-content\/uploads\/2025\/05\/1747017655252.png 592w, https:\/\/www.jymachinetech.com\/wp-content\/uploads\/2025\/05\/1747017655252-18x9.png 18w\" sizes=\"(max-width: 592px) 100vw, 592px\" \/><\/p>\n<p><strong>Tunnelofen:<\/strong><\/p>\n<p>Der Tunnelofen, ausgestattet f\u00fcr Elektrizit\u00e4t, LPG oder Diesel, backt die Kekse, w\u00e4hrend sie auf einem F\u00f6rderband vorbeiflie\u00dfen, um gleichm\u00e4\u00dfiges Garen und eine effiziente Produktion zu gew\u00e4hrleisten.<\/p>\n<p><strong><img loading=\"lazy\" decoding=\"async\" width=\"713\" height=\"535\" class=\"wp-image-5013\" src=\"https:\/\/www.jymachinetech.com\/wp-content\/uploads\/2025\/05\/35c9d21670375e51e5c2d38138c52b1.jpeg\" alt=\"35c9d21670375e51e5c2d38138c52b1\" srcset=\"https:\/\/www.jymachinetech.com\/wp-content\/uploads\/2025\/05\/35c9d21670375e51e5c2d38138c52b1.jpeg 713w, https:\/\/www.jymachinetech.com\/wp-content\/uploads\/2025\/05\/35c9d21670375e51e5c2d38138c52b1-16x12.jpeg 16w, https:\/\/www.jymachinetech.com\/wp-content\/uploads\/2025\/05\/35c9d21670375e51e5c2d38138c52b1-600x450.jpeg 600w\" sizes=\"(max-width: 713px) 100vw, 713px\" \/><\/strong><\/p>\n<p><strong>180\u00b0 U-Turn:<\/strong><\/p>\n<p>Der 180\/90-Grad-Drehmechanismus erm\u00f6glicht eine effiziente Neuordnung der Kekse auf dem F\u00f6rderband und erleichtert reibungslose \u00dcberg\u00e4nge zwischen verschiedenen Produktionsstufen.<\/p>\n<p><img loading=\"lazy\" decoding=\"async\" width=\"728\" height=\"485\" class=\"wp-image-5014\" src=\"https:\/\/www.jymachinetech.com\/wp-content\/uploads\/2025\/05\/img_3066.jpeg\" alt=\"IMG_3066\" srcset=\"https:\/\/www.jymachinetech.com\/wp-content\/uploads\/2025\/05\/img_3066.jpeg 728w, https:\/\/www.jymachinetech.com\/wp-content\/uploads\/2025\/05\/img_3066-18x12.jpeg 18w, https:\/\/www.jymachinetech.com\/wp-content\/uploads\/2025\/05\/img_3066-600x400.jpeg 600w\" sizes=\"(max-width: 728px) 100vw, 728px\" \/><\/p>\n<p><strong>Keksstapelung:<\/strong><\/p>\n<p>Dieses Ger\u00e4t stapelt gebackene Kekse effizient und bereitet sie f\u00fcr nachfolgende Prozesse wie Verpackung oder Weiterverarbeitung vor.<\/p>\n<p><strong><img loading=\"lazy\" decoding=\"async\" width=\"1920\" height=\"1280\" class=\"wp-image-5015\" src=\"https:\/\/www.jymachinetech.com\/wp-content\/uploads\/2025\/05\/img_3064-1-scaled.jpeg\" alt=\"IMG_3064 Kopie\" srcset=\"https:\/\/www.jymachinetech.com\/wp-content\/uploads\/2025\/05\/img_3064-1-scaled.jpeg 1920w, https:\/\/www.jymachinetech.com\/wp-content\/uploads\/2025\/05\/img_3064-1-scaled-18x12.jpeg 18w, https:\/\/www.jymachinetech.com\/wp-content\/uploads\/2025\/05\/img_3064-1-scaled-600x400.jpeg 600w\" sizes=\"(max-width: 1920px) 100vw, 1920px\" \/><\/strong><\/p>\n<p><strong>Creme-Keks-Sandwichmaschine:<\/strong><\/p>\n<p>Sie f\u00fcllt Creme zwischen zwei Kekslagen und erstellt Sandwich-Kekse mit pr\u00e4ziser Cremeverteilung, um ein leckeres, gleichm\u00e4\u00dfig gef\u00fclltes Produkt zu gew\u00e4hrleisten.<\/p>\n<p><strong><img loading=\"lazy\" decoding=\"async\" width=\"636\" height=\"411\" class=\"wp-image-5016\" src=\"https:\/\/www.jymachinetech.com\/wp-content\/uploads\/2025\/05\/1747018083437-1.png\" alt=\"1747018083437\" srcset=\"https:\/\/www.jymachinetech.com\/wp-content\/uploads\/2025\/05\/1747018083437-1.png 636w, https:\/\/www.jymachinetech.com\/wp-content\/uploads\/2025\/05\/1747018083437-1-18x12.png 18w, https:\/\/www.jymachinetech.com\/wp-content\/uploads\/2025\/05\/1747018083437-1-600x388.png 600w\" sizes=\"(max-width: 636px) 100vw, 636px\" \/><\/strong><\/p>\n<p><strong>Fragen und Antworten<\/strong><\/p>\n<h2><strong>1. Was ist der Unterschied zwischen weichem Keksen und hartem Keks?<\/strong><\/h2>\n<p>Shortcake ist eine Art Keks mit einer br\u00f6seligen Textur, w\u00e4hrend harter Keks eine festere Textur hat und beim Kauen widerstandsf\u00e4higer ist. Shortcake hat in der Regel einen h\u00f6heren Fett- und Zuckergehalt, was ihm eine kr\u00fcmelige Struktur verleiht. Harter Keks hingegen hat einen niedrigeren Fett- und Zuckergehalt, was zu einer festeren Konsistenz f\u00fchrt. Die Oberfl\u00e4che von Shortcake ist oft mit einem erhabenen Muster versehen, w\u00e4hrend harter Keks normalerweise eine konkave runde \u00d6ffnung und ein glatteres Erscheinungsbild aufweist.<\/p>\n<h2><strong>2. Was ist ein Keks?<\/strong><\/h2>\n<p>Ein Keks ist ein kleines, flaches Geb\u00e4ck, das typischerweise s\u00fc\u00df ist und aus verschiedenen Zutaten wie Mehl, Zucker und Butter hergestellt werden kann. Kekse k\u00f6nnen unterschiedliche Texturen und Geschmacksrichtungen haben, von weich und z\u00e4h bis knusprig und buttrig.<\/p>\n<h2><strong>3. Was sind die Haupttypen von Keksen?<\/strong><\/h2>\n<p>Kekse k\u00f6nnen grob in mehrere Typen eingeteilt werden, darunter harter Keks, weicher Keks, Natronkekse und Waffeln. Weicher Keks hat eine festere Textur und ist beim Kauen widerstandsf\u00e4higer, w\u00e4hrend weicher Keks eine kr\u00fcmelige Textur aufweist. Natronkekse werden aus fermentiertem Teig hergestellt und haben einen charakteristischen fermentierten Geschmack, und Waffeln sind leicht und por\u00f6s mit weniger Zucker und Fett.<\/p>\n<h2><strong>4. Welche Arten von Back\u00f6fen sind erh\u00e4ltlich?<\/strong><\/h2>\n<p><strong><strong>Drehregal\u00f6fen<\/strong><\/strong>: Entwickelt f\u00fcr Hochvolumen-Backbetriebe mit einem rotierenden Regalsystem, um gleichm\u00e4\u00dfiges Backen zu gew\u00e4hrleisten.<\/p>\n<p><strong><strong>Tunnel\u00f6fen<\/strong><\/strong>: Spezialisierte \u00d6fen f\u00fcr kontinuierliche, hochvolumige Produktion. Produkte bewegen sich auf einem F\u00f6rderband durch den Ofen.<\/p>\n<h2><strong>5. Wie viele Arten von Tunnel\u00f6fen haben Sie? Welche Energiequellen werden f\u00fcr Tunnel\u00f6fen verwendet?<\/strong><\/h2>\n<h3><strong>Strom<\/strong><\/h3>\n<p>Elektrische Tunnel\u00f6fen nutzen den Joule-Effekt zur W\u00e4rmeerzeugung. Sie sind einfach zu bedienen und zu warten und k\u00f6nnen separate Zonen auf unterschiedliche Temperaturen heizen. Sie sind hoch effizient, emissionsfrei und bieten eine pr\u00e4zise Temperaturkontrolle.<\/p>\n<p>Infrarottechnologie kann in \u00d6fen verwendet werden und kann entweder mit Gas oder Strom betrieben werden. Sie \u00fcbertr\u00e4gt thermische Energie in Form elektromagnetischer Wellen und ist effektiv f\u00fcr Oberfl\u00e4chenbr\u00e4unung, Trocknung, Aush\u00e4rtung und Schmelzen von Produktbel\u00e4gen.<\/p>\n<h3><strong>Erdgas<\/strong><\/h3>\n<p>Erdgas ist eine der h\u00e4ufigsten Energiequellen f\u00fcr Tunnel\u00f6fen. Es bietet gute Temperaturkontrolle, Flexibilit\u00e4t und ist sauber sowie hygienisch im Betrieb.<\/p>\n<p>LPG ist tragbar und vielseitig, was es f\u00fcr Gebiete ohne Erdgasinfrastruktur geeignet macht. Es hat eine h\u00f6here Energiedichte als Erdgas und bietet \u00e4hnliche Vorteile hinsichtlich Temperaturkontrolle und Flexibilit\u00e4t.<\/p>\n<p>Die Anfangskosten f\u00fcr Gas\u00f6fen k\u00f6nnen h\u00f6her sein als bei elektrischen \u00d6fen, aber sie bieten niedrige Betriebskosten und schnelles Aufheizen.<\/p>\n<h3><strong>Dieselkraftstoff<\/strong><\/h3>\n<p>Dieselkraftstoff ist weniger verbreitet, kann aber in Gebieten verwendet werden, in denen Erdgas oder LPG nicht verf\u00fcgbar sind.<\/p>\n<p>Schmier\u00f6l wird manchmal in Gebieten verwendet, in denen Erdgas oder LPG nicht verf\u00fcgbar sind. Es ist relativ preiswert, verursacht jedoch h\u00f6here Emissionen im Vergleich zu Erdgas oder LPG.<\/p>\n<h3><strong>Hybrid<\/strong><\/h3>\n<p>Hybride Tunnel\u00f6fen kombinieren verschiedene Heiztechnologien, wie Direktfeuerung und Indirektkonvektion, und bieten die Vorteile mehrerer Heizmethoden in einer Maschine. Dies erm\u00f6glicht gr\u00f6\u00dfere Flexibilit\u00e4t und bessere Produktqualit\u00e4t.<\/p>\n<ol>\n<li><strong>Wie viel Platz ben\u00f6tigen die Maschinen?<\/strong><\/li>\n<\/ol>\n<table>\n<tbody>\n<tr>\n<td>Modell (<strong>klein und mittel<\/strong>\uff09<\/td>\n<td>JYB-280<\/td>\n<td>cURL Too many subrequests.<\/td>\n<td>cURL Too many subrequests.<\/td>\n<td>cURL Too many subrequests.<\/td>\n<\/tr>\n<tr>\n<td>Produktionskapazit\u00e4t(kg\/h)<\/td>\n<td>100<\/td>\n<td>250<\/td>\n<td>500<\/td>\n<td>50<\/td>\n<\/tr>\n<tr>\n<td>Ofenl\u00e4nge(m)<\/td>\n<td>16<\/td>\n<td>28<\/td>\n<td>40<\/td>\n<td>40<\/td>\n<\/tr>\n<tr>\n<td>Fabrikraum erforderlich (m)<\/td>\n<td>5&#215;25<\/td>\n<td>10&#215;40<\/td>\n<td>15&#215;50<\/td>\n<td>15&#215;50<\/td>\n<\/tr>\n<\/tbody>\n<\/table>\n<p><strong>Junyu bietet mehr Kapazit\u00e4t und gr\u00f6\u00dfere Maschinen zur Auswahl.<\/strong><\/p>\n<p>&nbsp;<\/p>","protected":false},"excerpt":{"rendered":"<p>Die vollautomatische Keksproduktionslinie besteht aus einem Teigmischer, Formmaschine (Rollenschneiden, Walzenpr\u00e4gung), Tunnelofen (elektrisch\/gasbeheizt), \u00d6lspr\u00fcher, Drehmaschine (nicht erforderlich, wenn der Platz in der Fabrik ausreicht), K\u00fchlf\u00f6rderband, Keksveredelungsmaschine, F\u00fcllmaschine und Verpackungsmaschine. Der Tunnelofen bietet verschiedene Heizoptionen, einschlie\u00dflich Elektrizit\u00e4t, Gas und Thermo\u00f6l, um den Kundenpr\u00e4ferenzen gerecht zu werden.<\/p>","protected":false},"featured_media":5020,"comment_status":"open","ping_status":"closed","template":"","meta":[],"product_brand":[],"product_cat":[95],"product_tag":[],"class_list":{"0":"post-5005","1":"product","2":"type-product","3":"status-publish","4":"has-post-thumbnail","6":"product_cat-biscuit-machine","8":"first","9":"instock","10":"shipping-taxable","11":"product-type-simple"},"_links":{"self":[{"href":"https:\/\/www.jymachinetech.com\/de\/wp-json\/wp\/v2\/product\/5005","targetHints":{"allow":["GET"]}}],"collection":[{"href":"https:\/\/www.jymachinetech.com\/de\/wp-json\/wp\/v2\/product"}],"about":[{"href":"https:\/\/www.jymachinetech.com\/de\/wp-json\/wp\/v2\/types\/product"}],"replies":[{"embeddable":true,"href":"https:\/\/www.jymachinetech.com\/de\/wp-json\/wp\/v2\/comments?post=5005"}],"version-history":[{"count":2,"href":"https:\/\/www.jymachinetech.com\/de\/wp-json\/wp\/v2\/product\/5005\/revisions"}],"predecessor-version":[{"id":6085,"href":"https:\/\/www.jymachinetech.com\/de\/wp-json\/wp\/v2\/product\/5005\/revisions\/6085"}],"wp:featuredmedia":[{"embeddable":true,"href":"https:\/\/www.jymachinetech.com\/de\/wp-json\/wp\/v2\/media\/5020"}],"wp:attachment":[{"href":"https:\/\/www.jymachinetech.com\/de\/wp-json\/wp\/v2\/media?parent=5005"}],"wp:term":[{"taxonomy":"product_brand","embeddable":true,"href":"https:\/\/www.jymachinetech.com\/de\/wp-json\/wp\/v2\/product_brand?post=5005"},{"taxonomy":"product_cat","embeddable":true,"href":"https:\/\/www.jymachinetech.com\/de\/wp-json\/wp\/v2\/product_cat?post=5005"},{"taxonomy":"product_tag","embeddable":true,"href":"https:\/\/www.jymachinetech.com\/de\/wp-json\/wp\/v2\/product_tag?post=5005"}],"curies":[{"name":"wp","href":"https:\/\/api.w.org\/{rel}","templated":true}]}}