{"id":1824,"date":"2024-01-19T08:54:33","date_gmt":"2024-01-19T08:54:33","guid":{"rendered":"https:\/\/www.jymachinetech.com\/?post_type=product&#038;p=1824"},"modified":"2025-07-09T09:29:08","modified_gmt":"2025-07-09T09:29:08","slug":"gummy-candy-prodcution-line","status":"publish","type":"product","link":"https:\/\/www.jymachinetech.com\/de\/product\/gummy-candy-prodcution-line\/","title":{"rendered":"cURL Too many subrequests."},"content":{"rendered":"<h2>Automatische Gummib\u00e4rchen-Produktionslinie: 8.000-768.000 ST\u00dcCK\/E 4,0 m \/ 13 Fu\u00df bis 16,0 m \/ 53 Fu\u00df<\/h2>\n<p>Entwickelt f\u00fcr die Hochvolumenproduktion, ist unsere automatische Gummib\u00e4rchen-Produktionslinie auf Unternehmen zugeschnitten, die 12.000-21.000 St\u00fcck pro Stunde herstellen m\u00f6chten. Diese hochmoderne Linie ist ausgestattet, um verschiedene Gummib\u00e4rchen-Formulierungen zu verarbeiten, einschlie\u00dflich Pektin- und Gelatine-basierter Produkte, mit Fokus auf Qualit\u00e4t, Effizienz und Flexibilit\u00e4t.<\/p>\n<p><iframe title=\"Gummib\u00e4rchen-Produktionslinie Gelee-Bonbon-Herstellung Riesengummi aus Fabrikpreis#gummi\" width=\"800\" height=\"450\" src=\"https:\/\/www.youtube.com\/embed\/TtFjhTTotnw?list=PLkC9Irp2ZdYZuq0ZIGXF767bI8w8Jfy_9\" frameborder=\"0\" allow=\"accelerometer; autoplay; clipboard-write; encrypted-media; gyroscope; picture-in-picture; web-share\" referrerpolicy=\"strict-origin-when-cross-origin\" allowfullscreen><\/iframe><\/p>\n<h2><strong>Hauptmerkmale &amp; Vorteile:<\/strong><\/h2>\n<ul>\n<li><strong>Hochleistungs-Ausgabe:<\/strong> Mehrere Modelle (JY-40 bis JY-1500) zur Auswahl, um die perfekte L\u00f6sung f\u00fcr Ihre Produktionsanforderungen zu gew\u00e4hrleisten, von 8.000 bis 768.000 St\u00fcck pro Stunde.<\/li>\n<li><strong>Integration in K\u00fcchensysteme:<\/strong> Ein All-in-One-System f\u00fcr die Aufl\u00f6sung der Zutaten, das Mischen und das Vorkochen des Sirups, entwickelt, um konstante Temperaturen f\u00fcr verschiedene S\u00fc\u00dfwaren- und Getr\u00e4nke-L\u00f6sungen aufrechtzuerhalten.<\/li>\n<li><strong>Ein-Schritt-Kochsystem:<\/strong> Verf\u00fcgt \u00fcber einen mehrschichtigen Lagertank mit einstellbarer Temperaturregelung, ideal f\u00fcr die kontinuierliche Produktion und das Puffern verschiedener Pektin- oder Gelatine-Typen.<\/li>\n<li><strong>Fortschrittliche Mahl- &amp; Kochtechnologie:<\/strong> Die Maschine ist mit einem unabh\u00e4ngigen Steuerungssystem, Temperatureinstellungen, Edelstahl-Schaberr\u00fchrwerk, Homogenisator und weiteren fortschrittlichen Funktionen f\u00fcr eine optimale S\u00fc\u00dfwarenproduktion ausgestattet.<\/li>\n<li><strong>Vollautomatisierung:<\/strong> Automatisches Zuf\u00fchren, Formenantrieb, Absetzen, Entformen und K\u00fchlstation gew\u00e4hrleisten einen nahtlosen Produktionsprozess mit minimalem manuellem Aufwand.<\/li>\n<li><strong>Modulares Design:<\/strong> Einfache Montage und Demontage f\u00fcr schnelle Einrichtung und Wartung, mit Fokus auf Modularisierung f\u00fcr eine effiziente Installation.<\/li>\n<li><strong>Vielseitigkeit:<\/strong> F\u00e4hig, eine breite Palette von Gummib\u00e4rchenarten zu produzieren, einschlie\u00dflich Gummib\u00e4rchen, und an verschiedene Formulierungen, einschlie\u00dflich CBD-infundierter S\u00fc\u00dfwaren, anpassbar.<\/li>\n<li><strong>Anpassung &amp; Konformit\u00e4t:<\/strong> Maschinen sind anpassbar, um spezifische Spannungs- und Stromanforderungen zu erf\u00fcllen, und verf\u00fcgen \u00fcber Zertifizierungen wie CE, um die Einhaltung von FDA- und GMP-Standards zu unterst\u00fctzen.<\/li>\n<li><strong>Benutzerfreundlicher Betrieb:<\/strong> Ausgestattet mit digitaler Anzeige und Touchscreen f\u00fcr einfache Temperatur- und Gewichtseinstellungen, sodass die Maschine auch f\u00fcr Personen ohne Vorkenntnisse zug\u00e4nglich ist.<\/li>\n<li><strong>Support &amp; Dienstleistungen:<\/strong> Umfassender Support von der Rezeptentwicklung bis hin zur Produktbetreuung, um einen reibungslosen \u00dcbergang in die Gummib\u00e4rchen-Produktion zu gew\u00e4hrleisten.<\/li>\n<\/ul>\n<h2><strong>Technical Specifications:<\/strong><\/h2>\n<ul>\n<li><strong>Kapazit\u00e4tsbereich:<\/strong>\u00a08.000-768.000 STK.\/H, abh\u00e4ngig vom Modell.<\/li>\n<li><strong>L\u00e4nge:<\/strong>\u00a013ft\/4m bis 53ft\/16m, um verschiedene Produktionsraumanforderungen zu erf\u00fcllen.<\/li>\n<li><strong>Steuerungssystem:<\/strong>\u00a0Unabh\u00e4ngig mit digitaler Anzeige und Touchscreen-Bedienfeld.<\/li>\n<li><strong>Material:<\/strong>\u00a0Edelstahlausf\u00fchrung f\u00fcr Langlebigkeit und Hygiene.<\/li>\n<li><strong>Sicherheitsmerkmale:<\/strong>\u00a0Enth\u00e4lt Not-Aus-Funktionen und Sicherheitsabdeckungen.<\/li>\n<\/ul>\n<h2><strong>Applications:<\/strong><\/h2>\n<ul>\n<li>Geeignet f\u00fcr die Herstellung von Gummib\u00e4rchen, CBD-infizierten S\u00fc\u00dfigkeiten, Taffy, Lutscher und anderen Gummibonbons.<\/li>\n<\/ul>\n<h2><strong>Kundenservice &amp; Support:<\/strong><\/h2>\n<ul>\n<li><strong>Professionelle Installation:<\/strong>\u00a0Vor-Ort-Installation und Einrichtung durch unser Technikteam.<\/li>\n<li><strong>Schulung:<\/strong>\u00a0Umfassende Schulung f\u00fcr Bediener, um einen effizienten Maschinenbetrieb zu gew\u00e4hrleisten.<\/li>\n<li><strong>Kundenservice nach dem Verkauf:<\/strong>\u00a0Rund-um-die-Uhr-Teilezentrum und lokaler technischer Support f\u00fcr schnelle Unterst\u00fctzung.<\/li>\n<li><strong>Design-Dienstleistungen:<\/strong>\u00a0Kostenlose Fabriklayoutplanung, ma\u00dfgeschneiderte Formproben und Produktformel-Design.<\/li>\n<\/ul>\n<p><strong>Preise und Verf\u00fcgbarkeit:<\/strong> Kontaktieren Sie unser Verkaufsteam f\u00fcr ein detailliertes Angebot und Informationen zur Verf\u00fcgbarkeit der Automatischen Gummib\u00e4rchen-Produktionslinie.<\/p>\n<h2><strong>Warum unsere Gummib\u00e4rchen-Produktionslinie w\u00e4hlen?<\/strong><\/h2>\n<ul>\n<li><strong>Ausland Service-Team:<\/strong>\u00a0Globale Unterst\u00fctzung und lokaler Service.<\/li>\n<li><strong>Tiermaschinenwartung:<\/strong>\u00a0Sicherung der Langlebigkeit und Leistung Ihrer Maschinen.<\/li>\n<li><strong>Kostenlose Dienstleistungen:<\/strong>\u00a0Inklusive Fabriklayoutplanung, ma\u00dfgeschneiderte Formproben und Produktformel-Design.<\/li>\n<li><strong>3D-Display:<\/strong>\u00a0Bietet eine virtuelle Tour des Ger\u00e4teplans f\u00fcr ein besseres Verst\u00e4ndnis und Planung.<\/li>\n<li><strong>Kundenfabrik-Besichtigung:<\/strong>\u00a0Erleben Sie den Produktionsprozess und die Maschinenleistung aus erster Hand.<\/li>\n<\/ul>","protected":false},"excerpt":{"rendered":"<ul>\n<li>Simple operation<\/li>\n<li>Reasonable price<\/li>\n<li>Temperate setting<\/li>\n<li>Servo depositing<\/li>\n<li>PLC adjustable size control<\/li>\n<li>Automatische \u00dcbertragung auf ein Mehrschicht-K\u00fchlsystem<\/li>\n<li>Automatic De-mold and transfer out<\/li>\n<li>Digital variable temperature control<\/li>\n<li>Free spare parts for maintain<\/li>\n<li>cURL Too many subrequests.<\/li>\n<li>Visuelles Fenstersicherheitsproduktionsschutz<\/li>\n<li>Compact space-saving design for 13ft length<\/li>\n<li>Modulares Design f\u00fcr schnellere Installation<\/li>\n<\/ul>","protected":false},"featured_media":4927,"comment_status":"closed","ping_status":"closed","template":"","meta":[],"product_brand":[],"product_cat":[16,98],"product_tag":[],"class_list":{"0":"post-1824","1":"product","2":"type-product","3":"status-publish","4":"has-post-thumbnail","6":"product_cat-candy-machine","7":"product_cat-gummy-candy-machine","9":"first","10":"instock","11":"shipping-taxable","12":"product-type-simple"},"_links":{"self":[{"href":"https:\/\/www.jymachinetech.com\/de\/wp-json\/wp\/v2\/product\/1824","targetHints":{"allow":["GET"]}}],"collection":[{"href":"https:\/\/www.jymachinetech.com\/de\/wp-json\/wp\/v2\/product"}],"about":[{"href":"https:\/\/www.jymachinetech.com\/de\/wp-json\/wp\/v2\/types\/product"}],"replies":[{"embeddable":true,"href":"https:\/\/www.jymachinetech.com\/de\/wp-json\/wp\/v2\/comments?post=1824"}],"version-history":[{"count":4,"href":"https:\/\/www.jymachinetech.com\/de\/wp-json\/wp\/v2\/product\/1824\/revisions"}],"predecessor-version":[{"id":6944,"href":"https:\/\/www.jymachinetech.com\/de\/wp-json\/wp\/v2\/product\/1824\/revisions\/6944"}],"wp:featuredmedia":[{"embeddable":true,"href":"https:\/\/www.jymachinetech.com\/de\/wp-json\/wp\/v2\/media\/4927"}],"wp:attachment":[{"href":"https:\/\/www.jymachinetech.com\/de\/wp-json\/wp\/v2\/media?parent=1824"}],"wp:term":[{"taxonomy":"product_brand","embeddable":true,"href":"https:\/\/www.jymachinetech.com\/de\/wp-json\/wp\/v2\/product_brand?post=1824"},{"taxonomy":"product_cat","embeddable":true,"href":"https:\/\/www.jymachinetech.com\/de\/wp-json\/wp\/v2\/product_cat?post=1824"},{"taxonomy":"product_tag","embeddable":true,"href":"https:\/\/www.jymachinetech.com\/de\/wp-json\/wp\/v2\/product_tag?post=1824"}],"curies":[{"name":"wp","href":"https:\/\/api.w.org\/{rel}","templated":true}]}}