{"id":1772,"date":"2024-01-17T09:54:31","date_gmt":"2024-01-17T09:54:31","guid":{"rendered":"https:\/\/www.jymachinetech.com\/?post_type=product&#038;p=1772"},"modified":"2025-07-28T05:45:34","modified_gmt":"2025-07-28T05:45:34","slug":"marshmallow-processing-line","status":"publish","type":"product","link":"https:\/\/www.jymachinetech.com\/de\/product\/marshmallow-processing-line\/","title":{"rendered":"Marshmallow Produktionslinie | Marshmallow Maschine &amp; Produktionsequipment"},"content":{"rendered":"<h2 data-pm-slice=\"1 1 []\"><strong>Vollautomatische Marshmallow Produktionslinie \u2013 Premium-Maschinen f\u00fcr vielf\u00e4ltige Formen &amp; F\u00fcllungen<\/strong><\/h2>\n<p><a href=\"https:\/\/www.jymachinetech.com\/wp-content\/uploads\/2025\/07\/Marshmallow-Production-Line1.png\" target=\"_blank\"><img fetchpriority=\"high\" decoding=\"async\" class=\"alignnone size-large wp-image-7446\" src=\"https:\/\/www.jymachinetech.com\/wp-content\/uploads\/2025\/07\/Marshmallow-Production-Line1-1024x682.png\" alt=\"\" width=\"800\" height=\"533\"><\/a><\/p>\n<p>Unsere komplette, vollautomatisierte kontinuierliche Produktionslinie stellt hochwertige Marshmallows in verschiedenen Farben, Formen und gef\u00fcllten Varianten her. Die Linie verf\u00fcgt \u00fcber vielseitige Extrusionsf\u00e4higkeiten, die die Produktion spezieller Formen und verschiedener Designs erm\u00f6glichen, um unterschiedliche Produktanforderungen zu erf\u00fcllen, einschlie\u00dflich Cartoon-Figuren, gedrehter Seile und fruchtgef\u00fcllter Optionen.<\/p>\n<p><iframe title=\"Marshmallow-Produktionslinie\" width=\"800\" height=\"450\" src=\"https:\/\/www.youtube.com\/embed\/y9jU_ro50VY?feature=oembed\" frameborder=\"0\" allow=\"accelerometer; autoplay; clipboard-write; encrypted-media; gyroscope; picture-in-picture; web-share\" referrerpolicy=\"strict-origin-when-cross-origin\" allowfullscreen><\/iframe><\/p>\n<table style=\"min-width: 125px;\">\n<colgroup>\n<col style=\"min-width: 25px;\" \/>\n<col style=\"min-width: 25px;\" \/>\n<col style=\"min-width: 25px;\" \/>\n<col style=\"min-width: 25px;\" \/>\n<col style=\"min-width: 25px;\" \/><\/colgroup>\n<tbody>\n<tr>\n<th colspan=\"1\" rowspan=\"1\">Modell<\/th>\n<th colspan=\"1\" rowspan=\"1\">JYM500<\/th>\n<th colspan=\"1\" rowspan=\"1\">JYM600<\/th>\n<th colspan=\"1\" rowspan=\"1\">JYM900<\/th>\n<th colspan=\"1\" rowspan=\"1\">JYM1200<\/th>\n<\/tr>\n<tr>\n<td colspan=\"1\" rowspan=\"1\">Arbeitsbreite<\/td>\n<td colspan=\"1\" rowspan=\"1\">450mm<\/td>\n<td colspan=\"1\" rowspan=\"1\">600mm<\/td>\n<td colspan=\"1\" rowspan=\"1\">900mm<\/td>\n<td colspan=\"1\" rowspan=\"1\">1200mm<\/td>\n<\/tr>\n<tr>\n<td colspan=\"1\" rowspan=\"1\">Capacity<\/td>\n<td colspan=\"1\" rowspan=\"1\">80-150kg\/h<\/td>\n<td colspan=\"1\" rowspan=\"1\">120-200kg\/h<\/td>\n<td colspan=\"1\" rowspan=\"1\">200-300kg\/h<\/td>\n<td colspan=\"1\" rowspan=\"1\">cURL Too many subrequests.<\/td>\n<\/tr>\n<tr>\n<td colspan=\"1\" rowspan=\"1\">Produktfarbe<\/td>\n<td colspan=\"1\" rowspan=\"1\">Nur einfarbig<\/td>\n<td colspan=\"1\" rowspan=\"1\">4 Farben<\/td>\n<td colspan=\"1\" rowspan=\"1\">4 Farben<\/td>\n<td colspan=\"1\" rowspan=\"1\">4 Farben<\/td>\n<\/tr>\n<tr>\n<td colspan=\"1\" rowspan=\"1\">Extruder-D\u00fcsen<\/td>\n<td colspan=\"1\" rowspan=\"1\">Max5<\/td>\n<td colspan=\"1\" rowspan=\"1\">5-6<\/td>\n<td colspan=\"1\" rowspan=\"1\">8-12<\/td>\n<td colspan=\"1\" rowspan=\"1\">16<\/td>\n<\/tr>\n<tr>\n<td colspan=\"1\" rowspan=\"1\">Einf\u00fclld\u00fcsen<\/td>\n<td colspan=\"1\" rowspan=\"1\">NEIN\/<\/td>\n<td colspan=\"1\" rowspan=\"1\">12+<\/td>\n<td colspan=\"1\" rowspan=\"1\">24-28<\/td>\n<td colspan=\"1\" rowspan=\"1\">36-45<\/td>\n<\/tr>\n<\/tbody>\n<\/table>\n<p><strong>Premiumqualit\u00e4t &amp; Textur:<\/strong>\u00a0Unser Ersteller <a title=\"Marshmallow Machine Buying Guide \u2013 How to Choose the Right Marshmallow Machine\" href=\"https:\/\/www.jymachinetech.com\/de\/marshmallow-machine-buying-guide\/\" data-wpil-monitor-id=\"160\" target=\"_blank\">Maschine produziert hoch bel\u00fcftete Marshmallows<\/a> die\u00a0<strong>zart glatt und luxuri\u00f6s fluffig sind<\/strong>. Die Ausr\u00fcstung sorgt f\u00fcr eine konstant fluffige Textur und leichte Qualit\u00e4t, indem sie die gew\u00fcnschte Textur durch pr\u00e4zise Steuerung und fortschrittliche Technologie liefert.<\/p>\n<p><strong>Vielseitige Formen &amp; Farben:<\/strong>\u00a0Die Extrudermaschine produziert\u00a0<strong>bis zu 4 Farben gleichzeitig an einzelnen D\u00fcsen<\/strong>, was\u00a0<strong>mehrere Formen und gedrehte Marshmallow-Seile erm\u00f6glicht<\/strong>. Sie unterst\u00fctzt die Produktion verschiedener Farben und spezieller Formen und erlaubt die Kombination von Geschmacksrichtungen und F\u00fcllungen f\u00fcr maximale Anpassung.<\/p>\n<p><strong>Innovative F\u00fcllungen &amp; Kombinationen:<\/strong>\u00a0Die Abf\u00fcllmaschine erstellt\u00a0<strong>mit Zentrum gef\u00fcllte Marshmallows<\/strong>\u00a0(wie Marmelade oder Schokolade) und\u00a0<strong>Zweifarbige Marshmallows<\/strong>\u00a0\u00e4hnlich\u00a0<strong>Eiscreme-Toppings<\/strong>. Das System erm\u00f6glicht die Herstellung von aromatisierten Marshmallows und einer Vielzahl von Geschmacksrichtungen, einschlie\u00dflich zweifarbiger und mit Zentrum gef\u00fcllter Varianten.<\/p>\n<p><strong>Nahtlose Automatisierung:<\/strong>\u00a0Ein integriertes automatisches Trocknungssystem\u00a0<strong>erfordert keine manuelle Intervention<\/strong>\u00a0bis zur Verpackung, was die Produktion optimiert. Die Technologie und Systeme sind f\u00fcr eine einfache Bedienung ausgelegt, reduzieren Arbeitskosten und erzielen eine hohe Produktionseffizienz durch Minimierung manueller Eingriffe und Arbeitsaufwand.<\/p>\n<p><strong>End-to-End-L\u00f6sung:<\/strong>\u00a0Diese kontinuierliche Bel\u00fcftungslinie wird als\u00a0<strong>Komplettset<\/strong>geliefert, das alles abdeckt von\u00a0<strong>Rohstoffkochen bis Trocknen und Verpacken<\/strong>. Die Marshmallow-Maschine und ihre Komponenten sind aus Edelstahl f\u00fcr Lebensmittelsicherheit und Hygiene gefertigt, und der Produktionsprozess ist kosteneffizient gestaltet und minimiert Abfall.<\/p>\n<p><strong>Maximale Anpassung:<\/strong>\u00a0Produzieren\u00a0<strong>einfarbige, mehrfarbige, gedrehte, Cartoon-Formen, Eiscreme-Stile und fruchtgef\u00fcllte Marshmallows<\/strong>. Das System kann die Marktnachfrage und Produktanforderungen f\u00fcr die S\u00fc\u00dfwarenindustrie und Unternehmen erf\u00fcllen, einschlie\u00dflich der F\u00e4higkeit, eine Reihe von <a title=\"Hartkaramell-Herstellungsmaschine \u2013 Hartkaramell-Produktionslinie Fabrik\" href=\"https:\/\/www.jymachinetech.com\/de\/product\/hard-candy-making-machine\/\" data-wpil-monitor-id=\"163\" target=\"_blank\">S\u00fc\u00dfwaren in einer Fabrik<\/a> Einrichtung herzustellen.<br \/>\n<a href=\"https:\/\/www.jymachinetech.com\/wp-content\/uploads\/2025\/07\/Marshmallow-Production-Line2.jpg\" target=\"_blank\"><img decoding=\"async\" class=\"alignnone size-full wp-image-7447\" src=\"https:\/\/www.jymachinetech.com\/wp-content\/uploads\/2025\/07\/Marshmallow-Production-Line2.jpg\" alt=\"\" width=\"1024\" height=\"255\" srcset=\"https:\/\/www.jymachinetech.com\/wp-content\/uploads\/2025\/07\/Marshmallow-Production-Line2.jpg 1024w, https:\/\/www.jymachinetech.com\/wp-content\/uploads\/2025\/07\/Marshmallow-Production-Line2-18x4.jpg 18w, https:\/\/www.jymachinetech.com\/wp-content\/uploads\/2025\/07\/Marshmallow-Production-Line2-600x149.jpg 600w\" sizes=\"(max-width: 1024px) 100vw, 1024px\" \/><\/a><\/p>\n<p><strong>Ausr\u00fcstungsprozessfluss:<\/strong>Gelatin Schmelzen \u2192 Zucker L\u00f6sen \u2192 Bel\u00fcften \u2192 CFA (kontinuierliche Schaumbel\u00fcftung) \u2192 St\u00e4rke Verteilen \u2192 Formen \u2192 Entst\u00e4rken \u2192 Reifen \u2192\u00a0<strong>Automatisches Trocknen<\/strong>\u00a0\u2192 Verpackung<\/p>\n<p>&nbsp;<\/p>\n<p>Unten ist eine pr\u00e4gnante, schrittweise \u201eBediener-Checkliste\u201c, die genau den 11 Schritten folgt, die Sie aufgelistet haben.<\/p>\n<p>Verwenden Sie sie als Referenz im Kontrollraum oder als Grundlage f\u00fcr Ihre HACCP \/ SOP-Dokumentation.<\/p>\n<p>&nbsp;<\/p>\n<p>\u2500\u2500\u2500\u2500\u2500\u2500\u2500\u2500\u2500\u2500\u2500\u2500\u2500\u2500\u2500\u2500\u2500\u2500\u2500\u2500\u2500\u2500\u2500\u2500\u2500\u2500<\/p>\n<p>VOLL AUTOMATISCHER MARSHMALLOW-FLUSS \u2013 BEDIENER-HECKLISTE<\/p>\n<p>\u2500\u2500\u2500\u2500\u2500\u2500\u2500\u2500\u2500\u2500\u2500\u2500\u2500\u2500\u2500\u2500\u2500\u2500\u2500\u2500\u2500\u2500\u2500\u2500\u2500\u2500<\/p>\n<p><a href=\"https:\/\/www.jymachinetech.com\/wp-content\/uploads\/2025\/07\/Marshmallow-Production-Line3.jpg\" target=\"_blank\"><img decoding=\"async\" class=\"alignnone size-full wp-image-7448\" src=\"https:\/\/www.jymachinetech.com\/wp-content\/uploads\/2025\/07\/Marshmallow-Production-Line3.jpg\" alt=\"\" width=\"863\" height=\"575\" srcset=\"https:\/\/www.jymachinetech.com\/wp-content\/uploads\/2025\/07\/Marshmallow-Production-Line3.jpg 863w, https:\/\/www.jymachinetech.com\/wp-content\/uploads\/2025\/07\/Marshmallow-Production-Line3-18x12.jpg 18w, https:\/\/www.jymachinetech.com\/wp-content\/uploads\/2025\/07\/Marshmallow-Production-Line3-600x400.jpg 600w\" sizes=\"(max-width: 863px) 100vw, 863px\" \/><\/a><\/p>\n<ol>\n<li>VORMIXER<\/li>\n<\/ol>\n<p>\u2022 Wasser, Kristallzucker, Glukosesirup, Gelatinesl\u00f6sung (oder anderes Hydrocolloid), hitzestabile Farben\/Aromen und Maissirup als Hauptbestandteile laden, um die Mischung vorzubereiten.<\/p>\n<p>\u2022 Einstellung: bei 75\u201380 \u00b0C l\u00f6sen, 60\u201390 U\/min, bis Brix 78\u201380 \u00b0.<\/p>\n<p>\u2022 Mischungskonsistenz sicherstellen, um ein hoch bel\u00fcftetes Konfektprodukt zu erreichen.<\/p>\n<p>\u2022 CIP-Sp\u00fclsequenz am Ende der Charge.<\/p>\n<p>&nbsp;<\/p>\n<p>&nbsp;<\/p>\n<ol start=\"2\">\n<li>KOCHER (BLITZ- ODER ROHRKESSEL)<\/li>\n<\/ol>\n<p>\u2022 Kontinuierliche Zuf\u00fchrung vom Vormischer.<\/p>\n<p>\u2022 Ziel: 105\u2013110 \u00b0C, Endfeuchte 18\u201322 %.<\/p>\n<p>\u2022 Inline-Refraktometer-Alarm, wenn Brix &lt; 76 \u00b0.<\/p>\n<p>&nbsp;<\/p>\n<ol start=\"3\">\n<li>SUSPENSIONSK\u00dcHLER<\/li>\n<\/ol>\n<p>\u2022 Plattenw\u00e4rmetauscher auf 65\u201370 \u00b0C.<\/p>\n<p>\u2022 Kritisch: vermeiden &lt; 60 \u00b0C (verhindert Gelatine-Vorverfestigung).<\/p>\n<p>&nbsp;<\/p>\n<ol start=\"4\">\n<li>KONTINUIERLICHER BEL\u00dcFTER<br \/>\n<a href=\"https:\/\/www.jymachinetech.com\/wp-content\/uploads\/2025\/07\/Marshmallow-Production-Line4.jpg\" target=\"_blank\"><img loading=\"lazy\" decoding=\"async\" class=\"alignnone size-full wp-image-7449\" src=\"https:\/\/www.jymachinetech.com\/wp-content\/uploads\/2025\/07\/Marshmallow-Production-Line4.jpg\" alt=\"\" width=\"793\" height=\"595\" srcset=\"https:\/\/www.jymachinetech.com\/wp-content\/uploads\/2025\/07\/Marshmallow-Production-Line4.jpg 793w, https:\/\/www.jymachinetech.com\/wp-content\/uploads\/2025\/07\/Marshmallow-Production-Line4-16x12.jpg 16w, https:\/\/www.jymachinetech.com\/wp-content\/uploads\/2025\/07\/Marshmallow-Production-Line4-600x450.jpg 600w\" sizes=\"(max-width: 793px) 100vw, 793px\" \/><\/a><\/li>\n<\/ol>\n<p>\u2022 \u00dcberlauf auf 250\u2013300 % einstellen.<\/p>\n<p>\u2022 Luftmengenmesser: 3\u20136 bar, steril gefiltert.<\/p>\n<p>\u2022 Drehmomentkurve \u00fcberpr\u00fcfen\u2014Spitzen deuten auf verstopftes Sieb hin.<\/p>\n<p>&nbsp;<\/p>\n<ol start=\"5\">\n<li>F\u00fcllfunktion f\u00fcr Zentrenf\u00fcllung bei 3D-Formen<br \/>\n<a href=\"https:\/\/www.jymachinetech.com\/wp-content\/uploads\/2025\/07\/Marshmallow-Production-Line5.jpg\" target=\"_blank\"><img loading=\"lazy\" decoding=\"async\" class=\"alignnone size-full wp-image-7450\" src=\"https:\/\/www.jymachinetech.com\/wp-content\/uploads\/2025\/07\/Marshmallow-Production-Line5.jpg\" alt=\"\" width=\"900\" height=\"600\" srcset=\"https:\/\/www.jymachinetech.com\/wp-content\/uploads\/2025\/07\/Marshmallow-Production-Line5.jpg 900w, https:\/\/www.jymachinetech.com\/wp-content\/uploads\/2025\/07\/Marshmallow-Production-Line5-18x12.jpg 18w, https:\/\/www.jymachinetech.com\/wp-content\/uploads\/2025\/07\/Marshmallow-Production-Line5-600x400.jpg 600w\" sizes=\"(max-width: 900px) 100vw, 900px\" \/><\/a><\/li>\n<\/ol>\n<p>&nbsp;<\/p>\n<p>\u2022 Verteiler splittert die Basis in 2\u20133 Farben in eine Marshmallow.<\/p>\n<p>\u2022 Peristaltikpumpen dosieren hitzeempfindliche Aromen (&lt; 45 \u00b0C) und Farben.<\/p>\n<p>\u2022 Durchflussratenverh\u00e4ltnis mit Rezeptblatt \u00fcberpr\u00fcfen.<\/p>\n<p>&nbsp;<\/p>\n<ol start=\"6\">\n<li>Extruder-Extrusion von 4 Farben in eine Marshmallow-Rolle.<br \/>\n<a href=\"https:\/\/www.jymachinetech.com\/wp-content\/uploads\/2025\/07\/Marshmallow-Production-Line6.png\" target=\"_blank\"><img loading=\"lazy\" decoding=\"async\" class=\"alignnone size-full wp-image-7451\" src=\"https:\/\/www.jymachinetech.com\/wp-content\/uploads\/2025\/07\/Marshmallow-Production-Line6.png\" alt=\"\" width=\"703\" height=\"382\" srcset=\"https:\/\/www.jymachinetech.com\/wp-content\/uploads\/2025\/07\/Marshmallow-Production-Line6.png 703w, https:\/\/www.jymachinetech.com\/wp-content\/uploads\/2025\/07\/Marshmallow-Production-Line6-18x10.png 18w, https:\/\/www.jymachinetech.com\/wp-content\/uploads\/2025\/07\/Marshmallow-Production-Line6-600x326.png 600w\" sizes=\"(max-width: 703px) 100vw, 703px\" \/><\/a><\/li>\n<\/ol>\n<p>\u2022 Matrizen-Temperatur 45\u201348 \u00b0C (verhindert Rei\u00dfen).<\/p>\n<p>\u2022 K\u00fchlkanal: 15\u201318 \u00b0C, 4\u20136 Minuten Verweilzeit, Luftfeuchtigkeit &lt; 55 %.<\/p>\n<p>\u2022 F\u00f6rderbandgeschwindigkeit mit downstream-Schneider synchronisiert.<\/p>\n<p>&nbsp;<\/p>\n<ol start=\"7\">\n<li>STAUBKABINE (ST\u00c4RKE \/ PUDERZUCKER)<\/li>\n<\/ol>\n<p>\u2022 Ober- und Unterstaubger\u00e4te auf 1,5\u20132 g pro 100 g Produkt eingestellt.<\/p>\n<p>\u2022 Drehmesser schneidet auf L\u00e4nge \u00b11 mm.<\/p>\n<p>\u2022 Kabine unter \u201325 Pa Unterdruck; HEPA-Austritt.<\/p>\n<p>\u2022 Verwendung von Pulvern hilft, das Anhaften zu verhindern und die Produktqualit\u00e4t zu erhalten.<\/p>\n<p>&nbsp;<\/p>\n<ol start=\"8\">\n<li>STAUBKONTROLLE \/ \u00dcBERFLUSSENTFERNUNG<\/li>\n<\/ol>\n<p>\u2022 Vibrationsr\u00fcttler + Umkehrluftmesser entfernen \u00fcbersch\u00fcssige St\u00e4rke.<\/p>\n<p>\u2022 Inline-Metall-Detektor nach dem R\u00fcttler.<\/p>\n<p>\u2022 Zus\u00e4tzliche Staubbeschichtung hilft, das Anhaften zu verhindern und die Produktintegrit\u00e4t zu sichern.<\/p>\n<p>&nbsp;<\/p>\n<ol start=\"9\">\n<li>AUTOMATISCHES TROCKNUNGSBAND UND TROCKNUNGSSYSTEM<br \/>\n<a href=\"https:\/\/www.jymachinetech.com\/wp-content\/uploads\/2025\/07\/Marshmallow-Production-Line7.png\" target=\"_blank\"><img loading=\"lazy\" decoding=\"async\" class=\"alignnone size-full wp-image-7452\" src=\"https:\/\/www.jymachinetech.com\/wp-content\/uploads\/2025\/07\/Marshmallow-Production-Line7.png\" alt=\"\" width=\"900\" height=\"600\" srcset=\"https:\/\/www.jymachinetech.com\/wp-content\/uploads\/2025\/07\/Marshmallow-Production-Line7.png 900w, https:\/\/www.jymachinetech.com\/wp-content\/uploads\/2025\/07\/Marshmallow-Production-Line7-18x12.png 18w, https:\/\/www.jymachinetech.com\/wp-content\/uploads\/2025\/07\/Marshmallow-Production-Line7-600x400.png 600w\" sizes=\"(max-width: 900px) 100vw, 900px\" \/><\/a><\/li>\n<\/ol>\n<p>\u2022 25-35 \u00b0C, Luftfeuchtigkeit weniger als 55 %<\/p>\n<p>\u2022 K\u00fchltunnel 12\u201315 \u00b0C, 6\u20138 Min.<\/p>\n<p>&nbsp;<\/p>\n<ol start=\"10\">\n<li>VERPACKUNG<\/li>\n<\/ol>\n<p>\u2022 Transfer \u00fcber Verteilerband zur Schlauchbeutelverpackung.<\/p>\n<p>\u2022 MAP-Option: N\u2082-Sp\u00fclung, O\u2082 &lt; 1 %.<\/p>\n<p>\u2022 \u00dcberpr\u00fcfung der Siegelintegrit\u00e4t (Vakuumabfalltest alle 30 Min.).<\/p>\n<p>\u2022 Die Verpackungsphase ist der letzte Schritt im Produktionsprozess, der die Haltbarkeit bewahrt und <a title=\"cURL Too many subrequests.\" href=\"https:\/\/www.jymachinetech.com\/de\/how-is-popping-boba-made-in-factories\/\" data-wpil-monitor-id=\"161\" target=\"_blank\">die Lebensmittelsicherheit gew\u00e4hrleistet<\/a>.<\/p>\n<p>&nbsp;<\/p>\n<p>\u2500\u2500\u2500\u2500\u2500\u2500\u2500\u2500\u2500\u2500\u2500\u2500\u2500\u2500\u2500\u2500\u2500\u2500\u2500\u2500\u2500\u2500\u2500\u2500\u2500\u2500<\/p>\n<p>SICHERHEITS- \/ QUALIT\u00c4TSHINWEISE<\/p>\n<p>\u2022 Alle Edelstahl-Kontaktteile aus 304 oder 316; vollst\u00e4ndige CIP\/SIP-Zyklen.<\/p>\n<p>\u2022 Kritische Kontrollpunkte (CCP): Kochtemperatur, Metalldetektion, Verpackungssiegel.<\/p>\n<p>\u2022 Typische Durchs\u00e4tze: 300\u2013500 kg\/h auf einer 1,2 m Extrusionslinie.<\/p>\n<p>\u2022 Die Maschinen sind mit fortschrittlichen Systemen zur pr\u00e4zisen Steuerung ausgestattet, und technische Spezifikationen sind f\u00fcr alle Komponenten verf\u00fcgbar, um eine optimale Leistung zu gew\u00e4hrleisten. Lebensmittelsicherheit und Hygiene haben w\u00e4hrend des gesamten <a title=\"STARTSEITE\" href=\"https:\/\/www.jymachinetech.com\/de\/\" data-wpil-monitor-id=\"164\" target=\"_blank\">Produktionsprozesses der S\u00fc\u00dfwarenindustrie<\/a> Priorit\u00e4t.<\/p>\n<p>\u2022 Unser Unternehmen ist spezialisiert auf die Bereitstellung von <a title=\"The Best Gummy Candy Production Line: A Complete Guide for Beginners\" href=\"https:\/\/www.jymachinetech.com\/de\/the-best-gummy-candy-production-line-a-complete-guide-for-beginners\/\" data-wpil-monitor-id=\"162\" target=\"_blank\">kompletten Produktionslinien<\/a> und Maschinen f\u00fcr die S\u00fc\u00dfwarenindustrie, die Unternehmen und Fabriken mit hoher Produktionskapazit\u00e4t, hoher Produktionseffizienz und zuverl\u00e4ssigen Automatisierungsl\u00f6sungen bedienen.<\/p>\n<p>&nbsp;<\/p>\n<h2 style=\"box-sizing: border-box; font-family: Poppins, sans-serif; font-size: 32px; font-weight: 400; line-height: 35.2px; letter-spacing: -2px; text-align: center;\"><strong style=\"box-sizing: border-box;\">Jetzt Angebot anfordern:<\/strong><\/h2>\n<p style=\"box-sizing: border-box; margin-bottom: 10px; font-family: Poppins, sans-serif; text-align: center;\">F\u00fcr personalisierte Preise und um mehr \u00fcber unsere Marshmallow-Produktionslinie zu erfahren, kontaktieren Sie uns noch heute.<\/p>\n<p style=\"box-sizing: border-box; margin-bottom: 10px; font-family: Poppins, sans-serif; text-align: center;\"><a style=\"text-decoration-line: none; box-sizing: border-box; box-shadow: none; color: #204be2;\" href=\"https:\/\/www.jymachinetech.com\/de\/?attachment_id=4767\" rel=\"attachment wp-att-4767\" target=\"_blank\"><img loading=\"lazy\" decoding=\"async\" class=\"alignnone size-full wp-image-4767 entered litespeed-loaded\" style=\"box-sizing: border-box; border: none; border-radius: 0px; box-shadow: none;\" src=\"https:\/\/www.jymachinetech.com\/wp-content\/uploads\/2024\/01\/1.jpg\" sizes=\"(max-width: 900px) 100vw, 900px\" srcset=\"https:\/\/www.jymachinetech.com\/wp-content\/uploads\/2024\/01\/1.jpg 900w, https:\/\/www.jymachinetech.com\/wp-content\/uploads\/2024\/01\/1-300x200.jpg 300w, https:\/\/www.jymachinetech.com\/wp-content\/uploads\/2024\/01\/1-768x512.jpg 768w, https:\/\/www.jymachinetech.com\/wp-content\/uploads\/2024\/01\/1-18x12.jpg 18w, https:\/\/www.jymachinetech.com\/wp-content\/uploads\/2024\/01\/1-480x320.jpg 480w, https:\/\/www.jymachinetech.com\/wp-content\/uploads\/2024\/01\/1-600x400.jpg 600w\" alt=\"1\" width=\"900\" height=\"600\" data-lazyloaded=\"1\" data-src=\"https:\/\/www.jymachinetech.com\/wp-content\/uploads\/2024\/01\/1.jpg\" data-srcset=\"https:\/\/www.jymachinetech.com\/wp-content\/uploads\/2024\/01\/1.jpg 900w, https:\/\/www.jymachinetech.com\/wp-content\/uploads\/2024\/01\/1-300x200.jpg 300w, https:\/\/www.jymachinetech.com\/wp-content\/uploads\/2024\/01\/1-768x512.jpg 768w, https:\/\/www.jymachinetech.com\/wp-content\/uploads\/2024\/01\/1-18x12.jpg 18w, https:\/\/www.jymachinetech.com\/wp-content\/uploads\/2024\/01\/1-480x320.jpg 480w, https:\/\/www.jymachinetech.com\/wp-content\/uploads\/2024\/01\/1-600x400.jpg 600w\" data-sizes=\"(max-width: 900px) 100vw, 900px\" data-ll-status=\"loaded\" \/><\/a><\/p>\n<p style=\"box-sizing: border-box; margin-bottom: 10px; font-family: Poppins, sans-serif; text-align: center;\"><a style=\"text-decoration-line: none; box-sizing: border-box; box-shadow: none; color: #204be2;\" href=\"https:\/\/www.jymachinetech.com\/de\/?attachment_id=4774\" rel=\"attachment wp-att-4774\" target=\"_blank\"><img loading=\"lazy\" decoding=\"async\" class=\"alignnone size-large wp-image-4774 entered litespeed-loaded\" style=\"box-sizing: border-box; border: none; border-radius: 0px; box-shadow: none;\" src=\"https:\/\/www.jymachinetech.com\/wp-content\/uploads\/2024\/01\/8-768x1024.jpg\" sizes=\"(max-width: 768px) 100vw, 768px\" srcset=\"https:\/\/www.jymachinetech.com\/wp-content\/uploads\/2024\/01\/8-768x1023.jpg 768w, https:\/\/www.jymachinetech.com\/wp-content\/uploads\/2024\/01\/8-225x300.jpg 225w, https:\/\/www.jymachinetech.com\/wp-content\/uploads\/2024\/01\/8-9x12.jpg 9w, https:\/\/www.jymachinetech.com\/wp-content\/uploads\/2024\/01\/8-980x1306.jpg 980w, https:\/\/www.jymachinetech.com\/wp-content\/uploads\/2024\/01\/8-480x640.jpg 480w, https:\/\/www.jymachinetech.com\/wp-content\/uploads\/2024\/01\/8-600x800.jpg 600w, https:\/\/www.jymachinetech.com\/wp-content\/uploads\/2024\/01\/8-rotated.jpg 1001w\" alt=\"8\" width=\"768\" height=\"1024\" data-lazyloaded=\"1\" data-src=\"https:\/\/www.jymachinetech.com\/wp-content\/uploads\/2024\/01\/8-768x1024.jpg\" data-srcset=\"https:\/\/www.jymachinetech.com\/wp-content\/uploads\/2024\/01\/8-768x1023.jpg 768w, https:\/\/www.jymachinetech.com\/wp-content\/uploads\/2024\/01\/8-225x300.jpg 225w, https:\/\/www.jymachinetech.com\/wp-content\/uploads\/2024\/01\/8-9x12.jpg 9w, https:\/\/www.jymachinetech.com\/wp-content\/uploads\/2024\/01\/8-980x1306.jpg 980w, https:\/\/www.jymachinetech.com\/wp-content\/uploads\/2024\/01\/8-480x640.jpg 480w, https:\/\/www.jymachinetech.com\/wp-content\/uploads\/2024\/01\/8-600x800.jpg 600w, https:\/\/www.jymachinetech.com\/wp-content\/uploads\/2024\/01\/8-rotated.jpg 1001w\" data-sizes=\"(max-width: 768px) 100vw, 768px\" data-ll-status=\"loaded\" \/><\/a><\/p>","protected":false},"excerpt":{"rendered":"<ul>\n<li>Simple operation<\/li>\n<li>Angemessener Preis<\/li>\n<li>4 Farben in 1 Marshmallow<\/li>\n<li>Marshmallow-Rohrextruder<\/li>\n<li>Zentrierter F\u00fcllspender<\/li>\n<li>CFA-Auto-Mischsystem<\/li>\n<li>Servo cutting machine<\/li>\n<li>Automatic Drying system<\/li>\n<\/ul>","protected":false},"featured_media":7448,"comment_status":"closed","ping_status":"closed","template":"","meta":[],"product_brand":[],"product_cat":[16,101],"product_tag":[199],"class_list":{"0":"post-1772","1":"product","2":"type-product","3":"status-publish","4":"has-post-thumbnail","6":"product_cat-candy-machine","7":"product_cat-marshmallow-machine","8":"product_tag-marshmallow-production-line","10":"first","11":"instock","12":"shipping-taxable","13":"product-type-simple"},"_links":{"self":[{"href":"https:\/\/www.jymachinetech.com\/de\/wp-json\/wp\/v2\/product\/1772","targetHints":{"allow":["GET"]}}],"collection":[{"href":"https:\/\/www.jymachinetech.com\/de\/wp-json\/wp\/v2\/product"}],"about":[{"href":"https:\/\/www.jymachinetech.com\/de\/wp-json\/wp\/v2\/types\/product"}],"replies":[{"embeddable":true,"href":"https:\/\/www.jymachinetech.com\/de\/wp-json\/wp\/v2\/comments?post=1772"}],"version-history":[{"count":6,"href":"https:\/\/www.jymachinetech.com\/de\/wp-json\/wp\/v2\/product\/1772\/revisions"}],"predecessor-version":[{"id":7460,"href":"https:\/\/www.jymachinetech.com\/de\/wp-json\/wp\/v2\/product\/1772\/revisions\/7460"}],"wp:featuredmedia":[{"embeddable":true,"href":"https:\/\/www.jymachinetech.com\/de\/wp-json\/wp\/v2\/media\/7448"}],"wp:attachment":[{"href":"https:\/\/www.jymachinetech.com\/de\/wp-json\/wp\/v2\/media?parent=1772"}],"wp:term":[{"taxonomy":"product_brand","embeddable":true,"href":"https:\/\/www.jymachinetech.com\/de\/wp-json\/wp\/v2\/product_brand?post=1772"},{"taxonomy":"product_cat","embeddable":true,"href":"https:\/\/www.jymachinetech.com\/de\/wp-json\/wp\/v2\/product_cat?post=1772"},{"taxonomy":"product_tag","embeddable":true,"href":"https:\/\/www.jymachinetech.com\/de\/wp-json\/wp\/v2\/product_tag?post=1772"}],"curies":[{"name":"wp","href":"https:\/\/api.w.org\/{rel}","templated":true}]}}