{"id":1537,"date":"2021-12-26T08:04:23","date_gmt":"2021-12-26T08:04:23","guid":{"rendered":"https:\/\/www.jymachinetech.com\/?post_type=product&#038;p=1537"},"modified":"2025-07-25T05:57:51","modified_gmt":"2025-07-25T05:57:51","slug":"popping-boba-production-line","status":"publish","type":"product","link":"https:\/\/www.jymachinetech.com\/de\/product\/popping-boba-production-line\/","title":{"rendered":"Popping Boba Produktionslinie zum Verkauf \u2013 Popping Boba Maschinenfabrik"},"content":{"rendered":"<p>Die Popping Boba Produktionslinie von JY MACHINE ist eine hochmoderne Fertigungsl\u00f6sung, die entwickelt wurde, um Popping Boba Perlen f\u00fcr die Lebensmittel- und Getr\u00e4nkeindustrie herzustellen. Seit ihrer Patentierung im Jahr 1999 f\u00fchrt diese innovative Maschine den Markt an und schafft eine neue Generation von Boba-Perlen, die beim Essen mit Geschmack explodieren.<\/p>\n<p><iframe title=\"Popping boba production line Juice boba making machine Bursting boba maker how to make bubble tea\" width=\"800\" height=\"450\" src=\"https:\/\/www.youtube.com\/embed\/JxLe07m_zXE?feature=oembed\" frameborder=\"0\" allow=\"accelerometer; autoplay; clipboard-write; encrypted-media; gyroscope; picture-in-picture; web-share\" referrerpolicy=\"strict-origin-when-cross-origin\" allowfullscreen><\/iframe><\/p>\n<h2><strong>Hauptmerkmale &amp; Vorteile:<\/strong><\/h2>\n<ul>\n<li><strong>Patente Technologie:<\/strong> Entwickelt von JY MACHINE basiert diese Maschine auf dem Kolbenstempelprinzip, was einen einzigartigen und patentierten Produktionsprozess gew\u00e4hrleistet.<\/li>\n<li><strong>Chemische Reaktion System:<\/strong> Das F\u00fcllmaterial reagiert mit der L\u00f6sung im Tank und umh\u00fcllt das F\u00fcllmaterial in einer saftigen Kugel, die beim Essen mit Geschmack platzt.<\/li>\n<li><strong>Vielseitigkeit:<\/strong> Ideal zur Herstellung verschiedener Produkte, von Saftkugeln und Wasserkugeln bis hin zu Essig-\/Alkoholgeschmacksprodukten und sogar Alltagschemikalien wie Lotionkugeln und Jojobakugeln.<\/li>\n<li><strong>Anpassbare Modelle:<\/strong> Erh\u00e4ltlich in Modellen von Laborgr\u00f6\u00dfe bis hin zu vollautomatischen Produktionslinien, passend f\u00fcr Unternehmen jeder Gr\u00f6\u00dfe und Expansionspl\u00e4ne.<\/li>\n<li><strong>Edelstahlkonstruktion:<\/strong> Die vollautomatische Popping-Juice-Ball-Produktionsmaschine ist aus Edelstahl gefertigt, was Haltbarkeit und einfache Reinigung gew\u00e4hrleistet.<\/li>\n<li><strong>Fortschrittliche Automatisierung:<\/strong> Ausgestattet mit Servo-Depositing- und Antriebstechnologie f\u00fcr Pr\u00e4zision und Effizienz.<\/li>\n<li><strong>Vollst\u00e4ndige Verarbeitung Unterst\u00fctzung:<\/strong> Wir bieten eine komplette Maschinenlinie von Kochen bis Sterilisation, zusammen mit einem schl\u00fcsselfertigen Rezepturplan.<\/li>\n<\/ul>\n<h2><strong>Applications:<\/strong><\/h2>\n<p>Popping Boba ist eine einzigartige Zutat in Bubble Tea, mit einer d\u00fcnnen, gelartigen Haut, die mit Saft gef\u00fcllt ist und im Mund platzt. Es wird durch eine Reaktion zwischen Natriumalginat und Calciumchlorid oder Calciumlactat hergestellt.<\/p>\n<h2><strong>Kreative Anwendungen:<\/strong><\/h2>\n<p>\u00dcber traditionelle Saft- und Marmeladenf\u00fcllungen hinaus haben unsere Kunden mit medizinischen Materialien, Alkohol und Essig f\u00fcr kulinarische Zwecke, Malmaterialien f\u00fcr Spielzeug und Haushaltschemikalien wie Shampoo oder Make-up-Fl\u00fcssiggrundierung innoviert.<\/p>\n<h2><strong>Anpassung &amp; Einstellbarkeit:<\/strong><\/h2>\n<p>Unsere Popping-Boba-Maschine kann je nach gew\u00fcnschter Gr\u00f6\u00dfe der fertigen Popping-Boba angepasst werden, um das perfekte Produkt f\u00fcr Ihre Bed\u00fcrfnisse zu gew\u00e4hrleisten.<\/p>\n<h2><strong>Warum JY MACHINE f\u00fcr Ihre Popping-Boba-Maschine w\u00e4hlen?<\/strong><\/h2>\n<ul>\n<li><strong>Globales Serviceteam:<\/strong> Wir bieten Auslandservice mit lokaler Unterst\u00fctzung in Deutschland, um einen reibungslosen Betrieb weltweit zu gew\u00e4hrleisten.<\/li>\n<li><strong>24\/7 Ersatzteilzentrum:<\/strong> Unser Ersatzteilzentrum arbeitet rund um die Uhr, um Ihnen die ben\u00f6tigten Komponenten zu liefern, wenn Sie sie brauchen.<\/li>\n<li><strong>Kostenlose Dienstleistungen:<\/strong> Wir bieten kostenlose Fabriklayout-Designs, ma\u00dfgeschneiderte Formmuster, Produktformel-Designs und Maschinendesigns an.<\/li>\n<li><strong>3D-Ger\u00e4teschema:<\/strong> Erleben Sie eine 3D-Darstellung unseres Ger\u00e4teplans f\u00fcr eine bessere Planung und Verst\u00e4ndnis.<\/li>\n<li><strong>Kundenfabrik-Besichtigung:<\/strong> Besuchen Sie unsere echte Fabrik, um die Professionalit\u00e4t und Zuverl\u00e4ssigkeit unseres Produktionsprozesses zu erleben.<\/li>\n<li><strong>Professionell &amp; Zuverl\u00e4ssig:<\/strong> Mit nachweislicher Erfolgsbilanz und echten Fabrikbetrieben stehen wir f\u00fcr die Qualit\u00e4t und Leistung unserer Maschinen.<\/li>\n<\/ul>\n<p><strong>Jetzt Angebot anfordern:<\/strong> F\u00fcr ein schnelles Angebot und um mehr \u00fcber unsere Popping Boba Produktionslinie zu erfahren, kontaktieren Sie uns noch heute. Erleben Sie die besten OEM\/ODM-Services zu den niedrigsten Preisen und Branchen-Garantien.<\/p>\n<p><a href=\"https:\/\/www.jymachinetech.com\/de\/?attachment_id=3977\" rel=\"attachment wp-att-3977\" target=\"_blank\"><img fetchpriority=\"high\" decoding=\"async\" class=\"alignnone size-full wp-image-3977\" title=\"Popping Boba Produktionslinie zum Verkauf \u2013 Popping Boba Maschinenfabrik\" src=\"https:\/\/www.jymachinetech.com\/wp-content\/uploads\/2021\/12\/popping-boba-machine-certification.png\" alt=\"Popping Boba Produktionslinie zum Verkauf \u2013 Popping Boba Maschinenfabrik\" width=\"999\" height=\"468\" srcset=\"https:\/\/www.jymachinetech.com\/wp-content\/uploads\/2021\/12\/popping-boba-machine-certification.png 999w, https:\/\/www.jymachinetech.com\/wp-content\/uploads\/2021\/12\/popping-boba-machine-certification-18x8.png 18w, https:\/\/www.jymachinetech.com\/wp-content\/uploads\/2021\/12\/popping-boba-machine-certification-600x281.png 600w\" sizes=\"(max-width: 999px) 100vw, 999px\" \/><\/a><\/p>\n<p>&nbsp;<\/p>\n<h2>Popping Boba Maschinenprozessablauf<\/h2>\n<p>Bereiten Sie das F\u00fcllmaterial und die Reaktionsfl\u00fcssigkeit getrennt vor-<br \/>\nReaktionsfl\u00fcssigkeit absetzen-filtern-recyceln-sp\u00fclen und die Bubbles sammeln<\/p>\n<p><img decoding=\"async\" class=\"alignnone wp-image-3978 size-large\" title=\"Popping Boba Produktionslinie zum Verkauf \u2013 Popping Boba Maschinenfabrik\" src=\"https:\/\/www.jymachinetech.com\/wp-content\/uploads\/2021\/12\/Pasted-e1669189150569-1024x487.png\" alt=\"Popping Boba Produktionslinie zum Verkauf \u2013 Popping Boba Maschinenfabrik\" width=\"1024\" height=\"487\" \/><\/p>\n<p>&nbsp;<\/p>\n<p>&nbsp;<\/p>\n<div class=\"table-responsive\">\n<table style=\"width: 100%;\">\n<tbody>\n<tr>\n<td style=\"text-align: center;\">Modell<\/td>\n<td style=\"text-align: center;\">JYP 50<\/td>\n<td style=\"text-align: center;\">JYP 100<\/td>\n<td style=\"text-align: center;\">JYP 300<\/td>\n<td style=\"text-align: center;\">JYP 500<\/td>\n<\/tr>\n<tr>\n<td style=\"text-align: center;\">Capacity<\/td>\n<td style=\"text-align: center;\">30-50kg\/h<\/td>\n<td style=\"text-align: center;\">50-100kg\/h<\/td>\n<td style=\"text-align: center;\">200-300kg\/h<\/td>\n<td style=\"text-align: center;\">cURL Too many subrequests.<\/td>\n<\/tr>\n<tr>\n<td style=\"text-align: center;\">Produktgr\u00f6\u00dfenanordnung<\/td>\n<td style=\"text-align: center;\">8-50mm<\/td>\n<td style=\"text-align: center;\">8-50mm<\/td>\n<td style=\"text-align: center;\">8-50mm<\/td>\n<td style=\"text-align: center;\">8-50mm<\/td>\n<\/tr>\n<\/tbody>\n<\/table>\n<\/div>\n<p>&nbsp;<\/p>\n<p>&nbsp;<\/p>\n<h2>Popping Boba Maschinen-K\u00fcchensystem<\/h2>\n<p><img decoding=\"async\" class=\"alignnone wp-image-1739 size-full\" title=\"Popping Boba Produktionslinie zum Verkauf \u2013 Popping Boba Maschinenfabrik\" src=\"https:\/\/www.jymachinetech.com\/wp-content\/uploads\/2021\/12\/1kitchen-system.jpg\" alt=\"Popping Boba Produktionslinie zum Verkauf \u2013 Popping Boba Maschinenfabrik\" width=\"999\" height=\"666\" srcset=\"https:\/\/www.jymachinetech.com\/wp-content\/uploads\/2021\/12\/1kitchen-system.jpg 999w, https:\/\/www.jymachinetech.com\/wp-content\/uploads\/2021\/12\/1kitchen-system-18x12.jpg 18w, https:\/\/www.jymachinetech.com\/wp-content\/uploads\/2021\/12\/1kitchen-system-600x400.jpg 600w\" sizes=\"(max-width: 999px) 100vw, 999px\" \/><\/p>\n<h2>Abrechnungssystem<\/h2>\n<p><img loading=\"lazy\" decoding=\"async\" class=\"alignnone wp-image-1740 size-full\" title=\"Popping Boba Produktionslinie zum Verkauf \u2013 Popping Boba Maschinenfabrik\" src=\"https:\/\/www.jymachinetech.com\/wp-content\/uploads\/2021\/12\/2Depositing-head.jpg\" alt=\"Popping Boba Produktionslinie zum Verkauf \u2013 Popping Boba Maschinenfabrik\" width=\"999\" height=\"666\" srcset=\"https:\/\/www.jymachinetech.com\/wp-content\/uploads\/2021\/12\/2Depositing-head.jpg 999w, https:\/\/www.jymachinetech.com\/wp-content\/uploads\/2021\/12\/2Depositing-head-18x12.jpg 18w, https:\/\/www.jymachinetech.com\/wp-content\/uploads\/2021\/12\/2Depositing-head-600x400.jpg 600w\" sizes=\"(max-width: 999px) 100vw, 999px\" \/><\/p>\n<h2>Abf\u00fcller des Popping Boba Herstellers<\/h2>\n<p><img loading=\"lazy\" decoding=\"async\" class=\"alignnone wp-image-1741 size-full\" title=\"Popping Boba Produktionslinie zum Verkauf \u2013 Popping Boba Maschinenfabrik\" src=\"https:\/\/www.jymachinetech.com\/wp-content\/uploads\/2021\/12\/3Depostor.jpg\" alt=\"Popping Boba Produktionslinie zum Verkauf \u2013 Popping Boba Maschinenfabrik\" width=\"999\" height=\"666\" srcset=\"https:\/\/www.jymachinetech.com\/wp-content\/uploads\/2021\/12\/3Depostor.jpg 999w, https:\/\/www.jymachinetech.com\/wp-content\/uploads\/2021\/12\/3Depostor-18x12.jpg 18w, https:\/\/www.jymachinetech.com\/wp-content\/uploads\/2021\/12\/3Depostor-600x400.jpg 600w\" sizes=\"(max-width: 999px) 100vw, 999px\" \/><\/p>\n<h2>Zirkulationssystem der Popping Boba Maschine<\/h2>\n<p><img loading=\"lazy\" decoding=\"async\" class=\"alignnone wp-image-1742 size-full\" title=\"Popping Boba Produktionslinie zum Verkauf \u2013 Popping Boba Maschinenfabrik\" src=\"https:\/\/www.jymachinetech.com\/wp-content\/uploads\/2021\/12\/4circulation-system.jpg\" alt=\"Popping Boba Produktionslinie zum Verkauf \u2013 Popping Boba Maschinenfabrik\" width=\"999\" height=\"666\" srcset=\"https:\/\/www.jymachinetech.com\/wp-content\/uploads\/2021\/12\/4circulation-system.jpg 999w, https:\/\/www.jymachinetech.com\/wp-content\/uploads\/2021\/12\/4circulation-system-18x12.jpg 18w, https:\/\/www.jymachinetech.com\/wp-content\/uploads\/2021\/12\/4circulation-system-600x400.jpg 600w\" sizes=\"(max-width: 999px) 100vw, 999px\" \/><\/p>\n<h2>Reaktionssystem der Popping Boba Maschine<\/h2>\n<p><img loading=\"lazy\" decoding=\"async\" class=\"alignnone wp-image-1743 size-full\" title=\"Popping Boba Produktionslinie zum Verkauf \u2013 Popping Boba Maschinenfabrik\" src=\"https:\/\/www.jymachinetech.com\/wp-content\/uploads\/2021\/12\/5reaction-system.jpg\" alt=\"Popping Boba Produktionslinie zum Verkauf \u2013 Popping Boba Maschinenfabrik\" width=\"999\" height=\"666\" srcset=\"https:\/\/www.jymachinetech.com\/wp-content\/uploads\/2021\/12\/5reaction-system.jpg 999w, https:\/\/www.jymachinetech.com\/wp-content\/uploads\/2021\/12\/5reaction-system-18x12.jpg 18w, https:\/\/www.jymachinetech.com\/wp-content\/uploads\/2021\/12\/5reaction-system-600x400.jpg 600w\" sizes=\"(max-width: 999px) 100vw, 999px\" \/><\/p>\n<h2>Filtrationssystem<\/h2>\n<p><img loading=\"lazy\" decoding=\"async\" class=\"alignnone size-full wp-image-1744\" title=\"Popping Boba Produktionslinie zum Verkauf \u2013 Popping Boba Maschinenfabrik\" src=\"https:\/\/www.jymachinetech.com\/wp-content\/uploads\/2021\/12\/6Filtration-system.jpg\" alt=\"Popping Boba Produktionslinie zum Verkauf \u2013 Popping Boba Maschinenfabrik\" width=\"999\" height=\"666\" srcset=\"https:\/\/www.jymachinetech.com\/wp-content\/uploads\/2021\/12\/6Filtration-system.jpg 999w, https:\/\/www.jymachinetech.com\/wp-content\/uploads\/2021\/12\/6Filtration-system-18x12.jpg 18w, https:\/\/www.jymachinetech.com\/wp-content\/uploads\/2021\/12\/6Filtration-system-600x400.jpg 600w\" sizes=\"(max-width: 999px) 100vw, 999px\" \/><\/p>\n<h2>Reinigungssystem<\/h2>\n<p><img loading=\"lazy\" decoding=\"async\" class=\"alignnone size-full wp-image-1745\" title=\"Popping Boba Produktionslinie zum Verkauf \u2013 Popping Boba Maschinenfabrik\" src=\"https:\/\/www.jymachinetech.com\/wp-content\/uploads\/2021\/12\/7Cleaning-system-.jpg\" alt=\"Popping Boba Produktionslinie zum Verkauf \u2013 Popping Boba Maschinenfabrik\" width=\"999\" height=\"666\" srcset=\"https:\/\/www.jymachinetech.com\/wp-content\/uploads\/2021\/12\/7Cleaning-system-.jpg 999w, https:\/\/www.jymachinetech.com\/wp-content\/uploads\/2021\/12\/7Cleaning-system--18x12.jpg 18w, https:\/\/www.jymachinetech.com\/wp-content\/uploads\/2021\/12\/7Cleaning-system--600x400.jpg 600w\" sizes=\"(max-width: 999px) 100vw, 999px\" \/><\/p>\n<h2>Sterilisationssystem<\/h2>\n<p><img loading=\"lazy\" decoding=\"async\" class=\"alignnone size-full wp-image-1750\" title=\"Popping Boba Produktionslinie zum Verkauf \u2013 Popping Boba Maschinenfabrik\" src=\"https:\/\/www.jymachinetech.com\/wp-content\/uploads\/2021\/12\/Sterilization-system.jpg\" alt=\"Popping Boba Produktionslinie zum Verkauf \u2013 Popping Boba Maschinenfabrik\" width=\"999\" height=\"666\" srcset=\"https:\/\/www.jymachinetech.com\/wp-content\/uploads\/2021\/12\/Sterilization-system.jpg 999w, https:\/\/www.jymachinetech.com\/wp-content\/uploads\/2021\/12\/Sterilization-system-18x12.jpg 18w, https:\/\/www.jymachinetech.com\/wp-content\/uploads\/2021\/12\/Sterilization-system-600x400.jpg 600w\" sizes=\"(max-width: 999px) 100vw, 999px\" \/><\/p>\n<h2>Weitere Details zur Popping Boba Maschine<\/h2>\n<p><img loading=\"lazy\" decoding=\"async\" class=\"alignnone wp-image-3979 size-large\" title=\"Popping Boba Produktionslinie zum Verkauf \u2013 Popping Boba Maschinenfabrik\" src=\"https:\/\/www.jymachinetech.com\/wp-content\/uploads\/2021\/12\/Pasted-1-1024x588.png\" alt=\"Popping Boba Produktionslinie zum Verkauf \u2013 Popping Boba Maschinenfabrik\" width=\"1024\" height=\"588\" \/><\/p>\n<p>&nbsp;<\/p>\n<p><img loading=\"lazy\" decoding=\"async\" class=\"alignnone wp-image-3983 size-full\" title=\"Popping Boba Produktionslinie zum Verkauf \u2013 Popping Boba Maschinenfabrik\" src=\"https:\/\/www.jymachinetech.com\/wp-content\/uploads\/2021\/12\/Pasted-5-e1669189598428.png\" alt=\"Popping Boba Produktionslinie zum Verkauf \u2013 Popping Boba Maschinenfabrik\" width=\"999\" height=\"522\" srcset=\"https:\/\/www.jymachinetech.com\/wp-content\/uploads\/2021\/12\/Pasted-5-e1669189598428.png 999w, https:\/\/www.jymachinetech.com\/wp-content\/uploads\/2021\/12\/Pasted-5-e1669189598428-18x9.png 18w, https:\/\/www.jymachinetech.com\/wp-content\/uploads\/2021\/12\/Pasted-5-e1669189598428-600x314.png 600w\" sizes=\"(max-width: 999px) 100vw, 999px\" \/><\/p>\n<p>&nbsp;<\/p>\n<p><img loading=\"lazy\" decoding=\"async\" class=\"alignnone wp-image-1749 size-full\" title=\"Popping Boba Produktionslinie zum Verkauf \u2013 Popping Boba Maschinenfabrik\" src=\"https:\/\/www.jymachinetech.com\/wp-content\/uploads\/2021\/12\/Popping-Boba-Production-Line-product.jpg\" alt=\"Popping Boba Produktionslinie zum Verkauf \u2013 Popping Boba Maschinenfabrik\" width=\"999\" height=\"666\" srcset=\"https:\/\/www.jymachinetech.com\/wp-content\/uploads\/2021\/12\/Popping-Boba-Production-Line-product.jpg 999w, https:\/\/www.jymachinetech.com\/wp-content\/uploads\/2021\/12\/Popping-Boba-Production-Line-product-18x12.jpg 18w, https:\/\/www.jymachinetech.com\/wp-content\/uploads\/2021\/12\/Popping-Boba-Production-Line-product-600x400.jpg 600w\" sizes=\"(max-width: 999px) 100vw, 999px\" \/><\/p>\n<p>&nbsp;<\/p>\n<p>&nbsp;<\/p>\n<p><img loading=\"lazy\" decoding=\"async\" class=\"alignnone wp-image-3984 size-full\" title=\"Popping Boba Produktionslinie zum Verkauf \u2013 Popping Boba Maschinenfabrik\" src=\"https:\/\/www.jymachinetech.com\/wp-content\/uploads\/2021\/12\/Pasted-6-e1669190051611.png\" alt=\"Popping Boba Produktionslinie zum Verkauf \u2013 Popping Boba Maschinenfabrik\" width=\"999\" height=\"690\" srcset=\"https:\/\/www.jymachinetech.com\/wp-content\/uploads\/2021\/12\/Pasted-6-e1669190051611.png 999w, https:\/\/www.jymachinetech.com\/wp-content\/uploads\/2021\/12\/Pasted-6-e1669190051611-18x12.png 18w, https:\/\/www.jymachinetech.com\/wp-content\/uploads\/2021\/12\/Pasted-6-e1669190051611-600x414.png 600w\" sizes=\"(max-width: 999px) 100vw, 999px\" \/><\/p>\n<h2><span lang=\"EN-US\">Anwendung f\u00fcr die Popping Boba<\/span><\/h2>\n<p><img loading=\"lazy\" decoding=\"async\" class=\"alignnone size-large wp-image-1547\" title=\"Popping Boba Produktionslinie zum Verkauf \u2013 Popping Boba Maschinenfabrik\" src=\"https:\/\/www.jymachinetech.com\/wp-content\/uploads\/2021\/12\/Popping-boba-production-line-9-1024x270.png\" alt=\"Popping Boba Produktionslinie zum Verkauf \u2013 Popping Boba Maschinenfabrik\" width=\"1024\" height=\"270\" \/><\/p>\n<h2><span lang=\"EN-US\">Welche Verpackung eignet sich f\u00fcr Popping Boba?<\/span><\/h2>\n<p>Die unten stehende Verpackungsmethode kann l\u00e4nger aufbewahrt werden.<\/p>\n<p><img loading=\"lazy\" decoding=\"async\" class=\"alignnone size-full wp-image-1548\" title=\"Popping Boba Produktionslinie zum Verkauf \u2013 Popping Boba Maschinenfabrik\" src=\"https:\/\/www.jymachinetech.com\/wp-content\/uploads\/2021\/12\/Popping-boba-production-line-10.png\" alt=\"Popping Boba Produktionslinie zum Verkauf \u2013 Popping Boba Maschinenfabrik\" width=\"1008\" height=\"410\" srcset=\"https:\/\/www.jymachinetech.com\/wp-content\/uploads\/2021\/12\/Popping-boba-production-line-10.png 1008w, https:\/\/www.jymachinetech.com\/wp-content\/uploads\/2021\/12\/Popping-boba-production-line-10-18x7.png 18w, https:\/\/www.jymachinetech.com\/wp-content\/uploads\/2021\/12\/Popping-boba-production-line-10-600x244.png 600w\" sizes=\"(max-width: 1008px) 100vw, 1008px\" \/><\/p>\n<h2>Weltweiter Versand<\/h2>\n<h2><img loading=\"lazy\" decoding=\"async\" class=\"alignnone wp-image-3981 size-large\" title=\"Popping Boba Produktionslinie zum Verkauf \u2013 Popping Boba Maschinenfabrik\" src=\"https:\/\/www.jymachinetech.com\/wp-content\/uploads\/2021\/12\/Pasted-3-1024x532.png\" alt=\"Popping Boba Produktionslinie zum Verkauf \u2013 Popping Boba Maschinenfabrik\" width=\"1024\" height=\"532\" \/><\/h2>\n<h2>Sind Sie besorgt \u00fcber das Popping Boba Rezept?<\/h2>\n<p><img loading=\"lazy\" decoding=\"async\" class=\"alignnone wp-image-3985 size-large\" title=\"Popping Boba Produktionslinie zum Verkauf \u2013 Popping Boba Maschinenfabrik\" src=\"https:\/\/www.jymachinetech.com\/wp-content\/uploads\/2021\/12\/Pasted-7-1024x827.png\" alt=\"Popping Boba Produktionslinie zum Verkauf \u2013 Popping Boba Maschinenfabrik\" width=\"1024\" height=\"827\" \/><\/p>\n<p>&nbsp;<\/p>\n<h3>H\u00e4ufig gestellte Fragen (FAQ) zur Popping Boba Produktionslinie<\/h3>\n<p><strong>F: Was genau sind Popping Boba?<\/strong><\/p>\n<p>A: Popping Boba, auch bekannt als \u201eSaftperlen\u201c, sind kleine, geschmackvolle Kugeln, die in Getr\u00e4nken, insbesondere Bubble Tea, verwendet werden. Sie haben eine d\u00fcnne, gelartige Au\u00dfenschicht, die eine fl\u00fcssige F\u00fcllung einschlie\u00dft und beim Bei\u00dfen eine Saftexplosion erzeugt. Im Gegensatz zu traditionellen Tapioka-Perlen werden Popping Boba mit Zutaten wie Natriumalginat und Calciumlactat oder Calciumchlorid hergestellt und k\u00f6nnen mit Fruchts\u00e4ften, Sirupen oder anderen Aromen gef\u00fcllt sein.<\/p>\n<p><strong>F: Kann die Maschine verschiedene Arten von Boba produzieren, wie sowohl Popping Boba als auch Konjak-Perlen?<\/strong><\/p>\n<p>A: Absolut. Unsere vielseitige Popping Boba Produktionslinie ist in der Lage, nicht nur Popping Boba, sondern auch Konjak-Perlen herzustellen, sodass Sie die Flexibilit\u00e4t haben, verschiedene Marktanforderungen mit einer einzigen Maschine zu erf\u00fcllen.<\/p>\n<p><strong>F: Wie viele Popping Boba St\u00fccke kann die Maschine pro Stunde produzieren?<\/strong><\/p>\n<p>A: Die Produktionskapazit\u00e4t variiert je nach Gr\u00f6\u00dfe des hergestellten Boba. Als Referenz k\u00f6nnen unsere Maschinen mindestens 172.800 St\u00fcck pro Stunde produzieren. Wir k\u00f6nnen spezifische Produktionsraten basierend auf Ihren gew\u00fcnschten Boba-Spezifikationen bereitstellen.<\/p>\n<p><strong>Q: Kann die Maschine Popping Boba mit verschiedenen Geschmacksrichtungen herstellen?<\/strong><\/p>\n<p>A: Ja, unsere Maschine ist darauf ausgelegt, Popping Boba in verschiedenen Geschmacksrichtungen zu produzieren. Sie k\u00f6nnen die F\u00fcllung mit verschiedenen Fruchts\u00e4ften, Sirupen oder anderen Aromastoffen anpassen, um eine vielf\u00e4ltige Produktpalette zu erstellen.<\/p>\n<p><strong>Q: Wird das Rezept f\u00fcr die Herstellung von Popping Boba bereitgestellt?<\/strong><\/p>\n<p>A: Ja, wir bieten eine umfassende Formel, die auf die Bed\u00fcrfnisse jedes Kunden zugeschnitten ist. Unser Expertenteam wird Sie durch den Prozess f\u00fchren, damit Sie hochwertigen Popping Boba produzieren k\u00f6nnen, der Ihren spezifischen Anforderungen entspricht.<\/p>\n<p><strong>Q: Wie lange ist die Lieferzeit, wenn ich mich entscheide, die Maschine jetzt zu bestellen?<\/strong><\/p>\n<p>A: Die Lieferzeit f\u00fcr unsere Popping Boba Produktionslinie betr\u00e4gt in der Regel 15 bis 30 Tage f\u00fcr das kleinste Modell. F\u00fcr eine genaue Lieferzeit und um Ihre spezifischen Bed\u00fcrfnisse zu ber\u00fccksichtigen, ist es am besten, sich zum Zeitpunkt der Bestellung an unser Verkaufsteam zu wenden.<\/p>\n<p><strong>Q: Wie sollte ich die Maschine warten, um ihre Langlebigkeit und optimale Leistung zu gew\u00e4hrleisten?<\/strong><\/p>\n<p>A: Wir stellen bei jedem Maschineneinkauf eine detaillierte Wartungsanleitung bereit. Diese Anleitung enth\u00e4lt Anweisungen f\u00fcr den t\u00e4glichen Betrieb, routinem\u00e4\u00dfige Wartung und Richtlinien zur Behebung h\u00e4ufiger Probleme. Eine ordnungsgem\u00e4\u00dfe Wartung verl\u00e4ngert nicht nur die Lebensdauer Ihrer Maschine, sondern sorgt auch f\u00fcr eine gleichbleibende Produktqualit\u00e4t.<\/p>\n<p><strong>Q: Welche Unterst\u00fctzung kann ich nach dem Kauf erwarten?<\/strong><\/p>\n<p>A: Unser Engagement f\u00fcr Kundenzufriedenheit geht \u00fcber den Verkauf hinaus. Wir bieten laufenden Support, einschlie\u00dflich Zugang zu unserem 24\/7 Ersatzteilzentrum, kostenloser Fabriklayoutplanung, ma\u00dfgeschneiderten Formmustern sowie Produkt- und Maschinendesignberatungen. Wir laden Sie auch ein, unsere Fabrik zu besichtigen, um unsere Produktionskapazit\u00e4ten aus erster Hand zu sehen.<\/p>\n<p><strong>Q: Gibt es eine Garantie oder Gew\u00e4hrleistung f\u00fcr die Popping Boba Produktionslinie?<\/strong><\/p>\n<p>A: Ja, unsere Maschinen sind mit branchen\u00fcblichen Garantien ausgestattet, um Ihnen Sicherheit zu geben. Zus\u00e4tzlich steht Ihnen unser After-Sales-Service-Team jederzeit zur Verf\u00fcgung, um bei Fragen oder Problemen zu helfen.<\/p>","protected":false},"excerpt":{"rendered":"<div class=\"content-style\">\n<ul>\n<li>Servodrive\u00a0&amp; PLC control<\/li>\n<li>Gr\u00f6\u00dfe einstellbar von 3 mm bis 40 mm<\/li>\n<li>Formel- und Testunterst\u00fctzung<\/li>\n<li>Zirkulationssystem<\/li>\n<li>Sterilisationssystem<\/li>\n<li>Kontinuierliches Verpackungssystem<\/li>\n<li>24-hour technology supporting<\/li>\n<li>J\u00e4hrliche Wartung<\/li>\n<li>Auslandseinstallation<\/li>\n<\/ul>\n<\/div>","protected":false},"featured_media":1792,"comment_status":"closed","ping_status":"closed","template":"","meta":[],"product_brand":[],"product_cat":[18],"product_tag":[31,30,29],"class_list":{"0":"post-1537","1":"product","2":"type-product","3":"status-publish","4":"has-post-thumbnail","6":"product_cat-popping-boba-machine","7":"product_tag-cleaning-system","8":"product_tag-depositor","9":"product_tag-popping-boba-machine","11":"first","12":"instock","13":"shipping-taxable","14":"product-type-simple"},"_links":{"self":[{"href":"https:\/\/www.jymachinetech.com\/de\/wp-json\/wp\/v2\/product\/1537","targetHints":{"allow":["GET"]}}],"collection":[{"href":"https:\/\/www.jymachinetech.com\/de\/wp-json\/wp\/v2\/product"}],"about":[{"href":"https:\/\/www.jymachinetech.com\/de\/wp-json\/wp\/v2\/types\/product"}],"replies":[{"embeddable":true,"href":"https:\/\/www.jymachinetech.com\/de\/wp-json\/wp\/v2\/comments?post=1537"}],"version-history":[{"count":1,"href":"https:\/\/www.jymachinetech.com\/de\/wp-json\/wp\/v2\/product\/1537\/revisions"}],"predecessor-version":[{"id":7191,"href":"https:\/\/www.jymachinetech.com\/de\/wp-json\/wp\/v2\/product\/1537\/revisions\/7191"}],"wp:featuredmedia":[{"embeddable":true,"href":"https:\/\/www.jymachinetech.com\/de\/wp-json\/wp\/v2\/media\/1792"}],"wp:attachment":[{"href":"https:\/\/www.jymachinetech.com\/de\/wp-json\/wp\/v2\/media?parent=1537"}],"wp:term":[{"taxonomy":"product_brand","embeddable":true,"href":"https:\/\/www.jymachinetech.com\/de\/wp-json\/wp\/v2\/product_brand?post=1537"},{"taxonomy":"product_cat","embeddable":true,"href":"https:\/\/www.jymachinetech.com\/de\/wp-json\/wp\/v2\/product_cat?post=1537"},{"taxonomy":"product_tag","embeddable":true,"href":"https:\/\/www.jymachinetech.com\/de\/wp-json\/wp\/v2\/product_tag?post=1537"}],"curies":[{"name":"wp","href":"https:\/\/api.w.org\/{rel}","templated":true}]}}