{"id":1521,"date":"2021-12-23T10:18:12","date_gmt":"2021-12-23T10:18:12","guid":{"rendered":"https:\/\/www.jymachinetech.com\/?post_type=product&#038;p=1521"},"modified":"2025-07-25T05:58:39","modified_gmt":"2025-07-25T05:58:39","slug":"konjac-pearl-making-machine","status":"publish","type":"product","link":"https:\/\/www.jymachinetech.com\/de\/product\/konjac-pearl-making-machine\/","title":{"rendered":"Konjac-Perlenherstellungsmaschine | Konjac-Perlenproduktionslinie"},"content":{"rendered":"<h2>Konjac-Perlenherstellungsmaschine: Verbessern Sie Ihre Getr\u00e4nkeangebote mit ges\u00fcnderen Alternativen<\/h2>\n<p><strong>Produkt\u00fcbersicht:<\/strong> Die Konjac-Perlenherstellungsmaschine von JY MACHINE ist eine innovative L\u00f6sung zur Herstellung von Konjac-Perlen, einer beliebten und ges\u00fcnderen Alternative zu Tapioka-Perlen. Diese Perlen bieten eine angenehme z\u00e4he oder knusprige Textur und verbessern das Genusserlebnis bei hei\u00dfen und eisgek\u00fchlten Getr\u00e4nken.<\/p>\n<p><iframe title=\"JY200 Konjak-Agar-Kristallkugel-Produktionslinie. Konjak-Perlenherstellungsmaschine, Popping-Boba-Maschine\" width=\"800\" height=\"450\" src=\"https:\/\/www.youtube.com\/embed\/F6Am_2slM0k?feature=oembed\" frameborder=\"0\" allow=\"accelerometer; autoplay; clipboard-write; encrypted-media; gyroscope; picture-in-picture; web-share\" referrerpolicy=\"strict-origin-when-cross-origin\" allowfullscreen><\/iframe><\/p>\n<h2><strong>Hauptmerkmale &amp; Vorteile:<\/strong><\/h2>\n<ul>\n<li><strong>Patente Technologie:<\/strong> Unsere Konjac-Perlenmaschine wurde von JY MACHINE entwickelt und patentiert, was einzigartige und fortschrittliche Produktionsm\u00f6glichkeiten garantiert.<\/li>\n<li><strong>Vielseitige Modelle:<\/strong> Erh\u00e4ltlich in einer Reihe von Modellen, von Labor- bis hin zu vollautomatischen Produktionslinien, geeignet f\u00fcr verschiedene Unternehmensgr\u00f6\u00dfen und Anforderungen.<\/li>\n<li><strong>Anpassbare Perlen:<\/strong> Passen Sie die Gr\u00f6\u00dfe und Form der Perlen mit verschiedenen Formen an, um Ihren Produkten eine pers\u00f6nliche Note zu verleihen.<\/li>\n<li><strong>Fortschrittliche Funktionalit\u00e4t:<\/strong> Merkmale wie PLC-Steuerung, CIP-System, stabiles Hebesystem und ein Sichtfenster sorgen f\u00fcr einfache Bedienung und Wartung.<\/li>\n<li><strong>Effizientes Design:<\/strong> Ausgestattet mit einer Stahlgetriebepumpe f\u00fcr Fl\u00fcssigkeitstransfer, separatem Kochsystem und digitalen Speichereformeln f\u00fcr eine optimierte Produktion.<\/li>\n<li><strong>Problemloser Betrieb:<\/strong> Einfache Installation, Wartung und hygienisches Fl\u00fcssigkeitsrecycling f\u00fcr einen sauberen und effizienten Arbeitsablauf.<\/li>\n<li><strong>Expertenunterst\u00fctzung:<\/strong> \u00dcber 20 Ingenieure mit umfangreicher Erfahrung bei Auslandseinrichtungen und Online-Technischer Unterst\u00fctzung innerhalb von 24 Stunden.<\/li>\n<li><strong>Wartung j\u00e4hrlich:<\/strong> Umfassende j\u00e4hrliche Wartungsdienste, um Ihre Maschine in Top-Zustand zu halten.<\/li>\n<\/ul>\n<h2><strong>FAQ:<\/strong><\/h2>\n<p><strong>F: Was sind Konjak-Perlen?<\/strong> A: Konjak-Perlen sind eine nahrhafte und schmackhafte Alternative zu Tapioka-Perlen, hergestellt aus Konjakmehl. Sie bieten eine einzigartige Textur, die entweder z\u00e4h oder knusprig sein kann, und verleihen Getr\u00e4nken eine unterhaltsame und reiche Geschmacksebene. Sie gewinnen an Popularit\u00e4t wegen ihrer gesundheitlichen Vorteile und Vielseitigkeit in hei\u00dfen und kalten Getr\u00e4nken.<\/p>\n<p><strong>F: Kann die Maschine verschiedene Arten von Perlen produzieren?<\/strong> A: Ja, unsere Maschine ist so konzipiert, dass sie verschiedene Geschmacksrichtungen und sogar unterschiedliche Texturen von Konjak-Perlen herstellen kann, um den vielf\u00e4ltigen Verbraucherpr\u00e4ferenzen gerecht zu werden.<\/p>\n<p><strong>F: Welche Gr\u00f6\u00dfen und Formen von Konjak-Perlen kann die Maschine produzieren?<\/strong> A: Die Maschine kann Perlen im Bereich von 2-3 mm mit verschiedenen Formen herstellen. Formen k\u00f6nnen ebenfalls angepasst werden; w\u00e4hrend Kugel- und Herzformen \u00fcblich sind, k\u00f6nnen mit speziellen Formen auch andere Formen erzielt werden.<\/p>\n<p><strong>F: Kann diese Maschine auch Popping Boba herstellen?<\/strong> A: Nein, diese Maschine ist speziell f\u00fcr die Herstellung von Konjak-Perlen ausgelegt. Wenn Sie an der Herstellung von Popping Boba interessiert sind, empfehlen wir unsere Popping Boba Produktionslinie.<\/p>\n<p><strong>F: Stellen Sie eine Formel f\u00fcr die Herstellung von Konjak-Perlen bereit?<\/strong> A: Ja, wir bieten eine ma\u00dfgeschneiderte Formel f\u00fcr jeden Kunden an, damit Sie hochwertige Konjak-Perlen produzieren k\u00f6nnen, die Ihren spezifischen Anforderungen entsprechen.<\/p>\n<p><strong>F: Wie lange ist die voraussichtliche Lieferzeit, wenn ich die Maschine jetzt bestelle?<\/strong> A: Die Lieferzeit f\u00fcr das kleinste Modell betr\u00e4gt etwa 15-30 Tage. Wir empfehlen jedoch, sich bei unserem Verkaufsteam nach der genauesten Lieferzeit zu erkundigen, insbesondere w\u00e4hrend der Hochsaison.<\/p>\n<p><strong>F: Wie sollte die Maschine gewartet werden?<\/strong> A: Wir stellen eine detaillierte Wartungsanleitung bereit, die den Betrieb, die Beschreibung der einzelnen Maschinenteile und die t\u00e4gliche Wartung umfasst, um die Langlebigkeit und optimale Leistung Ihrer Maschine zu gew\u00e4hrleisten.<\/p>\n<h2><strong>Warum JY MACHINE f\u00fcr Ihre Konjak-Perlenmaschine w\u00e4hlen?<\/strong><\/h2>\n<ul>\n<li><strong>Globales Serviceteam:<\/strong>\u00a0Angebot von Auslanddienstleistungen mit lokalem Support in Deutschland.<\/li>\n<li><strong>24\/7 Ersatzteilzentrum:<\/strong>\u00a0Sicherstellung eines rechtzeitigen Zugriffs auf notwendige Teile f\u00fcr einen ununterbrochenen Betrieb.<\/li>\n<li><strong>Kostenlose Dienstleistungen:<\/strong>\u00a0einschlie\u00dflich Fabriklayout-Design, ma\u00dfgeschneiderte Formmuster, Produktformel-Design und Maschinenbau-Beratung.<\/li>\n<li><strong>3D-Ger\u00e4teschema:<\/strong>\u00a0Bereitstellung einer virtuellen Darstellung der Ger\u00e4teinstallation f\u00fcr eine bessere Planung.<\/li>\n<li><strong>Kundenfabrik-Besichtigung:<\/strong>\u00a0Eine Gelegenheit, unseren professionellen und zuverl\u00e4ssigen Produktionsprozess pers\u00f6nlich zu sehen.<\/li>\n<li><strong>Professionell &amp; Zuverl\u00e4ssig:<\/strong>\u00a0Eine echte Fabrik mit nachweislicher Erfolgsbilanz und Engagement f\u00fcr Qualit\u00e4t.<\/li>\n<\/ul>\n<p><strong>Jetzt Angebot anfordern:<\/strong> F\u00fcr ein pers\u00f6nliches Angebot und um mehr \u00fcber unsere Konjak-Perlenherstellungsmaschine zu erfahren, kontaktieren Sie uns noch heute.<\/p>\n<p><img fetchpriority=\"high\" decoding=\"async\" class=\"alignnone size-full wp-image-1524\" title=\"Konjak-Perlenherstellungsmaschine | Konjak-Perlenproduktionslinie\" src=\"https:\/\/www.jymachinetech.com\/wp-content\/uploads\/2021\/12\/1630051672_image.png\" alt=\"Konjak-Perlenherstellungsmaschine | Konjak-Perlenproduktionslinie\" width=\"554\" height=\"135\" srcset=\"https:\/\/www.jymachinetech.com\/wp-content\/uploads\/2021\/12\/1630051672_image.png 554w, https:\/\/www.jymachinetech.com\/wp-content\/uploads\/2021\/12\/1630051672_image-18x4.png 18w\" sizes=\"(max-width: 554px) 100vw, 554px\" \/><\/p>\n<h2><span lang=\"EN-US\">Spezifikation<\/span><\/h2>\n<div class=\"table-responsive\">\n<table class=\"Table\" style=\"width: 382.25pt; border-collapse: collapse; border: solid white 1.0pt;\" width=\"510\">\n<tbody>\n<tr style=\"height: 22.55pt;\">\n<td style=\"border: solid white 1.0pt; border-bottom: solid white 3.0pt; background: #ed7d31; width: 91.65pt; padding: 3.6pt 7.2pt 3.6pt 7.2pt; height: 22.55pt;\" valign=\"top\" width=\"122\"><span style=\"font-size: 10.5pt;\"><span style=\"font-family: \u7b49\u7ebf;\"><b>Modell<\/b><\/span><\/span><\/td>\n<td style=\"border-bottom: solid white 3.0pt; background: #ed7d31; width: 2.0cm; border-top: solid white 1.0pt; border-left: none; border-right: solid white 1.0pt; padding: 3.6pt 7.2pt 3.6pt 7.2pt; height: 22.55pt;\" valign=\"top\" width=\"76\"><span style=\"font-size: 10.5pt;\"><span style=\"font-family: \u7b49\u7ebf;\"><b>JY-200<\/b><\/span><\/span><\/td>\n<td style=\"border-bottom: solid white 3.0pt; background: #ed7d31; width: 2.0cm; border-top: solid white 1.0pt; border-left: none; border-right: solid white 1.0pt; padding: 3.6pt 7.2pt 3.6pt 7.2pt; height: 22.55pt;\" valign=\"top\" width=\"76\"><span style=\"font-size: 10.5pt;\"><span style=\"font-family: \u7b49\u7ebf;\"><b>JY-400<\/b><\/span><\/span><\/td>\n<td style=\"border-bottom: solid white 3.0pt; background: #ed7d31; width: 2.0cm; border-top: solid white 1.0pt; border-left: none; border-right: solid white 1.0pt; padding: 3.6pt 7.2pt 3.6pt 7.2pt; height: 22.55pt;\" valign=\"top\" width=\"76\"><span style=\"font-size: 10.5pt;\"><span style=\"font-family: \u7b49\u7ebf;\"><b>JY-600<\/b><\/span><\/span><\/td>\n<td style=\"border-bottom: solid white 3.0pt; background: #ed7d31; width: 2.0cm; border-top: solid white 1.0pt; border-left: none; border-right: solid white 1.0pt; padding: 3.6pt 7.2pt 3.6pt 7.2pt; height: 22.55pt;\" valign=\"top\" width=\"76\"><span style=\"font-size: 10.5pt;\"><span style=\"font-family: \u7b49\u7ebf;\"><b>JY-800<\/b><\/span><\/span><\/td>\n<td style=\"border-bottom: solid white 3.0pt; background: #ed7d31; width: 63.8pt; border-top: solid white 1.0pt; border-left: none; border-right: solid white 1.0pt; padding: 3.6pt 7.2pt 3.6pt 7.2pt; height: 22.55pt;\" valign=\"top\" width=\"85\"><span style=\"font-size: 10.5pt;\"><span style=\"font-family: \u7b49\u7ebf;\"><b>JY-1200<\/b><\/span><\/span><\/td>\n<\/tr>\n<tr style=\"height: 25.2pt;\">\n<td style=\"border: solid white 1.0pt; background: #f8d7cd; width: 91.65pt; border-top: none; padding: 3.6pt 7.2pt 3.6pt 7.2pt; height: 25.2pt;\" valign=\"top\" width=\"122\"><span style=\"font-size: 10.5pt;\"><span style=\"font-family: \u7b49\u7ebf;\">Kapazit\u00e4t(kg\/h)<\/span><\/span><\/td>\n<td style=\"border-bottom: solid white 1.0pt; background: #f8d7cd; width: 2.0cm; border-top: none; border-left: none; border-right: solid white 1.0pt; padding: 3.6pt 7.2pt 3.6pt 7.2pt; height: 25.2pt;\" valign=\"top\" width=\"76\"><span style=\"font-size: 10.5pt;\"><span style=\"font-family: \u7b49\u7ebf;\">200<\/span><\/span><\/td>\n<td style=\"border-bottom: solid white 1.0pt; background: #f8d7cd; width: 2.0cm; border-top: none; border-left: none; border-right: solid white 1.0pt; padding: 3.6pt 7.2pt 3.6pt 7.2pt; height: 25.2pt;\" valign=\"top\" width=\"76\"><span style=\"font-size: 10.5pt;\"><span style=\"font-family: \u7b49\u7ebf;\">400<\/span><\/span><\/td>\n<td style=\"border-bottom: solid white 1.0pt; background: #f8d7cd; width: 2.0cm; border-top: none; border-left: none; border-right: solid white 1.0pt; padding: 3.6pt 7.2pt 3.6pt 7.2pt; height: 25.2pt;\" valign=\"top\" width=\"76\"><span style=\"font-size: 10.5pt;\"><span style=\"font-family: \u7b49\u7ebf;\">600<\/span><\/span><\/td>\n<td style=\"border-bottom: solid white 1.0pt; background: #f8d7cd; width: 2.0cm; border-top: none; border-left: none; border-right: solid white 1.0pt; padding: 3.6pt 7.2pt 3.6pt 7.2pt; height: 25.2pt;\" valign=\"top\" width=\"76\"><span style=\"font-size: 10.5pt;\"><span style=\"font-family: \u7b49\u7ebf;\">800<\/span><\/span><\/td>\n<td style=\"border-bottom: solid white 1.0pt; background: #f8d7cd; width: 63.8pt; border-top: none; border-left: none; border-right: solid white 1.0pt; padding: 3.6pt 7.2pt 3.6pt 7.2pt; height: 25.2pt;\" valign=\"top\" width=\"85\"><span style=\"font-size: 10.5pt;\"><span style=\"font-family: \u7b49\u7ebf;\">1200<\/span><\/span><\/td>\n<\/tr>\n<tr style=\"height: 19.9pt;\">\n<td style=\"border: solid white 1.0pt; background: #fcece8; width: 91.65pt; border-top: none; padding: 3.6pt 7.2pt 3.6pt 7.2pt; height: 19.9pt;\" valign=\"top\" width=\"122\"><span style=\"font-size: 10.5pt;\"><span style=\"font-family: \u7b49\u7ebf;\">Maschinenl\u00e4nge<\/span><\/span><\/td>\n<td style=\"border-bottom: solid white 1.0pt; background: #fcece8; width: 2.0cm; border-top: none; border-left: none; border-right: solid white 1.0pt; padding: 3.6pt 7.2pt 3.6pt 7.2pt; height: 19.9pt;\" valign=\"top\" width=\"76\"><span style=\"font-size: 10.5pt;\"><span style=\"font-family: \u7b49\u7ebf;\">3,5m<\/span><\/span><\/td>\n<td style=\"border-bottom: solid white 1.0pt; background: #fcece8; width: 2.0cm; border-top: none; border-left: none; border-right: solid white 1.0pt; padding: 3.6pt 7.2pt 3.6pt 7.2pt; height: 19.9pt;\" valign=\"top\" width=\"76\"><span style=\"font-size: 10.5pt;\"><span style=\"font-family: \u7b49\u7ebf;\">3,5m<\/span><\/span><\/td>\n<td style=\"border-bottom: solid white 1.0pt; background: #fcece8; width: 2.0cm; border-top: none; border-left: none; border-right: solid white 1.0pt; padding: 3.6pt 7.2pt 3.6pt 7.2pt; height: 19.9pt;\" valign=\"top\" width=\"76\"><span style=\"font-size: 10.5pt;\"><span style=\"font-family: \u7b49\u7ebf;\">5,5m<\/span><\/span><\/td>\n<td style=\"border-bottom: solid white 1.0pt; background: #fcece8; width: 2.0cm; border-top: none; border-left: none; border-right: solid white 1.0pt; padding: 3.6pt 7.2pt 3.6pt 7.2pt; height: 19.9pt;\" valign=\"top\" width=\"76\"><span style=\"font-size: 10.5pt;\"><span style=\"font-family: \u7b49\u7ebf;\">5,5m<\/span><\/span><\/td>\n<td style=\"border-bottom: solid white 1.0pt; background: #fcece8; width: 63.8pt; border-top: none; border-left: none; border-right: solid white 1.0pt; padding: 3.6pt 7.2pt 3.6pt 7.2pt; height: 19.9pt;\" valign=\"top\" width=\"85\"><span style=\"font-size: 10.5pt;\"><span style=\"font-family: \u7b49\u7ebf;\">6m<\/span><\/span><\/td>\n<\/tr>\n<tr style=\"height: 16.7pt;\">\n<td style=\"border: solid white 1.0pt; background: #f8d7cd; width: 91.65pt; border-top: none; padding: 3.6pt 7.2pt 3.6pt 7.2pt; height: 16.7pt;\" valign=\"top\" width=\"122\"><span style=\"font-size: 10.5pt;\"><span style=\"font-family: \u7b49\u7ebf;\">Leistung<\/span><\/span><\/td>\n<td style=\"border-bottom: solid white 1.0pt; background: #f8d7cd; width: 2.0cm; border-top: none; border-left: none; border-right: solid white 1.0pt; padding: 3.6pt 7.2pt 3.6pt 7.2pt; height: 16.7pt;\" valign=\"top\" width=\"76\"><span style=\"font-size: 10.5pt;\"><span style=\"font-family: \u7b49\u7ebf;\">10kw<\/span><\/span><\/td>\n<td style=\"border-bottom: solid white 1.0pt; background: #f8d7cd; width: 2.0cm; border-top: none; border-left: none; border-right: solid white 1.0pt; padding: 3.6pt 7.2pt 3.6pt 7.2pt; height: 16.7pt;\" valign=\"top\" width=\"76\"><span style=\"font-size: 10.5pt;\"><span style=\"font-family: \u7b49\u7ebf;\">15kw<\/span><\/span><\/td>\n<td style=\"border-bottom: solid white 1.0pt; background: #f8d7cd; width: 2.0cm; border-top: none; border-left: none; border-right: solid white 1.0pt; padding: 3.6pt 7.2pt 3.6pt 7.2pt; height: 16.7pt;\" valign=\"top\" width=\"76\"><span style=\"font-size: 10.5pt;\"><span style=\"font-family: \u7b49\u7ebf;\">15kw<\/span><\/span><\/td>\n<td style=\"border-bottom: solid white 1.0pt; background: #f8d7cd; width: 2.0cm; border-top: none; border-left: none; border-right: solid white 1.0pt; padding: 3.6pt 7.2pt 3.6pt 7.2pt; height: 16.7pt;\" valign=\"top\" width=\"76\"><span style=\"font-size: 10.5pt;\"><span style=\"font-family: \u7b49\u7ebf;\">25kw<\/span><\/span><\/td>\n<td style=\"border-bottom: solid white 1.0pt; background: #f8d7cd; width: 63.8pt; border-top: none; border-left: none; border-right: solid white 1.0pt; padding: 3.6pt 7.2pt 3.6pt 7.2pt; height: 16.7pt;\" valign=\"top\" width=\"85\"><span style=\"font-size: 10.5pt;\"><span style=\"font-family: \u7b49\u7ebf;\">30kw<\/span><\/span><\/td>\n<\/tr>\n<\/tbody>\n<\/table>\n<\/div>\n<p>&nbsp;<\/p>\n<p>&nbsp;<\/p>\n<h2><b><span lang=\"EN-US\">K\u00fcchenkochsystem<\/span><\/b><\/h2>\n<p><img decoding=\"async\" class=\"alignnone size-full wp-image-1756\" title=\"Konjak-Perlenherstellungsmaschine | Konjak-Perlenproduktionslinie\" src=\"https:\/\/www.jymachinetech.com\/wp-content\/uploads\/2021\/12\/kitchen.jpg\" alt=\"Konjak-Perlenherstellungsmaschine | Konjak-Perlenproduktionslinie\" width=\"999\" height=\"666\" srcset=\"https:\/\/www.jymachinetech.com\/wp-content\/uploads\/2021\/12\/kitchen.jpg 999w, https:\/\/www.jymachinetech.com\/wp-content\/uploads\/2021\/12\/kitchen-18x12.jpg 18w, https:\/\/www.jymachinetech.com\/wp-content\/uploads\/2021\/12\/kitchen-600x400.jpg 600w\" sizes=\"(max-width: 999px) 100vw, 999px\" \/><\/p>\n<ul>\n<li><b>Zuckerkessel*1<\/b><\/li>\n<li><b>Speichertank*1<\/b><\/li>\n<li><b>Lobepumpe*2<\/b><\/li>\n<\/ul>\n<h2><b><span lang=\"EN-US\">Formmaschine<\/span><\/b><\/h2>\n<p><img decoding=\"async\" class=\"alignnone size-full wp-image-1752\" title=\"Konjak-Perlenherstellungsmaschine | Konjak-Perlenproduktionslinie\" src=\"https:\/\/www.jymachinetech.com\/wp-content\/uploads\/2021\/12\/2.Forming-System.jpg\" alt=\"Konjak-Perlenherstellungsmaschine | Konjak-Perlenproduktionslinie\" width=\"999\" height=\"666\" srcset=\"https:\/\/www.jymachinetech.com\/wp-content\/uploads\/2021\/12\/2.Forming-System.jpg 999w, https:\/\/www.jymachinetech.com\/wp-content\/uploads\/2021\/12\/2.Forming-System-18x12.jpg 18w, https:\/\/www.jymachinetech.com\/wp-content\/uploads\/2021\/12\/2.Forming-System-600x400.jpg 600w\" sizes=\"(max-width: 999px) 100vw, 999px\" \/><\/p>\n<h2><strong><b>Reaktionssystem<\/b><\/strong><\/h2>\n<p><img loading=\"lazy\" decoding=\"async\" class=\"alignnone size-full wp-image-1757\" title=\"Konjak-Perlenherstellungsmaschine | Konjak-Perlenproduktionslinie\" src=\"https:\/\/www.jymachinetech.com\/wp-content\/uploads\/2021\/12\/reaction-system.jpg\" alt=\"Konjak-Perlenherstellungsmaschine | Konjak-Perlenproduktionslinie\" width=\"999\" height=\"666\" srcset=\"https:\/\/www.jymachinetech.com\/wp-content\/uploads\/2021\/12\/reaction-system.jpg 999w, https:\/\/www.jymachinetech.com\/wp-content\/uploads\/2021\/12\/reaction-system-18x12.jpg 18w, https:\/\/www.jymachinetech.com\/wp-content\/uploads\/2021\/12\/reaction-system-600x400.jpg 600w\" sizes=\"(max-width: 999px) 100vw, 999px\" \/><\/p>\n<h2><strong><b>Zirkulationssystem<\/b><\/strong><\/h2>\n<p><img loading=\"lazy\" decoding=\"async\" class=\"alignnone size-full wp-image-1753\" title=\"Konjak-Perlenherstellungsmaschine | Konjak-Perlenproduktionslinie\" src=\"https:\/\/www.jymachinetech.com\/wp-content\/uploads\/2021\/12\/4.Circulation-System.jpg\" alt=\"Konjak-Perlenherstellungsmaschine | Konjak-Perlenproduktionslinie\" width=\"999\" height=\"666\" srcset=\"https:\/\/www.jymachinetech.com\/wp-content\/uploads\/2021\/12\/4.Circulation-System.jpg 999w, https:\/\/www.jymachinetech.com\/wp-content\/uploads\/2021\/12\/4.Circulation-System-18x12.jpg 18w, https:\/\/www.jymachinetech.com\/wp-content\/uploads\/2021\/12\/4.Circulation-System-600x400.jpg 600w\" sizes=\"(max-width: 999px) 100vw, 999px\" \/><\/p>\n<h2><strong><b>Filtrationssystem<\/b><\/strong><\/h2>\n<p><img loading=\"lazy\" decoding=\"async\" class=\"alignnone size-full wp-image-1755\" title=\"Konjak-Perlenherstellungsmaschine | Konjak-Perlenproduktionslinie\" src=\"https:\/\/www.jymachinetech.com\/wp-content\/uploads\/2021\/12\/filtration-system.jpg\" alt=\"Konjak-Perlenherstellungsmaschine | Konjak-Perlenproduktionslinie\" width=\"999\" height=\"666\" srcset=\"https:\/\/www.jymachinetech.com\/wp-content\/uploads\/2021\/12\/filtration-system.jpg 999w, https:\/\/www.jymachinetech.com\/wp-content\/uploads\/2021\/12\/filtration-system-18x12.jpg 18w, https:\/\/www.jymachinetech.com\/wp-content\/uploads\/2021\/12\/filtration-system-600x400.jpg 600w\" sizes=\"(max-width: 999px) 100vw, 999px\" \/><\/p>\n<h2><strong><b>S<\/b><\/strong><strong><b>Sterilisationssystem<\/b><\/strong><\/h2>\n<p><img loading=\"lazy\" decoding=\"async\" class=\"alignnone size-full wp-image-1750\" title=\"Konjak-Perlenherstellungsmaschine | Konjak-Perlenproduktionslinie\" src=\"https:\/\/www.jymachinetech.com\/wp-content\/uploads\/2021\/12\/Sterilization-system.jpg\" alt=\"Konjak-Perlenherstellungsmaschine | Konjak-Perlenproduktionslinie\" width=\"999\" height=\"666\" srcset=\"https:\/\/www.jymachinetech.com\/wp-content\/uploads\/2021\/12\/Sterilization-system.jpg 999w, https:\/\/www.jymachinetech.com\/wp-content\/uploads\/2021\/12\/Sterilization-system-18x12.jpg 18w, https:\/\/www.jymachinetech.com\/wp-content\/uploads\/2021\/12\/Sterilization-system-600x400.jpg 600w\" sizes=\"(max-width: 999px) 100vw, 999px\" \/><\/p>\n<p>&nbsp;<\/p>\n<h2><span lang=\"EN-US\">Welche Art von Konjak-Perle kann mit dieser Maschine hergestellt werden?<\/span><\/h2>\n<p><img loading=\"lazy\" decoding=\"async\" class=\"alignnone size-full wp-image-1528\" title=\"Konjak-Perlenherstellungsmaschine | Konjak-Perlenproduktionslinie\" src=\"https:\/\/www.jymachinetech.com\/wp-content\/uploads\/2021\/12\/1630051859_image.png\" alt=\"Konjak-Perlenherstellungsmaschine | Konjak-Perlenproduktionslinie\" width=\"544\" height=\"288\" srcset=\"https:\/\/www.jymachinetech.com\/wp-content\/uploads\/2021\/12\/1630051859_image.png 544w, https:\/\/www.jymachinetech.com\/wp-content\/uploads\/2021\/12\/1630051859_image-18x10.png 18w\" sizes=\"(max-width: 544px) 100vw, 544px\" \/><\/p>\n<p>&nbsp;<\/p>\n<p><img loading=\"lazy\" decoding=\"async\" class=\"alignnone size-full wp-image-1529\" title=\"Konjak-Perlenherstellungsmaschine | Konjak-Perlenproduktionslinie\" src=\"https:\/\/www.jymachinetech.com\/wp-content\/uploads\/2021\/12\/1630051875_image.png\" alt=\"Konjak-Perlenherstellungsmaschine | Konjak-Perlenproduktionslinie\" width=\"554\" height=\"201\" srcset=\"https:\/\/www.jymachinetech.com\/wp-content\/uploads\/2021\/12\/1630051875_image.png 554w, https:\/\/www.jymachinetech.com\/wp-content\/uploads\/2021\/12\/1630051875_image-18x7.png 18w\" sizes=\"(max-width: 554px) 100vw, 554px\" \/><\/p>\n<p>&nbsp;<\/p>\n<h2><span lang=\"EN-US\">Anwendungsreferenz<\/span><\/h2>\n<p><img loading=\"lazy\" decoding=\"async\" class=\"alignnone size-full wp-image-1530\" title=\"Konjak-Perlenherstellungsmaschine | Konjak-Perlenproduktionslinie\" src=\"https:\/\/www.jymachinetech.com\/wp-content\/uploads\/2021\/12\/1630051890_image.png\" alt=\"Konjak-Perlenherstellungsmaschine | Konjak-Perlenproduktionslinie\" width=\"554\" height=\"258\" srcset=\"https:\/\/www.jymachinetech.com\/wp-content\/uploads\/2021\/12\/1630051890_image.png 554w, https:\/\/www.jymachinetech.com\/wp-content\/uploads\/2021\/12\/1630051890_image-18x8.png 18w\" sizes=\"(max-width: 554px) 100vw, 554px\" \/><\/p>\n<p>&nbsp;<\/p>","protected":false},"excerpt":{"rendered":"<div class=\"content-style\">\n<ul>\n<li>Servodrive\u00a0&amp; PLC control<\/li>\n<li>CIP-System verf\u00fcgbar<\/li>\n<li>Formel- und Testunterst\u00fctzung<\/li>\n<li>cURL Too many subrequests.<\/li>\n<li>Zirkulationssystem<\/li>\n<li>Sterilisationssystem<\/li>\n<li>Kontinuierliches Verpackungssystem<\/li>\n<li>24-Stunden-Technologiesupport<\/li>\n<li>J\u00e4hrliche Wartung<\/li>\n<li>Auslandseinstallation<\/li>\n<\/ul>\n<\/div>","protected":false},"featured_media":1790,"comment_status":"closed","ping_status":"closed","template":"","meta":[],"product_brand":[],"product_cat":[103],"product_tag":[],"class_list":{"0":"post-1521","1":"product","2":"type-product","3":"status-publish","4":"has-post-thumbnail","6":"product_cat-konjac-pearl-machine","8":"first","9":"instock","10":"shipping-taxable","11":"product-type-simple"},"_links":{"self":[{"href":"https:\/\/www.jymachinetech.com\/de\/wp-json\/wp\/v2\/product\/1521","targetHints":{"allow":["GET"]}}],"collection":[{"href":"https:\/\/www.jymachinetech.com\/de\/wp-json\/wp\/v2\/product"}],"about":[{"href":"https:\/\/www.jymachinetech.com\/de\/wp-json\/wp\/v2\/types\/product"}],"replies":[{"embeddable":true,"href":"https:\/\/www.jymachinetech.com\/de\/wp-json\/wp\/v2\/comments?post=1521"}],"version-history":[{"count":1,"href":"https:\/\/www.jymachinetech.com\/de\/wp-json\/wp\/v2\/product\/1521\/revisions"}],"predecessor-version":[{"id":7192,"href":"https:\/\/www.jymachinetech.com\/de\/wp-json\/wp\/v2\/product\/1521\/revisions\/7192"}],"wp:featuredmedia":[{"embeddable":true,"href":"https:\/\/www.jymachinetech.com\/de\/wp-json\/wp\/v2\/media\/1790"}],"wp:attachment":[{"href":"https:\/\/www.jymachinetech.com\/de\/wp-json\/wp\/v2\/media?parent=1521"}],"wp:term":[{"taxonomy":"product_brand","embeddable":true,"href":"https:\/\/www.jymachinetech.com\/de\/wp-json\/wp\/v2\/product_brand?post=1521"},{"taxonomy":"product_cat","embeddable":true,"href":"https:\/\/www.jymachinetech.com\/de\/wp-json\/wp\/v2\/product_cat?post=1521"},{"taxonomy":"product_tag","embeddable":true,"href":"https:\/\/www.jymachinetech.com\/de\/wp-json\/wp\/v2\/product_tag?post=1521"}],"curies":[{"name":"wp","href":"https:\/\/api.w.org\/{rel}","templated":true}]}}