{"id":1495,"date":"2021-12-23T09:14:44","date_gmt":"2021-12-23T09:14:44","guid":{"rendered":"https:\/\/www.jymachinetech.com\/?post_type=product&#038;p=1495"},"modified":"2025-07-25T05:59:10","modified_gmt":"2025-07-25T05:59:10","slug":"chocolate-enrobing-machine","status":"publish","type":"product","link":"https:\/\/www.jymachinetech.com\/de\/product\/chocolate-enrobing-machine\/","title":{"rendered":"Schokoladen\u00fcberziehmaschine | Schokoladenproduktionslinie"},"content":{"rendered":"<h2>Schokoladen\u00fcberziehmaschine: Die ultimative Beschichtungsl\u00f6sung f\u00fcr eine verbesserte Produktion<\/h2>\n<p><strong>Produkt\u00fcbersicht:<\/strong> Steigern Sie Ihre Konditoreiproduktion mit unserer hochmodernen Schokoladen\u00fcberziehmaschine. Entwickelt f\u00fcr hohe Effizienz und Vielseitigkeit, sorgt diese Maschine f\u00fcr ein gleichm\u00e4\u00dfiges und professionelles Finish f\u00fcr eine Vielzahl von Produkten, von Pralinen und Keksen bis hin zu Trockenfr\u00fcchten, Kuchen und Toffee.<\/p>\n<p><iframe title=\"Schokoladen-Chip-Keksmaschine | Chips-Biskuit-Produktionslinie | Keks-Schneid-Formmaschinen\" width=\"800\" height=\"450\" src=\"https:\/\/www.youtube.com\/embed\/lzgDEZqdzTs?feature=oembed\" frameborder=\"0\" allow=\"accelerometer; autoplay; clipboard-write; encrypted-media; gyroscope; picture-in-picture; web-share\" referrerpolicy=\"strict-origin-when-cross-origin\" allowfullscreen><\/iframe><\/p>\n<h2><strong>Hauptmerkmale &amp; Vorteile:<\/strong><\/h2>\n<ul>\n<li><strong>Erh\u00f6hte Produktionskapazit\u00e4t:<\/strong>\u00a0Steigern Sie die Aussto\u00dfmenge und Geschwindigkeit, um den hohen Produktionsbedarf zu decken.<\/li>\n<li><strong>Gleichm\u00e4\u00dfiges Beschichtungsfinish:<\/strong>\u00a0Erzielen Sie ein konsistentes Schokoladenfinish f\u00fcr vollst\u00e4ndig oder teilweise \u00fcberzogene Produkte.<\/li>\n<li><strong>Vielseitige Anwendung:<\/strong>\u00a0Geeignet f\u00fcr eine Vielzahl von Produkten, erweitert Ihre Produktpalette.<\/li>\n<li><strong>Benutzerfreundlicher Betrieb:<\/strong>\u00a0Vereinfachte Steuerung f\u00fcr einfache Handhabung und minimalen Schulungsaufwand.<\/li>\n<li><strong>Wartungsarmes Design:<\/strong>\u00a0Optimierte Struktur f\u00fcr eine problemlose Wartung.<\/li>\n<li><strong>Hochwertige Komponenten:<\/strong>\u00a0Ausgestattet mit hochwertigen, importierten elektrischen Komponenten f\u00fcr Zuverl\u00e4ssigkeit.<\/li>\n<li><strong>Verstellbares Beschichtungsvolumen:<\/strong>\u00a0Passen Sie die Tiefe der Schokoladenbeschichtung an die Produktspezifikationen an.<\/li>\n<li><strong>Effiziente R\u00fcttelvorrichtung:<\/strong>\u00a0Reduziert \u00fcbersch\u00fcssige Schokolade f\u00fcr eine optimale Beschichtungsdicke.<\/li>\n<li><strong>Mobiles Sammelsystem:<\/strong>\u00a0Erleichtert die einfache Reinigung und Wartung.<\/li>\n<\/ul>\n<h2><strong>FAQ:<\/strong><\/h2>\n<p><strong>F: Was ist eine Schokoladen\u00fcberziehmaschine?<\/strong> A: Eine Schokoladen\u00fcberziehmaschine ist eine wichtige Ausr\u00fcstung zum \u00dcberziehen von Produkten mit einer d\u00fcnnen Schicht Schokolade oder anderen Beschichtungen, die ein gleichm\u00e4\u00dfiges und attraktives Finish bietet.<\/p>\n<p><strong>F: Kann die Maschine verschiedene Arten von Schokoladen\u00fcberz\u00fcgen herstellen?<\/strong> A: Ja, unsere \u00dcberziehmaschine ist vielseitig und kann verschiedene Schokoladen\u00fcberzugsprodukte verarbeiten, einschlie\u00dflich Pralinen, Kekse, Trockenfr\u00fcchte, Kuchen und mehr.<\/p>\n<p><strong>F: Kann ich diese Maschine in meine bestehenden Keks- oder andere Produktionslinien integrieren?<\/strong> A: Die Integration ist je nach F\u00f6rderbandbreite und Kompatibilit\u00e4t mit Ihrer aktuellen Produktionslinie m\u00f6glich.<\/p>\n<p><strong>F: Welche Produkte k\u00f6nnen mit dieser Maschine verarbeitet werden?<\/strong> A: Die Maschine eignet sich f\u00fcr eine Vielzahl von Produkten wie Kekse, Schokoladen, Kuchen und Brot und bietet vielf\u00e4ltige Anwendungsm\u00f6glichkeiten.<\/p>\n<p><strong>F: Wie lange dauert die Lieferung der Maschine nach Bestellung?<\/strong> A: Das kleinste Maschinmodell ben\u00f6tigt in der Regel 15-30 Tage f\u00fcr die Lieferung, aber es ist ratsam, die genaue Lieferzeit mit unserem Verkaufsteam zu best\u00e4tigen.<\/p>\n<p><strong>F: Wie sollte die Maschine gewartet werden?<\/strong> A: Wir stellen nach dem Kauf eine umfassende Bedienungsanleitung bereit, die Betrieb, Maschinenbeschreibung und t\u00e4gliche Wartungsroutinen detailliert beschreibt, um eine optimale Leistung zu gew\u00e4hrleisten.<\/p>\n<h2><strong>Warum uns w\u00e4hlen \u2013 Der Hersteller:<\/strong><\/h2>\n<ul>\n<li><strong>Echte Fabrikerfahrung:<\/strong>\u00a0Wir sind eine echte Fertigungsst\u00e4tte mit nachweislicher Erfolgsbilanz, kein reines Handelsunternehmen.<\/li>\n<li><strong>Professionalit\u00e4t:<\/strong>\u00a0Mit \u00fcber 40 Jahren Erfahrung in der Maschinenherstellung steht unser Team aus 12 Designern und 20 Ingenieuren bereit, um Ihnen fachkundige technische Unterst\u00fctzung zu bieten.<\/li>\n<li><strong>Zuverl\u00e4ssigkeit:<\/strong>\u00a0Unsere moderne Fabrik besch\u00e4ftigt \u00fcber 200 Arbeiter und unterh\u00e4lt ein strenges Qualit\u00e4tssicherungssystem, das deutsche Standards erf\u00fcllt und CNC-Bearbeitung f\u00fcr Pr\u00e4zision nutzt.<\/li>\n<li><strong>Hochwertige Maschinen:<\/strong>\u00a0Alle Maschinen werden in einer GMP-konformen Fabrik hergestellt, was erstklassige Qualit\u00e4t und Langlebigkeit mit SUS304-Edelstahl und Sandstrahloberfl\u00e4chenbeschichtung gew\u00e4hrleistet.<\/li>\n<\/ul>\n<h2><strong>Unser Engagement f\u00fcr Sie:<\/strong><\/h2>\n<ul>\n<li><strong>Ma\u00dfgeschneiderte L\u00f6sungen:<\/strong>\u00a0Wir bieten Fabriklayoutplanung, 3D-Design, Projektplanung, ma\u00dfgeschneiderte Formgestaltung und Produktformelentwicklung an, um Ihre spezifischen Bed\u00fcrfnisse zu erf\u00fcllen.<\/li>\n<\/ul>\n<p><strong>Jetzt Angebot anfordern:<\/strong> F\u00fcr ein pers\u00f6nliches Angebot und um den Unterschied zu erleben, den unsere Schokoladen\u00fcberziehmaschine in Ihre Produktionskapazit\u00e4ten bringen kann, kontaktieren Sie uns noch heute.<\/p>\n<p><img fetchpriority=\"high\" decoding=\"async\" class=\"alignnone size-full wp-image-1497\" title=\"Schokoladen-\u00dcberziehmaschine | Schokoladenproduktionslinie\" src=\"https:\/\/www.jymachinetech.com\/wp-content\/uploads\/2021\/12\/1626915573_image.png\" alt=\"Schokoladen-\u00dcberziehmaschine | Schokoladenproduktionslinie\" width=\"598\" height=\"449\" srcset=\"https:\/\/www.jymachinetech.com\/wp-content\/uploads\/2021\/12\/1626915573_image.png 598w, https:\/\/www.jymachinetech.com\/wp-content\/uploads\/2021\/12\/1626915573_image-16x12.png 16w\" sizes=\"(max-width: 598px) 100vw, 598px\" \/><\/p>\n<h2><strong>Spezifikation<\/strong><\/h2>\n<p>&nbsp;<\/p>\n<div class=\"table-responsive\">\n<table style=\"width: 100%;\">\n<tbody>\n<tr>\n<td style=\"text-align: center;\">Modell<\/td>\n<td style=\"text-align: center;\">JY-400<\/td>\n<td style=\"text-align: center;\">JY-600<\/td>\n<td style=\"text-align: center;\">JY-800<\/td>\n<td style=\"text-align: center;\">JY-1000<\/td>\n<\/tr>\n<tr>\n<td style=\"text-align: center;\">Drahtgitter- und Bandbreite (mm)<\/td>\n<td style=\"text-align: center;\">400<\/td>\n<td style=\"text-align: center;\">600<\/td>\n<td style=\"text-align: center;\">800<\/td>\n<td style=\"text-align: center;\">\u00a0\u00a0\u00a01000<\/td>\n<\/tr>\n<tr>\n<td style=\"text-align: center;\">Drahtgitter- und Bandgeschwindigkeit (m\/min)<\/td>\n<td style=\"text-align: center;\">1-6<\/td>\n<td style=\"text-align: center;\">1-6<\/td>\n<td style=\"text-align: center;\">1-6<\/td>\n<td style=\"text-align: center;\">1-6<\/td>\n<\/tr>\n<tr>\n<td style=\"text-align: center;\">K\u00fchlungseinheit (Set)<\/td>\n<td style=\"text-align: center;\">2<\/td>\n<td style=\"text-align: center;\">2<\/td>\n<td style=\"text-align: center;\">2<\/td>\n<td style=\"text-align: center;\">3<\/td>\n<\/tr>\n<tr>\n<td style=\"text-align: center;\">K\u00fchlkanall\u00e4nge (m)<\/td>\n<td style=\"text-align: center;\">10<\/td>\n<td style=\"text-align: center;\">14<\/td>\n<td style=\"text-align: center;\">18<\/td>\n<td style=\"text-align: center;\">22<\/td>\n<\/tr>\n<tr>\n<td style=\"text-align: center;\">K\u00fchlkanaltemperatur (\u2103)<\/td>\n<td style=\"text-align: center;\">2-10<\/td>\n<td style=\"text-align: center;\">2-10<\/td>\n<td style=\"text-align: center;\">2-10<\/td>\n<td style=\"text-align: center;\">2-10<\/td>\n<\/tr>\n<\/tbody>\n<\/table>\n<\/div>\n<p>&nbsp;<\/p>\n<h2><b><span lang=\"EN-US\">Sind Sie besorgt \u00fcber begrenzten Platz?<\/span><\/b><\/h2>\n<p>Es gibt verschiedene Typen f\u00fcr den Laboreinsatz, je nach Kapazit\u00e4t.<\/p>\n<p><img decoding=\"async\" class=\"alignnone size-full wp-image-1498\" title=\"Schokoladen-\u00dcberziehmaschine | Schokoladenproduktionslinie\" src=\"https:\/\/www.jymachinetech.com\/wp-content\/uploads\/2021\/12\/1626915773_image.png\" alt=\"Schokoladen-\u00dcberziehmaschine | Schokoladenproduktionslinie\" width=\"423\" height=\"244\" srcset=\"https:\/\/www.jymachinetech.com\/wp-content\/uploads\/2021\/12\/1626915773_image.png 423w, https:\/\/www.jymachinetech.com\/wp-content\/uploads\/2021\/12\/1626915773_image-18x10.png 18w\" sizes=\"(max-width: 423px) 100vw, 423px\" \/><\/p>\n<p><img decoding=\"async\" class=\"alignnone size-full wp-image-1499\" title=\"Schokoladen-\u00dcberziehmaschine | Schokoladenproduktionslinie\" src=\"https:\/\/www.jymachinetech.com\/wp-content\/uploads\/2021\/12\/1626915803_image.png\" alt=\"Schokoladen-\u00dcberziehmaschine | Schokoladenproduktionslinie\" width=\"538\" height=\"240\" srcset=\"https:\/\/www.jymachinetech.com\/wp-content\/uploads\/2021\/12\/1626915803_image.png 538w, https:\/\/www.jymachinetech.com\/wp-content\/uploads\/2021\/12\/1626915803_image-18x8.png 18w\" sizes=\"(max-width: 538px) 100vw, 538px\" \/><\/p>\n<p>&nbsp;<\/p>\n<div class=\"table-responsive\">\n<table class=\"Table\" style=\"margin-left: 7px; border-collapse: collapse; border: solid windowtext 1.0pt;\" width=\"653\">\n<tbody>\n<tr style=\"height: 1.0cm;\">\n<td style=\"border: solid windowtext 1.0pt; width: 132.15pt; padding: 0cm 5.4pt 0cm 5.4pt; height: 1.0cm;\" width=\"176\"><span style=\"font-size: 10.5pt;\"><span style=\"font-family: Calibri,sans-serif;\"><b>Modell<\/b><\/span><\/span><\/td>\n<td style=\"border: solid windowtext 1.0pt; width: 87.6pt; border-left: none; padding: 0cm 5.4pt 0cm 5.4pt; height: 1.0cm;\" width=\"117\"><span style=\"font-size: 10.5pt;\"><span style=\"font-family: Calibri,sans-serif;\"><b>CM-8<\/b><\/span><\/span><\/td>\n<td style=\"border: solid windowtext 1.0pt; width: 89.0pt; border-left: none; padding: 0cm 5.4pt 0cm 5.4pt; height: 1.0cm;\" width=\"119\"><span style=\"font-size: 10.5pt;\"><span style=\"font-family: Calibri,sans-serif;\"><b>CM-15<\/b><\/span><\/span><\/td>\n<td style=\"border: solid windowtext 1.0pt; width: 97.5pt; border-left: none; padding: 0cm 5.4pt 0cm 5.4pt; height: 1.0cm;\" width=\"130\"><span style=\"font-size: 10.5pt;\"><span style=\"font-family: Calibri,sans-serif;\"><b>CM-30<\/b><\/span><\/span><\/td>\n<td style=\"border: solid windowtext 1.0pt; width: 83.6pt; border-left: none; padding: 0cm 5.4pt 0cm 5.4pt; height: 1.0cm;\" width=\"111\"><span style=\"font-size: 10.5pt;\"><span style=\"font-family: Calibri,sans-serif;\"><b>CM-60<\/b><\/span><\/span><\/td>\n<\/tr>\n<tr style=\"height: 1.0cm;\">\n<td style=\"border: solid windowtext 1.0pt; width: 132.15pt; border-top: none; padding: 0cm 5.4pt 0cm 5.4pt; height: 1.0cm;\" width=\"176\"><span style=\"font-size: 10.5pt;\"><span style=\"font-family: Calibri,sans-serif;\"><b>Elektrische Heizleistung<\/b><\/span><\/span><\/td>\n<td style=\"border-bottom: solid windowtext 1.0pt; width: 87.6pt; border-top: none; border-left: none; border-right: solid windowtext 1.0pt; padding: 0cm 5.4pt 0cm 5.4pt; height: 1.0cm;\" width=\"117\"><span style=\"font-size: 10.5pt;\"><span style=\"font-family: Calibri,sans-serif;\"><span lang=\"EN-US\" style=\"font-family: 'Arial','sans-serif';\">600W<\/span><\/span><\/span><\/td>\n<td style=\"border-bottom: solid windowtext 1.0pt; width: 89.0pt; border-top: none; border-left: none; border-right: solid windowtext 1.0pt; padding: 0cm 5.4pt 0cm 5.4pt; height: 1.0cm;\" width=\"119\"><span style=\"font-size: 10.5pt;\"><span style=\"font-family: Calibri,sans-serif;\"><span lang=\"EN-US\" style=\"font-family: 'Arial','sans-serif';\">800W<\/span><\/span><\/span><\/td>\n<td style=\"border-bottom: solid windowtext 1.0pt; width: 97.5pt; border-top: none; border-left: none; border-right: solid windowtext 1.0pt; padding: 0cm 5.4pt 0cm 5.4pt; height: 1.0cm;\" width=\"130\"><span style=\"font-size: 10.5pt;\"><span style=\"font-family: Calibri,sans-serif;\"><span lang=\"EN-US\" style=\"font-family: 'Arial','sans-serif';\">1300w<\/span><\/span><\/span><\/td>\n<td style=\"border-bottom: solid windowtext 1.0pt; width: 83.6pt; border-top: none; border-left: none; border-right: solid windowtext 1.0pt; padding: 0cm 5.4pt 0cm 5.4pt; height: 1.0cm;\" width=\"111\"><span style=\"font-size: 10.5pt;\"><span style=\"font-family: Calibri,sans-serif;\"><span lang=\"EN-US\" style=\"font-family: 'Arial','sans-serif';\">\u00a0\u00a0 2000w<\/span><\/span><\/span><\/td>\n<\/tr>\n<tr style=\"height: 1.0cm;\">\n<td style=\"border: solid windowtext 1.0pt; width: 132.15pt; border-top: none; padding: 0cm 5.4pt 0cm 5.4pt; height: 1.0cm;\" width=\"176\"><span style=\"font-size: 10.5pt;\"><span style=\"font-family: Calibri,sans-serif;\"><b>Beschichtungsbreite<\/b><\/span><\/span><\/td>\n<td style=\"border-bottom: solid windowtext 1.0pt; width: 87.6pt; border-top: none; border-left: none; border-right: solid windowtext 1.0pt; padding: 0cm 5.4pt 0cm 5.4pt; height: 1.0cm;\" width=\"117\"><span style=\"font-size: 10.5pt;\"><span style=\"font-family: Calibri,sans-serif;\"><span lang=\"EN-US\" style=\"font-family: 'Arial','sans-serif';\">200mm<\/span><\/span><\/span><\/td>\n<td style=\"border-bottom: solid windowtext 1.0pt; width: 89.0pt; border-top: none; border-left: none; border-right: solid windowtext 1.0pt; padding: 0cm 5.4pt 0cm 5.4pt; height: 1.0cm;\" width=\"119\"><span style=\"font-size: 10.5pt;\"><span style=\"font-family: Calibri,sans-serif;\"><span lang=\"EN-US\" style=\"font-family: 'Arial','sans-serif';\">200mm<\/span><\/span><\/span><\/td>\n<td style=\"border-bottom: solid windowtext 1.0pt; width: 97.5pt; border-top: none; border-left: none; border-right: solid windowtext 1.0pt; padding: 0cm 5.4pt 0cm 5.4pt; height: 1.0cm;\" width=\"130\"><span style=\"font-size: 10.5pt;\"><span style=\"font-family: Calibri,sans-serif;\"><span lang=\"EN-US\" style=\"font-family: 'Arial','sans-serif';\">200-300mm<\/span><\/span><\/span><\/td>\n<td style=\"border-bottom: solid windowtext 1.0pt; width: 83.6pt; border-top: none; border-left: none; border-right: solid windowtext 1.0pt; padding: 0cm 5.4pt 0cm 5.4pt; height: 1.0cm;\" width=\"111\"><span style=\"font-size: 10.5pt;\"><span style=\"font-family: Calibri,sans-serif;\"><span lang=\"EN-US\" style=\"font-family: 'Arial','sans-serif';\">200-300mm<\/span><\/span><\/span><\/td>\n<\/tr>\n<tr style=\"height: 1.0cm;\">\n<td style=\"border: solid windowtext 1.0pt; width: 132.15pt; border-top: none; padding: 0cm 5.4pt 0cm 5.4pt; height: 1.0cm;\" width=\"176\"><span style=\"font-size: 10.5pt;\"><span style=\"font-family: Calibri,sans-serif;\"><b>Volumen<\/b><\/span><\/span><\/td>\n<td style=\"border-bottom: solid windowtext 1.0pt; width: 87.6pt; border-top: none; border-left: none; border-right: solid windowtext 1.0pt; padding: 0cm 5.4pt 0cm 5.4pt; height: 1.0cm;\" width=\"117\"><span style=\"font-size: 10.5pt;\"><span style=\"font-family: Calibri,sans-serif;\"><span lang=\"EN-US\" style=\"font-family: 'Arial','sans-serif';\">8L<\/span><\/span><\/span><\/td>\n<td style=\"border-bottom: solid windowtext 1.0pt; width: 89.0pt; border-top: none; border-left: none; border-right: solid windowtext 1.0pt; padding: 0cm 5.4pt 0cm 5.4pt; height: 1.0cm;\" width=\"119\"><span style=\"font-size: 10.5pt;\"><span style=\"font-family: Calibri,sans-serif;\"><span lang=\"EN-US\" style=\"font-family: 'Arial','sans-serif';\">15L<\/span><\/span><\/span><\/td>\n<td style=\"border-bottom: solid windowtext 1.0pt; width: 97.5pt; border-top: none; border-left: none; border-right: solid windowtext 1.0pt; padding: 0cm 5.4pt 0cm 5.4pt; height: 1.0cm;\" width=\"130\"><span style=\"font-size: 10.5pt;\"><span style=\"font-family: Calibri,sans-serif;\"><span lang=\"EN-US\" style=\"font-family: 'Arial','sans-serif';\">30L<\/span><\/span><\/span><\/td>\n<td style=\"border-bottom: solid windowtext 1.0pt; width: 83.6pt; border-top: none; border-left: none; border-right: solid windowtext 1.0pt; padding: 0cm 5.4pt 0cm 5.4pt; height: 1.0cm;\" width=\"111\"><span style=\"font-size: 10.5pt;\"><span style=\"font-family: Calibri,sans-serif;\"><span lang=\"EN-US\" style=\"font-family: 'Arial','sans-serif';\">60L<\/span><\/span><\/span><\/td>\n<\/tr>\n<\/tbody>\n<\/table>\n<\/div>\n<p>&nbsp;<\/p>\n<h2><strong>SCHOKOLADEN-ENROBERPROBEN<\/strong><\/h2>\n<p><img loading=\"lazy\" decoding=\"async\" class=\"alignnone size-large wp-image-1503\" title=\"Schokoladen-\u00dcberziehmaschine | Schokoladenproduktionslinie\" src=\"https:\/\/www.jymachinetech.com\/wp-content\/uploads\/2021\/12\/WX20211223-171106@2x-1024x247.png\" alt=\"Schokoladen-\u00dcberziehmaschine | Schokoladenproduktionslinie\" width=\"1024\" height=\"247\" \/><\/p>\n<p>&nbsp;<\/p>","protected":false},"excerpt":{"rendered":"<p>Ein \u00dcberzieher ist eine Maschine, die in der Lebensmittelindustrie verwendet wird, um ein Lebensmittel mit einem \u00dcberzugsmittel, typischerweise Schokolade, zu \u00fcberziehen.<\/p>","protected":false},"featured_media":1500,"comment_status":"closed","ping_status":"closed","template":"","meta":[],"product_brand":[],"product_cat":[17],"product_tag":[],"class_list":{"0":"post-1495","1":"product","2":"type-product","3":"status-publish","4":"has-post-thumbnail","6":"product_cat-chocolate-machine","8":"first","9":"instock","10":"shipping-taxable","11":"product-type-simple"},"_links":{"self":[{"href":"https:\/\/www.jymachinetech.com\/de\/wp-json\/wp\/v2\/product\/1495","targetHints":{"allow":["GET"]}}],"collection":[{"href":"https:\/\/www.jymachinetech.com\/de\/wp-json\/wp\/v2\/product"}],"about":[{"href":"https:\/\/www.jymachinetech.com\/de\/wp-json\/wp\/v2\/types\/product"}],"replies":[{"embeddable":true,"href":"https:\/\/www.jymachinetech.com\/de\/wp-json\/wp\/v2\/comments?post=1495"}],"version-history":[{"count":1,"href":"https:\/\/www.jymachinetech.com\/de\/wp-json\/wp\/v2\/product\/1495\/revisions"}],"predecessor-version":[{"id":7195,"href":"https:\/\/www.jymachinetech.com\/de\/wp-json\/wp\/v2\/product\/1495\/revisions\/7195"}],"wp:featuredmedia":[{"embeddable":true,"href":"https:\/\/www.jymachinetech.com\/de\/wp-json\/wp\/v2\/media\/1500"}],"wp:attachment":[{"href":"https:\/\/www.jymachinetech.com\/de\/wp-json\/wp\/v2\/media?parent=1495"}],"wp:term":[{"taxonomy":"product_brand","embeddable":true,"href":"https:\/\/www.jymachinetech.com\/de\/wp-json\/wp\/v2\/product_brand?post=1495"},{"taxonomy":"product_cat","embeddable":true,"href":"https:\/\/www.jymachinetech.com\/de\/wp-json\/wp\/v2\/product_cat?post=1495"},{"taxonomy":"product_tag","embeddable":true,"href":"https:\/\/www.jymachinetech.com\/de\/wp-json\/wp\/v2\/product_tag?post=1495"}],"curies":[{"name":"wp","href":"https:\/\/api.w.org\/{rel}","templated":true}]}}