{"id":1489,"date":"2021-12-23T09:04:54","date_gmt":"2021-12-23T09:04:54","guid":{"rendered":"https:\/\/www.jymachinetech.com\/?post_type=product&#038;p=1489"},"modified":"2025-07-25T05:59:17","modified_gmt":"2025-07-25T05:59:17","slug":"chocolate-conche-machine","status":"publish","type":"product","link":"https:\/\/www.jymachinetech.com\/de\/product\/chocolate-conche-machine\/","title":{"rendered":"Schokoladen-Conche-Maschine | Schokoladenproduktionslinie"},"content":{"rendered":"<h2>Schokoladen-Conche-Maschine: Die Wahl des Handwerkers f\u00fcr polierte Schokoladenperfektion<\/h2>\n<p><strong>Produkt\u00fcbersicht:<\/strong> Die Schokoladen-Conche-Maschine ist ein Grundpfeiler der feinen Schokoladenherstellung innerhalb der Schokoladenproduktionslinie. Diese Maschine verfeinert die Schokolade, gl\u00e4ttet ihre Textur und verbessert ihr Aroma durch einen kontinuierlichen Misch- und Bel\u00fcftungsprozess.<\/p>\n<p><iframe title=\"Junyu Gold Coin Schokoladenfolie Verpackungsmaschine\" width=\"800\" height=\"600\" src=\"https:\/\/www.youtube.com\/embed\/MBu3kK5vzGU?list=PLkC9Irp2ZdYa4PmOAcxqLj_5W7hqWV4Cb\" frameborder=\"0\" allow=\"accelerometer; autoplay; clipboard-write; encrypted-media; gyroscope; picture-in-picture; web-share\" referrerpolicy=\"strict-origin-when-cross-origin\" allowfullscreen><\/iframe><\/p>\n<h2><strong>Wichtige Vorteile:<\/strong><\/h2>\n<ul>\n<li><strong>Hohe Effizienz:<\/strong> Unsere Conche-Maschine ist so konzipiert, dass sie effizient arbeitet und die f\u00fcr eine glatte, homogene Schokoladenmasse normalerweise erforderliche Conche-Zeit reduziert.<\/li>\n<li><strong>Einfache Bedienung:<\/strong> Benutzerfreundliche Steuerungen und automatisierte Prozesse machen es einfach f\u00fcr Bediener, den Conche-Prozess zu steuern, auch bei minimaler Erfahrung.<\/li>\n<li><strong>Bequeme Wartung:<\/strong> Die Struktur der Maschine erm\u00f6glicht einfachen Zugang zu allen Komponenten, was die Reinigungs- und Wartungsroutinen vereinfacht, um die Maschine in Top-Zustand zu halten.<\/li>\n<li><strong>Enge und einfache Struktur:<\/strong> Ein kompaktes und stromlinienf\u00f6rmiges Design sorgt daf\u00fcr, dass die Maschine auf Ihrer Produktionsfl\u00e4che minimalen Platz beansprucht und gleichzeitig eine robuste Leistung bietet.<\/li>\n<li><strong>Hochwertige elektrische Komponenten:<\/strong> Ausgestattet mit hochwertigen, importierten elektrischen Komponenten, bietet die Maschine Zuverl\u00e4ssigkeit und Langlebigkeit, reduziert das Risiko von Ausf\u00e4llen und Wartungsproblemen.<\/li>\n<\/ul>\n<h2><strong>Technische Highlights:<\/strong><\/h2>\n<ul>\n<li><strong>Kontinuierliches Mischen:<\/strong>\u00a0Die Conche-Maschine sorgt f\u00fcr eine gr\u00fcndliche Vermischung der Schokoladenmasse, integriert Luft und verfeinert die Textur.<\/li>\n<li><strong>Variable Geschwindigkeitssteuerung:<\/strong>\u00a0Erm\u00f6glicht es den Bedienern, die Mischintensit\u00e4t an die spezifischen Eigenschaften verschiedener Schokoladentypen anzupassen.<\/li>\n<li><strong>Temperaturregelung:<\/strong>\u00a0Pr\u00e4zise Temperaturkontrolle innerhalb der Conche stellt sicher, dass die Schokolade unter optimalen Bedingungen verarbeitet wird.<\/li>\n<li><strong>Hygienisches Design:<\/strong>\u00a0Erf\u00fcllt strenge Lebensmittelstandards mit leicht zu reinigenden Oberfl\u00e4chen und Komponenten.<\/li>\n<\/ul>\n<h2><strong>Applications:<\/strong><\/h2>\n<ul>\n<li>Ideal f\u00fcr handwerkliche Schokoladenhersteller und gro\u00df angelegte Schokoladenproduzenten, die hochwertige Schokolade mit glatter Textur und reichem Geschmack herstellen m\u00f6chten.<\/li>\n<\/ul>\n<h2><strong>Kundenservice &amp; Support:<\/strong><\/h2>\n<ul>\n<li><strong>Professionelle Installation:<\/strong>\u00a0Unser Team sorgt daf\u00fcr, dass Ihre Conche-Maschine korrekt installiert und in Ihre Produktionslinie integriert wird.<\/li>\n<li><strong>Umfassende Schulung:<\/strong>\u00a0Wir bieten umfassende Schulungen f\u00fcr Ihr Personal an, um die Conche-Maschine effizient zu bedienen und zu warten.<\/li>\n<li><strong>Kundenservice nach dem Verkauf:<\/strong>\u00a0Wir bieten schnelle und effektive Unterst\u00fctzung bei betrieblichen Problemen, um Produktionsunterbrechungen zu minimieren.<\/li>\n<li><strong>Ersatzteile:<\/strong>\u00a0Eine zuverl\u00e4ssige Versorgung mit Ersatzteilen, um Ihre Conche-Maschine in optimalem Zustand zu halten.<\/li>\n<\/ul>\n<h2><strong>Warum unsere Schokoladen-Conche-Maschine w\u00e4hlen?<\/strong><\/h2>\n<ul>\n<li><strong>Qualit\u00e4t &amp; Leistung:<\/strong>\u00a0Hergestellt aus hochwertigen Materialien und Komponenten f\u00fcr \u00fcberlegene Leistung und Langlebigkeit.<\/li>\n<li><strong>Anpassung &amp; Flexibilit\u00e4t:<\/strong>\u00a0Ma\u00dfgeschneidert, um die spezifischen Anforderungen Ihres Schokoladen-Conching-Prozesses zu erf\u00fcllen.<\/li>\n<li><strong>Innovation &amp; Technologie:<\/strong>\u00a0Integriert die neueste Technologie f\u00fcr pr\u00e4zise und effiziente Schokoladenveredelung.<\/li>\n<li><strong>Expertenunterst\u00fctzung:<\/strong>\u00a0Unterst\u00fctzt von einem Team von Fachleuten mit umfangreicher Erfahrung in Schokoladenproduktionsanlagen.<\/li>\n<\/ul>\n<p><strong>Jetzt Angebot anfordern:<\/strong> F\u00fcr personalisierte Preise und um mehr dar\u00fcber zu erfahren, wie unsere Schokoladen-Conche-Maschine Ihre Schokoladenproduktion verbessern kann, kontaktieren Sie uns noch heute.<\/p>\n<p>&nbsp;<\/p>\n<p><img fetchpriority=\"high\" decoding=\"async\" class=\"alignnone size-full wp-image-1491\" title=\"Schokoladen-Conche-Maschine | Schokoladenproduktionslinie\" src=\"https:\/\/www.jymachinetech.com\/wp-content\/uploads\/2021\/12\/1616395069_Chocolate-Conche-Machine4.png\" alt=\"Schokoladen-Conche-Maschine | Schokoladenproduktionslinie\" width=\"612\" height=\"368\" srcset=\"https:\/\/www.jymachinetech.com\/wp-content\/uploads\/2021\/12\/1616395069_Chocolate-Conche-Machine4.png 612w, https:\/\/www.jymachinetech.com\/wp-content\/uploads\/2021\/12\/1616395069_Chocolate-Conche-Machine4-18x12.png 18w, https:\/\/www.jymachinetech.com\/wp-content\/uploads\/2021\/12\/1616395069_Chocolate-Conche-Machine4-600x361.png 600w\" sizes=\"(max-width: 612px) 100vw, 612px\" \/><\/p>\n<div class=\"table-responsive\">\n<table style=\"width: 100%;\">\n<tbody>\n<tr>\n<td style=\"text-align: center;\">Modell<\/td>\n<td style=\"text-align: center;\">JY-100L<\/td>\n<td style=\"text-align: center;\">JY-500L<\/td>\n<td style=\"text-align: center;\">JY-1000L<\/td>\n<td style=\"text-align: center;\">JY-3000L<\/td>\n<\/tr>\n<tr>\n<td style=\"text-align: center;\">Effektives Volumen<\/td>\n<td style=\"text-align: center;\">100L<\/td>\n<td style=\"text-align: center;\">500L<\/td>\n<td style=\"text-align: center;\">1000L<\/td>\n<td style=\"text-align: center;\">3000L<\/td>\n<\/tr>\n<tr>\n<td style=\"text-align: center;\">Feinmahlung Feinheit<\/td>\n<td style=\"text-align: center;\">20~25um<\/td>\n<td style=\"text-align: center;\">20~25um<\/td>\n<td style=\"text-align: center;\">20~25um<\/td>\n<td style=\"text-align: center;\">20~25um<\/td>\n<\/tr>\n<tr>\n<td style=\"text-align: center;\">Hauptwellen-Drehzahl<\/td>\n<td style=\"text-align: center;\">48r\/min<\/td>\n<td style=\"text-align: center;\">33r\/min<\/td>\n<td style=\"text-align: center;\">35r\/min<\/td>\n<td style=\"text-align: center;\">35r\/min<\/td>\n<\/tr>\n<tr>\n<td style=\"text-align: center;\">Feinmahlzeit<\/td>\n<td style=\"text-align: center;\">12~16h<\/td>\n<td style=\"text-align: center;\">16~22h<\/td>\n<td style=\"text-align: center;\">16~22h<\/td>\n<td style=\"text-align: center;\">16~22h<\/td>\n<\/tr>\n<\/tbody>\n<\/table>\n<\/div>","protected":false},"excerpt":{"rendered":"<p>Der Schokoladen-Conche ist eine der wichtigsten Anlagen, die f\u00fcr das Feinmahlen von Schokoladen verwendet wird, und eignet sich auch f\u00fcr das Feinmahlen von Sojamehl sowie f\u00fcr die t\u00e4glich verwendeten Industriechemikalien f\u00fcr hochstandardisierte Granularit\u00e4t. Die Feinmahlzeit betr\u00e4gt etwa 14~20 Stunden, die durchschnittliche Korngr\u00f6\u00dfe kann 20\u03bcm erreichen. Es ist eine Schl\u00fcsselmaschine f\u00fcr das Feinmahlen von Schokoladenpastenmaterialien in der Schokoladenproduktionslinie. Und es ist besonders geeignet f\u00fcr die technischen Anforderungen kleiner Schokoladen- und S\u00fc\u00dfwarenfabriken.<\/p>","protected":false},"featured_media":1492,"comment_status":"closed","ping_status":"closed","template":"","meta":[],"product_brand":[],"product_cat":[17],"product_tag":[],"class_list":{"0":"post-1489","1":"product","2":"type-product","3":"status-publish","4":"has-post-thumbnail","6":"product_cat-chocolate-machine","8":"first","9":"instock","10":"shipping-taxable","11":"product-type-simple"},"_links":{"self":[{"href":"https:\/\/www.jymachinetech.com\/de\/wp-json\/wp\/v2\/product\/1489","targetHints":{"allow":["GET"]}}],"collection":[{"href":"https:\/\/www.jymachinetech.com\/de\/wp-json\/wp\/v2\/product"}],"about":[{"href":"https:\/\/www.jymachinetech.com\/de\/wp-json\/wp\/v2\/types\/product"}],"replies":[{"embeddable":true,"href":"https:\/\/www.jymachinetech.com\/de\/wp-json\/wp\/v2\/comments?post=1489"}],"version-history":[{"count":1,"href":"https:\/\/www.jymachinetech.com\/de\/wp-json\/wp\/v2\/product\/1489\/revisions"}],"predecessor-version":[{"id":7196,"href":"https:\/\/www.jymachinetech.com\/de\/wp-json\/wp\/v2\/product\/1489\/revisions\/7196"}],"wp:featuredmedia":[{"embeddable":true,"href":"https:\/\/www.jymachinetech.com\/de\/wp-json\/wp\/v2\/media\/1492"}],"wp:attachment":[{"href":"https:\/\/www.jymachinetech.com\/de\/wp-json\/wp\/v2\/media?parent=1489"}],"wp:term":[{"taxonomy":"product_brand","embeddable":true,"href":"https:\/\/www.jymachinetech.com\/de\/wp-json\/wp\/v2\/product_brand?post=1489"},{"taxonomy":"product_cat","embeddable":true,"href":"https:\/\/www.jymachinetech.com\/de\/wp-json\/wp\/v2\/product_cat?post=1489"},{"taxonomy":"product_tag","embeddable":true,"href":"https:\/\/www.jymachinetech.com\/de\/wp-json\/wp\/v2\/product_tag?post=1489"}],"curies":[{"name":"wp","href":"https:\/\/api.w.org\/{rel}","templated":true}]}}