{"id":1434,"date":"2021-12-22T10:03:08","date_gmt":"2021-12-22T10:03:08","guid":{"rendered":"https:\/\/www.jymachinetech.com\/?post_type=product&#038;p=1434"},"modified":"2025-07-25T08:44:21","modified_gmt":"2025-07-25T08:44:21","slug":"small-automatic-candy-depositing-machine","status":"publish","type":"product","link":"https:\/\/www.jymachinetech.com\/de\/product\/small-automatic-candy-depositing-machine\/","title":{"rendered":"Small Automatic Candy Depositing Machine Production Line For Sale"},"content":{"rendered":"<h2>#1 S\u00fc\u00dfigkeiten-Einf\u00fcllproduktionslinie Gro\u00dfh\u00e4ndler<\/h2>\n<p>Entdecken Sie die perfekte S\u00fc\u00dfigkeiten-Einf\u00fcllproduktionslinie, die auf Ihre Bed\u00fcrfnisse zugeschnitten ist. Durch den direkten Kauf bei unserer vertrauensw\u00fcrdigen Fabrik eliminieren Sie Zwischenh\u00e4ndler und sichern sich die besten Preise sowie direkte Branchen-Garantien. Genie\u00dfen Sie 24\/7 Support und erhalten Sie innerhalb von 5 Minuten ein Angebot. <a href=\"https:\/\/www.jymachinetech.com\/de\/top-candy-gummy-counter-machine-for-efficient-counting-and-packaging\/\" title=\"Top Candy Gummy Counter Machine for Efficient Counting and Packaging\"  data-wpil-monitor-id=\"10\" target=\"_blank\">Unser<\/a> Die S\u00fc\u00dfigkeiten-Einf\u00fcllproduktionslinie bietet unvergleichliche Qualit\u00e4t und Effizienz und ist die beste Wahl f\u00fcr Ihre S\u00fc\u00dfigkeitenproduktion.<\/p>\n<p><iframe title=\"cURL Too many subrequests.\" width=\"800\" height=\"450\" src=\"https:\/\/www.youtube.com\/embed\/DxSf13U15jY?feature=oembed\" frameborder=\"0\" allow=\"accelerometer; autoplay; clipboard-write; encrypted-media; gyroscope; picture-in-picture; web-share\" referrerpolicy=\"strict-origin-when-cross-origin\" allowfullscreen><\/iframe><\/p>\n<h2>Key Features<\/h2>\n<ul>\n<li><strong>Internationale Marken-Elektroteile<\/strong>: Alle elektrischen Komponenten stammen von f\u00fchrenden internationalen Marken, was eine l\u00e4ngere Lebensdauer und zuverl\u00e4ssige Leistung garantiert.<\/li>\n<li><strong>Einzigartiges CFA-System<\/strong>: F\u00fcgen Sie leicht Zutaten wie Vitamine, CBD, THC usw. mit unserem einzigartigen Farbgeschmacks- und Zusatzsystem hinzu.<\/li>\n<li><strong>2D- und 3D-Formdesign<\/strong>: Erstellen Sie einzigartige Designs mit unserem System, kompatibel mit Materialien wie Silikon und Metall f\u00fcr vielf\u00e4ltige Formen.<\/li>\n<li><strong>Zentrumf\u00fcllung &amp; Mehrfarbige Optionen<\/strong>: Produzieren Sie S\u00fc\u00dfigkeiten mit Zentrumf\u00fcllungen oder mehreren Farben f\u00fcr mehr Abwechslung.<\/li>\n<li><strong>PLC-Programmiersteuerung<\/strong>: Mehrsprachiges PLC-Programmiersystem f\u00fcr vielseitigen und benutzerfreundlichen Betrieb.<\/li>\n<li><strong>Erweiterbares Umformungssystem<\/strong>: Sch\u00fctzt Formen und sorgt f\u00fcr langfristige Nutzbarkeit.<\/li>\n<li><strong>R-Form-Biegung &amp; Wasserdichte Sandstrahlbeschichtung<\/strong>: Verbessert die Haltbarkeit durch R-f\u00f6rmige Biegung und wasserdichte Sandstrahlbeschichtung.<\/li>\n<li><strong>Umfassende Sicherheitsmerkmale<\/strong>: Beinhaltet Warnschilder und Schutzvorrichtungen f\u00fcr einen sicheren Betrieb.<\/li>\n<li><strong>Doppelwandige Isolierung<\/strong>: H\u00e4lt die optimale Temperatur mit einem doppelschichtigen Isolierungssystem aufrecht.<\/li>\n<li><strong>Edelstahlkonstruktion<\/strong>: Das Geh\u00e4use und der K\u00f6rper sind aus langlebigem Edelstahl gefertigt.<\/li>\n<li><strong>Einfache Reinigung<\/strong>: Ausgestattet mit Reinigungsfunktion und Ablaufschl\u00e4uchen f\u00fcr eine problemlose Wartung.<\/li>\n<li><strong>Zertifizierte Qualit\u00e4t<\/strong>: Erf\u00fcllt CE-Zertifizierung und GMP-Standards f\u00fcr Sicherheit und Qualit\u00e4t.<\/li>\n<\/ul>\n<h2>Spezifikationen<\/h2>\n<p>Unsere kleine automatische Bonbon-Abf\u00fcllmaschine ist ideal f\u00fcr budgetfreundliche oder platzsparende Betriebe. Sie besteht aus zwei Hauptteilen: dem Abf\u00fcllabschnitt und dem K\u00fchlkanal. Dieses st\u00e4rkefreie Verfahren ist hygienischer und kosteng\u00fcnstiger im Vergleich zu traditionellen Methoden.<\/p>\n<ul>\n<li><strong>Vielseitiges Design<\/strong>: Unterst\u00fctzt 2D- und 3D-Designs sowie Formen, was sie perfekt f\u00fcr die Herstellung von Gummib\u00e4rchen, Hartbonbons, Lutscherbonbons und Toffees macht.<\/li>\n<li><strong>Hygienischer Prozess<\/strong>: Das st\u00e4rkefreie Verfahren sorgt f\u00fcr eine sauberere und hygienischere Produktion. <a href=\"https:\/\/www.jymachinetech.com\/de\/the-best-cake-production-line-enhancing-efficiency-and-quality\/\" title=\"Die beste Kuchenproduktionslinie: Effizienz und Qualit\u00e4t verbessern\"  data-wpil-monitor-id=\"82\" target=\"_blank\">efficient production line<\/a>.<\/li>\n<\/ul>\n<h2>Why Choose Us?<\/h2>\n<ul>\n<li><strong>Direktverkauf ab Werk<\/strong>: Kaufen Sie direkt bei unserem Werk, um die niedrigsten Preise zu sichern und Zwischenh\u00e4ndler zu vermeiden.<\/li>\n<li><strong>Professional Expertise<\/strong>: Mit jahrzehntelanger Erfahrung in der Maschinenherstellung bieten wir erstklassigen technischen Support und innovative L\u00f6sungen.<\/li>\n<li><strong>Hohe Qualit\u00e4tsstandards<\/strong>: Unsere Maschinen werden in einer GMP-zertifizierten Fabrik hergestellt, unter Verwendung hochwertiger Materialien und Pr\u00e4zisionstechnologie.<\/li>\n<li><strong>Ma\u00dfgeschneiderte L\u00f6sungen<\/strong>: Wir bieten Werkplanung, 3D-Design, Projektpl\u00e4ne und ma\u00dfgeschneiderte Formen, um Ihre spezifischen Anforderungen zu erf\u00fcllen.<\/li>\n<li><strong>Comprehensive Support<\/strong>: Genie\u00dfen Sie 24\/7 Kundenservice und schnelle Angebote, um einen reibungslosen Ablauf Ihrer Operationen zu gew\u00e4hrleisten.<\/li>\n<\/ul>\n<p>W\u00e4hlen Sie unsere kleine automatische <a href=\"https:\/\/www.jymachinetech.com\/de\/top-machine-gummy-candy-solutions-for-efficient-production\/\" title=\"Top Machine Gummy Candy Solutions for Efficient Production\"  data-wpil-monitor-id=\"66\" target=\"_blank\">Bonbon-Abgabemaschinenproduktion<\/a> Linie f\u00fcr eine zuverl\u00e4ssige, effiziente und kosteng\u00fcnstige L\u00f6sung f\u00fcr Ihre Bonbonproduktionsbed\u00fcrfnisse.<\/p>\n<p>&nbsp;<\/p>\n<div class=\"table-responsive\">\n<table style=\"width: 100%;\">\n<tbody>\n<tr>\n<td style=\"text-align: center;\">Modell<\/td>\n<td style=\"text-align: center;\">JYJ-40<\/td>\n<\/tr>\n<tr>\n<td style=\"text-align: center;\">Capacity<\/td>\n<td style=\"text-align: center;\">36000 St\u00fcck\/Std.<\/td>\n<\/tr>\n<tr>\n<td style=\"text-align: center;\">Abgabegeschwindigkeit<\/td>\n<td style=\"text-align: center;\">15-35 Mal\/Minute<\/td>\n<\/tr>\n<tr>\n<td style=\"text-align: center;\">Maschinenl\u00e4nge<\/td>\n<td style=\"text-align: center;\">4m<\/td>\n<\/tr>\n<tr>\n<td style=\"text-align: center;\">Produktname<\/td>\n<td style=\"text-align: center;\">kleine automatische Bonbon-Abgabemaschine<\/td>\n<\/tr>\n<\/tbody>\n<\/table>\n<\/div>\n<p>&nbsp;<\/p>\n<h2><strong>Abgabemaschine<br \/>\n<\/strong><\/h2>\n<ul>\n<li>Einfache Reinigung mit<\/li>\n<li>Automatisches \u00d6lspr\u00fchsystem<\/li>\n<li>Einfaches Entformen<\/li>\n<li>CFA-System verf\u00fcgbar<\/li>\n<li>Einzel- oder Doppel- oder Mittelbef\u00fcllung verf\u00fcgbar<\/li>\n<\/ul>\n<p><img fetchpriority=\"high\" decoding=\"async\" class=\"alignnone size-full wp-image-1435\" title=\"cURL Too many subrequests.\" src=\"https:\/\/www.jymachinetech.com\/wp-content\/uploads\/2021\/12\/small-candy-deposited-1.jpg\" alt=\"cURL Too many subrequests.\" width=\"800\" height=\"580\" srcset=\"https:\/\/www.jymachinetech.com\/wp-content\/uploads\/2021\/12\/small-candy-deposited-1.jpg 800w, https:\/\/www.jymachinetech.com\/wp-content\/uploads\/2021\/12\/small-candy-deposited-1-18x12.jpg 18w, https:\/\/www.jymachinetech.com\/wp-content\/uploads\/2021\/12\/small-candy-deposited-1-600x435.jpg 600w\" sizes=\"(max-width: 800px) 100vw, 800px\" \/><\/p>\n<p>&nbsp;<\/p>\n<h2><strong>cURL Too many subrequests.<br \/>\n<\/strong><\/h2>\n<ul>\n<li>Edelstahlkette<\/li>\n<li>Stabile \u00dcbertragung<\/li>\n<li>Platzsparend<\/li>\n<\/ul>\n<p><img decoding=\"async\" class=\"alignnone size-full wp-image-1436\" title=\"cURL Too many subrequests.\" src=\"https:\/\/www.jymachinetech.com\/wp-content\/uploads\/2021\/12\/small-candy-deposited-2.jpg\" alt=\"cURL Too many subrequests.\" width=\"1050\" height=\"720\" srcset=\"https:\/\/www.jymachinetech.com\/wp-content\/uploads\/2021\/12\/small-candy-deposited-2.jpg 1050w, https:\/\/www.jymachinetech.com\/wp-content\/uploads\/2021\/12\/small-candy-deposited-2-18x12.jpg 18w, https:\/\/www.jymachinetech.com\/wp-content\/uploads\/2021\/12\/small-candy-deposited-2-600x411.jpg 600w\" sizes=\"(max-width: 1050px) 100vw, 1050px\" \/><\/p>\n<h2>H\u00e4ufig gestellte Fragen zu Bonbon-Abgabemaschinen<\/h2>\n<h4>F: Wie viele Arten von S\u00fc\u00dfigkeiten kann Ihre Maschine herstellen?<\/h4>\n<p><strong>A<\/strong>: Unsere Maschine ist vielseitig und kann verschiedene Arten von S\u00fc\u00dfigkeiten herstellen, darunter Gummib\u00e4rchen, Hartbonbons, Lutscher, Toffee und Milchbonbons.<\/p>\n<h4>F: Kann ich diese Maschine zur Herstellung von Schokolade verwenden?<\/h4>\n<p><strong>A<\/strong>: Nein, diese <a href=\"https:\/\/www.jymachinetech.com\/de\/2025-top-gummy-candy-machine-for-efficient-production-and-quality-results\/\" title=\"2025 Top Gummy Candy Machine for Efficient Production and Quality Results\"  data-wpil-monitor-id=\"87\" target=\"_blank\">Maschine ist speziell f\u00fcr die S\u00fc\u00dfwarenherstellung konzipiert<\/a>. Sie ist nicht zur Herstellung von Schokolade geeignet.<\/p>\n<h4>F: Wie viele St\u00fccke kann die Maschine in einer Stunde produzieren?<\/h4>\n<p><strong>A<\/strong>: Die Maschine kann mindestens 21.600 St\u00fcck pro Stunde produzieren und gew\u00e4hrleistet so eine hohe Produktivit\u00e4t.<\/p>\n<h4>F: Was ist der Kapazit\u00e4tsbereich der Gummib\u00e4rchenmaschine?<\/h4>\n<p><strong>A<\/strong>: Unser <a href=\"https:\/\/www.jymachinetech.com\/de\/beginners-guide-using-gummy-candy-machine-homemade-gummies\/\" title=\"Beginner\u2019s Guide to Using a Gummy Candy Machine\"  data-wpil-monitor-id=\"58\" target=\"_blank\">Gummib\u00e4rchenmaschinen<\/a> Angebot umfasst Kapazit\u00e4ten von 40 kg bis 2000 kg pro Stunde, um verschiedenen Produktionsanforderungen gerecht zu werden.<\/p>\n<h4>F: Kann die Maschine kundenspezifische Formen und Gr\u00f6\u00dfen von Gummib\u00e4rchen herstellen?<\/h4>\n<p><strong>A<\/strong>: Ja, wir bieten kundenspezifische Formen an, um jede gew\u00fcnschte Form und Gr\u00f6\u00dfe von S\u00fc\u00dfigkeiten herzustellen.<\/p>\n<h4>F: Welche Gummibasen sind mit Ihrer Gummib\u00e4rchenmaschine kompatibel?<\/h4>\n<p><strong>A<\/strong>: Unsere Maschinen k\u00f6nnen <a href=\"https:\/\/www.jymachinetech.com\/de\/the-ultimate-guide-on-how-candy-is-made-from-ingredients-to-process\/\" title=\"The Ultimate Guide on How Candy is Made: From Ingredients to Process\"  data-wpil-monitor-id=\"83\" target=\"_blank\">Gummib\u00e4rchen verarbeiten, die<\/a> mit verschiedenen Gummibasen hergestellt werden, darunter Pektin, Gelatine und Carrageen, die jeweils eine einzigartige Verarbeitungsmethode erfordern.<\/p>\n<h4>F: Welche Art der Erw\u00e4rmung verwendet die Maschine?<\/h4>\n<p><strong>A<\/strong>: Unsere Maschinen k\u00f6nnen entweder mit elektrischer Heizung oder mit Dampfheizung ausgestattet werden, je nach Umgebung und Anforderungen des Kunden.<\/p>\n<h2>Warum bei uns eine Bonbon-Einf\u00fcllmaschine kaufen?<\/h2>\n<h4>Real Factory, Not a Trading Company<\/h4>\n<p>Wir sind ein echter Hersteller, kein Zwischenh\u00e4ndler. Wir laden Sie ein, unsere Fabrik zu besichtigen und unsere Abl\u00e4ufe aus erster Hand zu sehen.<\/p>\n<h4>Professional Expertise<\/h4>\n<ul>\n<li><strong>Erfahrung<\/strong>: Mit \u00fcber 40 Jahren Erfahrung in der Maschinenherstellung bringen wir unvergleichliche Fachkenntnisse mit.<\/li>\n<li><strong>Technischer Support<\/strong>: Unser Team umfasst 12 Konstruktionsdesigner und 20 professionelle Ingenieure, die jederzeit technische Unterst\u00fctzung bieten k\u00f6nnen.<\/li>\n<\/ul>\n<h4>Reliability<\/h4>\n<ul>\n<li><strong>Belegschaft<\/strong>: Unsere moderne Fabrik besch\u00e4ftigt \u00fcber 200 qualifizierte Arbeiter.<\/li>\n<li><strong>Qualit\u00e4tskontrolle<\/strong>: Wir halten strenge Qualit\u00e4tskontrollsysteme und fortschrittliche deutsche Standards ein.<\/li>\n<li><strong>Pr\u00e4zisionsengineering<\/strong>: Unser CNC-Bearbeitungszentrum stellt sicher, dass jedes Detail jeder Maschine mit Pr\u00e4zision verarbeitet wird.<\/li>\n<li><strong>Ma\u00dfgeschneiderte L\u00f6sungen<\/strong>: Unser professionelles Ingenieurteam bietet individuelle Pl\u00e4ne basierend auf Ihren spezifischen Anforderungen an.<\/li>\n<\/ul>\n<h4>High-Quality Machines<\/h4>\n<ul>\n<li><strong>GMP-Standards<\/strong>: Alle unsere Maschinen werden in einer GMP-konformen Fabrik hergestellt.<\/li>\n<li><strong>Pr\u00e4zision<\/strong>: Wir nutzen CNC-Zentren, um die Pr\u00e4zision unserer Maschinen zu gew\u00e4hrleisten.<\/li>\n<li><strong>Haltbare Materialien<\/strong>: Alle Maschinen sind aus SUS304-Edelstahl gefertigt und mit einer Sandstrahloberfl\u00e4chenbeschichtung f\u00fcr Langlebigkeit behandelt.<\/li>\n<\/ul>\n<h2>cURL Too many subrequests.<\/h2>\n<ul>\n<li><strong>Fabriklayout<\/strong>: Wir helfen Ihnen, das optimale Layout f\u00fcr Ihre Produktionsanlage zu entwerfen.<\/li>\n<li><strong>3D-Design &amp; Projektplanung<\/strong>: Wir bieten detaillierte 3D-Designs und umfassende Projektplanung an.<\/li>\n<li><strong>Customized Shape Design<\/strong>: Wir erstellen ma\u00dfgeschneiderte Formen, um Ihre spezifischen Anforderungen in der Bonbonproduktion zu erf\u00fcllen.<\/li>\n<li><strong>Bonbonformel<\/strong>: Wir unterst\u00fctzen bei der Entwicklung von Bonbonformeln, die mit Ihren Produktionszielen \u00fcbereinstimmen.<\/li>\n<\/ul>\n<p>Durch die Wahl unserer Bonbon-Abf\u00fcllmaschinen sichern Sie sich einen zuverl\u00e4ssigen, effizienten und hochwertigen Produktionsprozess, der auf Ihre spezifischen Bed\u00fcrfnisse zugeschnitten ist.<\/p>","protected":false},"excerpt":{"rendered":"<p>#1 Candy Depositing Production Line Wholesaler Discover the perfect candy depositing production line tailored to your needs. By purchasing directly from our trusted factory, you eliminate middlemen, ensuring you get the best prices and direct industry warranties. Enjoy 24\/7 support and receive a quote in 5 minutes or less. Our candy depositing production line offers [&hellip;]<\/p>","protected":false},"featured_media":4924,"comment_status":"closed","ping_status":"closed","template":"","meta":[],"product_brand":[],"product_cat":[16,98],"product_tag":[],"class_list":{"0":"post-1434","1":"product","2":"type-product","3":"status-publish","4":"has-post-thumbnail","6":"product_cat-candy-machine","7":"product_cat-gummy-candy-machine","9":"first","10":"instock","11":"shipping-taxable","12":"product-type-simple"},"_links":{"self":[{"href":"https:\/\/www.jymachinetech.com\/de\/wp-json\/wp\/v2\/product\/1434","targetHints":{"allow":["GET"]}}],"collection":[{"href":"https:\/\/www.jymachinetech.com\/de\/wp-json\/wp\/v2\/product"}],"about":[{"href":"https:\/\/www.jymachinetech.com\/de\/wp-json\/wp\/v2\/types\/product"}],"replies":[{"embeddable":true,"href":"https:\/\/www.jymachinetech.com\/de\/wp-json\/wp\/v2\/comments?post=1434"}],"version-history":[{"count":12,"href":"https:\/\/www.jymachinetech.com\/de\/wp-json\/wp\/v2\/product\/1434\/revisions"}],"predecessor-version":[{"id":7332,"href":"https:\/\/www.jymachinetech.com\/de\/wp-json\/wp\/v2\/product\/1434\/revisions\/7332"}],"wp:featuredmedia":[{"embeddable":true,"href":"https:\/\/www.jymachinetech.com\/de\/wp-json\/wp\/v2\/media\/4924"}],"wp:attachment":[{"href":"https:\/\/www.jymachinetech.com\/de\/wp-json\/wp\/v2\/media?parent=1434"}],"wp:term":[{"taxonomy":"product_brand","embeddable":true,"href":"https:\/\/www.jymachinetech.com\/de\/wp-json\/wp\/v2\/product_brand?post=1434"},{"taxonomy":"product_cat","embeddable":true,"href":"https:\/\/www.jymachinetech.com\/de\/wp-json\/wp\/v2\/product_cat?post=1434"},{"taxonomy":"product_tag","embeddable":true,"href":"https:\/\/www.jymachinetech.com\/de\/wp-json\/wp\/v2\/product_tag?post=1434"}],"curies":[{"name":"wp","href":"https:\/\/api.w.org\/{rel}","templated":true}]}}