{"id":1021,"date":"2021-12-18T09:53:15","date_gmt":"2021-12-18T09:53:15","guid":{"rendered":"https:\/\/www.jymachinetech.com\/?post_type=product&#038;p=1021"},"modified":"2025-07-25T05:52:56","modified_gmt":"2025-07-25T05:52:56","slug":"cookie-machine","status":"publish","type":"product","link":"https:\/\/www.jymachinetech.com\/de\/product\/cookie-machine\/","title":{"rendered":"Semi Automation Cookie Production Line For Sales | Industrial Bakery Equipment"},"content":{"rendered":"<h2>Semi-Automatisierte Kekseproduktionslinie: Vielseitigkeit und Effizienz beim Backen<\/h2>\n<p><strong>Produkt\u00fcbersicht:<\/strong> Die Semi-Automatisierte Kekseproduktionslinie von Junyu ist darauf ausgelegt, die vielf\u00e4ltigen Anforderungen des modernen Backens zu erf\u00fcllen. Mit einer Reihe von Modellen f\u00fcr verschiedene Produktionsgr\u00f6\u00dfen ist diese Linie in der Lage, eine Vielzahl von Keksen, Biscuiten und anderen Backwaren pr\u00e4zise und gleichm\u00e4\u00dfig herzustellen.<\/p>\n<p><iframe title=\"cURL Too many subrequests.\" width=\"800\" height=\"450\" src=\"https:\/\/www.youtube.com\/embed\/kwUAEOGspq0?list=PLkC9Irp2ZdYYo8LYiGUXXFn1OQ5NaYFSQ\" frameborder=\"0\" allow=\"accelerometer; autoplay; clipboard-write; encrypted-media; gyroscope; picture-in-picture; web-share\" referrerpolicy=\"strict-origin-when-cross-origin\" allowfullscreen><\/iframe><\/p>\n<h2><strong>Modellspezifikationen:<\/strong><\/h2>\n<ul>\n<li><strong>Modell JY-400:<\/strong>\u00a0Kapazit\u00e4t 100-185 kg\/h, Leistung 0,75 kW, Abmessungen 1460x960x1240 mm.<\/li>\n<li><strong>Modell JY-600:<\/strong>\u00a0Kapazit\u00e4t 200-285 kg\/h, Leistung 2,2 kW, Abmessungen 1560x1160x1240 mm.<\/li>\n<li><strong>Modell JY-800:<\/strong>\u00a0Kapazit\u00e4t 400-485 kg\/h, Leistung 3,5 kW, Abmessungen 1660x1360x1240 mm.<\/li>\n<li><strong>Modell JY-1000:<\/strong>\u00a0Kapazit\u00e4t 500-585 kg\/h, Leistung 7,5 kW, Abmessungen 1760x1560x1240 mm.<\/li>\n<\/ul>\n<h2><strong>Hauptmerkmale &amp; Vorteile:<\/strong><\/h2>\n<ul>\n<li><strong>Anpassbare D\u00fcsentypen:<\/strong>\u00a0In verschiedenen Formen erh\u00e4ltlich, um eine Vielzahl von Backwaren herzustellen.<\/li>\n<li><strong>Formplatten:<\/strong>\u00a0F\u00fcr pr\u00e4zises Formen und gleichbleibende Produktqualit\u00e4t.<\/li>\n<li><strong>Drahtschneider-D\u00fcsen:<\/strong>\u00a0F\u00fcr saubere Schnitte und einheitliche Gr\u00f6\u00dfen.<\/li>\n<li><strong>Vielseitiges Produktangebot:<\/strong>\u00a0In der Lage, Brandteig, Marshmallows, Macarons, Schichtkuchen, Fingerkekse und mehr herzustellen.<\/li>\n<li>Simple operation<\/li>\n<li>Reasonable price<\/li>\n<li>Servo depositing<\/li>\n<li>PLC-Steuerung<\/li>\n<li>Automatischer Transfer<\/li>\n<li>Multifunktional<\/li>\n<li>Kleine Gr\u00f6\u00dfe, um in verschiedenen Arbeitsumgebungen Platz zu finden.<\/li>\n<li>Multifunktion f\u00fcr Extrusionsverarbeitung oder Drahtschneidverarbeitung<\/li>\n<li>Entwickelt f\u00fcr schnelle und einfache Einrichtung und Bedienung durch eine einzelne Person.<\/li>\n<li>Entwickelt f\u00fcr sofortige Produktivit\u00e4t ab dem Moment der Installation.<\/li>\n<li>Edelstahl, der f\u00fcr Haltbarkeit, einfache Reinigung und allgemeine Hygiene ausgelegt ist<\/li>\n<\/ul>\n<h2><strong>Technische Highlights:<\/strong><\/h2>\n<ul>\n<li><strong>Effiziente Produktion:<\/strong>\u00a0Das kleinste Modell kann bis zu 5400 St\u00fcck pro Stunde produzieren.<\/li>\n<li><strong>Skalierbarkeit der Kapazit\u00e4t:<\/strong>\u00a0Optionen reichen von 100-600 kg\/Stunde, um Ihren Produktionsbedarf zu decken.<\/li>\n<li><strong>Shape and Size Flexibility:<\/strong>\u00a0Ma\u00dfgeschneiderte Produktionsmethoden f\u00fcr verschiedene Keksformen und -gr\u00f6\u00dfen.<\/li>\n<\/ul>\n<h2><strong>Kundenservice &amp; Support:<\/strong><\/h2>\n<ul>\n<li><strong>Ausland Service-Team:<\/strong>\u00a0Bereitstellung internationaler Unterst\u00fctzung und lokaler Service in Deutschland.<\/li>\n<li><strong>24\/7 Ersatzteilzentrum:<\/strong>\u00a0Sicherstellung eines rechtzeitigen Zugriffs auf notwendige Teile f\u00fcr einen ununterbrochenen Betrieb.<\/li>\n<li><strong>Kostenlose Dienstleistungen:<\/strong>\u00a0einschlie\u00dflich Fabriklayout-Design, ma\u00dfgeschneiderte Formmuster, Produktformel-Design und Maschinenbau-Beratung.<\/li>\n<\/ul>\n<h2><strong>FAQ:<\/strong><\/h2>\n<p><strong>F: Welche Arten von Keksen kann die Maschine herstellen?<\/strong> A: Die Linie ist vielseitig und kann verschiedene Arten von Keksen, Kuchen, Schweizer Rollen, Macarons und mehr produzieren.<\/p>\n<p><strong>F: Kann die Maschine auch Kekse herstellen?<\/strong> A: Ja, sie ist in der Lage, weiche Kekse m\u00fchelos herzustellen.<\/p>\n<p><strong>F: Wie hoch ist die st\u00fcndliche Produktionskapazit\u00e4t?<\/strong> A: Das Einstiegsmodell beginnt bei 5400 St\u00fcck pro Stunde, mit h\u00f6heren Modellen, die eine erh\u00f6hte Kapazit\u00e4t bieten.<\/p>\n<p><strong>F: Wie hoch ist die Produktionskapazit\u00e4t der Maschine in Bezug auf das Gewicht?<\/strong> A: Wir bieten Modelle mit Kapazit\u00e4ten von 100-600 kg\/Stunde an.<\/p>\n<p><strong>F: Welche Keksformen und -gr\u00f6\u00dfen kann die Maschine produzieren?<\/strong> A: Wir k\u00f6nnen verschiedene Formen und Gr\u00f6\u00dfen realisieren und arbeiten mit Ihnen zusammen, um die beste Produktionsmethode f\u00fcr Ihre spezifischen Keksbed\u00fcrfnisse zu bestimmen.<\/p>\n<p><strong>F: Welche Heizquellen stehen f\u00fcr die Maschine zur Verf\u00fcgung?<\/strong> A: Wir bieten verschiedene Heizenergieoptionen, einschlie\u00dflich elektrischer und Gasheizung, um Ihren betrieblichen Anforderungen gerecht zu werden.<\/p>\n<h2><strong>Warum Junyu w\u00e4hlen:<\/strong><\/h2>\n<ul>\n<li><strong>Echte Fabrikerfahrung:<\/strong>\u00a0Eine echte Fertigungsst\u00e4tte mit \u00fcber 40 Jahren Erfahrung in der Maschinenherstellung.<\/li>\n<li><strong>Professionelles Team:<\/strong>\u00a0\u00dcber 20 Ingenieure und Designer stehen bereit, um technischen Support und ma\u00dfgeschneiderte L\u00f6sungen anzubieten.<\/li>\n<li><strong>Zuverl\u00e4ssigkeit:<\/strong>\u00a0Eine moderne Fabrik mit \u00fcber 200 Arbeitern, strenger Qualit\u00e4tskontrolle und Einhaltung deutscher Herstellungsstandards.<\/li>\n<li><strong>Hochwertige Maschinen:<\/strong>\u00a0Alle Maschinen werden in einer GMP-Standardfabrik hergestellt, unter Verwendung von SUS304-Materialien und Sandstrahloberfl\u00e4chenbeschichtung f\u00fcr Langlebigkeit.<\/li>\n<\/ul>\n<h2><strong>Unser Engagement f\u00fcr Sie:<\/strong><\/h2>\n<ul>\n<li><strong>Ma\u00dfgeschneiderte L\u00f6sungen:<\/strong>\u00a0Wir bieten Fabriklayoutplanung, 3D-Design, Projektplanung und ma\u00dfgeschneiderte Formenentwicklung, um Ihre spezifischen Bed\u00fcrfnisse zu erf\u00fcllen.<\/li>\n<\/ul>\n<h2><strong>Jetzt Angebot anfordern:<\/strong><\/h2>\n<p>F\u00fcr ein pers\u00f6nliches Angebot und um den Unterschied zu erleben, den unsere Halbautomatisierte <a href=\"https:\/\/www.jymachinetech.com\/de\/essential-guide-to-the-biscuit-production-line-for-efficient-baking\/\" title=\"Essential Guide to the Biscuit Production Line for Efficient Baking\"  data-wpil-monitor-id=\"104\" target=\"_blank\">Keksproduktionslinie<\/a> in Ihr Backgesch\u00e4ft bringen kann, kontaktieren Sie uns noch heute.<\/p>","protected":false},"excerpt":{"rendered":"<p>Semi-Automation Cookie Production Line: Versatility and Efficiency in Baking Product Overview: The Semi-Automation Cookie Production Line from Junyu is designed to meet the diverse demands of modern baking. With a range of models to suit various production scales, this line is capable of producing a wide array of cookies, biscuits, and other baked goods with [&hellip;]<\/p>","protected":false},"featured_media":1046,"comment_status":"open","ping_status":"closed","template":"","meta":[],"product_brand":[],"product_cat":[15],"product_tag":[],"class_list":{"0":"post-1021","1":"product","2":"type-product","3":"status-publish","4":"has-post-thumbnail","6":"product_cat-bakery-equipment","8":"first","9":"instock","10":"shipping-taxable","11":"product-type-simple"},"_links":{"self":[{"href":"https:\/\/www.jymachinetech.com\/de\/wp-json\/wp\/v2\/product\/1021","targetHints":{"allow":["GET"]}}],"collection":[{"href":"https:\/\/www.jymachinetech.com\/de\/wp-json\/wp\/v2\/product"}],"about":[{"href":"https:\/\/www.jymachinetech.com\/de\/wp-json\/wp\/v2\/types\/product"}],"replies":[{"embeddable":true,"href":"https:\/\/www.jymachinetech.com\/de\/wp-json\/wp\/v2\/comments?post=1021"}],"version-history":[{"count":2,"href":"https:\/\/www.jymachinetech.com\/de\/wp-json\/wp\/v2\/product\/1021\/revisions"}],"predecessor-version":[{"id":7318,"href":"https:\/\/www.jymachinetech.com\/de\/wp-json\/wp\/v2\/product\/1021\/revisions\/7318"}],"wp:featuredmedia":[{"embeddable":true,"href":"https:\/\/www.jymachinetech.com\/de\/wp-json\/wp\/v2\/media\/1046"}],"wp:attachment":[{"href":"https:\/\/www.jymachinetech.com\/de\/wp-json\/wp\/v2\/media?parent=1021"}],"wp:term":[{"taxonomy":"product_brand","embeddable":true,"href":"https:\/\/www.jymachinetech.com\/de\/wp-json\/wp\/v2\/product_brand?post=1021"},{"taxonomy":"product_cat","embeddable":true,"href":"https:\/\/www.jymachinetech.com\/de\/wp-json\/wp\/v2\/product_cat?post=1021"},{"taxonomy":"product_tag","embeddable":true,"href":"https:\/\/www.jymachinetech.com\/de\/wp-json\/wp\/v2\/product_tag?post=1021"}],"curies":[{"name":"wp","href":"https:\/\/api.w.org\/{rel}","templated":true}]}}