{"id":5031,"date":"2025-05-20T01:40:09","date_gmt":"2025-05-20T01:40:09","guid":{"rendered":"https:\/\/www.jymachinetech.com\/?post_type=product&#038;p=5031"},"modified":"2025-07-25T06:05:05","modified_gmt":"2025-07-25T06:05:05","slug":"compressed-biscuit-bar-production-line","status":"publish","type":"product","link":"https:\/\/www.jymachinetech.com\/ar\/product\/compressed-biscuit-bar-production-line\/","title":{"rendered":"\u0639\u0645\u0644\u064a\u0629 \u062e\u0637 \u0625\u0646\u062a\u0627\u062c \u0623\u0644\u0648\u0627\u062d \u0627\u0644\u0628\u0633\u0643\u0648\u064a\u062a \u0627\u0644\u0645\u0636\u063a\u0648\u0637 2880-7680 (\u0642\u0637\u0639\u0629\/\u0633\u0627\u0639\u0629) 5760-15360 (\u0642\u0637\u0639\u0629\/\u0633\u0627\u0639\u0629)"},"content":{"rendered":"<p>\u0628\u0633\u0643\u0648\u064a\u062a \u062a\u0643 \u0627\u0644\u0635\u0644\u0628 \u0647\u0648 \u0646\u0648\u0639 \u0645\u0646 \u0627\u0644\u0628\u0633\u0643\u0648\u064a\u062a \u0637\u0648\u064a\u0644 \u0627\u0644\u0623\u0645\u062f \u064a\u0633\u062a\u062e\u062f\u0645 \u0639\u0627\u062f\u0629\u064b \u0644\u0644\u0627\u0633\u062a\u062e\u062f\u0627\u0645 \u0627\u0644\u0639\u0633\u0643\u0631\u064a \u0648\u0627\u0644\u0627\u0633\u062a\u062c\u0627\u0628\u0629 \u0644\u0644\u0637\u0648\u0627\u0631\u0626\u060c \u0648\u063a\u0627\u0644\u0628\u064b\u0627 \u0645\u0627 \u064a\u0642\u0648\u0645 \u0645\u0635\u0646\u0639\u0648 \u0627\u0644\u0628\u0633\u0643\u0648\u064a\u062a \u0628\u0625\u0639\u0627\u062f\u0629 \u0636\u063a\u0637 \u0627\u0644\u0628\u0633\u0643\u0648\u064a\u062a \u0627\u0644\u0645\u0643\u0633\u0648\u0631 \u0644\u062a\u0648\u0641\u064a\u0631 \u0627\u0644\u0645\u0648\u0627\u062f\u060c \u0623\u0648 \u064a\u0645\u0643\u0646\u0647\u0645 \u0633\u062d\u0642 \u0627\u0644\u0628\u0633\u0643\u0648\u064a\u062a \u0627\u0644\u0645\u0636\u063a\u0648\u0637.\u062b\u0645 \u0636\u063a\u0637 \u0627\u0644\u0628\u0633\u0643\u0648\u064a\u062a \u0645\u0631\u0629 \u0623\u062e\u0631\u0649 \u0648\u062a\u0639\u0628\u0626\u062a\u0647 \u0642\u0628\u0644 \u0628\u064a\u0639\u0647\u060c \u0645\u0627 \u064a\u062c\u0639\u0644 Junyu \u0645\u062e\u062a\u0644\u0641\u064b\u0627 \u0639\u0646 \u0627\u0644\u0634\u0631\u0643\u0627\u062a \u0627\u0644\u0645\u0635\u0646\u0639\u0629 \u0627\u0644\u0623\u062e\u0631\u0649 \u0647\u0648 \u0623\u0646\u0647 \u064a\u0645\u0643\u0646\u0646\u0627 \u0623\u062a\u0645\u062a\u0629 \u0627\u0644\u0645\u0639\u062f\u0627\u062a \u0627\u0644\u062e\u0644\u0641\u064a\u0629 \u0645\u062b\u0644 \u0627\u0644\u062a\u0639\u0628\u0626\u0629 \u0648\u0627\u0644\u062a\u063a\u0644\u064a\u0641 \u0628\u0627\u0644\u062a\u0641\u0631\u064a\u063a. \u0645\u0628\u062f\u0623 \u0627\u0644\u0645\u0627\u0643\u064a\u0646\u0629: \u0627\u0644\u062e\u0637\u0648\u0629 \u0627\u0644\u0623\u0648\u0644\u0649 \u0647\u064a \u0646\u0641\u0633\u0647\u0627 \u0645\u062b\u0644 \u0645\u0639\u062f\u0627\u062a \u062a\u0634\u0643\u064a\u0644 \u0627\u0644\u0628\u0633\u0643\u0648\u064a\u062a \u0648\u0627\u0644\u062e\u0628\u0632\u060c \u062b\u0645 \u064a\u062a\u0645 \u0633\u062d\u0642 \u0627\u0644\u0628\u0633\u0643\u0648\u064a\u062a \u0648\u0636\u063a\u0637\u0647 \u0625\u0644\u0649 \u0623\u0634\u0643\u0627\u0644 \u0645\u062e\u062a\u0644\u0641\u0629 \u0628\u0648\u0627\u0633\u0637\u0629 \u0622\u0644\u0629 \u0636\u063a\u0637 \u0627\u0644\u0628\u0633\u0643\u0648\u064a\u062a \u062b\u0645 \u062a\u0639\u0628\u0626\u062a\u0647 \u0628\u0627\u0644\u062a\u0641\u0631\u064a\u063a<\/p>\n<h2><strong>\u0627\u0644\u0645\u064a\u0632\u0627\u062a \u0648\u0627\u0644\u0645\u0632\u0627\u064a\u0627 \u0627\u0644\u062a\u0642\u0646\u064a\u0629<\/strong><\/h2>\n<table>\n<tbody>\n<tr>\n<td>\u0627\u0644\u0637\u0631\u0627\u0632<\/td>\n<td>JY4*4<\/td>\n<td>JY4*8<\/td>\n<\/tr>\n<tr>\n<td>\u0627\u0644\u0637\u0627\u0642\u0629 \u0627\u0644\u0627\u0633\u062a\u064a\u0639\u0627\u0628\u064a\u0629<\/td>\n<td>2880-7680 (2880-7680 (\u0642\u0637\u0639\u0629\/\u0633\u0627\u0639\u0629)<\/td>\n<td>5760-15360 (\u0642\u0637\u0639\u0629\/\u0633\u0627\u0639\u0629)<\/td>\n<\/tr>\n<tr>\n<td>\u0627\u0644\u0636\u063a\u0637 \u0627\u0644\u0623\u0642\u0635\u0649<\/td>\n<td>180-250 (\u0643\u062c\u0645\/\u0645\u0631\u0628\u0639)<\/td>\n<td>200-450 (\u0643\u062c\u0645\/\u0645\u0631\u0628\u0639)<\/td>\n<\/tr>\n<tr>\n<td>\u0627\u0644\u062d\u062f \u0627\u0644\u0623\u0642\u0635\u0649 \u0644\u0642\u0637\u0631 \u0627\u0644\u0642\u0631\u0635<\/td>\n<td>40\u00d780 (\u0645\u0645)<\/td>\n<td>40\u00d780 (\u0645\u0645)<\/td>\n<\/tr>\n<tr>\n<td>\u0639\u0645\u0642 \u0627\u0644\u0645\u0644\u0621 \u0627\u0644\u0623\u0642\u0635\u0649<\/td>\n<td>20-40 (\u0645\u0645)<\/td>\n<td>20-40 (\u0645\u0645)<\/td>\n<\/tr>\n<tr>\n<td>\u0627\u0644\u0633\u064f\u0645\u0643 \u0627\u0644\u0623\u0642\u0635\u0649<\/td>\n<td>10-30 (\u0645\u0645)<\/td>\n<td>10-30 (\u0645\u0645)<\/td>\n<\/tr>\n<tr>\n<td>\u0642\u0637\u0631 \u0627\u0644\u0639\u0645\u0644 \u0627\u0644\u0623\u0642\u0635\u0649<\/td>\n<td>960 (\u0645\u0645)<\/td>\n<td>960 (\u0645\u0645)<\/td>\n<\/tr>\n<tr>\n<td>\u0633\u0631\u0639\u0629 \u0627\u0644\u0642\u0631\u0635 \u0627\u0644\u062f\u0648\u0627\u0631<\/td>\n<td>3-8 (\u062f\u0648\u0631\u0629 \u0641\u064a \u0627\u0644\u062f\u0642\u064a\u0642\u0629)<\/td>\n<td>3-8 (\u062f\u0648\u0631\u0629 \u0641\u064a \u0627\u0644\u062f\u0642\u064a\u0642\u0629)<\/td>\n<\/tr>\n<tr>\n<td>\u0637\u0627\u0642\u0629 \u0627\u0644\u0645\u062d\u0631\u0643 \u0627\u0644\u0631\u0626\u064a\u0633\u064a<\/td>\n<td>11 \u0643\u064a\u0644\u0648 \u0648\u0627\u062a<\/td>\n<td>15 \u0643\u064a\u0644\u0648 \u0648\u0627\u062a<\/td>\n<\/tr>\n<tr>\n<td>\u0627\u0644\u0623\u0628\u0639\u0627\u062f \u0627\u0644\u0643\u0644\u064a\u0629<\/td>\n<td>1900\u00d71260\u00d71960\u00d71960 (\u0645\u0645)<\/td>\n<td>2200 \u00d7 1300 \u00d7 1300 \u00d7 2000 (\u0645\u0645)<\/td>\n<\/tr>\n<\/tbody>\n<\/table>\n<p>\u062e\u0637 \u0625\u0646\u062a\u0627\u062c \u0627\u0644\u0628\u0633\u0643\u0648\u064a\u062a \u0627\u0644\u0645\u0636\u063a\u0648\u0637 \u0647\u0648 \u0646\u0638\u0627\u0645 \u0622\u0644\u064a \u0628\u0627\u0644\u0643\u0627\u0645\u0644 \u0645\u0635\u0645\u0645 \u0644\u0625\u0646\u062a\u0627\u062c \u0627\u0644\u0628\u0633\u0643\u0648\u064a\u062a \u0628\u0643\u0641\u0627\u0621\u0629 \u0648\u062c\u0648\u062f\u0629 \u0639\u0627\u0644\u064a\u0629. \u0641\u064a\u0645\u0627 \u064a\u0644\u064a \u0646\u0638\u0631\u0629 \u0639\u0627\u0645\u0629 \u0645\u0641\u0635\u0644\u0629 \u0639\u0644\u0649 \u0627\u0644\u0639\u0645\u0644\u064a\u0629:<\/p>\n<h2><strong>\u062a\u062d\u0636\u064a\u0631 \u0627\u0644\u0645\u0648\u0627\u062f \u0627\u0644\u062e\u0627\u0645<\/strong><\/h2>\n<p><img fetchpriority=\"high\" decoding=\"async\" width=\"707\" height=\"788\" class=\"wp-image-5032\" src=\"https:\/\/www.jymachinetech.com\/wp-content\/uploads\/2025\/05\/bb75ab052b9a1aaa1f1b0ec8491bea2.png\" alt=\"bb75ab052b9a1aaa1f1b0ec8491bea2\" srcset=\"https:\/\/www.jymachinetech.com\/wp-content\/uploads\/2025\/05\/bb75ab052b9a1aaa1f1b0ec8491bea2.png 707w, https:\/\/www.jymachinetech.com\/wp-content\/uploads\/2025\/05\/bb75ab052b9a1aaa1f1b0ec8491bea2-11x12.png 11w, https:\/\/www.jymachinetech.com\/wp-content\/uploads\/2025\/05\/bb75ab052b9a1aaa1f1b0ec8491bea2-600x669.png 600w\" sizes=\"(max-width: 707px) 100vw, 707px\" \/><\/p>\n<p><strong><strong>\u0627\u0644\u0628\u0633\u0643\u0648\u064a\u062a \u0627\u0644\u0645\u0633\u062d\u0648\u0642<\/strong><\/strong>: \u064a\u062a\u0645 \u0633\u062d\u0642 \u0627\u0644\u0628\u0633\u0643\u0648\u064a\u062a \u0627\u0644\u0645\u062e\u0628\u0648\u0632 \u0645\u0633\u0628\u0642\u064b\u0627 \u0625\u0644\u0649 \u0642\u0637\u0639 \u0635\u063a\u064a\u0631\u0629 \u0628\u0627\u0633\u062a\u062e\u062f\u0627\u0645 \u0622\u0644\u0629 \u0633\u062d\u0642 \u0645\u062e\u0635\u0635\u0629. \u062a\u0636\u0645\u0646 \u0647\u0630\u0647 \u0627\u0644\u062e\u0637\u0648\u0629 \u062d\u062c\u0645 \u0627\u0644\u062c\u0633\u064a\u0645\u0627\u062a \u0627\u0644\u0645\u0646\u0627\u0633\u0628 \u0644\u0644\u062e\u0644\u0637 \u0648\u0627\u0644\u0636\u063a\u0637 \u0627\u0644\u0644\u0627\u062d\u0642.<\/p>\n<p><strong><strong>\u0645\u0643\u0648\u0646\u0627\u062a \u0623\u062e\u0631\u0649<\/strong><\/strong>: \u064a\u062a\u0645 \u062a\u062d\u0636\u064a\u0631 \u0627\u0644\u0645\u0643\u0648\u0646\u0627\u062a \u0645\u062b\u0644 \u0645\u0633\u062d\u0648\u0642 \u0627\u0644\u0633\u0643\u0631 \u0648\u0627\u0644\u0645\u0643\u0633\u0631\u0627\u062a \u0648\u0627\u0644\u0641\u0648\u0627\u0643\u0647 \u0627\u0644\u0645\u062c\u0641\u0641\u0629 \u0648\u0645\u0633\u062d\u0648\u0642 \u0627\u0644\u062d\u0644\u064a\u0628 \u0648\u0627\u0644\u0632\u064a\u062a \u0627\u0644\u0646\u0628\u0627\u062a\u064a \u0648\u062a\u062c\u0647\u064a\u0632\u0647\u0627 \u0644\u062e\u0644\u0637\u0647\u0627 \u0645\u0639 \u0627\u0644\u0628\u0633\u0643\u0648\u064a\u062a \u0627\u0644\u0645\u0637\u062d\u0648\u0646.<\/p>\n<p>\u062a\u0645\u062a\u0644\u0643 \u062c\u0648\u0646\u064a\u0648 \u0622\u0644\u0627\u062a \u062a\u0634\u0643\u064a\u0644 \u0627\u0644\u0628\u0633\u0643\u0648\u064a\u062a \u0627\u0644\u0623\u0648\u062a\u0648\u0645\u0627\u062a\u064a\u0643\u064a\u0629 \u0623\u064a\u0636\u064b\u0627.<\/p>\n<h2><strong>\u0627\u0644\u062e\u0644\u0637<\/strong><\/h2>\n<p><img decoding=\"async\" width=\"1853\" height=\"1920\" class=\"wp-image-5033\" src=\"https:\/\/www.jymachinetech.com\/wp-content\/uploads\/2025\/05\/unnamed-file-1-scaled.jpeg\" alt=\"\u0438 \u548c \u30ab\u526f\u672c\" srcset=\"https:\/\/www.jymachinetech.com\/wp-content\/uploads\/2025\/05\/unnamed-file-1-scaled.jpeg 1853w, https:\/\/www.jymachinetech.com\/wp-content\/uploads\/2025\/05\/unnamed-file-1-scaled-12x12.jpeg 12w, https:\/\/www.jymachinetech.com\/wp-content\/uploads\/2025\/05\/unnamed-file-1-scaled-600x622.jpeg 600w\" sizes=\"(max-width: 1853px) 100vw, 1853px\" \/><\/p>\n<p><strong><strong>\u0639\u0645\u0644\u064a\u0629 \u0627\u0644\u0645\u0632\u062c<\/strong><\/strong>: \u064a\u062a\u0645 \u062e\u0644\u0637 \u0627\u0644\u0628\u0633\u0643\u0648\u064a\u062a \u0627\u0644\u0645\u0633\u062d\u0648\u0642 \u0648\u0627\u0644\u0645\u0643\u0648\u0646\u0627\u062a \u0627\u0644\u0623\u062e\u0631\u0649 \u062c\u064a\u062f\u064b\u0627 \u0641\u064a \u0622\u0644\u0629 \u062e\u0644\u0637 \u0645\u062a\u062e\u0635\u0635\u0629 \u0644\u0636\u0645\u0627\u0646 \u0627\u0644\u062d\u0635\u0648\u0644 \u0639\u0644\u0649 \u062e\u0644\u064a\u0637 \u0645\u062a\u062c\u0627\u0646\u0633. \u0647\u0630\u0647 \u0627\u0644\u062e\u0637\u0648\u0629 \u0636\u0631\u0648\u0631\u064a\u0629 \u0644\u062a\u062d\u0642\u064a\u0642 \u062c\u0648\u062f\u0629 \u0627\u0644\u0645\u0646\u062a\u062c \u0648\u0646\u0643\u0647\u062a\u0647 \u0627\u0644\u0645\u062a\u0646\u0627\u0633\u0642\u0629.<\/p>\n<h2><strong>3. \u0627\u0644\u0636\u063a\u0637 \u0648\u0627\u0644\u062a\u0634\u0643\u064a\u0644<\/strong><\/h2>\n<p><strong><strong>\u0622\u0644\u064a\u0629 \u0627\u0644\u0636\u063a\u0637<\/strong><\/strong>: \u064a\u062a\u0645 \u062a\u0644\u0642\u064a\u0645 \u0627\u0644\u062e\u0644\u064a\u0637 \u0641\u064a \u0645\u0627\u0643\u064a\u0646\u0629 \u0636\u063a\u0637 \u0645\u062c\u0647\u0632\u0629 \u0628\u0623\u0646\u0638\u0645\u0629 \u0647\u064a\u062f\u0631\u0648\u0644\u064a\u0643\u064a\u0629 \u0623\u0648 \u0647\u0648\u0627\u0626\u064a\u0629. \u062a\u0642\u0648\u0645 \u0627\u0644\u0645\u0627\u0643\u064a\u0646\u0629 \u0628\u0636\u063a\u0637 \u0627\u0644\u062e\u0644\u064a\u0637 \u0625\u0644\u0649 \u0627\u0644\u0634\u0643\u0644 \u0648\u0627\u0644\u062d\u062c\u0645 \u0627\u0644\u0645\u0637\u0644\u0648\u0628\u064a\u0646 \u0628\u0627\u0633\u062a\u062e\u062f\u0627\u0645 \u0642\u0648\u0627\u0644\u0628 \u0645\u0635\u0645\u0645\u0629 \u062e\u0635\u064a\u0635\u064b\u0627. \u0648\u0647\u0630\u0627 \u064a\u0636\u0645\u0646 \u0623\u0646 \u064a\u0643\u0648\u0646 \u0644\u0644\u0628\u0633\u0643\u0648\u064a\u062a \u0645\u0638\u0647\u0631 \u0648\u0642\u0648\u0627\u0645 \u0645\u0648\u062d\u062f.<\/p>\n<h2><strong><img decoding=\"async\" width=\"1920\" height=\"1440\" class=\"wp-image-5034\" src=\"https:\/\/www.jymachinetech.com\/wp-content\/uploads\/2025\/05\/52c30de17a88010531fad10108e9d1a-scaled.jpeg\" alt=\"52c30de17a88010531fad10108e9d1a\" srcset=\"https:\/\/www.jymachinetech.com\/wp-content\/uploads\/2025\/05\/52c30de17a88010531fad10108e9d1a-scaled.jpeg 1920w, https:\/\/www.jymachinetech.com\/wp-content\/uploads\/2025\/05\/52c30de17a88010531fad10108e9d1a-scaled-16x12.jpeg 16w, https:\/\/www.jymachinetech.com\/wp-content\/uploads\/2025\/05\/52c30de17a88010531fad10108e9d1a-scaled-600x450.jpeg 600w\" sizes=\"(max-width: 1920px) 100vw, 1920px\" \/><\/strong><\/h2>\n<h2><strong> \u0627\u0644\u062a\u0639\u0628\u0626\u0629 \u0648\u0627\u0644\u062a\u063a\u0644\u064a\u0641<\/strong><\/h2>\n<p><img loading=\"lazy\" decoding=\"async\" width=\"1920\" height=\"1920\" class=\"wp-image-5035\" src=\"https:\/\/www.jymachinetech.com\/wp-content\/uploads\/2025\/05\/x-22-8-26-img_e3757-jpgimg_e3757-scaled.jpeg\" alt=\"X:\\\u963f\u8d35\\22.8.26\u5957\u888b\u673a+\u5c0f\u771f\u7a7a\\\u5927\u56fe\\IMG_E3757.JPGIMG_E3757\" srcset=\"https:\/\/www.jymachinetech.com\/wp-content\/uploads\/2025\/05\/x-22-8-26-img_e3757-jpgimg_e3757-scaled.jpeg 1920w, https:\/\/www.jymachinetech.com\/wp-content\/uploads\/2025\/05\/x-22-8-26-img_e3757-jpgimg_e3757-scaled-12x12.jpeg 12w, https:\/\/www.jymachinetech.com\/wp-content\/uploads\/2025\/05\/x-22-8-26-img_e3757-jpgimg_e3757-scaled-300x300.jpeg 300w, https:\/\/www.jymachinetech.com\/wp-content\/uploads\/2025\/05\/x-22-8-26-img_e3757-jpgimg_e3757-scaled-600x600.jpeg 600w, https:\/\/www.jymachinetech.com\/wp-content\/uploads\/2025\/05\/x-22-8-26-img_e3757-jpgimg_e3757-scaled-100x100.jpeg 100w\" sizes=\"(max-width: 1920px) 100vw, 1920px\" \/><\/p>\n<p><strong><strong>\u0645\u0639\u062f\u0627\u062a \u0627\u0644\u062a\u0639\u0628\u0626\u0629 \u0648\u0627\u0644\u062a\u063a\u0644\u064a\u0641<\/strong><\/strong>: \u064a\u062a\u0645 \u062a\u0639\u0628\u0626\u0629 \u0627\u0644\u0628\u0633\u0643\u0648\u064a\u062a \u0627\u0644\u0645\u062c\u0641\u0641 \u0628\u0627\u0633\u062a\u062e\u062f\u0627\u0645 \u0645\u0627\u0643\u064a\u0646\u0627\u062a \u0627\u0644\u062a\u0639\u0628\u0626\u0629 \u0627\u0644\u0622\u0644\u064a\u0629. \u062a\u0636\u0645\u0646 \u0639\u0645\u0644\u064a\u0629 \u0627\u0644\u062a\u0639\u0628\u0626\u0629 \u0648\u0627\u0644\u062a\u063a\u0644\u064a\u0641 \u062d\u0645\u0627\u064a\u0629 \u0627\u0644\u0628\u0633\u0643\u0648\u064a\u062a \u0648\u0625\u063a\u0644\u0627\u0642\u0647 \u0628\u0625\u062d\u0643\u0627\u0645 \u0644\u0644\u062d\u0641\u0627\u0638 \u0639\u0644\u0649 \u0646\u0636\u0627\u0631\u062a\u0647\u060c \u0645\u0639 \u0648\u062c\u0648\u062f \u062e\u064a\u0627\u0631\u0627\u062a \u0644\u0644\u062a\u0639\u0628\u0626\u0629 \u0648\u0627\u0644\u062a\u063a\u0644\u064a\u0641 \u0628\u0627\u0644\u0642\u0637\u0639\u0629 \u0627\u0644\u0648\u0627\u062d\u062f\u0629 \u0623\u0648 \u0628\u0627\u0644\u062c\u0645\u0644\u0629.<\/p>\n<h2><strong>\u0627\u0644\u062a\u0637\u0628\u064a\u0642\u0627\u062a<\/strong><\/h2>\n<p>\u0627\u0644\u0628\u0633\u0643\u0648\u064a\u062a \u0627\u0644\u0645\u0636\u063a\u0648\u0637 \u0627\u0644\u0630\u064a \u064a\u0646\u062a\u062c\u0647 \u0647\u0630\u0627 \u0627\u0644\u062e\u0637 \u0645\u062b\u0627\u0644\u064a \u0644\u0644\u0627\u0633\u062a\u062e\u062f\u0627\u0645 \u0627\u0644\u0639\u0633\u0643\u0631\u064a \u0648\u0627\u0644\u0623\u0646\u0634\u0637\u0629 \u0627\u0644\u062e\u0627\u0631\u062c\u064a\u0629 \u0645\u062b\u0644 \u0627\u0644\u0645\u0634\u064a \u0644\u0645\u0633\u0627\u0641\u0627\u062a \u0637\u0648\u064a\u0644\u0629 \u0648\u0627\u0644\u062a\u062e\u064a\u064a\u0645 \u0648\u0643\u0625\u0645\u062f\u0627\u062f\u0627\u062a \u063a\u0630\u0627\u0626\u064a\u0629 \u0644\u0644\u0637\u0648\u0627\u0631\u0626. \u0641\u0647\u064a \u062a\u0648\u0641\u0631 \u062e\u064a\u0627\u0631\u0627\u064b \u063a\u0630\u0627\u0626\u064a\u0627\u064b \u0645\u0646\u0627\u0633\u0628\u0627\u064b \u0648\u0645\u063a\u0630\u064a\u0627\u064b \u0648\u0637\u0648\u064a\u0644 \u0627\u0644\u0623\u0645\u062f.<\/p>\n<p>\u064a\u0648\u0641\u0631 \u062e\u0637 \u0625\u0646\u062a\u0627\u062c \u0627\u0644\u0628\u0633\u0643\u0648\u064a\u062a \u0627\u0644\u0645\u0636\u063a\u0648\u0637 \u062d\u0644\u064b\u0627 \u0641\u0639\u0627\u0644\u064b\u0627 \u0648\u0645\u0631\u0646\u064b\u0627 \u0644\u0645\u0624\u0633\u0633\u0627\u062a \u062a\u0635\u0646\u064a\u0639 \u0627\u0644\u0623\u063a\u0630\u064a\u0629\u060c \u0645\u0645\u0627 \u064a\u0644\u0628\u064a \u0627\u0644\u0637\u0644\u0628 \u0639\u0644\u0649 \u0627\u0644\u0628\u0633\u0643\u0648\u064a\u062a \u0627\u0644\u0645\u0636\u063a\u0648\u0637 \u0639\u0627\u0644\u064a \u0627\u0644\u062c\u0648\u062f\u0629 \u0641\u064a \u0633\u064a\u0646\u0627\u0631\u064a\u0648\u0647\u0627\u062a \u0645\u062e\u062a\u0644\u0641\u0629.<\/p>\n<p><strong>\u0627\u0644\u0645\u0632\u0627\u064a\u0627<\/strong><\/p>\n<p>\u0643\u0641\u0627\u0621\u0629 \u0625\u0646\u062a\u0627\u062c \u0639\u0627\u0644\u064a\u0629:<\/p>\n<p>\u064a\u062d\u0642\u0642 \u0627\u0644\u0625\u0646\u062a\u0627\u062c \u0627\u0644\u0645\u0633\u062a\u0645\u0631 \u0645\u0639 \u062f\u0645\u062c \u062c\u0645\u064a\u0639 \u0627\u0644\u0639\u0645\u0644\u064a\u0627\u062a \u0628\u0633\u0644\u0627\u0633\u0629. \u0648\u0647\u0630\u0627 \u064a\u0639\u0632\u0632 \u0627\u0644\u0642\u062f\u0631\u0629 \u0627\u0644\u0625\u0646\u062a\u0627\u062c\u064a\u0629 \u0628\u0634\u0643\u0644 \u0643\u0628\u064a\u0631 \u0648\u064a\u0644\u0628\u064a \u0645\u062a\u0637\u0644\u0628\u0627\u062a \u0627\u0644\u0625\u0646\u062a\u0627\u062c \u0639\u0644\u0649 \u0646\u0637\u0627\u0642 \u0648\u0627\u0633\u0639.<\/p>\n<p>\u0627\u062a\u0633\u0627\u0642 \u0642\u0648\u064a \u0644\u0644\u0645\u0646\u062a\u062c:<\/p>\n<p>\u062a\u0636\u0645\u0646 \u0627\u0644\u0645\u0639\u062f\u0627\u062a \u0627\u0644\u0622\u0644\u064a\u0629 \u0627\u0644\u062a\u062d\u0643\u0645 \u0627\u0644\u062f\u0642\u064a\u0642 \u0641\u064a \u0643\u0645\u064a\u0629 \u0627\u0644\u062a\u0639\u0628\u0626\u0629 \u0648\u0627\u0644\u062a\u0648\u0632\u064a\u0639 \u0644\u0643\u0644 \u0642\u0637\u0639\u0629 \u0628\u0633\u0643\u0648\u064a\u062a\u060c \u0645\u0645\u0627 \u064a\u0636\u0645\u0646 \u062c\u0648\u062f\u0629 \u0627\u0644\u0645\u0646\u062a\u062c \u0627\u0644\u0645\u0648\u062d\u062f\u0629 \u0648\u062a\u0644\u0628\u064a\u0629 \u062a\u0648\u0642\u0639\u0627\u062a \u0627\u0644\u0645\u0633\u062a\u0647\u0644\u0643\u064a\u0646 \u0641\u064a\u0645\u0627 \u064a\u062a\u0639\u0644\u0642 \u0628\u0627\u062a\u0633\u0627\u0642 \u0627\u0644\u0639\u0644\u0627\u0645\u0629 \u0627\u0644\u062a\u062c\u0627\u0631\u064a\u0629.<\/p>\n<p>\u0627\u0646\u062e\u0641\u0627\u0636 \u0643\u0628\u064a\u0631 \u0641\u064a \u062a\u0643\u0627\u0644\u064a\u0641 \u0627\u0644\u0639\u0645\u0627\u0644\u0629:<\/p>\n<p>\u064a\u0642\u0644\u0644 \u0647\u0630\u0627 \u0645\u0646 \u0627\u0644\u0627\u0639\u062a\u0645\u0627\u062f \u0639\u0644\u0649 \u0627\u0644\u0639\u0645\u0627\u0644\u0629 \u0627\u0644\u064a\u062f\u0648\u064a\u0629\u060c \u0648\u064a\u0642\u0644\u0644 \u0645\u0646 \u062a\u0643\u0627\u0644\u064a\u0641 \u0627\u0644\u0639\u0645\u0627\u0644\u0629 \u0639\u0644\u0649 \u0627\u0644\u0645\u062f\u0649 \u0627\u0644\u0637\u0648\u064a\u0644\u060c \u0648\u064a\u0633\u0645\u062d \u0644\u0644\u0645\u0624\u0633\u0633\u0627\u062a \u0628\u062a\u062e\u0635\u064a\u0635 \u0627\u0644\u0645\u0648\u0627\u0631\u062f \u0627\u0644\u0628\u0634\u0631\u064a\u0629 \u0628\u0634\u0643\u0644 \u0623\u0643\u062b\u0631 \u0641\u0639\u0627\u0644\u064a\u0629.<\/p>\n<p>\u0645\u0639\u0627\u064a\u064a\u0631 \u0627\u0644\u0646\u0638\u0627\u0641\u0629 \u0627\u0644\u0635\u062d\u064a\u0629 \u0627\u0644\u0645\u0639\u0632\u0632\u0629:<\/p>\n<p>\u0645\u0632\u0648\u062f\u0629 \u0628\u0646\u0638\u0627\u0645 \u062a\u0646\u0638\u064a\u0641 \u0645\u062a\u0637\u0648\u0631 \u0648\u064a\u0642\u0644\u0644 \u0645\u0646 \u0627\u0644\u062a\u0644\u0627\u0645\u0633 \u0627\u0644\u064a\u062f\u0648\u064a \u0645\u0639 \u0627\u0644\u0637\u0639\u0627\u0645\u060c \u0648\u064a\u0636\u0645\u0646 \u0645\u0639\u0627\u064a\u064a\u0631 \u0646\u0638\u0627\u0641\u0629 \u0639\u0627\u0644\u064a\u0629 \u0648\u0627\u0644\u0627\u0645\u062a\u062b\u0627\u0644 \u0644\u0644\u0648\u0627\u0626\u062d \u0633\u0644\u0627\u0645\u0629 \u0627\u0644\u0623\u063a\u0630\u064a\u0629.<\/p>\n<p>\u0645\u0631\u0648\u0646\u0629 \u0643\u0628\u064a\u0631\u0629 \u0648\u0642\u0627\u0628\u0644\u064a\u0629 \u0644\u0644\u062a\u0637\u0648\u064a\u0631:<\/p>\n<p>\u064a\u0645\u0643\u0646 \u062a\u0639\u062f\u064a\u0644 \u0627\u0644\u062e\u0637 \u0628\u0633\u0647\u0648\u0644\u0629 \u0644\u0625\u0646\u062a\u0627\u062c \u0623\u0646\u0648\u0627\u0639 \u0648\u0646\u0643\u0647\u0627\u062a \u0645\u062e\u062a\u0644\u0641\u0629 \u0645\u0646 \u0627\u0644\u0628\u0633\u0643\u0648\u064a\u062a. \u064a\u0633\u0647\u0644 \u062a\u0635\u0645\u064a\u0645\u0647 \u0627\u0644\u0645\u0639\u064a\u0627\u0631\u064a \u0627\u0644\u062a\u0648\u0633\u0639\u0629 \u0623\u0648 \u0627\u0644\u062a\u062d\u062f\u064a\u062b\u0627\u062a \u0627\u0644\u0645\u0633\u062a\u0642\u0628\u0644\u064a\u0629 \u0644\u062a\u0644\u0628\u064a\u0629 \u0645\u062a\u0637\u0644\u0628\u0627\u062a \u0627\u0644\u0633\u0648\u0642.<\/p>\n<p>&nbsp;<\/p>","protected":false},"excerpt":{"rendered":"<p>\u0628\u0633\u0643\u0648\u064a\u062a \u062a\u0643 \u0627\u0644\u0635\u0644\u0628 \u0647\u0648 \u0646\u0648\u0639 \u0645\u0646 \u0627\u0644\u0628\u0633\u0643\u0648\u064a\u062a \u0627\u0644\u0630\u064a \u064a\u062f\u0648\u0645 \u0637\u0648\u064a\u0644\u0627\u064b \u0648\u0639\u0627\u062f\u0629\u064b \u0645\u0627 \u064a\u0633\u062a\u062e\u062f\u0645 \u0641\u064a \u0627\u0644\u062c\u064a\u0634 \u0648\u0627\u0644\u0627\u0633\u062a\u062c\u0627\u0628\u0629 \u0644\u0644\u0637\u0648\u0627\u0631\u0626\u060c \u0648\u063a\u0627\u0644\u0628\u064b\u0627 \u0645\u0627 \u064a\u0642\u0648\u0645 \u0645\u0635\u0646\u0639\u0648 \u0627\u0644\u0628\u0633\u0643\u0648\u064a\u062a \u0628\u0625\u0639\u0627\u062f\u0629 \u0636\u063a\u0637 \u0627\u0644\u0628\u0633\u0643\u0648\u064a\u062a \u0627\u0644\u0645\u0643\u0633\u0648\u0631 \u0644\u062a\u0648\u0641\u064a\u0631 \u0627\u0644\u0645\u0648\u0627\u062f\u060c \u0623\u0648 \u064a\u0645\u0643\u0646\u0647\u0645 \u0633\u062d\u0642 \u0627\u0644\u0628\u0633\u0643\u0648\u064a\u062a \u0627\u0644\u0645\u0636\u063a\u0648\u0637\u060c \u062b\u0645 \u0643\u0628\u0633 \u0627\u0644\u0628\u0633\u0643\u0648\u064a\u062a \u0648\u062a\u0639\u0628\u0626\u062a\u0647 \u0645\u0631\u0629 \u0623\u062e\u0631\u0649 \u0648\u062a\u063a\u0644\u064a\u0641\u0647 \u0642\u0628\u0644 \u0628\u064a\u0639\u0647\u060c \u0645\u0627 \u064a\u062c\u0639\u0644 \u062c\u0648\u0646\u064a\u0648 \u0645\u062e\u062a\u0644\u0641\u064b\u0627 \u0639\u0646 \u0627\u0644\u0645\u0635\u0646\u0639\u064a\u0646 \u0627\u0644\u0622\u062e\u0631\u064a\u0646 \u0647\u0648 \u0623\u0646\u0647 \u064a\u0645\u0643\u0646\u0646\u0627 \u0623\u062a\u0645\u062a\u0629 \u0627\u0644\u0645\u0639\u062f\u0627\u062a \u0627\u0644\u062e\u0644\u0641\u064a\u0629 [...].<\/p>","protected":false},"featured_media":5036,"comment_status":"open","ping_status":"closed","template":"","meta":[],"product_brand":[],"product_cat":[95],"product_tag":[],"class_list":{"0":"post-5031","1":"product","2":"type-product","3":"status-publish","4":"has-post-thumbnail","6":"product_cat-biscuit-machine","8":"first","9":"instock","10":"shipping-taxable","11":"product-type-simple"},"_links":{"self":[{"href":"https:\/\/www.jymachinetech.com\/ar\/wp-json\/wp\/v2\/product\/5031","targetHints":{"allow":["GET"]}}],"collection":[{"href":"https:\/\/www.jymachinetech.com\/ar\/wp-json\/wp\/v2\/product"}],"about":[{"href":"https:\/\/www.jymachinetech.com\/ar\/wp-json\/wp\/v2\/types\/product"}],"replies":[{"embeddable":true,"href":"https:\/\/www.jymachinetech.com\/ar\/wp-json\/wp\/v2\/comments?post=5031"}],"version-history":[{"count":1,"href":"https:\/\/www.jymachinetech.com\/ar\/wp-json\/wp\/v2\/product\/5031\/revisions"}],"predecessor-version":[{"id":7207,"href":"https:\/\/www.jymachinetech.com\/ar\/wp-json\/wp\/v2\/product\/5031\/revisions\/7207"}],"wp:featuredmedia":[{"embeddable":true,"href":"https:\/\/www.jymachinetech.com\/ar\/wp-json\/wp\/v2\/media\/5036"}],"wp:attachment":[{"href":"https:\/\/www.jymachinetech.com\/ar\/wp-json\/wp\/v2\/media?parent=5031"}],"wp:term":[{"taxonomy":"product_brand","embeddable":true,"href":"https:\/\/www.jymachinetech.com\/ar\/wp-json\/wp\/v2\/product_brand?post=5031"},{"taxonomy":"product_cat","embeddable":true,"href":"https:\/\/www.jymachinetech.com\/ar\/wp-json\/wp\/v2\/product_cat?post=5031"},{"taxonomy":"product_tag","embeddable":true,"href":"https:\/\/www.jymachinetech.com\/ar\/wp-json\/wp\/v2\/product_tag?post=5031"}],"curies":[{"name":"wp","href":"https:\/\/api.w.org\/{rel}","templated":true}]}}